{"id":7355,"date":"2023-11-30T19:33:37","date_gmt":"2023-11-30T18:33:37","guid":{"rendered":"https:\/\/espaicrater.com\/paisatge-i-benestar\/"},"modified":"2023-12-04T14:19:41","modified_gmt":"2023-12-04T13:19:41","slug":"paisatge-i-benestar","status":"publish","type":"page","link":"https:\/\/espaicrater.com\/en\/paisatge-i-benestar\/","title":{"rendered":"Workshop to identify challenges around mental health and landscape."},"content":{"rendered":"\n<p>This workshop held on 28 June 2021, and was aimed at analyzing and detecting issues around the interaction between mental health and landscape. The main challenges detected were linked to the environment of young people and their connection with the landscape, the relationship between urban planning and mental health, the link between health professionals and landscape professionals, and alliances between collectives as a structuring element. <\/p>\n\n\n\n<p>The activity was jointly organized by the Espai Cr\u00e0ter, the Consorci d&#8217;Acci\u00f3 Social de la Garrotxa, the Hospital d&#8217;Olot i Comarcal de la Garrotxa, the Universitat Aut\u00f2noma de Barcelona and Adrinoc.<\/p>\n\n\n\n<figure class=\"wp-block-image size-full is-resized\"><img loading=\"lazy\" decoding=\"async\" width=\"1240\" height=\"1754\" src=\"https:\/\/espaicrater.com\/app\/uploads\/2023\/12\/2-SALUT-MENTAL-I-PAISATGE-01-2.jpg\" alt=\"\" class=\"wp-image-7459\" style=\"aspect-ratio:0.7069555302166477;width:517px;height:auto\" srcset=\"https:\/\/espaicrater.com\/app\/uploads\/2023\/12\/2-SALUT-MENTAL-I-PAISATGE-01-2.jpg 1240w, https:\/\/espaicrater.com\/app\/uploads\/2023\/12\/2-SALUT-MENTAL-I-PAISATGE-01-2-212x300.jpg 212w, https:\/\/espaicrater.com\/app\/uploads\/2023\/12\/2-SALUT-MENTAL-I-PAISATGE-01-2-768x1086.jpg 768w, https:\/\/espaicrater.com\/app\/uploads\/2023\/12\/2-SALUT-MENTAL-I-PAISATGE-01-2-1086x1536.jpg 1086w\" sizes=\"auto, (max-width: 1240px) 100vw, 1240px\" \/><\/figure>\n","protected":false},"excerpt":{"rendered":"<p>This workshop held on 28 June 2021, and was aimed at analyzing and detecting issues around the interaction between mental health and landscape. The main challenges detected were linked to the environment of young people and their connection with the landscape, the relationship between urban planning and mental health, the link between health professionals and &hellip; <a href=\"https:\/\/espaicrater.com\/en\/paisatge-i-benestar\/\">Continued<\/a><\/p>\n","protected":false},"author":2,"featured_media":7478,"parent":0,"menu_order":0,"comment_status":"closed","ping_status":"closed","template":"","meta":{"_acf_changed":false,"footnotes":""},"class_list":["post-7355","page","type-page","status-publish","has-post-thumbnail","hentry"],"acf":[],"yoast_head":"<title>Workshop to identify challenges around mental health and landscape. - Espai Cr\u00e0ter<\/title>\n<meta name=\"robots\" content=\"index, follow, max-snippet:-1, max-image-preview:large, max-video-preview:-1\" \/>\n<link rel=\"canonical\" href=\"https:\/\/espaicrater.com\/en\/paisatge-i-benestar\/\" \/>\n<meta property=\"og:locale\" content=\"en_US\" \/>\n<meta property=\"og:type\" content=\"article\" \/>\n<meta property=\"og:title\" content=\"Workshop to identify challenges around mental health and landscape. - Espai Cr\u00e0ter\" \/>\n<meta property=\"og:description\" content=\"This workshop held on 28 June 2021, and was aimed at analyzing and detecting issues around the interaction between mental health and landscape. The main challenges detected were linked to the environment of young people and their connection with the landscape, the relationship between urban planning and mental health, the link between health professionals and &hellip; Continued\" \/>\n<meta property=\"og:url\" content=\"https:\/\/espaicrater.com\/en\/paisatge-i-benestar\/\" \/>\n<meta property=\"og:site_name\" content=\"Espai Cr\u00e0ter\" \/>\n<meta property=\"article:modified_time\" content=\"2023-12-04T13:19:41+00:00\" \/>\n<meta property=\"og:image\" content=\"https:\/\/espaicrater.com\/app\/uploads\/2023\/12\/IMG_20210628_113413-scaled.jpg\" \/>\n\t<meta property=\"og:image:width\" content=\"2560\" \/>\n\t<meta property=\"og:image:height\" content=\"1440\" \/>\n\t<meta property=\"og:image:type\" content=\"image\/jpeg\" \/>\n<meta name=\"twitter:card\" content=\"summary_large_image\" \/>\n<script type=\"application\/ld+json\" class=\"yoast-schema-graph\">{\"@context\":\"https:\/\/schema.org\",\"@graph\":[{\"@type\":\"WebPage\",\"@id\":\"https:\/\/espaicrater.com\/en\/paisatge-i-benestar\/\",\"url\":\"https:\/\/espaicrater.com\/en\/paisatge-i-benestar\/\",\"name\":\"Workshop to identify challenges around mental health and landscape. - Espai Cr\u00e0ter\",\"isPartOf\":{\"@id\":\"https:\/\/espaicrater.com\/#website\"},\"primaryImageOfPage\":{\"@id\":\"https:\/\/espaicrater.com\/en\/paisatge-i-benestar\/#primaryimage\"},\"image\":{\"@id\":\"https:\/\/espaicrater.com\/en\/paisatge-i-benestar\/#primaryimage\"},\"thumbnailUrl\":\"https:\/\/espaicrater.com\/app\/uploads\/2023\/12\/IMG_20210628_113413-scaled.jpg\",\"datePublished\":\"2023-11-30T18:33:37+00:00\",\"dateModified\":\"2023-12-04T13:19:41+00:00\",\"breadcrumb\":{\"@id\":\"https:\/\/espaicrater.com\/en\/paisatge-i-benestar\/#breadcrumb\"},\"inLanguage\":\"en-US\",\"potentialAction\":[{\"@type\":\"ReadAction\",\"target\":[\"https:\/\/espaicrater.com\/en\/paisatge-i-benestar\/\"]}]},{\"@type\":\"ImageObject\",\"inLanguage\":\"en-US\",\"@id\":\"https:\/\/espaicrater.com\/en\/paisatge-i-benestar\/#primaryimage\",\"url\":\"https:\/\/espaicrater.com\/app\/uploads\/2023\/12\/IMG_20210628_113413-scaled.jpg\",\"contentUrl\":\"https:\/\/espaicrater.com\/app\/uploads\/2023\/12\/IMG_20210628_113413-scaled.jpg\",\"width\":2560,\"height\":1440},{\"@type\":\"BreadcrumbList\",\"@id\":\"https:\/\/espaicrater.com\/en\/paisatge-i-benestar\/#breadcrumb\",\"itemListElement\":[{\"@type\":\"ListItem\",\"position\":1,\"name\":\"Home\",\"item\":\"https:\/\/espaicrater.com\/en\/\"},{\"@type\":\"ListItem\",\"position\":2,\"name\":\"Workshop to identify challenges around mental health and landscape.\"}]},{\"@type\":\"WebSite\",\"@id\":\"https:\/\/espaicrater.com\/#website\",\"url\":\"https:\/\/espaicrater.com\/\",\"name\":\"Espai Cr\u00e0ter\",\"description\":\"Viatge al centre de la vida\",\"publisher\":{\"@id\":\"https:\/\/espaicrater.com\/#organization\"},\"potentialAction\":[{\"@type\":\"SearchAction\",\"target\":{\"@type\":\"EntryPoint\",\"urlTemplate\":\"https:\/\/espaicrater.com\/?s={search_term_string}\"},\"query-input\":{\"@type\":\"PropertyValueSpecification\",\"valueRequired\":true,\"valueName\":\"search_term_string\"}}],\"inLanguage\":\"en-US\"},{\"@type\":\"Organization\",\"@id\":\"https:\/\/espaicrater.com\/#organization\",\"name\":\"Espai Cr\u00e0ter\",\"url\":\"https:\/\/espaicrater.com\/\",\"logo\":{\"@type\":\"ImageObject\",\"inLanguage\":\"en-US\",\"@id\":\"https:\/\/espaicrater.com\/#\/schema\/logo\/image\/\",\"url\":\"https:\/\/espaicrater.com\/app\/uploads\/2022\/02\/espai-crater-1.png\",\"contentUrl\":\"https:\/\/espaicrater.com\/app\/uploads\/2022\/02\/espai-crater-1.png\",\"width\":801,\"height\":320,\"caption\":\"Espai Cr\u00e0ter\"},\"image\":{\"@id\":\"https:\/\/espaicrater.com\/#\/schema\/logo\/image\/\"}}]}<\/script>","yoast_head_json":{"title":"Workshop to identify challenges around mental health and landscape. - Espai Cr\u00e0ter","robots":{"index":"index","follow":"follow","max-snippet":"max-snippet:-1","max-image-preview":"max-image-preview:large","max-video-preview":"max-video-preview:-1"},"canonical":"https:\/\/espaicrater.com\/en\/paisatge-i-benestar\/","og_locale":"en_US","og_type":"article","og_title":"Workshop to identify challenges around mental health and landscape. - Espai Cr\u00e0ter","og_description":"This workshop held on 28 June 2021, and was aimed at analyzing and detecting issues around the interaction between mental health and landscape. The main challenges detected were linked to the environment of young people and their connection with the landscape, the relationship between urban planning and mental health, the link between health professionals and &hellip; Continued","og_url":"https:\/\/espaicrater.com\/en\/paisatge-i-benestar\/","og_site_name":"Espai Cr\u00e0ter","article_modified_time":"2023-12-04T13:19:41+00:00","og_image":[{"width":2560,"height":1440,"url":"https:\/\/espaicrater.com\/app\/uploads\/2023\/12\/IMG_20210628_113413-scaled.jpg","type":"image\/jpeg"}],"twitter_card":"summary_large_image","schema":{"@context":"https:\/\/schema.org","@graph":[{"@type":"WebPage","@id":"https:\/\/espaicrater.com\/en\/paisatge-i-benestar\/","url":"https:\/\/espaicrater.com\/en\/paisatge-i-benestar\/","name":"Workshop to identify challenges around mental health and landscape. - Espai Cr\u00e0ter","isPartOf":{"@id":"https:\/\/espaicrater.com\/#website"},"primaryImageOfPage":{"@id":"https:\/\/espaicrater.com\/en\/paisatge-i-benestar\/#primaryimage"},"image":{"@id":"https:\/\/espaicrater.com\/en\/paisatge-i-benestar\/#primaryimage"},"thumbnailUrl":"https:\/\/espaicrater.com\/app\/uploads\/2023\/12\/IMG_20210628_113413-scaled.jpg","datePublished":"2023-11-30T18:33:37+00:00","dateModified":"2023-12-04T13:19:41+00:00","breadcrumb":{"@id":"https:\/\/espaicrater.com\/en\/paisatge-i-benestar\/#breadcrumb"},"inLanguage":"en-US","potentialAction":[{"@type":"ReadAction","target":["https:\/\/espaicrater.com\/en\/paisatge-i-benestar\/"]}]},{"@type":"ImageObject","inLanguage":"en-US","@id":"https:\/\/espaicrater.com\/en\/paisatge-i-benestar\/#primaryimage","url":"https:\/\/espaicrater.com\/app\/uploads\/2023\/12\/IMG_20210628_113413-scaled.jpg","contentUrl":"https:\/\/espaicrater.com\/app\/uploads\/2023\/12\/IMG_20210628_113413-scaled.jpg","width":2560,"height":1440},{"@type":"BreadcrumbList","@id":"https:\/\/espaicrater.com\/en\/paisatge-i-benestar\/#breadcrumb","itemListElement":[{"@type":"ListItem","position":1,"name":"Home","item":"https:\/\/espaicrater.com\/en\/"},{"@type":"ListItem","position":2,"name":"Workshop to identify challenges around mental health and landscape."}]},{"@type":"WebSite","@id":"https:\/\/espaicrater.com\/#website","url":"https:\/\/espaicrater.com\/","name":"Espai Cr\u00e0ter","description":"Viatge al centre de la vida","publisher":{"@id":"https:\/\/espaicrater.com\/#organization"},"potentialAction":[{"@type":"SearchAction","target":{"@type":"EntryPoint","urlTemplate":"https:\/\/espaicrater.com\/?s={search_term_string}"},"query-input":{"@type":"PropertyValueSpecification","valueRequired":true,"valueName":"search_term_string"}}],"inLanguage":"en-US"},{"@type":"Organization","@id":"https:\/\/espaicrater.com\/#organization","name":"Espai Cr\u00e0ter","url":"https:\/\/espaicrater.com\/","logo":{"@type":"ImageObject","inLanguage":"en-US","@id":"https:\/\/espaicrater.com\/#\/schema\/logo\/image\/","url":"https:\/\/espaicrater.com\/app\/uploads\/2022\/02\/espai-crater-1.png","contentUrl":"https:\/\/espaicrater.com\/app\/uploads\/2022\/02\/espai-crater-1.png","width":801,"height":320,"caption":"Espai Cr\u00e0ter"},"image":{"@id":"https:\/\/espaicrater.com\/#\/schema\/logo\/image\/"}}]}},"_links":{"self":[{"href":"https:\/\/espaicrater.com\/en\/wp-json\/wp\/v2\/pages\/7355","targetHints":{"allow":["GET"]}}],"collection":[{"href":"https:\/\/espaicrater.com\/en\/wp-json\/wp\/v2\/pages"}],"about":[{"href":"https:\/\/espaicrater.com\/en\/wp-json\/wp\/v2\/types\/page"}],"author":[{"embeddable":true,"href":"https:\/\/espaicrater.com\/en\/wp-json\/wp\/v2\/users\/2"}],"replies":[{"embeddable":true,"href":"https:\/\/espaicrater.com\/en\/wp-json\/wp\/v2\/comments?post=7355"}],"version-history":[{"count":4,"href":"https:\/\/espaicrater.com\/en\/wp-json\/wp\/v2\/pages\/7355\/revisions"}],"predecessor-version":[{"id":7505,"href":"https:\/\/espaicrater.com\/en\/wp-json\/wp\/v2\/pages\/7355\/revisions\/7505"}],"wp:featuredmedia":[{"embeddable":true,"href":"https:\/\/espaicrater.com\/en\/wp-json\/wp\/v2\/media\/7478"}],"wp:attachment":[{"href":"https:\/\/espaicrater.com\/en\/wp-json\/wp\/v2\/media?parent=7355"}],"curies":[{"name":"wp","href":"https:\/\/api.w.org\/{rel}","templated":true}]}}