{"id":7391,"date":"2023-11-30T19:15:54","date_gmt":"2023-11-30T18:15:54","guid":{"rendered":"https:\/\/espaicrater.com\/repensem-el-parc-de-lespai-crater\/"},"modified":"2023-12-04T14:37:01","modified_gmt":"2023-12-04T13:37:01","slug":"repensem-el-parc-de-lespai-crater","status":"publish","type":"page","link":"https:\/\/espaicrater.com\/en\/repensem-el-parc-de-lespai-crater\/","title":{"rendered":"Let&#8217;s rethink the Espai Cr\u00e0ter Park"},"content":{"rendered":"\n<p>The architectural proposal for the Espai Cr\u00e0ter places the center inside the Puig del Roser volcano and exposes an expanse of nature. The Espai Cr\u00e0ter Park forms part of the public space and connects with the Regional Archive and the Montsacopa cemetery. Its recent appearance has led to a lack of definition in the way it is inhabited: young people often chat in a circle, older people rest or some people simply walk through it.<\/p>\n\n\n\n<p><em><strong>Let&#8217;s rethink the Espai Cr\u00e0ter Park<\/strong><\/em> is a proposal by Marcos Garcia, director of <a href=\"https:\/\/www.medialab-matadero.es\/\">Medialab Prado <\/a>2014-2021; Javier Ib\u00e1\u00f1ez, coordinator of the Programa d&#8217;Innovaci\u00f3 Ciutadana de Las Naves, and Sergi Fr\u00edas, director of <a href=\"https:\/\/www.coboilab.cat\/ca\/\">Coboi lab<\/a>. During the workshop, they proposed, together with young people from the city, actions, and activities to move forward in this new space in the city. This activity opened up the possibility for young people to contribute their knowledge, experiences, and desires to generate other meanings for this space and, therefore, to think of other ways of inhabiting the city.<\/p>\n\n\n\n<p><\/p>\n\n\n\n<figure class=\"wp-block-image size-large\"><img loading=\"lazy\" decoding=\"async\" width=\"2000\" height=\"1333\" src=\"https:\/\/espaicrater.com\/app\/uploads\/2023\/11\/A4_2230-1-1-2000x1333.jpg\" alt=\"\" class=\"wp-image-7165\" srcset=\"https:\/\/espaicrater.com\/app\/uploads\/2023\/11\/A4_2230-1-1-2000x1333.jpg 2000w, https:\/\/espaicrater.com\/app\/uploads\/2023\/11\/A4_2230-1-1-300x200.jpg 300w, https:\/\/espaicrater.com\/app\/uploads\/2023\/11\/A4_2230-1-1-768x512.jpg 768w, https:\/\/espaicrater.com\/app\/uploads\/2023\/11\/A4_2230-1-1-1536x1024.jpg 1536w, https:\/\/espaicrater.com\/app\/uploads\/2023\/11\/A4_2230-1-1-2048x1365.jpg 2048w\" sizes=\"auto, (max-width: 2000px) 100vw, 2000px\" \/><\/figure>\n","protected":false},"excerpt":{"rendered":"<p>The architectural proposal for the Espai Cr\u00e0ter places the center inside the Puig del Roser volcano and exposes an expanse of nature. The Espai Cr\u00e0ter Park forms part of the public space and connects with the Regional Archive and the Montsacopa cemetery. Its recent appearance has led to a lack of definition in the way &hellip; <a href=\"https:\/\/espaicrater.com\/en\/repensem-el-parc-de-lespai-crater\/\">Continued<\/a><\/p>\n","protected":false},"author":2,"featured_media":7133,"parent":0,"menu_order":0,"comment_status":"closed","ping_status":"closed","template":"","meta":{"_acf_changed":false,"footnotes":""},"class_list":["post-7391","page","type-page","status-publish","has-post-thumbnail","hentry"],"acf":[],"yoast_head":"<title>Let&#039;s rethink the Espai Cr\u00e0ter Park - Espai Cr\u00e0ter<\/title>\n<meta name=\"description\" content=\"Rethinking the Espai Cr\u00e0ter park is a workshop proposed by Marcos Garcia, Javier Ib\u00e1\u00f1ez and Sergi Fr\u00edas in the Espai Cr\u00e0ter park.\" \/>\n<meta name=\"robots\" content=\"index, follow, max-snippet:-1, max-image-preview:large, max-video-preview:-1\" \/>\n<link rel=\"canonical\" href=\"https:\/\/espaicrater.com\/en\/repensem-el-parc-de-lespai-crater\/\" \/>\n<meta property=\"og:locale\" content=\"en_US\" \/>\n<meta property=\"og:type\" content=\"article\" \/>\n<meta property=\"og:title\" content=\"Let&#039;s rethink the Espai Cr\u00e0ter Park - Espai Cr\u00e0ter\" \/>\n<meta property=\"og:description\" content=\"Rethinking the Espai Cr\u00e0ter park is a workshop proposed by Marcos Garcia, Javier Ib\u00e1\u00f1ez and Sergi Fr\u00edas in the Espai Cr\u00e0ter park.\" \/>\n<meta property=\"og:url\" content=\"https:\/\/espaicrater.com\/en\/repensem-el-parc-de-lespai-crater\/\" \/>\n<meta property=\"og:site_name\" content=\"Espai Cr\u00e0ter\" \/>\n<meta property=\"article:modified_time\" content=\"2023-12-04T13:37:01+00:00\" \/>\n<meta property=\"og:image\" content=\"https:\/\/espaicrater.com\/app\/uploads\/2023\/11\/A4_2229-scaled.jpg\" \/>\n\t<meta property=\"og:image:width\" content=\"2560\" \/>\n\t<meta property=\"og:image:height\" content=\"1707\" \/>\n\t<meta property=\"og:image:type\" content=\"image\/jpeg\" \/>\n<meta name=\"twitter:card\" content=\"summary_large_image\" \/>\n<meta name=\"twitter:label1\" content=\"Est. reading time\" \/>\n\t<meta name=\"twitter:data1\" content=\"1 minute\" \/>\n<script type=\"application\/ld+json\" class=\"yoast-schema-graph\">{\"@context\":\"https:\\\/\\\/schema.org\",\"@graph\":[{\"@type\":\"WebPage\",\"@id\":\"https:\\\/\\\/espaicrater.com\\\/en\\\/repensem-el-parc-de-lespai-crater\\\/\",\"url\":\"https:\\\/\\\/espaicrater.com\\\/en\\\/repensem-el-parc-de-lespai-crater\\\/\",\"name\":\"Let's rethink the Espai Cr\u00e0ter Park - Espai Cr\u00e0ter\",\"isPartOf\":{\"@id\":\"https:\\\/\\\/espaicrater.com\\\/#website\"},\"primaryImageOfPage\":{\"@id\":\"https:\\\/\\\/espaicrater.com\\\/en\\\/repensem-el-parc-de-lespai-crater\\\/#primaryimage\"},\"image\":{\"@id\":\"https:\\\/\\\/espaicrater.com\\\/en\\\/repensem-el-parc-de-lespai-crater\\\/#primaryimage\"},\"thumbnailUrl\":\"https:\\\/\\\/espaicrater.com\\\/app\\\/uploads\\\/2023\\\/11\\\/A4_2229-scaled.jpg\",\"datePublished\":\"2023-11-30T18:15:54+00:00\",\"dateModified\":\"2023-12-04T13:37:01+00:00\",\"description\":\"Rethinking the Espai Cr\u00e0ter park is a workshop proposed by Marcos Garcia, Javier Ib\u00e1\u00f1ez and Sergi Fr\u00edas in the Espai Cr\u00e0ter park.\",\"breadcrumb\":{\"@id\":\"https:\\\/\\\/espaicrater.com\\\/en\\\/repensem-el-parc-de-lespai-crater\\\/#breadcrumb\"},\"inLanguage\":\"en-US\",\"potentialAction\":[{\"@type\":\"ReadAction\",\"target\":[\"https:\\\/\\\/espaicrater.com\\\/en\\\/repensem-el-parc-de-lespai-crater\\\/\"]}]},{\"@type\":\"ImageObject\",\"inLanguage\":\"en-US\",\"@id\":\"https:\\\/\\\/espaicrater.com\\\/en\\\/repensem-el-parc-de-lespai-crater\\\/#primaryimage\",\"url\":\"https:\\\/\\\/espaicrater.com\\\/app\\\/uploads\\\/2023\\\/11\\\/A4_2229-scaled.jpg\",\"contentUrl\":\"https:\\\/\\\/espaicrater.com\\\/app\\\/uploads\\\/2023\\\/11\\\/A4_2229-scaled.jpg\",\"width\":2560,\"height\":1707},{\"@type\":\"BreadcrumbList\",\"@id\":\"https:\\\/\\\/espaicrater.com\\\/en\\\/repensem-el-parc-de-lespai-crater\\\/#breadcrumb\",\"itemListElement\":[{\"@type\":\"ListItem\",\"position\":1,\"name\":\"Home\",\"item\":\"https:\\\/\\\/espaicrater.com\\\/en\\\/\"},{\"@type\":\"ListItem\",\"position\":2,\"name\":\"Let&#8217;s rethink the Espai Cr\u00e0ter Park\"}]},{\"@type\":\"WebSite\",\"@id\":\"https:\\\/\\\/espaicrater.com\\\/#website\",\"url\":\"https:\\\/\\\/espaicrater.com\\\/\",\"name\":\"Espai Cr\u00e0ter\",\"description\":\"Viatge al centre de la vida\",\"publisher\":{\"@id\":\"https:\\\/\\\/espaicrater.com\\\/#organization\"},\"potentialAction\":[{\"@type\":\"SearchAction\",\"target\":{\"@type\":\"EntryPoint\",\"urlTemplate\":\"https:\\\/\\\/espaicrater.com\\\/?s={search_term_string}\"},\"query-input\":{\"@type\":\"PropertyValueSpecification\",\"valueRequired\":true,\"valueName\":\"search_term_string\"}}],\"inLanguage\":\"en-US\"},{\"@type\":\"Organization\",\"@id\":\"https:\\\/\\\/espaicrater.com\\\/#organization\",\"name\":\"Espai Cr\u00e0ter\",\"url\":\"https:\\\/\\\/espaicrater.com\\\/\",\"logo\":{\"@type\":\"ImageObject\",\"inLanguage\":\"en-US\",\"@id\":\"https:\\\/\\\/espaicrater.com\\\/#\\\/schema\\\/logo\\\/image\\\/\",\"url\":\"https:\\\/\\\/espaicrater.com\\\/app\\\/uploads\\\/2022\\\/02\\\/espai-crater-1.png\",\"contentUrl\":\"https:\\\/\\\/espaicrater.com\\\/app\\\/uploads\\\/2022\\\/02\\\/espai-crater-1.png\",\"width\":801,\"height\":320,\"caption\":\"Espai Cr\u00e0ter\"},\"image\":{\"@id\":\"https:\\\/\\\/espaicrater.com\\\/#\\\/schema\\\/logo\\\/image\\\/\"}}]}<\/script>","yoast_head_json":{"title":"Let's rethink the Espai Cr\u00e0ter Park - Espai Cr\u00e0ter","description":"Rethinking the Espai Cr\u00e0ter park is a workshop proposed by Marcos Garcia, Javier Ib\u00e1\u00f1ez and Sergi Fr\u00edas in the Espai Cr\u00e0ter park.","robots":{"index":"index","follow":"follow","max-snippet":"max-snippet:-1","max-image-preview":"max-image-preview:large","max-video-preview":"max-video-preview:-1"},"canonical":"https:\/\/espaicrater.com\/en\/repensem-el-parc-de-lespai-crater\/","og_locale":"en_US","og_type":"article","og_title":"Let's rethink the Espai Cr\u00e0ter Park - Espai Cr\u00e0ter","og_description":"Rethinking the Espai Cr\u00e0ter park is a workshop proposed by Marcos Garcia, Javier Ib\u00e1\u00f1ez and Sergi Fr\u00edas in the Espai Cr\u00e0ter park.","og_url":"https:\/\/espaicrater.com\/en\/repensem-el-parc-de-lespai-crater\/","og_site_name":"Espai Cr\u00e0ter","article_modified_time":"2023-12-04T13:37:01+00:00","og_image":[{"width":2560,"height":1707,"url":"https:\/\/espaicrater.com\/app\/uploads\/2023\/11\/A4_2229-scaled.jpg","type":"image\/jpeg"}],"twitter_card":"summary_large_image","twitter_misc":{"Est. reading time":"1 minute"},"schema":{"@context":"https:\/\/schema.org","@graph":[{"@type":"WebPage","@id":"https:\/\/espaicrater.com\/en\/repensem-el-parc-de-lespai-crater\/","url":"https:\/\/espaicrater.com\/en\/repensem-el-parc-de-lespai-crater\/","name":"Let's rethink the Espai Cr\u00e0ter Park - Espai Cr\u00e0ter","isPartOf":{"@id":"https:\/\/espaicrater.com\/#website"},"primaryImageOfPage":{"@id":"https:\/\/espaicrater.com\/en\/repensem-el-parc-de-lespai-crater\/#primaryimage"},"image":{"@id":"https:\/\/espaicrater.com\/en\/repensem-el-parc-de-lespai-crater\/#primaryimage"},"thumbnailUrl":"https:\/\/espaicrater.com\/app\/uploads\/2023\/11\/A4_2229-scaled.jpg","datePublished":"2023-11-30T18:15:54+00:00","dateModified":"2023-12-04T13:37:01+00:00","description":"Rethinking the Espai Cr\u00e0ter park is a workshop proposed by Marcos Garcia, Javier Ib\u00e1\u00f1ez and Sergi Fr\u00edas in the Espai Cr\u00e0ter park.","breadcrumb":{"@id":"https:\/\/espaicrater.com\/en\/repensem-el-parc-de-lespai-crater\/#breadcrumb"},"inLanguage":"en-US","potentialAction":[{"@type":"ReadAction","target":["https:\/\/espaicrater.com\/en\/repensem-el-parc-de-lespai-crater\/"]}]},{"@type":"ImageObject","inLanguage":"en-US","@id":"https:\/\/espaicrater.com\/en\/repensem-el-parc-de-lespai-crater\/#primaryimage","url":"https:\/\/espaicrater.com\/app\/uploads\/2023\/11\/A4_2229-scaled.jpg","contentUrl":"https:\/\/espaicrater.com\/app\/uploads\/2023\/11\/A4_2229-scaled.jpg","width":2560,"height":1707},{"@type":"BreadcrumbList","@id":"https:\/\/espaicrater.com\/en\/repensem-el-parc-de-lespai-crater\/#breadcrumb","itemListElement":[{"@type":"ListItem","position":1,"name":"Home","item":"https:\/\/espaicrater.com\/en\/"},{"@type":"ListItem","position":2,"name":"Let&#8217;s rethink the Espai Cr\u00e0ter Park"}]},{"@type":"WebSite","@id":"https:\/\/espaicrater.com\/#website","url":"https:\/\/espaicrater.com\/","name":"Espai Cr\u00e0ter","description":"Viatge al centre de la vida","publisher":{"@id":"https:\/\/espaicrater.com\/#organization"},"potentialAction":[{"@type":"SearchAction","target":{"@type":"EntryPoint","urlTemplate":"https:\/\/espaicrater.com\/?s={search_term_string}"},"query-input":{"@type":"PropertyValueSpecification","valueRequired":true,"valueName":"search_term_string"}}],"inLanguage":"en-US"},{"@type":"Organization","@id":"https:\/\/espaicrater.com\/#organization","name":"Espai Cr\u00e0ter","url":"https:\/\/espaicrater.com\/","logo":{"@type":"ImageObject","inLanguage":"en-US","@id":"https:\/\/espaicrater.com\/#\/schema\/logo\/image\/","url":"https:\/\/espaicrater.com\/app\/uploads\/2022\/02\/espai-crater-1.png","contentUrl":"https:\/\/espaicrater.com\/app\/uploads\/2022\/02\/espai-crater-1.png","width":801,"height":320,"caption":"Espai Cr\u00e0ter"},"image":{"@id":"https:\/\/espaicrater.com\/#\/schema\/logo\/image\/"}}]}},"_links":{"self":[{"href":"https:\/\/espaicrater.com\/en\/wp-json\/wp\/v2\/pages\/7391","targetHints":{"allow":["GET"]}}],"collection":[{"href":"https:\/\/espaicrater.com\/en\/wp-json\/wp\/v2\/pages"}],"about":[{"href":"https:\/\/espaicrater.com\/en\/wp-json\/wp\/v2\/types\/page"}],"author":[{"embeddable":true,"href":"https:\/\/espaicrater.com\/en\/wp-json\/wp\/v2\/users\/2"}],"replies":[{"embeddable":true,"href":"https:\/\/espaicrater.com\/en\/wp-json\/wp\/v2\/comments?post=7391"}],"version-history":[{"count":2,"href":"https:\/\/espaicrater.com\/en\/wp-json\/wp\/v2\/pages\/7391\/revisions"}],"predecessor-version":[{"id":7404,"href":"https:\/\/espaicrater.com\/en\/wp-json\/wp\/v2\/pages\/7391\/revisions\/7404"}],"wp:featuredmedia":[{"embeddable":true,"href":"https:\/\/espaicrater.com\/en\/wp-json\/wp\/v2\/media\/7133"}],"wp:attachment":[{"href":"https:\/\/espaicrater.com\/en\/wp-json\/wp\/v2\/media?parent=7391"}],"curies":[{"name":"wp","href":"https:\/\/api.w.org\/{rel}","templated":true}]}}