{"id":7434,"date":"2023-11-30T19:20:38","date_gmt":"2023-11-30T18:20:38","guid":{"rendered":"https:\/\/espaicrater.com\/sentim-pequin-en-comu\/"},"modified":"2023-12-04T14:39:09","modified_gmt":"2023-12-04T13:39:09","slug":"sentim-pequin-en-comu","status":"publish","type":"page","link":"https:\/\/espaicrater.com\/en\/sentim-pequin-en-comu\/","title":{"rendered":"We feel Pequ\u00edn in common"},"content":{"rendered":"\n<p>There are as many Pequ\u00edn as people are living here. The multicultural nature of this neighborhood makes it a place where different places are present, the memory of which accompanies all the people who live there. Like any urban space, it is a mosaic made up of experiences, histories, and people who remind us of what it has been, but also of what it is now. Its links and its community are an essential space for imagining what it will be in the future.<\/p>\n\n\n\n<p><em>We feel Pequ\u00edn in common <\/em>is a proposal by Adela V\u00e1zquez, Master in Social Work at the UNAM (Mexico), to walk through the neighborhood of Pequ\u00edn to get to know its essential places and the people who are part of it.<\/p>\n\n\n\n<figure class=\"wp-block-image size-large\"><img loading=\"lazy\" decoding=\"async\" width=\"2000\" height=\"1336\" src=\"https:\/\/espaicrater.com\/app\/uploads\/2023\/11\/DSC02882-1-2000x1336.jpg\" alt=\"\" class=\"wp-image-7252\" srcset=\"https:\/\/espaicrater.com\/app\/uploads\/2023\/11\/DSC02882-1-2000x1336.jpg 2000w, https:\/\/espaicrater.com\/app\/uploads\/2023\/11\/DSC02882-1-300x200.jpg 300w, https:\/\/espaicrater.com\/app\/uploads\/2023\/11\/DSC02882-1-768x513.jpg 768w, https:\/\/espaicrater.com\/app\/uploads\/2023\/11\/DSC02882-1-1536x1026.jpg 1536w, https:\/\/espaicrater.com\/app\/uploads\/2023\/11\/DSC02882-1-2048x1368.jpg 2048w\" sizes=\"auto, (max-width: 2000px) 100vw, 2000px\" \/><\/figure>\n","protected":false},"excerpt":{"rendered":"<p>There are as many Pequ\u00edn as people are living here. The multicultural nature of this neighborhood makes it a place where different places are present, the memory of which accompanies all the people who live there. Like any urban space, it is a mosaic made up of experiences, histories, and people who remind us of &hellip; <a href=\"https:\/\/espaicrater.com\/en\/sentim-pequin-en-comu\/\">Continued<\/a><\/p>\n","protected":false},"author":2,"featured_media":7249,"parent":0,"menu_order":0,"comment_status":"closed","ping_status":"closed","template":"","meta":{"_acf_changed":false,"footnotes":""},"class_list":["post-7434","page","type-page","status-publish","has-post-thumbnail","hentry"],"acf":[],"yoast_head":"<title>We feel Pequ\u00edn in common - Espai Cr\u00e0ter<\/title>\n<meta name=\"robots\" content=\"index, follow, max-snippet:-1, max-image-preview:large, max-video-preview:-1\" \/>\n<link rel=\"canonical\" href=\"https:\/\/espaicrater.com\/en\/sentim-pequin-en-comu\/\" \/>\n<meta property=\"og:locale\" content=\"en_US\" \/>\n<meta property=\"og:type\" content=\"article\" \/>\n<meta property=\"og:title\" content=\"We feel Pequ\u00edn in common - Espai Cr\u00e0ter\" \/>\n<meta property=\"og:description\" content=\"There are as many Pequ\u00edn as people are living here. The multicultural nature of this neighborhood makes it a place where different places are present, the memory of which accompanies all the people who live there. Like any urban space, it is a mosaic made up of experiences, histories, and people who remind us of &hellip; Continued\" \/>\n<meta property=\"og:url\" content=\"https:\/\/espaicrater.com\/en\/sentim-pequin-en-comu\/\" \/>\n<meta property=\"og:site_name\" content=\"Espai Cr\u00e0ter\" \/>\n<meta property=\"article:modified_time\" content=\"2023-12-04T13:39:09+00:00\" \/>\n<meta property=\"og:image\" content=\"https:\/\/espaicrater.com\/app\/uploads\/2023\/11\/DSC02836-scaled.jpg\" \/>\n\t<meta property=\"og:image:width\" content=\"2560\" \/>\n\t<meta property=\"og:image:height\" content=\"1710\" \/>\n\t<meta property=\"og:image:type\" content=\"image\/jpeg\" \/>\n<meta name=\"twitter:card\" content=\"summary_large_image\" \/>\n<meta name=\"twitter:label1\" content=\"Est. reading time\" \/>\n\t<meta name=\"twitter:data1\" content=\"1 minute\" \/>\n<script type=\"application\/ld+json\" class=\"yoast-schema-graph\">{\"@context\":\"https:\\\/\\\/schema.org\",\"@graph\":[{\"@type\":\"WebPage\",\"@id\":\"https:\\\/\\\/espaicrater.com\\\/en\\\/sentim-pequin-en-comu\\\/\",\"url\":\"https:\\\/\\\/espaicrater.com\\\/en\\\/sentim-pequin-en-comu\\\/\",\"name\":\"We feel Pequ\u00edn in common - Espai Cr\u00e0ter\",\"isPartOf\":{\"@id\":\"https:\\\/\\\/espaicrater.com\\\/#website\"},\"primaryImageOfPage\":{\"@id\":\"https:\\\/\\\/espaicrater.com\\\/en\\\/sentim-pequin-en-comu\\\/#primaryimage\"},\"image\":{\"@id\":\"https:\\\/\\\/espaicrater.com\\\/en\\\/sentim-pequin-en-comu\\\/#primaryimage\"},\"thumbnailUrl\":\"https:\\\/\\\/espaicrater.com\\\/app\\\/uploads\\\/2023\\\/11\\\/DSC02836-scaled.jpg\",\"datePublished\":\"2023-11-30T18:20:38+00:00\",\"dateModified\":\"2023-12-04T13:39:09+00:00\",\"breadcrumb\":{\"@id\":\"https:\\\/\\\/espaicrater.com\\\/en\\\/sentim-pequin-en-comu\\\/#breadcrumb\"},\"inLanguage\":\"en-US\",\"potentialAction\":[{\"@type\":\"ReadAction\",\"target\":[\"https:\\\/\\\/espaicrater.com\\\/en\\\/sentim-pequin-en-comu\\\/\"]}]},{\"@type\":\"ImageObject\",\"inLanguage\":\"en-US\",\"@id\":\"https:\\\/\\\/espaicrater.com\\\/en\\\/sentim-pequin-en-comu\\\/#primaryimage\",\"url\":\"https:\\\/\\\/espaicrater.com\\\/app\\\/uploads\\\/2023\\\/11\\\/DSC02836-scaled.jpg\",\"contentUrl\":\"https:\\\/\\\/espaicrater.com\\\/app\\\/uploads\\\/2023\\\/11\\\/DSC02836-scaled.jpg\",\"width\":2560,\"height\":1710},{\"@type\":\"BreadcrumbList\",\"@id\":\"https:\\\/\\\/espaicrater.com\\\/en\\\/sentim-pequin-en-comu\\\/#breadcrumb\",\"itemListElement\":[{\"@type\":\"ListItem\",\"position\":1,\"name\":\"Home\",\"item\":\"https:\\\/\\\/espaicrater.com\\\/en\\\/\"},{\"@type\":\"ListItem\",\"position\":2,\"name\":\"We feel Pequ\u00edn in common\"}]},{\"@type\":\"WebSite\",\"@id\":\"https:\\\/\\\/espaicrater.com\\\/#website\",\"url\":\"https:\\\/\\\/espaicrater.com\\\/\",\"name\":\"Espai Cr\u00e0ter\",\"description\":\"Viatge al centre de la vida\",\"publisher\":{\"@id\":\"https:\\\/\\\/espaicrater.com\\\/#organization\"},\"potentialAction\":[{\"@type\":\"SearchAction\",\"target\":{\"@type\":\"EntryPoint\",\"urlTemplate\":\"https:\\\/\\\/espaicrater.com\\\/?s={search_term_string}\"},\"query-input\":{\"@type\":\"PropertyValueSpecification\",\"valueRequired\":true,\"valueName\":\"search_term_string\"}}],\"inLanguage\":\"en-US\"},{\"@type\":\"Organization\",\"@id\":\"https:\\\/\\\/espaicrater.com\\\/#organization\",\"name\":\"Espai Cr\u00e0ter\",\"url\":\"https:\\\/\\\/espaicrater.com\\\/\",\"logo\":{\"@type\":\"ImageObject\",\"inLanguage\":\"en-US\",\"@id\":\"https:\\\/\\\/espaicrater.com\\\/#\\\/schema\\\/logo\\\/image\\\/\",\"url\":\"https:\\\/\\\/espaicrater.com\\\/app\\\/uploads\\\/2022\\\/02\\\/espai-crater-1.png\",\"contentUrl\":\"https:\\\/\\\/espaicrater.com\\\/app\\\/uploads\\\/2022\\\/02\\\/espai-crater-1.png\",\"width\":801,\"height\":320,\"caption\":\"Espai Cr\u00e0ter\"},\"image\":{\"@id\":\"https:\\\/\\\/espaicrater.com\\\/#\\\/schema\\\/logo\\\/image\\\/\"}}]}<\/script>","yoast_head_json":{"title":"We feel Pequ\u00edn in common - Espai Cr\u00e0ter","robots":{"index":"index","follow":"follow","max-snippet":"max-snippet:-1","max-image-preview":"max-image-preview:large","max-video-preview":"max-video-preview:-1"},"canonical":"https:\/\/espaicrater.com\/en\/sentim-pequin-en-comu\/","og_locale":"en_US","og_type":"article","og_title":"We feel Pequ\u00edn in common - Espai Cr\u00e0ter","og_description":"There are as many Pequ\u00edn as people are living here. The multicultural nature of this neighborhood makes it a place where different places are present, the memory of which accompanies all the people who live there. Like any urban space, it is a mosaic made up of experiences, histories, and people who remind us of &hellip; Continued","og_url":"https:\/\/espaicrater.com\/en\/sentim-pequin-en-comu\/","og_site_name":"Espai Cr\u00e0ter","article_modified_time":"2023-12-04T13:39:09+00:00","og_image":[{"width":2560,"height":1710,"url":"https:\/\/espaicrater.com\/app\/uploads\/2023\/11\/DSC02836-scaled.jpg","type":"image\/jpeg"}],"twitter_card":"summary_large_image","twitter_misc":{"Est. reading time":"1 minute"},"schema":{"@context":"https:\/\/schema.org","@graph":[{"@type":"WebPage","@id":"https:\/\/espaicrater.com\/en\/sentim-pequin-en-comu\/","url":"https:\/\/espaicrater.com\/en\/sentim-pequin-en-comu\/","name":"We feel Pequ\u00edn in common - Espai Cr\u00e0ter","isPartOf":{"@id":"https:\/\/espaicrater.com\/#website"},"primaryImageOfPage":{"@id":"https:\/\/espaicrater.com\/en\/sentim-pequin-en-comu\/#primaryimage"},"image":{"@id":"https:\/\/espaicrater.com\/en\/sentim-pequin-en-comu\/#primaryimage"},"thumbnailUrl":"https:\/\/espaicrater.com\/app\/uploads\/2023\/11\/DSC02836-scaled.jpg","datePublished":"2023-11-30T18:20:38+00:00","dateModified":"2023-12-04T13:39:09+00:00","breadcrumb":{"@id":"https:\/\/espaicrater.com\/en\/sentim-pequin-en-comu\/#breadcrumb"},"inLanguage":"en-US","potentialAction":[{"@type":"ReadAction","target":["https:\/\/espaicrater.com\/en\/sentim-pequin-en-comu\/"]}]},{"@type":"ImageObject","inLanguage":"en-US","@id":"https:\/\/espaicrater.com\/en\/sentim-pequin-en-comu\/#primaryimage","url":"https:\/\/espaicrater.com\/app\/uploads\/2023\/11\/DSC02836-scaled.jpg","contentUrl":"https:\/\/espaicrater.com\/app\/uploads\/2023\/11\/DSC02836-scaled.jpg","width":2560,"height":1710},{"@type":"BreadcrumbList","@id":"https:\/\/espaicrater.com\/en\/sentim-pequin-en-comu\/#breadcrumb","itemListElement":[{"@type":"ListItem","position":1,"name":"Home","item":"https:\/\/espaicrater.com\/en\/"},{"@type":"ListItem","position":2,"name":"We feel Pequ\u00edn in common"}]},{"@type":"WebSite","@id":"https:\/\/espaicrater.com\/#website","url":"https:\/\/espaicrater.com\/","name":"Espai Cr\u00e0ter","description":"Viatge al centre de la vida","publisher":{"@id":"https:\/\/espaicrater.com\/#organization"},"potentialAction":[{"@type":"SearchAction","target":{"@type":"EntryPoint","urlTemplate":"https:\/\/espaicrater.com\/?s={search_term_string}"},"query-input":{"@type":"PropertyValueSpecification","valueRequired":true,"valueName":"search_term_string"}}],"inLanguage":"en-US"},{"@type":"Organization","@id":"https:\/\/espaicrater.com\/#organization","name":"Espai Cr\u00e0ter","url":"https:\/\/espaicrater.com\/","logo":{"@type":"ImageObject","inLanguage":"en-US","@id":"https:\/\/espaicrater.com\/#\/schema\/logo\/image\/","url":"https:\/\/espaicrater.com\/app\/uploads\/2022\/02\/espai-crater-1.png","contentUrl":"https:\/\/espaicrater.com\/app\/uploads\/2022\/02\/espai-crater-1.png","width":801,"height":320,"caption":"Espai Cr\u00e0ter"},"image":{"@id":"https:\/\/espaicrater.com\/#\/schema\/logo\/image\/"}}]}},"_links":{"self":[{"href":"https:\/\/espaicrater.com\/en\/wp-json\/wp\/v2\/pages\/7434","targetHints":{"allow":["GET"]}}],"collection":[{"href":"https:\/\/espaicrater.com\/en\/wp-json\/wp\/v2\/pages"}],"about":[{"href":"https:\/\/espaicrater.com\/en\/wp-json\/wp\/v2\/types\/page"}],"author":[{"embeddable":true,"href":"https:\/\/espaicrater.com\/en\/wp-json\/wp\/v2\/users\/2"}],"replies":[{"embeddable":true,"href":"https:\/\/espaicrater.com\/en\/wp-json\/wp\/v2\/comments?post=7434"}],"version-history":[{"count":1,"href":"https:\/\/espaicrater.com\/en\/wp-json\/wp\/v2\/pages\/7434\/revisions"}],"predecessor-version":[{"id":7440,"href":"https:\/\/espaicrater.com\/en\/wp-json\/wp\/v2\/pages\/7434\/revisions\/7440"}],"wp:featuredmedia":[{"embeddable":true,"href":"https:\/\/espaicrater.com\/en\/wp-json\/wp\/v2\/media\/7249"}],"wp:attachment":[{"href":"https:\/\/espaicrater.com\/en\/wp-json\/wp\/v2\/media?parent=7434"}],"curies":[{"name":"wp","href":"https:\/\/api.w.org\/{rel}","templated":true}]}}