{"id":8984,"date":"2023-12-20T11:27:33","date_gmt":"2023-12-20T10:27:33","guid":{"rendered":"https:\/\/espaicrater.com\/punt-de-documentacio-del-pn-garrotxa\/"},"modified":"2024-05-29T11:00:07","modified_gmt":"2024-05-29T09:00:07","slug":"punt-de-documentacio-del-pn-garrotxa","status":"publish","type":"page","link":"https:\/\/espaicrater.com\/en\/punt-de-documentacio-del-pn-garrotxa\/","title":{"rendered":"Documentation Point of NP Garrotxa"},"content":{"rendered":"\n<p>The Espai Cr\u00e0ter is a Documentation Point of the <a href=\"https:\/\/parcsnaturals.gencat.cat\/en\/xarxa-de-parcs\/garrotxa\/inici\/index.html\">Garrotxa Volcanic Zone Natural Park<\/a>, the result of collaboration between institutions, which has been in place for years and was formalized in 2022 with the signing of the agreement between the <a href=\"https:\/\/www.olot.cat\/\">City Council of Olo<\/a>t and the <a href=\"https:\/\/agricultura.gencat.cat\/ca\/inici\/index.html#googtrans(ca|en)\">Department of Climate Action, Food, and Rural Agenda<\/a>.<\/p>\n\n\n\n<p>The Espai Cr\u00e0ter Documentation Point has some 500 research materials, books, articles, magazines, leaflets, and games, which are renewed monthly and deal with the following subjects: landscape, fauna and flora, agriculture and livestock, protected areas, land management, hydrology, soils, environmental education, sustainable tourism, environmental impact, sustainable architecture, climate change, heritage, among others.<\/p>\n\n\n\n<p>Located on the first floor of the building (Seismic Zone), the Documentation Point of the Garrotxa NP in the Espai Cr\u00e0ter has a space enabled for better consultation. You can consult the opening hours of the center <a href=\"https:\/\/espaicrater.com\/en\/visit\/\">here<\/a>.<\/p>\n\n\n\n<figure class=\"wp-block-image size-large\"><img loading=\"lazy\" decoding=\"async\" width=\"2000\" height=\"1333\" src=\"https:\/\/espaicrater.com\/app\/uploads\/2023\/12\/Centre-documentacio-EC-1-2000x1333.jpg\" alt=\"Imatge del punt de documentaci\u00f3\" class=\"wp-image-7629\" srcset=\"https:\/\/espaicrater.com\/app\/uploads\/2023\/12\/Centre-documentacio-EC-1-2000x1333.jpg 2000w, https:\/\/espaicrater.com\/app\/uploads\/2023\/12\/Centre-documentacio-EC-1-300x200.jpg 300w, https:\/\/espaicrater.com\/app\/uploads\/2023\/12\/Centre-documentacio-EC-1-768x512.jpg 768w, https:\/\/espaicrater.com\/app\/uploads\/2023\/12\/Centre-documentacio-EC-1-1536x1024.jpg 1536w, https:\/\/espaicrater.com\/app\/uploads\/2023\/12\/Centre-documentacio-EC-1-2048x1365.jpg 2048w\" sizes=\"auto, (max-width: 2000px) 100vw, 2000px\" \/><\/figure>\n\n\n\n<p><strong>How it works?<\/strong><\/p>\n\n\n\n<p>The Documentation Centre of the Natural Park deals with queries at the Documentation Point of the Espai Cr\u00e0ter. It offers different personalized queries, which can be made by email or on-site at the Espai Cr\u00e0ter. In the latter case, prior booking is always necessary by calling 972 26 46 66 or sending an email to <a href=\"mailto:wgrabolo@gencat.cat\">wgrabolo@gencat.cat.<\/a><\/p>\n\n\n\n<p>The consultations offered are:<\/p>\n\n\n\n<ul class=\"wp-block-list\">\n<li>Lots of thematic documents on loan for technicians or teachers (Fill in <a href=\"https:\/\/forms.gle\/YjsVbRHySqo1VY7g7\">this form<\/a>).<\/li>\n<\/ul>\n\n\n\n<ul class=\"wp-block-list\">\n<li>Research support for students<\/li>\n<\/ul>\n\n\n\n<ul class=\"wp-block-list\">\n<li>Donated publications for companies, schools, or environmentally responsible entities.<\/li>\n<\/ul>\n\n\n\n<ul class=\"wp-block-list\">\n<li>Basic information for tourists and family audiences who want a higher level of information than what is available in the information centers.<\/li>\n<\/ul>\n\n\n\n<p>More information about the objectives and functions of the Park&#8217;s Documentation Centre can be found <a href=\"https:\/\/parcsnaturals.gencat.cat\/en\/xarxa-de-parcs\/garrotxa\/coneix-nostra-feina\/centre-de-documentacio\/index.html\">here<\/a>.<\/p>\n","protected":false},"excerpt":{"rendered":"<p>The Espai Cr\u00e0ter is a Documentation Point of the Garrotxa Volcanic Zone Natural Park, the result of collaboration between institutions, which has been in place for years and was formalized in 2022 with the signing of the agreement between the City Council of Olot and the Department of Climate Action, Food, and Rural Agenda. The &hellip; <a href=\"https:\/\/espaicrater.com\/en\/punt-de-documentacio-del-pn-garrotxa\/\">Continued<\/a><\/p>\n","protected":false},"author":2,"featured_media":7630,"parent":0,"menu_order":0,"comment_status":"closed","ping_status":"closed","template":"","meta":{"_acf_changed":false,"footnotes":""},"class_list":["post-8984","page","type-page","status-publish","has-post-thumbnail","hentry"],"acf":[],"yoast_head":"<title>Documentation Point of NP Garrotxa - Espai Cr\u00e0ter<\/title>\n<meta name=\"description\" content=\"L\u2019Espai Cr\u00e0ter \u00e9s un Punt de Documentaci\u00f3 del Parc Natural de la Zona Volc\u00e0nica de la Garrotxa, fruit de la col\u00b7laboraci\u00f3...\" \/>\n<meta name=\"robots\" content=\"index, follow, max-snippet:-1, max-image-preview:large, max-video-preview:-1\" \/>\n<link rel=\"canonical\" href=\"https:\/\/espaicrater.com\/en\/punt-de-documentacio-del-pn-garrotxa\/\" \/>\n<meta property=\"og:locale\" content=\"en_US\" \/>\n<meta property=\"og:type\" content=\"article\" \/>\n<meta property=\"og:title\" content=\"Documentation Point of NP Garrotxa - Espai Cr\u00e0ter\" \/>\n<meta property=\"og:description\" content=\"L\u2019Espai Cr\u00e0ter \u00e9s un Punt de Documentaci\u00f3 del Parc Natural de la Zona Volc\u00e0nica de la Garrotxa, fruit de la col\u00b7laboraci\u00f3...\" \/>\n<meta property=\"og:url\" content=\"https:\/\/espaicrater.com\/en\/punt-de-documentacio-del-pn-garrotxa\/\" \/>\n<meta property=\"og:site_name\" content=\"Espai Cr\u00e0ter\" \/>\n<meta property=\"article:modified_time\" content=\"2024-05-29T09:00:07+00:00\" \/>\n<meta property=\"og:image\" content=\"https:\/\/espaicrater.com\/app\/uploads\/2023\/12\/Centre-documentacio-EC-1-scaled.jpg\" \/>\n\t<meta property=\"og:image:width\" content=\"2560\" \/>\n\t<meta property=\"og:image:height\" content=\"1707\" \/>\n\t<meta property=\"og:image:type\" content=\"image\/jpeg\" \/>\n<meta name=\"twitter:card\" content=\"summary_large_image\" \/>\n<meta name=\"twitter:label1\" content=\"Est. reading time\" \/>\n\t<meta name=\"twitter:data1\" content=\"1 minute\" \/>\n<script type=\"application\/ld+json\" class=\"yoast-schema-graph\">{\"@context\":\"https:\\\/\\\/schema.org\",\"@graph\":[{\"@type\":\"WebPage\",\"@id\":\"https:\\\/\\\/espaicrater.com\\\/en\\\/punt-de-documentacio-del-pn-garrotxa\\\/\",\"url\":\"https:\\\/\\\/espaicrater.com\\\/en\\\/punt-de-documentacio-del-pn-garrotxa\\\/\",\"name\":\"Documentation Point of NP Garrotxa - Espai Cr\u00e0ter\",\"isPartOf\":{\"@id\":\"https:\\\/\\\/espaicrater.com\\\/#website\"},\"primaryImageOfPage\":{\"@id\":\"https:\\\/\\\/espaicrater.com\\\/en\\\/punt-de-documentacio-del-pn-garrotxa\\\/#primaryimage\"},\"image\":{\"@id\":\"https:\\\/\\\/espaicrater.com\\\/en\\\/punt-de-documentacio-del-pn-garrotxa\\\/#primaryimage\"},\"thumbnailUrl\":\"https:\\\/\\\/espaicrater.com\\\/app\\\/uploads\\\/2023\\\/12\\\/Centre-documentacio-EC-1-scaled.jpg\",\"datePublished\":\"2023-12-20T10:27:33+00:00\",\"dateModified\":\"2024-05-29T09:00:07+00:00\",\"description\":\"L\u2019Espai Cr\u00e0ter \u00e9s un Punt de Documentaci\u00f3 del Parc Natural de la Zona Volc\u00e0nica de la Garrotxa, fruit de la col\u00b7laboraci\u00f3...\",\"breadcrumb\":{\"@id\":\"https:\\\/\\\/espaicrater.com\\\/en\\\/punt-de-documentacio-del-pn-garrotxa\\\/#breadcrumb\"},\"inLanguage\":\"en-US\",\"potentialAction\":[{\"@type\":\"ReadAction\",\"target\":[\"https:\\\/\\\/espaicrater.com\\\/en\\\/punt-de-documentacio-del-pn-garrotxa\\\/\"]}]},{\"@type\":\"ImageObject\",\"inLanguage\":\"en-US\",\"@id\":\"https:\\\/\\\/espaicrater.com\\\/en\\\/punt-de-documentacio-del-pn-garrotxa\\\/#primaryimage\",\"url\":\"https:\\\/\\\/espaicrater.com\\\/app\\\/uploads\\\/2023\\\/12\\\/Centre-documentacio-EC-1-scaled.jpg\",\"contentUrl\":\"https:\\\/\\\/espaicrater.com\\\/app\\\/uploads\\\/2023\\\/12\\\/Centre-documentacio-EC-1-scaled.jpg\",\"width\":2560,\"height\":1707,\"caption\":\"Imatge del punt de documentaci\u00f3\"},{\"@type\":\"BreadcrumbList\",\"@id\":\"https:\\\/\\\/espaicrater.com\\\/en\\\/punt-de-documentacio-del-pn-garrotxa\\\/#breadcrumb\",\"itemListElement\":[{\"@type\":\"ListItem\",\"position\":1,\"name\":\"Home\",\"item\":\"https:\\\/\\\/espaicrater.com\\\/en\\\/\"},{\"@type\":\"ListItem\",\"position\":2,\"name\":\"Documentation Point of NP Garrotxa\"}]},{\"@type\":\"WebSite\",\"@id\":\"https:\\\/\\\/espaicrater.com\\\/#website\",\"url\":\"https:\\\/\\\/espaicrater.com\\\/\",\"name\":\"Espai Cr\u00e0ter\",\"description\":\"Viatge al centre de la vida\",\"publisher\":{\"@id\":\"https:\\\/\\\/espaicrater.com\\\/#organization\"},\"potentialAction\":[{\"@type\":\"SearchAction\",\"target\":{\"@type\":\"EntryPoint\",\"urlTemplate\":\"https:\\\/\\\/espaicrater.com\\\/?s={search_term_string}\"},\"query-input\":{\"@type\":\"PropertyValueSpecification\",\"valueRequired\":true,\"valueName\":\"search_term_string\"}}],\"inLanguage\":\"en-US\"},{\"@type\":\"Organization\",\"@id\":\"https:\\\/\\\/espaicrater.com\\\/#organization\",\"name\":\"Espai Cr\u00e0ter\",\"url\":\"https:\\\/\\\/espaicrater.com\\\/\",\"logo\":{\"@type\":\"ImageObject\",\"inLanguage\":\"en-US\",\"@id\":\"https:\\\/\\\/espaicrater.com\\\/#\\\/schema\\\/logo\\\/image\\\/\",\"url\":\"https:\\\/\\\/espaicrater.com\\\/app\\\/uploads\\\/2022\\\/02\\\/espai-crater-1.png\",\"contentUrl\":\"https:\\\/\\\/espaicrater.com\\\/app\\\/uploads\\\/2022\\\/02\\\/espai-crater-1.png\",\"width\":801,\"height\":320,\"caption\":\"Espai Cr\u00e0ter\"},\"image\":{\"@id\":\"https:\\\/\\\/espaicrater.com\\\/#\\\/schema\\\/logo\\\/image\\\/\"}}]}<\/script>","yoast_head_json":{"title":"Documentation Point of NP Garrotxa - Espai Cr\u00e0ter","description":"L\u2019Espai Cr\u00e0ter \u00e9s un Punt de Documentaci\u00f3 del Parc Natural de la Zona Volc\u00e0nica de la Garrotxa, fruit de la col\u00b7laboraci\u00f3...","robots":{"index":"index","follow":"follow","max-snippet":"max-snippet:-1","max-image-preview":"max-image-preview:large","max-video-preview":"max-video-preview:-1"},"canonical":"https:\/\/espaicrater.com\/en\/punt-de-documentacio-del-pn-garrotxa\/","og_locale":"en_US","og_type":"article","og_title":"Documentation Point of NP Garrotxa - Espai Cr\u00e0ter","og_description":"L\u2019Espai Cr\u00e0ter \u00e9s un Punt de Documentaci\u00f3 del Parc Natural de la Zona Volc\u00e0nica de la Garrotxa, fruit de la col\u00b7laboraci\u00f3...","og_url":"https:\/\/espaicrater.com\/en\/punt-de-documentacio-del-pn-garrotxa\/","og_site_name":"Espai Cr\u00e0ter","article_modified_time":"2024-05-29T09:00:07+00:00","og_image":[{"width":2560,"height":1707,"url":"https:\/\/espaicrater.com\/app\/uploads\/2023\/12\/Centre-documentacio-EC-1-scaled.jpg","type":"image\/jpeg"}],"twitter_card":"summary_large_image","twitter_misc":{"Est. reading time":"1 minute"},"schema":{"@context":"https:\/\/schema.org","@graph":[{"@type":"WebPage","@id":"https:\/\/espaicrater.com\/en\/punt-de-documentacio-del-pn-garrotxa\/","url":"https:\/\/espaicrater.com\/en\/punt-de-documentacio-del-pn-garrotxa\/","name":"Documentation Point of NP Garrotxa - Espai Cr\u00e0ter","isPartOf":{"@id":"https:\/\/espaicrater.com\/#website"},"primaryImageOfPage":{"@id":"https:\/\/espaicrater.com\/en\/punt-de-documentacio-del-pn-garrotxa\/#primaryimage"},"image":{"@id":"https:\/\/espaicrater.com\/en\/punt-de-documentacio-del-pn-garrotxa\/#primaryimage"},"thumbnailUrl":"https:\/\/espaicrater.com\/app\/uploads\/2023\/12\/Centre-documentacio-EC-1-scaled.jpg","datePublished":"2023-12-20T10:27:33+00:00","dateModified":"2024-05-29T09:00:07+00:00","description":"L\u2019Espai Cr\u00e0ter \u00e9s un Punt de Documentaci\u00f3 del Parc Natural de la Zona Volc\u00e0nica de la Garrotxa, fruit de la col\u00b7laboraci\u00f3...","breadcrumb":{"@id":"https:\/\/espaicrater.com\/en\/punt-de-documentacio-del-pn-garrotxa\/#breadcrumb"},"inLanguage":"en-US","potentialAction":[{"@type":"ReadAction","target":["https:\/\/espaicrater.com\/en\/punt-de-documentacio-del-pn-garrotxa\/"]}]},{"@type":"ImageObject","inLanguage":"en-US","@id":"https:\/\/espaicrater.com\/en\/punt-de-documentacio-del-pn-garrotxa\/#primaryimage","url":"https:\/\/espaicrater.com\/app\/uploads\/2023\/12\/Centre-documentacio-EC-1-scaled.jpg","contentUrl":"https:\/\/espaicrater.com\/app\/uploads\/2023\/12\/Centre-documentacio-EC-1-scaled.jpg","width":2560,"height":1707,"caption":"Imatge del punt de documentaci\u00f3"},{"@type":"BreadcrumbList","@id":"https:\/\/espaicrater.com\/en\/punt-de-documentacio-del-pn-garrotxa\/#breadcrumb","itemListElement":[{"@type":"ListItem","position":1,"name":"Home","item":"https:\/\/espaicrater.com\/en\/"},{"@type":"ListItem","position":2,"name":"Documentation Point of NP Garrotxa"}]},{"@type":"WebSite","@id":"https:\/\/espaicrater.com\/#website","url":"https:\/\/espaicrater.com\/","name":"Espai Cr\u00e0ter","description":"Viatge al centre de la vida","publisher":{"@id":"https:\/\/espaicrater.com\/#organization"},"potentialAction":[{"@type":"SearchAction","target":{"@type":"EntryPoint","urlTemplate":"https:\/\/espaicrater.com\/?s={search_term_string}"},"query-input":{"@type":"PropertyValueSpecification","valueRequired":true,"valueName":"search_term_string"}}],"inLanguage":"en-US"},{"@type":"Organization","@id":"https:\/\/espaicrater.com\/#organization","name":"Espai Cr\u00e0ter","url":"https:\/\/espaicrater.com\/","logo":{"@type":"ImageObject","inLanguage":"en-US","@id":"https:\/\/espaicrater.com\/#\/schema\/logo\/image\/","url":"https:\/\/espaicrater.com\/app\/uploads\/2022\/02\/espai-crater-1.png","contentUrl":"https:\/\/espaicrater.com\/app\/uploads\/2022\/02\/espai-crater-1.png","width":801,"height":320,"caption":"Espai Cr\u00e0ter"},"image":{"@id":"https:\/\/espaicrater.com\/#\/schema\/logo\/image\/"}}]}},"_links":{"self":[{"href":"https:\/\/espaicrater.com\/en\/wp-json\/wp\/v2\/pages\/8984","targetHints":{"allow":["GET"]}}],"collection":[{"href":"https:\/\/espaicrater.com\/en\/wp-json\/wp\/v2\/pages"}],"about":[{"href":"https:\/\/espaicrater.com\/en\/wp-json\/wp\/v2\/types\/page"}],"author":[{"embeddable":true,"href":"https:\/\/espaicrater.com\/en\/wp-json\/wp\/v2\/users\/2"}],"replies":[{"embeddable":true,"href":"https:\/\/espaicrater.com\/en\/wp-json\/wp\/v2\/comments?post=8984"}],"version-history":[{"count":1,"href":"https:\/\/espaicrater.com\/en\/wp-json\/wp\/v2\/pages\/8984\/revisions"}],"predecessor-version":[{"id":8987,"href":"https:\/\/espaicrater.com\/en\/wp-json\/wp\/v2\/pages\/8984\/revisions\/8987"}],"wp:featuredmedia":[{"embeddable":true,"href":"https:\/\/espaicrater.com\/en\/wp-json\/wp\/v2\/media\/7630"}],"wp:attachment":[{"href":"https:\/\/espaicrater.com\/en\/wp-json\/wp\/v2\/media?parent=8984"}],"curies":[{"name":"wp","href":"https:\/\/api.w.org\/{rel}","templated":true}]}}