{"id":1060,"date":"2022-01-21T11:41:24","date_gmt":"2022-01-21T10:41:24","guid":{"rendered":"https:\/\/espaicrater.com\/politica-de-privacidad\/"},"modified":"2022-03-29T17:12:55","modified_gmt":"2022-03-29T15:12:55","slug":"politica-de-privacidad","status":"publish","type":"page","link":"https:\/\/espaicrater.com\/es\/politica-de-privacidad\/","title":{"rendered":"Pol\u00edtica de privacidad"},"content":{"rendered":"<h3>TITULARIDAD DEL SITIO WEB<\/h3>\n<p>El propietario del presente sitio web es el Ayuntamiento de Olot<\/p>\n<p>Ayuntamiento de Olot<\/p>\n<p>Passeig Ramon Guillamet, n\u00fam. 10<\/p>\n<p>17800 Olot (Girona)<\/p>\n<p>Tel\u00e9fono: 972 27 91 01<\/p>\n<p>Correo electr\u00f3nico: atenciociutada@olot.cat<\/p>\n<h3>CONDICIONES GENERALES DE USO<\/h3>\n<p>El usuario accede voluntariamente a esta p\u00e1gina web, lo que implica que lo utilizar\u00e1 de acuerdo con este aviso legal. La utilizaci\u00f3n de esta p\u00e1gina web supone la aceptaci\u00f3n de este aviso legal.<\/p>\n<p>Las p\u00e1ginas web de este sitio web pueden ser visitadas libremente por los usuarios.<\/p>\n<p>El Ayuntamiento de Olot se reserva el derecho a modificar sin previo aviso el contenido de este aviso legal, as\u00ed como el derecho de alterar la forma de acceso a su p\u00e1gina web sin previo aviso; por tanto, y para una correcta utilizaci\u00f3n del sitio web, le recomendamos que visite peri\u00f3dicamente esta secci\u00f3n.<\/p>\n<h3>PROPIEDAD INTELECTUAL E INDUSTRIAL<\/h3>\n<p>El acceso a este sitio web no supone, en ning\u00fan caso, la adquisici\u00f3n por parte de los usuarios de ning\u00fan derecho de propiedad sobre los contenidos que figuran en el mismo.<\/p>\n<p>Todos los derechos reservados. El copyright de este sitio web es propiedad del Ayuntamiento de Olot. Todo lo que vea o lea en este sitio web, salvo que se especifique lo contrario, est\u00e1 protegido por copyright, o se utiliza con permiso, del Ayuntamiento de Olot. Todo el software, la informaci\u00f3n, los productos, los servicios y cualquier otro contenido incluido o utilizado en el sitio web, incluyendo, sin limitarse a ello, todo el c\u00f3digo HTML y los controles Active X, son propiedad del Ayuntamiento de Olot, o utilizados con su permiso. El software y los contenidos de este sitio web est\u00e1n protegidos por la legislaci\u00f3n de copyright y otras disposiciones internacionales.<\/p>\n<p>La reproducci\u00f3n, distribuci\u00f3n, comercializaci\u00f3n o transformaci\u00f3n no autorizadas del software y los contenidos, salvo que sea para uso personal y privado, constituye una infracci\u00f3n de los derechos de propiedad intelectual del Ayuntamiento de Olot, o de quien sea titular<\/p>\n<p>Tenga en cuenta que cualquier marca utilizada o cualquier tecnolog\u00eda, producto o proceso descrito en el documento puede estar sujeto a otros derechos de propiedad intelectual reservados por el Ayuntamiento de Olot, y no se ofrece ninguna licencia.<\/p>\n<p>Cualquier copia autorizada de este sitio web, o de cualquier p\u00e1gina o contenido del sitio debe incluir esta nota informativa sobre el copyright.<\/p>\n<h3>LIMITACI\u00d3N DE LA RESPONSABILIDAD<\/h3>\n<p>El Ayuntamiento de Olot se reserva el derecho a interrumpir el acceso a su sitio web, as\u00ed como la prestaci\u00f3n de cualquier servicio a trav\u00e9s de este en cualquier momento y sin previo aviso, sea por motivos t\u00e9cnicos, de seguridad, de mantenimiento o por cualquier otra causa.<\/p>\n<p>El Ayuntamiento de Olot no ser\u00e1 responsable en caso de que deba interrumpirse el servicio, retraso o mal funcionamiento ni otros inconvenientes que tengan su origen en causas que escapan del control del Ayuntamiento de Olot y\/o sean debidas a una actuaci\u00f3n dolosa o culpable del usuario y\/o tengan su origen en causas de fuerza mayor.<\/p>\n<p>La informaci\u00f3n contenida en este sitio web puede no ser correcta, a pesar de los esfuerzos realizados para conseguir su exactitud y actualizaci\u00f3n. En consecuencia, el Ayuntamiento de Olot no se responsabiliza de los errores que pueda contener ni de los da\u00f1os ni perjuicios derivados de su utilizaci\u00f3n.<\/p>\n<p>Este sitio web contiene enlaces a otros sitios webs de cuyo contenido, utilidad o exactitud no se puede responsabilizar al Ayuntamiento de Olot. La incorporaci\u00f3n de un enlace a este sitio web no puede considerarse una recomendaci\u00f3n a los usuarios para que lo utilicen; la decisi\u00f3n de utilizarlo es responsabilidad de estos \u00faltimos.<\/p>\n<p>El Ayuntamiento de Olot no se hace responsable de los da\u00f1os y perjuicios derivados del uso de este sitio web o de sus contenidos y no garantiza la ausencia de virus ni la imposibilidad de causar da\u00f1os en los sistemas inform\u00e1ticos de los usuarios.<\/p>\n<p>El Ayuntamiento de Olot no se responsabiliza del mal uso que pueda hacerse de este sitio web.<\/p>\n<p>La utilizaci\u00f3n no autorizada de la informaci\u00f3n contenida en este portal, as\u00ed como los perjuicios ocasionados en los derechos de propiedad intelectual e industrial del Ayuntamiento de Olot, pueden dar lugar al ejercicio de las acciones que legalmente correspondan y, en su caso, a las responsabilidades que se deriven del citado ejercicio.<\/p>\n<h3>POL\u00cdTICA DE PRIVACIDAD<\/h3>\n<p>El Ayuntamiento de Olot realiza el tratamiento de sus datos \u00fanica y exclusivamente para los servicios que solicita y sus competencias de acuerdo con la normativa vigente en materia de protecci\u00f3n de datos y sociedad de la informaci\u00f3n. El uso de los datos personales tendr\u00e1 car\u00e1cter confidencial.<\/p>\n<p>Puede consultar el detalle del tratamiento de datos que realizamos en nuestra pol\u00edtica de protecci\u00f3n de datos.<\/p>\n<h3>POL\u00cdTICA DE COOKIES<\/h3>\n<p>Es posible que se utilicen cookies cuando el usuario navega por las diferentes pantallas y p\u00e1ginas de nuestra web con el fin de reconocer a los usuarios para poder ofrecerles un mejor servicio y m\u00e1s personalizado mediante cookies de sesi\u00f3n y cookies t\u00e9cnicas.<\/p>\n<p>Las cookies no recogen informaci\u00f3n del usuario, siendo totalmente an\u00f3nimo y sin posibilidad de asociarse a un usuario concreto ni identificado.<\/p>\n<p>El usuario podr\u00e1 controlar el nivel de seguridad de su equipo mediante la correspondiente opci\u00f3n de la que disponga su navegador.<\/p>\n<h3>LEGISLACI\u00d3N APLICABLE Y TRIBUNALES COMPETENTES<\/h3>\n<p>Las condiciones de este sitio web y las relaciones entre el usuario y el Ayuntamiento de Olot se regir\u00e1n por la legislaci\u00f3n espa\u00f1ola.<\/p>\n<p>Para conocer cualquier discrepancia que pueda surgir entre el usuario y el Ayuntamiento de Olot ambas partes se someten a los Jueces y Tribunales de la provincia de Girona.<\/p>\n<p>A trav\u00e9s del sitio web del Ayuntamiento de Olot puede acceder a otros sitios web independientes; el Ayuntamiento de Olot no se hace responsable del contenido ni la naturaleza de estos sitios.<\/p>\n","protected":false},"excerpt":{"rendered":"<p>TITULARIDAD DEL SITIO WEB El propietario del presente sitio web es el Ayuntamiento de Olot Ayuntamiento de Olot Passeig Ramon Guillamet, n\u00fam. 10 17800 Olot (Girona) Tel\u00e9fono: 972 27 91 01 Correo electr\u00f3nico: atenciociutada@olot.cat CONDICIONES GENERALES DE USO El usuario accede voluntariamente a esta p\u00e1gina web, lo que implica que lo utilizar\u00e1 de acuerdo con &hellip; <a href=\"https:\/\/espaicrater.com\/es\/politica-de-privacidad\/\">Continued<\/a><\/p>\n","protected":false},"author":1,"featured_media":0,"parent":0,"menu_order":0,"comment_status":"closed","ping_status":"open","template":"","meta":{"_acf_changed":false,"footnotes":""},"class_list":["post-1060","page","type-page","status-publish","hentry"],"acf":[],"yoast_head":"<title>Pol\u00edtica de privacidad - Espai Cr\u00e0ter<\/title>\n<meta name=\"robots\" content=\"index, follow, max-snippet:-1, max-image-preview:large, max-video-preview:-1\" \/>\n<link rel=\"canonical\" href=\"https:\/\/espaicrater.com\/es\/politica-de-privacidad\/\" \/>\n<meta property=\"og:locale\" content=\"es_ES\" \/>\n<meta property=\"og:type\" content=\"article\" \/>\n<meta property=\"og:title\" content=\"Pol\u00edtica de privacidad - Espai Cr\u00e0ter\" \/>\n<meta property=\"og:description\" content=\"TITULARIDAD DEL SITIO WEB El propietario del presente sitio web es el Ayuntamiento de Olot Ayuntamiento de Olot Passeig Ramon Guillamet, n\u00fam. 10 17800 Olot (Girona) Tel\u00e9fono: 972 27 91 01 Correo electr\u00f3nico: atenciociutada@olot.cat CONDICIONES GENERALES DE USO El usuario accede voluntariamente a esta p\u00e1gina web, lo que implica que lo utilizar\u00e1 de acuerdo con &hellip; Continued\" \/>\n<meta property=\"og:url\" content=\"https:\/\/espaicrater.com\/es\/politica-de-privacidad\/\" \/>\n<meta property=\"og:site_name\" content=\"Espai Cr\u00e0ter\" \/>\n<meta property=\"article:modified_time\" content=\"2022-03-29T15:12:55+00:00\" \/>\n<meta name=\"twitter:card\" content=\"summary_large_image\" \/>\n<meta name=\"twitter:label1\" content=\"Tiempo de lectura\" \/>\n\t<meta name=\"twitter:data1\" content=\"6 minutos\" \/>\n<script type=\"application\/ld+json\" class=\"yoast-schema-graph\">{\"@context\":\"https:\\\/\\\/schema.org\",\"@graph\":[{\"@type\":\"WebPage\",\"@id\":\"https:\\\/\\\/espaicrater.com\\\/es\\\/politica-de-privacidad\\\/\",\"url\":\"https:\\\/\\\/espaicrater.com\\\/es\\\/politica-de-privacidad\\\/\",\"name\":\"Pol\u00edtica de privacidad - Espai Cr\u00e0ter\",\"isPartOf\":{\"@id\":\"https:\\\/\\\/espaicrater.com\\\/#website\"},\"datePublished\":\"2022-01-21T10:41:24+00:00\",\"dateModified\":\"2022-03-29T15:12:55+00:00\",\"breadcrumb\":{\"@id\":\"https:\\\/\\\/espaicrater.com\\\/es\\\/politica-de-privacidad\\\/#breadcrumb\"},\"inLanguage\":\"es\",\"potentialAction\":[{\"@type\":\"ReadAction\",\"target\":[\"https:\\\/\\\/espaicrater.com\\\/es\\\/politica-de-privacidad\\\/\"]}]},{\"@type\":\"BreadcrumbList\",\"@id\":\"https:\\\/\\\/espaicrater.com\\\/es\\\/politica-de-privacidad\\\/#breadcrumb\",\"itemListElement\":[{\"@type\":\"ListItem\",\"position\":1,\"name\":\"Inicio\",\"item\":\"https:\\\/\\\/espaicrater.com\\\/es\\\/\"},{\"@type\":\"ListItem\",\"position\":2,\"name\":\"Pol\u00edtica de privacidad\"}]},{\"@type\":\"WebSite\",\"@id\":\"https:\\\/\\\/espaicrater.com\\\/#website\",\"url\":\"https:\\\/\\\/espaicrater.com\\\/\",\"name\":\"Espai Cr\u00e0ter\",\"description\":\"Viatge al centre de la vida\",\"publisher\":{\"@id\":\"https:\\\/\\\/espaicrater.com\\\/#organization\"},\"potentialAction\":[{\"@type\":\"SearchAction\",\"target\":{\"@type\":\"EntryPoint\",\"urlTemplate\":\"https:\\\/\\\/espaicrater.com\\\/?s={search_term_string}\"},\"query-input\":{\"@type\":\"PropertyValueSpecification\",\"valueRequired\":true,\"valueName\":\"search_term_string\"}}],\"inLanguage\":\"es\"},{\"@type\":\"Organization\",\"@id\":\"https:\\\/\\\/espaicrater.com\\\/#organization\",\"name\":\"Espai Cr\u00e0ter\",\"url\":\"https:\\\/\\\/espaicrater.com\\\/\",\"logo\":{\"@type\":\"ImageObject\",\"inLanguage\":\"es\",\"@id\":\"https:\\\/\\\/espaicrater.com\\\/#\\\/schema\\\/logo\\\/image\\\/\",\"url\":\"https:\\\/\\\/espaicrater.com\\\/app\\\/uploads\\\/2022\\\/02\\\/espai-crater-1.png\",\"contentUrl\":\"https:\\\/\\\/espaicrater.com\\\/app\\\/uploads\\\/2022\\\/02\\\/espai-crater-1.png\",\"width\":801,\"height\":320,\"caption\":\"Espai Cr\u00e0ter\"},\"image\":{\"@id\":\"https:\\\/\\\/espaicrater.com\\\/#\\\/schema\\\/logo\\\/image\\\/\"}}]}<\/script>","yoast_head_json":{"title":"Pol\u00edtica de privacidad - Espai Cr\u00e0ter","robots":{"index":"index","follow":"follow","max-snippet":"max-snippet:-1","max-image-preview":"max-image-preview:large","max-video-preview":"max-video-preview:-1"},"canonical":"https:\/\/espaicrater.com\/es\/politica-de-privacidad\/","og_locale":"es_ES","og_type":"article","og_title":"Pol\u00edtica de privacidad - Espai Cr\u00e0ter","og_description":"TITULARIDAD DEL SITIO WEB El propietario del presente sitio web es el Ayuntamiento de Olot Ayuntamiento de Olot Passeig Ramon Guillamet, n\u00fam. 10 17800 Olot (Girona) Tel\u00e9fono: 972 27 91 01 Correo electr\u00f3nico: atenciociutada@olot.cat CONDICIONES GENERALES DE USO El usuario accede voluntariamente a esta p\u00e1gina web, lo que implica que lo utilizar\u00e1 de acuerdo con &hellip; Continued","og_url":"https:\/\/espaicrater.com\/es\/politica-de-privacidad\/","og_site_name":"Espai Cr\u00e0ter","article_modified_time":"2022-03-29T15:12:55+00:00","twitter_card":"summary_large_image","twitter_misc":{"Tiempo de lectura":"6 minutos"},"schema":{"@context":"https:\/\/schema.org","@graph":[{"@type":"WebPage","@id":"https:\/\/espaicrater.com\/es\/politica-de-privacidad\/","url":"https:\/\/espaicrater.com\/es\/politica-de-privacidad\/","name":"Pol\u00edtica de privacidad - Espai Cr\u00e0ter","isPartOf":{"@id":"https:\/\/espaicrater.com\/#website"},"datePublished":"2022-01-21T10:41:24+00:00","dateModified":"2022-03-29T15:12:55+00:00","breadcrumb":{"@id":"https:\/\/espaicrater.com\/es\/politica-de-privacidad\/#breadcrumb"},"inLanguage":"es","potentialAction":[{"@type":"ReadAction","target":["https:\/\/espaicrater.com\/es\/politica-de-privacidad\/"]}]},{"@type":"BreadcrumbList","@id":"https:\/\/espaicrater.com\/es\/politica-de-privacidad\/#breadcrumb","itemListElement":[{"@type":"ListItem","position":1,"name":"Inicio","item":"https:\/\/espaicrater.com\/es\/"},{"@type":"ListItem","position":2,"name":"Pol\u00edtica de privacidad"}]},{"@type":"WebSite","@id":"https:\/\/espaicrater.com\/#website","url":"https:\/\/espaicrater.com\/","name":"Espai Cr\u00e0ter","description":"Viatge al centre de la vida","publisher":{"@id":"https:\/\/espaicrater.com\/#organization"},"potentialAction":[{"@type":"SearchAction","target":{"@type":"EntryPoint","urlTemplate":"https:\/\/espaicrater.com\/?s={search_term_string}"},"query-input":{"@type":"PropertyValueSpecification","valueRequired":true,"valueName":"search_term_string"}}],"inLanguage":"es"},{"@type":"Organization","@id":"https:\/\/espaicrater.com\/#organization","name":"Espai Cr\u00e0ter","url":"https:\/\/espaicrater.com\/","logo":{"@type":"ImageObject","inLanguage":"es","@id":"https:\/\/espaicrater.com\/#\/schema\/logo\/image\/","url":"https:\/\/espaicrater.com\/app\/uploads\/2022\/02\/espai-crater-1.png","contentUrl":"https:\/\/espaicrater.com\/app\/uploads\/2022\/02\/espai-crater-1.png","width":801,"height":320,"caption":"Espai Cr\u00e0ter"},"image":{"@id":"https:\/\/espaicrater.com\/#\/schema\/logo\/image\/"}}]}},"_links":{"self":[{"href":"https:\/\/espaicrater.com\/es\/wp-json\/wp\/v2\/pages\/1060","targetHints":{"allow":["GET"]}}],"collection":[{"href":"https:\/\/espaicrater.com\/es\/wp-json\/wp\/v2\/pages"}],"about":[{"href":"https:\/\/espaicrater.com\/es\/wp-json\/wp\/v2\/types\/page"}],"author":[{"embeddable":true,"href":"https:\/\/espaicrater.com\/es\/wp-json\/wp\/v2\/users\/1"}],"replies":[{"embeddable":true,"href":"https:\/\/espaicrater.com\/es\/wp-json\/wp\/v2\/comments?post=1060"}],"version-history":[{"count":4,"href":"https:\/\/espaicrater.com\/es\/wp-json\/wp\/v2\/pages\/1060\/revisions"}],"predecessor-version":[{"id":1534,"href":"https:\/\/espaicrater.com\/es\/wp-json\/wp\/v2\/pages\/1060\/revisions\/1534"}],"wp:attachment":[{"href":"https:\/\/espaicrater.com\/es\/wp-json\/wp\/v2\/media?parent=1060"}],"curies":[{"name":"wp","href":"https:\/\/api.w.org\/{rel}","templated":true}]}}