{"id":11102,"date":"2025-02-03T10:54:29","date_gmt":"2025-02-03T09:54:29","guid":{"rendered":"https:\/\/espaicrater.com\/?page_id=11102"},"modified":"2025-02-05T11:16:15","modified_gmt":"2025-02-05T10:16:15","slug":"proyecto-escola-dart-i-disseny-dolot","status":"publish","type":"page","link":"https:\/\/espaicrater.com\/es\/explora\/iniciativas\/proyecto-escola-dart-i-disseny-dolot\/","title":{"rendered":"Proyecto Escola d&#8217;Art i Disseny d&#8217;Olot"},"content":{"rendered":"","protected":false},"excerpt":{"rendered":"","protected":false},"author":2,"featured_media":11369,"parent":962,"menu_order":0,"comment_status":"closed","ping_status":"closed","template":"flexible.blade.php","meta":{"_acf_changed":false,"footnotes":""},"class_list":["post-11102","page","type-page","status-publish","has-post-thumbnail","hentry"],"acf":[],"yoast_head":"<title>Proyecto Escola d&#039;Art i Disseny d&#039;Olot - Espai Cr\u00e0ter<\/title>\n<meta name=\"description\" content=\"La colaboraci\u00f3n del Espai Cr\u00e0ter con la Escuela de Arte y Dise\u00f1o de Olot se consolida en un proyecto que tiene como objetivo...\" \/>\n<meta name=\"robots\" content=\"index, follow, max-snippet:-1, max-image-preview:large, max-video-preview:-1\" \/>\n<link rel=\"canonical\" href=\"https:\/\/espaicrater.com\/es\/explora\/iniciativas\/proyecto-escola-dart-i-disseny-dolot\/\" \/>\n<meta property=\"og:locale\" content=\"es_ES\" \/>\n<meta property=\"og:type\" content=\"article\" \/>\n<meta property=\"og:title\" content=\"Proyecto Escola d&#039;Art i Disseny d&#039;Olot - Espai Cr\u00e0ter\" \/>\n<meta property=\"og:description\" content=\"La colaboraci\u00f3n del Espai Cr\u00e0ter con la Escuela de Arte y Dise\u00f1o de Olot se consolida en un proyecto que tiene como objetivo...\" \/>\n<meta property=\"og:url\" content=\"https:\/\/espaicrater.com\/es\/explora\/iniciativas\/proyecto-escola-dart-i-disseny-dolot\/\" \/>\n<meta property=\"og:site_name\" content=\"Espai Cr\u00e0ter\" \/>\n<meta property=\"article:modified_time\" content=\"2025-02-05T10:16:15+00:00\" \/>\n<meta property=\"og:image\" content=\"https:\/\/espaicrater.com\/app\/uploads\/2025\/02\/Captura-de-pantalla-2025-02-04-a-les-11.11.56.jpg\" \/>\n\t<meta property=\"og:image:width\" content=\"1788\" \/>\n\t<meta property=\"og:image:height\" content=\"1122\" \/>\n\t<meta property=\"og:image:type\" content=\"image\/jpeg\" \/>\n<meta name=\"twitter:card\" content=\"summary_large_image\" \/>\n<script type=\"application\/ld+json\" class=\"yoast-schema-graph\">{\"@context\":\"https:\/\/schema.org\",\"@graph\":[{\"@type\":\"WebPage\",\"@id\":\"https:\/\/espaicrater.com\/es\/explora\/iniciativas\/proyecto-escola-dart-i-disseny-dolot\/\",\"url\":\"https:\/\/espaicrater.com\/es\/explora\/iniciativas\/proyecto-escola-dart-i-disseny-dolot\/\",\"name\":\"Proyecto Escola d'Art i Disseny d'Olot - Espai Cr\u00e0ter\",\"isPartOf\":{\"@id\":\"https:\/\/espaicrater.com\/#website\"},\"primaryImageOfPage\":{\"@id\":\"https:\/\/espaicrater.com\/es\/explora\/iniciativas\/proyecto-escola-dart-i-disseny-dolot\/#primaryimage\"},\"image\":{\"@id\":\"https:\/\/espaicrater.com\/es\/explora\/iniciativas\/proyecto-escola-dart-i-disseny-dolot\/#primaryimage\"},\"thumbnailUrl\":\"https:\/\/espaicrater.com\/app\/uploads\/2025\/02\/Captura-de-pantalla-2025-02-04-a-les-11.11.56.jpg\",\"datePublished\":\"2025-02-03T09:54:29+00:00\",\"dateModified\":\"2025-02-05T10:16:15+00:00\",\"description\":\"La colaboraci\u00f3n del Espai Cr\u00e0ter con la Escuela de Arte y Dise\u00f1o de Olot se consolida en un proyecto que tiene como objetivo...\",\"breadcrumb\":{\"@id\":\"https:\/\/espaicrater.com\/es\/explora\/iniciativas\/proyecto-escola-dart-i-disseny-dolot\/#breadcrumb\"},\"inLanguage\":\"es\",\"potentialAction\":[{\"@type\":\"ReadAction\",\"target\":[\"https:\/\/espaicrater.com\/es\/explora\/iniciativas\/proyecto-escola-dart-i-disseny-dolot\/\"]}]},{\"@type\":\"ImageObject\",\"inLanguage\":\"es\",\"@id\":\"https:\/\/espaicrater.com\/es\/explora\/iniciativas\/proyecto-escola-dart-i-disseny-dolot\/#primaryimage\",\"url\":\"https:\/\/espaicrater.com\/app\/uploads\/2025\/02\/Captura-de-pantalla-2025-02-04-a-les-11.11.56.jpg\",\"contentUrl\":\"https:\/\/espaicrater.com\/app\/uploads\/2025\/02\/Captura-de-pantalla-2025-02-04-a-les-11.11.56.jpg\",\"width\":1788,\"height\":1122},{\"@type\":\"BreadcrumbList\",\"@id\":\"https:\/\/espaicrater.com\/es\/explora\/iniciativas\/proyecto-escola-dart-i-disseny-dolot\/#breadcrumb\",\"itemListElement\":[{\"@type\":\"ListItem\",\"position\":1,\"name\":\"Inicio\",\"item\":\"https:\/\/espaicrater.com\/es\/\"},{\"@type\":\"ListItem\",\"position\":2,\"name\":\"Explora\",\"item\":\"https:\/\/espaicrater.com\/es\/explora\/\"},{\"@type\":\"ListItem\",\"position\":3,\"name\":\"Iniciativas\",\"item\":\"https:\/\/espaicrater.com\/es\/explora\/iniciativas\/\"},{\"@type\":\"ListItem\",\"position\":4,\"name\":\"Proyecto Escola d&#8217;Art i Disseny d&#8217;Olot\"}]},{\"@type\":\"WebSite\",\"@id\":\"https:\/\/espaicrater.com\/#website\",\"url\":\"https:\/\/espaicrater.com\/\",\"name\":\"Espai Cr\u00e0ter\",\"description\":\"Viatge al centre de la vida\",\"publisher\":{\"@id\":\"https:\/\/espaicrater.com\/#organization\"},\"potentialAction\":[{\"@type\":\"SearchAction\",\"target\":{\"@type\":\"EntryPoint\",\"urlTemplate\":\"https:\/\/espaicrater.com\/?s={search_term_string}\"},\"query-input\":{\"@type\":\"PropertyValueSpecification\",\"valueRequired\":true,\"valueName\":\"search_term_string\"}}],\"inLanguage\":\"es\"},{\"@type\":\"Organization\",\"@id\":\"https:\/\/espaicrater.com\/#organization\",\"name\":\"Espai Cr\u00e0ter\",\"url\":\"https:\/\/espaicrater.com\/\",\"logo\":{\"@type\":\"ImageObject\",\"inLanguage\":\"es\",\"@id\":\"https:\/\/espaicrater.com\/#\/schema\/logo\/image\/\",\"url\":\"https:\/\/espaicrater.com\/app\/uploads\/2022\/02\/espai-crater-1.png\",\"contentUrl\":\"https:\/\/espaicrater.com\/app\/uploads\/2022\/02\/espai-crater-1.png\",\"width\":801,\"height\":320,\"caption\":\"Espai Cr\u00e0ter\"},\"image\":{\"@id\":\"https:\/\/espaicrater.com\/#\/schema\/logo\/image\/\"}}]}<\/script>","yoast_head_json":{"title":"Proyecto Escola d'Art i Disseny d'Olot - Espai Cr\u00e0ter","description":"La colaboraci\u00f3n del Espai Cr\u00e0ter con la Escuela de Arte y Dise\u00f1o de Olot se consolida en un proyecto que tiene como objetivo...","robots":{"index":"index","follow":"follow","max-snippet":"max-snippet:-1","max-image-preview":"max-image-preview:large","max-video-preview":"max-video-preview:-1"},"canonical":"https:\/\/espaicrater.com\/es\/explora\/iniciativas\/proyecto-escola-dart-i-disseny-dolot\/","og_locale":"es_ES","og_type":"article","og_title":"Proyecto Escola d'Art i Disseny d'Olot - Espai Cr\u00e0ter","og_description":"La colaboraci\u00f3n del Espai Cr\u00e0ter con la Escuela de Arte y Dise\u00f1o de Olot se consolida en un proyecto que tiene como objetivo...","og_url":"https:\/\/espaicrater.com\/es\/explora\/iniciativas\/proyecto-escola-dart-i-disseny-dolot\/","og_site_name":"Espai Cr\u00e0ter","article_modified_time":"2025-02-05T10:16:15+00:00","og_image":[{"width":1788,"height":1122,"url":"https:\/\/espaicrater.com\/app\/uploads\/2025\/02\/Captura-de-pantalla-2025-02-04-a-les-11.11.56.jpg","type":"image\/jpeg"}],"twitter_card":"summary_large_image","schema":{"@context":"https:\/\/schema.org","@graph":[{"@type":"WebPage","@id":"https:\/\/espaicrater.com\/es\/explora\/iniciativas\/proyecto-escola-dart-i-disseny-dolot\/","url":"https:\/\/espaicrater.com\/es\/explora\/iniciativas\/proyecto-escola-dart-i-disseny-dolot\/","name":"Proyecto Escola d'Art i Disseny d'Olot - Espai Cr\u00e0ter","isPartOf":{"@id":"https:\/\/espaicrater.com\/#website"},"primaryImageOfPage":{"@id":"https:\/\/espaicrater.com\/es\/explora\/iniciativas\/proyecto-escola-dart-i-disseny-dolot\/#primaryimage"},"image":{"@id":"https:\/\/espaicrater.com\/es\/explora\/iniciativas\/proyecto-escola-dart-i-disseny-dolot\/#primaryimage"},"thumbnailUrl":"https:\/\/espaicrater.com\/app\/uploads\/2025\/02\/Captura-de-pantalla-2025-02-04-a-les-11.11.56.jpg","datePublished":"2025-02-03T09:54:29+00:00","dateModified":"2025-02-05T10:16:15+00:00","description":"La colaboraci\u00f3n del Espai Cr\u00e0ter con la Escuela de Arte y Dise\u00f1o de Olot se consolida en un proyecto que tiene como objetivo...","breadcrumb":{"@id":"https:\/\/espaicrater.com\/es\/explora\/iniciativas\/proyecto-escola-dart-i-disseny-dolot\/#breadcrumb"},"inLanguage":"es","potentialAction":[{"@type":"ReadAction","target":["https:\/\/espaicrater.com\/es\/explora\/iniciativas\/proyecto-escola-dart-i-disseny-dolot\/"]}]},{"@type":"ImageObject","inLanguage":"es","@id":"https:\/\/espaicrater.com\/es\/explora\/iniciativas\/proyecto-escola-dart-i-disseny-dolot\/#primaryimage","url":"https:\/\/espaicrater.com\/app\/uploads\/2025\/02\/Captura-de-pantalla-2025-02-04-a-les-11.11.56.jpg","contentUrl":"https:\/\/espaicrater.com\/app\/uploads\/2025\/02\/Captura-de-pantalla-2025-02-04-a-les-11.11.56.jpg","width":1788,"height":1122},{"@type":"BreadcrumbList","@id":"https:\/\/espaicrater.com\/es\/explora\/iniciativas\/proyecto-escola-dart-i-disseny-dolot\/#breadcrumb","itemListElement":[{"@type":"ListItem","position":1,"name":"Inicio","item":"https:\/\/espaicrater.com\/es\/"},{"@type":"ListItem","position":2,"name":"Explora","item":"https:\/\/espaicrater.com\/es\/explora\/"},{"@type":"ListItem","position":3,"name":"Iniciativas","item":"https:\/\/espaicrater.com\/es\/explora\/iniciativas\/"},{"@type":"ListItem","position":4,"name":"Proyecto Escola d&#8217;Art i Disseny d&#8217;Olot"}]},{"@type":"WebSite","@id":"https:\/\/espaicrater.com\/#website","url":"https:\/\/espaicrater.com\/","name":"Espai Cr\u00e0ter","description":"Viatge al centre de la vida","publisher":{"@id":"https:\/\/espaicrater.com\/#organization"},"potentialAction":[{"@type":"SearchAction","target":{"@type":"EntryPoint","urlTemplate":"https:\/\/espaicrater.com\/?s={search_term_string}"},"query-input":{"@type":"PropertyValueSpecification","valueRequired":true,"valueName":"search_term_string"}}],"inLanguage":"es"},{"@type":"Organization","@id":"https:\/\/espaicrater.com\/#organization","name":"Espai Cr\u00e0ter","url":"https:\/\/espaicrater.com\/","logo":{"@type":"ImageObject","inLanguage":"es","@id":"https:\/\/espaicrater.com\/#\/schema\/logo\/image\/","url":"https:\/\/espaicrater.com\/app\/uploads\/2022\/02\/espai-crater-1.png","contentUrl":"https:\/\/espaicrater.com\/app\/uploads\/2022\/02\/espai-crater-1.png","width":801,"height":320,"caption":"Espai Cr\u00e0ter"},"image":{"@id":"https:\/\/espaicrater.com\/#\/schema\/logo\/image\/"}}]}},"_links":{"self":[{"href":"https:\/\/espaicrater.com\/es\/wp-json\/wp\/v2\/pages\/11102","targetHints":{"allow":["GET"]}}],"collection":[{"href":"https:\/\/espaicrater.com\/es\/wp-json\/wp\/v2\/pages"}],"about":[{"href":"https:\/\/espaicrater.com\/es\/wp-json\/wp\/v2\/types\/page"}],"author":[{"embeddable":true,"href":"https:\/\/espaicrater.com\/es\/wp-json\/wp\/v2\/users\/2"}],"replies":[{"embeddable":true,"href":"https:\/\/espaicrater.com\/es\/wp-json\/wp\/v2\/comments?post=11102"}],"version-history":[{"count":2,"href":"https:\/\/espaicrater.com\/es\/wp-json\/wp\/v2\/pages\/11102\/revisions"}],"predecessor-version":[{"id":11386,"href":"https:\/\/espaicrater.com\/es\/wp-json\/wp\/v2\/pages\/11102\/revisions\/11386"}],"up":[{"embeddable":true,"href":"https:\/\/espaicrater.com\/es\/wp-json\/wp\/v2\/pages\/962"}],"wp:featuredmedia":[{"embeddable":true,"href":"https:\/\/espaicrater.com\/es\/wp-json\/wp\/v2\/media\/11369"}],"wp:attachment":[{"href":"https:\/\/espaicrater.com\/es\/wp-json\/wp\/v2\/media?parent=11102"}],"curies":[{"name":"wp","href":"https:\/\/api.w.org\/{rel}","templated":true}]}}