{"id":12778,"date":"2025-04-25T15:51:30","date_gmt":"2025-04-25T13:51:30","guid":{"rendered":"https:\/\/espaicrater.com\/accessibilitat\/"},"modified":"2025-05-19T13:21:09","modified_gmt":"2025-05-19T11:21:09","slug":"accessibilitat","status":"publish","type":"page","link":"https:\/\/espaicrater.com\/es\/accessibilitat\/","title":{"rendered":"Accesibilidad"},"content":{"rendered":"","protected":false},"excerpt":{"rendered":"","protected":false},"author":2,"featured_media":11584,"parent":0,"menu_order":0,"comment_status":"closed","ping_status":"closed","template":"flexible.blade.php","meta":{"_acf_changed":false,"footnotes":""},"class_list":["post-12778","page","type-page","status-publish","has-post-thumbnail","hentry"],"acf":[],"yoast_head":"<title>Accesibilidad - Espai Cr\u00e0ter<\/title>\n<meta name=\"description\" content=\"En el Espai Cr\u00e0ter est\u00e1 dise\u00f1ado para garantizar la accesibilidad a todas las personas. Descubre todos los detalles del centro en cuanto a..\" \/>\n<meta name=\"robots\" content=\"index, follow, max-snippet:-1, max-image-preview:large, max-video-preview:-1\" \/>\n<link rel=\"canonical\" href=\"https:\/\/espaicrater.com\/es\/accessibilitat\/\" \/>\n<meta property=\"og:locale\" content=\"es_ES\" \/>\n<meta property=\"og:type\" content=\"article\" \/>\n<meta property=\"og:title\" content=\"Accesibilidad - Espai Cr\u00e0ter\" \/>\n<meta property=\"og:description\" content=\"En el Espai Cr\u00e0ter est\u00e1 dise\u00f1ado para garantizar la accesibilidad a todas las personas. Descubre todos los detalles del centro en cuanto a..\" \/>\n<meta property=\"og:url\" content=\"https:\/\/espaicrater.com\/es\/accessibilitat\/\" \/>\n<meta property=\"og:site_name\" content=\"Espai Cr\u00e0ter\" \/>\n<meta property=\"article:modified_time\" content=\"2025-05-19T11:21:09+00:00\" \/>\n<meta property=\"og:image\" content=\"https:\/\/espaicrater.com\/app\/uploads\/2025\/02\/TALLER-FAMILIAR_ROCA-O-MINERAL-1-scaled.jpg\" \/>\n\t<meta property=\"og:image:width\" content=\"2560\" \/>\n\t<meta property=\"og:image:height\" content=\"1708\" \/>\n\t<meta property=\"og:image:type\" content=\"image\/jpeg\" \/>\n<meta name=\"twitter:card\" content=\"summary_large_image\" \/>\n<script type=\"application\/ld+json\" class=\"yoast-schema-graph\">{\"@context\":\"https:\\\/\\\/schema.org\",\"@graph\":[{\"@type\":\"WebPage\",\"@id\":\"https:\\\/\\\/espaicrater.com\\\/es\\\/accessibilitat\\\/\",\"url\":\"https:\\\/\\\/espaicrater.com\\\/es\\\/accessibilitat\\\/\",\"name\":\"Accesibilidad - Espai Cr\u00e0ter\",\"isPartOf\":{\"@id\":\"https:\\\/\\\/espaicrater.com\\\/#website\"},\"primaryImageOfPage\":{\"@id\":\"https:\\\/\\\/espaicrater.com\\\/es\\\/accessibilitat\\\/#primaryimage\"},\"image\":{\"@id\":\"https:\\\/\\\/espaicrater.com\\\/es\\\/accessibilitat\\\/#primaryimage\"},\"thumbnailUrl\":\"https:\\\/\\\/espaicrater.com\\\/app\\\/uploads\\\/2025\\\/02\\\/TALLER-FAMILIAR_ROCA-O-MINERAL-1-scaled.jpg\",\"datePublished\":\"2025-04-25T13:51:30+00:00\",\"dateModified\":\"2025-05-19T11:21:09+00:00\",\"description\":\"En el Espai Cr\u00e0ter est\u00e1 dise\u00f1ado para garantizar la accesibilidad a todas las personas. Descubre todos los detalles del centro en cuanto a..\",\"breadcrumb\":{\"@id\":\"https:\\\/\\\/espaicrater.com\\\/es\\\/accessibilitat\\\/#breadcrumb\"},\"inLanguage\":\"es\",\"potentialAction\":[{\"@type\":\"ReadAction\",\"target\":[\"https:\\\/\\\/espaicrater.com\\\/es\\\/accessibilitat\\\/\"]}]},{\"@type\":\"ImageObject\",\"inLanguage\":\"es\",\"@id\":\"https:\\\/\\\/espaicrater.com\\\/es\\\/accessibilitat\\\/#primaryimage\",\"url\":\"https:\\\/\\\/espaicrater.com\\\/app\\\/uploads\\\/2025\\\/02\\\/TALLER-FAMILIAR_ROCA-O-MINERAL-1-scaled.jpg\",\"contentUrl\":\"https:\\\/\\\/espaicrater.com\\\/app\\\/uploads\\\/2025\\\/02\\\/TALLER-FAMILIAR_ROCA-O-MINERAL-1-scaled.jpg\",\"width\":2560,\"height\":1708},{\"@type\":\"BreadcrumbList\",\"@id\":\"https:\\\/\\\/espaicrater.com\\\/es\\\/accessibilitat\\\/#breadcrumb\",\"itemListElement\":[{\"@type\":\"ListItem\",\"position\":1,\"name\":\"Inicio\",\"item\":\"https:\\\/\\\/espaicrater.com\\\/es\\\/\"},{\"@type\":\"ListItem\",\"position\":2,\"name\":\"Accesibilidad\"}]},{\"@type\":\"WebSite\",\"@id\":\"https:\\\/\\\/espaicrater.com\\\/#website\",\"url\":\"https:\\\/\\\/espaicrater.com\\\/\",\"name\":\"Espai Cr\u00e0ter\",\"description\":\"Viatge al centre de la vida\",\"publisher\":{\"@id\":\"https:\\\/\\\/espaicrater.com\\\/#organization\"},\"potentialAction\":[{\"@type\":\"SearchAction\",\"target\":{\"@type\":\"EntryPoint\",\"urlTemplate\":\"https:\\\/\\\/espaicrater.com\\\/?s={search_term_string}\"},\"query-input\":{\"@type\":\"PropertyValueSpecification\",\"valueRequired\":true,\"valueName\":\"search_term_string\"}}],\"inLanguage\":\"es\"},{\"@type\":\"Organization\",\"@id\":\"https:\\\/\\\/espaicrater.com\\\/#organization\",\"name\":\"Espai Cr\u00e0ter\",\"url\":\"https:\\\/\\\/espaicrater.com\\\/\",\"logo\":{\"@type\":\"ImageObject\",\"inLanguage\":\"es\",\"@id\":\"https:\\\/\\\/espaicrater.com\\\/#\\\/schema\\\/logo\\\/image\\\/\",\"url\":\"https:\\\/\\\/espaicrater.com\\\/app\\\/uploads\\\/2022\\\/02\\\/espai-crater-1.png\",\"contentUrl\":\"https:\\\/\\\/espaicrater.com\\\/app\\\/uploads\\\/2022\\\/02\\\/espai-crater-1.png\",\"width\":801,\"height\":320,\"caption\":\"Espai Cr\u00e0ter\"},\"image\":{\"@id\":\"https:\\\/\\\/espaicrater.com\\\/#\\\/schema\\\/logo\\\/image\\\/\"}}]}<\/script>","yoast_head_json":{"title":"Accesibilidad - Espai Cr\u00e0ter","description":"En el Espai Cr\u00e0ter est\u00e1 dise\u00f1ado para garantizar la accesibilidad a todas las personas. Descubre todos los detalles del centro en cuanto a..","robots":{"index":"index","follow":"follow","max-snippet":"max-snippet:-1","max-image-preview":"max-image-preview:large","max-video-preview":"max-video-preview:-1"},"canonical":"https:\/\/espaicrater.com\/es\/accessibilitat\/","og_locale":"es_ES","og_type":"article","og_title":"Accesibilidad - Espai Cr\u00e0ter","og_description":"En el Espai Cr\u00e0ter est\u00e1 dise\u00f1ado para garantizar la accesibilidad a todas las personas. Descubre todos los detalles del centro en cuanto a..","og_url":"https:\/\/espaicrater.com\/es\/accessibilitat\/","og_site_name":"Espai Cr\u00e0ter","article_modified_time":"2025-05-19T11:21:09+00:00","og_image":[{"width":2560,"height":1708,"url":"https:\/\/espaicrater.com\/app\/uploads\/2025\/02\/TALLER-FAMILIAR_ROCA-O-MINERAL-1-scaled.jpg","type":"image\/jpeg"}],"twitter_card":"summary_large_image","schema":{"@context":"https:\/\/schema.org","@graph":[{"@type":"WebPage","@id":"https:\/\/espaicrater.com\/es\/accessibilitat\/","url":"https:\/\/espaicrater.com\/es\/accessibilitat\/","name":"Accesibilidad - Espai Cr\u00e0ter","isPartOf":{"@id":"https:\/\/espaicrater.com\/#website"},"primaryImageOfPage":{"@id":"https:\/\/espaicrater.com\/es\/accessibilitat\/#primaryimage"},"image":{"@id":"https:\/\/espaicrater.com\/es\/accessibilitat\/#primaryimage"},"thumbnailUrl":"https:\/\/espaicrater.com\/app\/uploads\/2025\/02\/TALLER-FAMILIAR_ROCA-O-MINERAL-1-scaled.jpg","datePublished":"2025-04-25T13:51:30+00:00","dateModified":"2025-05-19T11:21:09+00:00","description":"En el Espai Cr\u00e0ter est\u00e1 dise\u00f1ado para garantizar la accesibilidad a todas las personas. Descubre todos los detalles del centro en cuanto a..","breadcrumb":{"@id":"https:\/\/espaicrater.com\/es\/accessibilitat\/#breadcrumb"},"inLanguage":"es","potentialAction":[{"@type":"ReadAction","target":["https:\/\/espaicrater.com\/es\/accessibilitat\/"]}]},{"@type":"ImageObject","inLanguage":"es","@id":"https:\/\/espaicrater.com\/es\/accessibilitat\/#primaryimage","url":"https:\/\/espaicrater.com\/app\/uploads\/2025\/02\/TALLER-FAMILIAR_ROCA-O-MINERAL-1-scaled.jpg","contentUrl":"https:\/\/espaicrater.com\/app\/uploads\/2025\/02\/TALLER-FAMILIAR_ROCA-O-MINERAL-1-scaled.jpg","width":2560,"height":1708},{"@type":"BreadcrumbList","@id":"https:\/\/espaicrater.com\/es\/accessibilitat\/#breadcrumb","itemListElement":[{"@type":"ListItem","position":1,"name":"Inicio","item":"https:\/\/espaicrater.com\/es\/"},{"@type":"ListItem","position":2,"name":"Accesibilidad"}]},{"@type":"WebSite","@id":"https:\/\/espaicrater.com\/#website","url":"https:\/\/espaicrater.com\/","name":"Espai Cr\u00e0ter","description":"Viatge al centre de la vida","publisher":{"@id":"https:\/\/espaicrater.com\/#organization"},"potentialAction":[{"@type":"SearchAction","target":{"@type":"EntryPoint","urlTemplate":"https:\/\/espaicrater.com\/?s={search_term_string}"},"query-input":{"@type":"PropertyValueSpecification","valueRequired":true,"valueName":"search_term_string"}}],"inLanguage":"es"},{"@type":"Organization","@id":"https:\/\/espaicrater.com\/#organization","name":"Espai Cr\u00e0ter","url":"https:\/\/espaicrater.com\/","logo":{"@type":"ImageObject","inLanguage":"es","@id":"https:\/\/espaicrater.com\/#\/schema\/logo\/image\/","url":"https:\/\/espaicrater.com\/app\/uploads\/2022\/02\/espai-crater-1.png","contentUrl":"https:\/\/espaicrater.com\/app\/uploads\/2022\/02\/espai-crater-1.png","width":801,"height":320,"caption":"Espai Cr\u00e0ter"},"image":{"@id":"https:\/\/espaicrater.com\/#\/schema\/logo\/image\/"}}]}},"_links":{"self":[{"href":"https:\/\/espaicrater.com\/es\/wp-json\/wp\/v2\/pages\/12778","targetHints":{"allow":["GET"]}}],"collection":[{"href":"https:\/\/espaicrater.com\/es\/wp-json\/wp\/v2\/pages"}],"about":[{"href":"https:\/\/espaicrater.com\/es\/wp-json\/wp\/v2\/types\/page"}],"author":[{"embeddable":true,"href":"https:\/\/espaicrater.com\/es\/wp-json\/wp\/v2\/users\/2"}],"replies":[{"embeddable":true,"href":"https:\/\/espaicrater.com\/es\/wp-json\/wp\/v2\/comments?post=12778"}],"version-history":[{"count":5,"href":"https:\/\/espaicrater.com\/es\/wp-json\/wp\/v2\/pages\/12778\/revisions"}],"predecessor-version":[{"id":12871,"href":"https:\/\/espaicrater.com\/es\/wp-json\/wp\/v2\/pages\/12778\/revisions\/12871"}],"wp:featuredmedia":[{"embeddable":true,"href":"https:\/\/espaicrater.com\/es\/wp-json\/wp\/v2\/media\/11584"}],"wp:attachment":[{"href":"https:\/\/espaicrater.com\/es\/wp-json\/wp\/v2\/media?parent=12778"}],"curies":[{"name":"wp","href":"https:\/\/api.w.org\/{rel}","templated":true}]}}