{"id":15240,"date":"2026-04-21T19:37:46","date_gmt":"2026-04-21T17:37:46","guid":{"rendered":"https:\/\/espaicrater.com\/?page_id=15240"},"modified":"2026-04-21T19:40:54","modified_gmt":"2026-04-21T17:40:54","slug":"alba-verges-guirado-bosques-marinos-mediterraneos-los-conservamos-o-los-restauramos","status":"publish","type":"page","link":"https:\/\/espaicrater.com\/es\/explora\/iniciativas\/los-grandes-interrogantes-de-la-ciencia\/alba-verges-guirado-bosques-marinos-mediterraneos-los-conservamos-o-los-restauramos\/","title":{"rendered":"Alba Verg\u00e9s Guirado &#8211; Bosques marinos mediterr\u00e1neos: \u00bflos conservamos o los restauramos?"},"content":{"rendered":"\n<p><\/p>\n\n\n\n<p><\/p>\n","protected":false},"excerpt":{"rendered":"","protected":false},"author":2,"featured_media":15295,"parent":969,"menu_order":0,"comment_status":"closed","ping_status":"closed","template":"flexible.blade.php","meta":{"_acf_changed":false,"footnotes":""},"class_list":["post-15240","page","type-page","status-publish","has-post-thumbnail","hentry"],"acf":[],"yoast_head":"<title>Alba Verg\u00e9s Guirado - Bosques marinos mediterr\u00e1neos: \u00bflos conservamos o los restauramos? - Espai Cr\u00e0ter<\/title>\n<meta name=\"description\" content=\"Alba Verg\u00e9s Guirado presenta la charla &#039;Bosques marinos meditarr\u00e1neos: \u00bflos conservamos o los restauramos? en el ciclo de conferencias...\" \/>\n<meta name=\"robots\" content=\"index, follow, max-snippet:-1, max-image-preview:large, max-video-preview:-1\" \/>\n<link rel=\"canonical\" href=\"https:\/\/espaicrater.com\/es\/explora\/iniciativas\/los-grandes-interrogantes-de-la-ciencia\/alba-verges-guirado-bosques-marinos-mediterraneos-los-conservamos-o-los-restauramos\/\" \/>\n<meta property=\"og:locale\" content=\"es_ES\" \/>\n<meta property=\"og:type\" content=\"article\" \/>\n<meta property=\"og:title\" content=\"Alba Verg\u00e9s Guirado - Bosques marinos mediterr\u00e1neos: \u00bflos conservamos o los restauramos? - Espai Cr\u00e0ter\" \/>\n<meta property=\"og:description\" content=\"Alba Verg\u00e9s Guirado presenta la charla &#039;Bosques marinos meditarr\u00e1neos: \u00bflos conservamos o los restauramos? en el ciclo de conferencias...\" \/>\n<meta property=\"og:url\" content=\"https:\/\/espaicrater.com\/es\/explora\/iniciativas\/los-grandes-interrogantes-de-la-ciencia\/alba-verges-guirado-bosques-marinos-mediterraneos-los-conservamos-o-los-restauramos\/\" \/>\n<meta property=\"og:site_name\" content=\"Espai Cr\u00e0ter\" \/>\n<meta property=\"article:modified_time\" content=\"2026-04-21T17:40:54+00:00\" \/>\n<meta name=\"twitter:card\" content=\"summary_large_image\" \/>\n<script type=\"application\/ld+json\" class=\"yoast-schema-graph\">{\"@context\":\"https:\\\/\\\/schema.org\",\"@graph\":[{\"@type\":\"WebPage\",\"@id\":\"https:\\\/\\\/espaicrater.com\\\/es\\\/explora\\\/iniciativas\\\/los-grandes-interrogantes-de-la-ciencia\\\/alba-verges-guirado-bosques-marinos-mediterraneos-los-conservamos-o-los-restauramos\\\/\",\"url\":\"https:\\\/\\\/espaicrater.com\\\/es\\\/explora\\\/iniciativas\\\/los-grandes-interrogantes-de-la-ciencia\\\/alba-verges-guirado-bosques-marinos-mediterraneos-los-conservamos-o-los-restauramos\\\/\",\"name\":\"Alba Verg\u00e9s Guirado - Bosques marinos mediterr\u00e1neos: \u00bflos conservamos o los restauramos? - Espai Cr\u00e0ter\",\"isPartOf\":{\"@id\":\"https:\\\/\\\/espaicrater.com\\\/#website\"},\"primaryImageOfPage\":{\"@id\":\"https:\\\/\\\/espaicrater.com\\\/es\\\/explora\\\/iniciativas\\\/los-grandes-interrogantes-de-la-ciencia\\\/alba-verges-guirado-bosques-marinos-mediterraneos-los-conservamos-o-los-restauramos\\\/#primaryimage\"},\"image\":{\"@id\":\"https:\\\/\\\/espaicrater.com\\\/es\\\/explora\\\/iniciativas\\\/los-grandes-interrogantes-de-la-ciencia\\\/alba-verges-guirado-bosques-marinos-mediterraneos-los-conservamos-o-los-restauramos\\\/#primaryimage\"},\"thumbnailUrl\":\"https:\\\/\\\/espaicrater.com\\\/app\\\/uploads\\\/2026\\\/04\\\/PHOTO-2026-01-19-10-27-40-e1776795153329.jpg\",\"datePublished\":\"2026-04-21T17:37:46+00:00\",\"dateModified\":\"2026-04-21T17:40:54+00:00\",\"description\":\"Alba Verg\u00e9s Guirado presenta la charla 'Bosques marinos meditarr\u00e1neos: \u00bflos conservamos o los restauramos? en el ciclo de conferencias...\",\"breadcrumb\":{\"@id\":\"https:\\\/\\\/espaicrater.com\\\/es\\\/explora\\\/iniciativas\\\/los-grandes-interrogantes-de-la-ciencia\\\/alba-verges-guirado-bosques-marinos-mediterraneos-los-conservamos-o-los-restauramos\\\/#breadcrumb\"},\"inLanguage\":\"es\",\"potentialAction\":[{\"@type\":\"ReadAction\",\"target\":[\"https:\\\/\\\/espaicrater.com\\\/es\\\/explora\\\/iniciativas\\\/los-grandes-interrogantes-de-la-ciencia\\\/alba-verges-guirado-bosques-marinos-mediterraneos-los-conservamos-o-los-restauramos\\\/\"]}]},{\"@type\":\"ImageObject\",\"inLanguage\":\"es\",\"@id\":\"https:\\\/\\\/espaicrater.com\\\/es\\\/explora\\\/iniciativas\\\/los-grandes-interrogantes-de-la-ciencia\\\/alba-verges-guirado-bosques-marinos-mediterraneos-los-conservamos-o-los-restauramos\\\/#primaryimage\",\"url\":\"https:\\\/\\\/espaicrater.com\\\/app\\\/uploads\\\/2026\\\/04\\\/PHOTO-2026-01-19-10-27-40-e1776795153329.jpg\",\"contentUrl\":\"https:\\\/\\\/espaicrater.com\\\/app\\\/uploads\\\/2026\\\/04\\\/PHOTO-2026-01-19-10-27-40-e1776795153329.jpg\",\"width\":1600,\"height\":1200},{\"@type\":\"BreadcrumbList\",\"@id\":\"https:\\\/\\\/espaicrater.com\\\/es\\\/explora\\\/iniciativas\\\/los-grandes-interrogantes-de-la-ciencia\\\/alba-verges-guirado-bosques-marinos-mediterraneos-los-conservamos-o-los-restauramos\\\/#breadcrumb\",\"itemListElement\":[{\"@type\":\"ListItem\",\"position\":1,\"name\":\"Inicio\",\"item\":\"https:\\\/\\\/espaicrater.com\\\/es\\\/\"},{\"@type\":\"ListItem\",\"position\":2,\"name\":\"Explora\",\"item\":\"https:\\\/\\\/espaicrater.com\\\/es\\\/explora\\\/\"},{\"@type\":\"ListItem\",\"position\":3,\"name\":\"Iniciativas\",\"item\":\"https:\\\/\\\/espaicrater.com\\\/es\\\/explora\\\/iniciativas\\\/\"},{\"@type\":\"ListItem\",\"position\":4,\"name\":\"Los grandes interrogantes de la ciencia\",\"item\":\"https:\\\/\\\/espaicrater.com\\\/es\\\/explora\\\/iniciativas\\\/los-grandes-interrogantes-de-la-ciencia\\\/\"},{\"@type\":\"ListItem\",\"position\":5,\"name\":\"Alba Verg\u00e9s Guirado &#8211; Bosques marinos mediterr\u00e1neos: \u00bflos conservamos o los restauramos?\"}]},{\"@type\":\"WebSite\",\"@id\":\"https:\\\/\\\/espaicrater.com\\\/#website\",\"url\":\"https:\\\/\\\/espaicrater.com\\\/\",\"name\":\"Espai Cr\u00e0ter\",\"description\":\"Viatge al centre de la vida\",\"publisher\":{\"@id\":\"https:\\\/\\\/espaicrater.com\\\/#organization\"},\"potentialAction\":[{\"@type\":\"SearchAction\",\"target\":{\"@type\":\"EntryPoint\",\"urlTemplate\":\"https:\\\/\\\/espaicrater.com\\\/?s={search_term_string}\"},\"query-input\":{\"@type\":\"PropertyValueSpecification\",\"valueRequired\":true,\"valueName\":\"search_term_string\"}}],\"inLanguage\":\"es\"},{\"@type\":\"Organization\",\"@id\":\"https:\\\/\\\/espaicrater.com\\\/#organization\",\"name\":\"Espai Cr\u00e0ter\",\"url\":\"https:\\\/\\\/espaicrater.com\\\/\",\"logo\":{\"@type\":\"ImageObject\",\"inLanguage\":\"es\",\"@id\":\"https:\\\/\\\/espaicrater.com\\\/#\\\/schema\\\/logo\\\/image\\\/\",\"url\":\"https:\\\/\\\/espaicrater.com\\\/app\\\/uploads\\\/2022\\\/02\\\/espai-crater-1.png\",\"contentUrl\":\"https:\\\/\\\/espaicrater.com\\\/app\\\/uploads\\\/2022\\\/02\\\/espai-crater-1.png\",\"width\":801,\"height\":320,\"caption\":\"Espai Cr\u00e0ter\"},\"image\":{\"@id\":\"https:\\\/\\\/espaicrater.com\\\/#\\\/schema\\\/logo\\\/image\\\/\"}}]}<\/script>","yoast_head_json":{"title":"Alba Verg\u00e9s Guirado - Bosques marinos mediterr\u00e1neos: \u00bflos conservamos o los restauramos? - Espai Cr\u00e0ter","description":"Alba Verg\u00e9s Guirado presenta la charla 'Bosques marinos meditarr\u00e1neos: \u00bflos conservamos o los restauramos? en el ciclo de conferencias...","robots":{"index":"index","follow":"follow","max-snippet":"max-snippet:-1","max-image-preview":"max-image-preview:large","max-video-preview":"max-video-preview:-1"},"canonical":"https:\/\/espaicrater.com\/es\/explora\/iniciativas\/los-grandes-interrogantes-de-la-ciencia\/alba-verges-guirado-bosques-marinos-mediterraneos-los-conservamos-o-los-restauramos\/","og_locale":"es_ES","og_type":"article","og_title":"Alba Verg\u00e9s Guirado - Bosques marinos mediterr\u00e1neos: \u00bflos conservamos o los restauramos? - Espai Cr\u00e0ter","og_description":"Alba Verg\u00e9s Guirado presenta la charla 'Bosques marinos meditarr\u00e1neos: \u00bflos conservamos o los restauramos? en el ciclo de conferencias...","og_url":"https:\/\/espaicrater.com\/es\/explora\/iniciativas\/los-grandes-interrogantes-de-la-ciencia\/alba-verges-guirado-bosques-marinos-mediterraneos-los-conservamos-o-los-restauramos\/","og_site_name":"Espai Cr\u00e0ter","article_modified_time":"2026-04-21T17:40:54+00:00","twitter_card":"summary_large_image","schema":{"@context":"https:\/\/schema.org","@graph":[{"@type":"WebPage","@id":"https:\/\/espaicrater.com\/es\/explora\/iniciativas\/los-grandes-interrogantes-de-la-ciencia\/alba-verges-guirado-bosques-marinos-mediterraneos-los-conservamos-o-los-restauramos\/","url":"https:\/\/espaicrater.com\/es\/explora\/iniciativas\/los-grandes-interrogantes-de-la-ciencia\/alba-verges-guirado-bosques-marinos-mediterraneos-los-conservamos-o-los-restauramos\/","name":"Alba Verg\u00e9s Guirado - Bosques marinos mediterr\u00e1neos: \u00bflos conservamos o los restauramos? - Espai Cr\u00e0ter","isPartOf":{"@id":"https:\/\/espaicrater.com\/#website"},"primaryImageOfPage":{"@id":"https:\/\/espaicrater.com\/es\/explora\/iniciativas\/los-grandes-interrogantes-de-la-ciencia\/alba-verges-guirado-bosques-marinos-mediterraneos-los-conservamos-o-los-restauramos\/#primaryimage"},"image":{"@id":"https:\/\/espaicrater.com\/es\/explora\/iniciativas\/los-grandes-interrogantes-de-la-ciencia\/alba-verges-guirado-bosques-marinos-mediterraneos-los-conservamos-o-los-restauramos\/#primaryimage"},"thumbnailUrl":"https:\/\/espaicrater.com\/app\/uploads\/2026\/04\/PHOTO-2026-01-19-10-27-40-e1776795153329.jpg","datePublished":"2026-04-21T17:37:46+00:00","dateModified":"2026-04-21T17:40:54+00:00","description":"Alba Verg\u00e9s Guirado presenta la charla 'Bosques marinos meditarr\u00e1neos: \u00bflos conservamos o los restauramos? en el ciclo de conferencias...","breadcrumb":{"@id":"https:\/\/espaicrater.com\/es\/explora\/iniciativas\/los-grandes-interrogantes-de-la-ciencia\/alba-verges-guirado-bosques-marinos-mediterraneos-los-conservamos-o-los-restauramos\/#breadcrumb"},"inLanguage":"es","potentialAction":[{"@type":"ReadAction","target":["https:\/\/espaicrater.com\/es\/explora\/iniciativas\/los-grandes-interrogantes-de-la-ciencia\/alba-verges-guirado-bosques-marinos-mediterraneos-los-conservamos-o-los-restauramos\/"]}]},{"@type":"ImageObject","inLanguage":"es","@id":"https:\/\/espaicrater.com\/es\/explora\/iniciativas\/los-grandes-interrogantes-de-la-ciencia\/alba-verges-guirado-bosques-marinos-mediterraneos-los-conservamos-o-los-restauramos\/#primaryimage","url":"https:\/\/espaicrater.com\/app\/uploads\/2026\/04\/PHOTO-2026-01-19-10-27-40-e1776795153329.jpg","contentUrl":"https:\/\/espaicrater.com\/app\/uploads\/2026\/04\/PHOTO-2026-01-19-10-27-40-e1776795153329.jpg","width":1600,"height":1200},{"@type":"BreadcrumbList","@id":"https:\/\/espaicrater.com\/es\/explora\/iniciativas\/los-grandes-interrogantes-de-la-ciencia\/alba-verges-guirado-bosques-marinos-mediterraneos-los-conservamos-o-los-restauramos\/#breadcrumb","itemListElement":[{"@type":"ListItem","position":1,"name":"Inicio","item":"https:\/\/espaicrater.com\/es\/"},{"@type":"ListItem","position":2,"name":"Explora","item":"https:\/\/espaicrater.com\/es\/explora\/"},{"@type":"ListItem","position":3,"name":"Iniciativas","item":"https:\/\/espaicrater.com\/es\/explora\/iniciativas\/"},{"@type":"ListItem","position":4,"name":"Los grandes interrogantes de la ciencia","item":"https:\/\/espaicrater.com\/es\/explora\/iniciativas\/los-grandes-interrogantes-de-la-ciencia\/"},{"@type":"ListItem","position":5,"name":"Alba Verg\u00e9s Guirado &#8211; Bosques marinos mediterr\u00e1neos: \u00bflos conservamos o los restauramos?"}]},{"@type":"WebSite","@id":"https:\/\/espaicrater.com\/#website","url":"https:\/\/espaicrater.com\/","name":"Espai Cr\u00e0ter","description":"Viatge al centre de la vida","publisher":{"@id":"https:\/\/espaicrater.com\/#organization"},"potentialAction":[{"@type":"SearchAction","target":{"@type":"EntryPoint","urlTemplate":"https:\/\/espaicrater.com\/?s={search_term_string}"},"query-input":{"@type":"PropertyValueSpecification","valueRequired":true,"valueName":"search_term_string"}}],"inLanguage":"es"},{"@type":"Organization","@id":"https:\/\/espaicrater.com\/#organization","name":"Espai Cr\u00e0ter","url":"https:\/\/espaicrater.com\/","logo":{"@type":"ImageObject","inLanguage":"es","@id":"https:\/\/espaicrater.com\/#\/schema\/logo\/image\/","url":"https:\/\/espaicrater.com\/app\/uploads\/2022\/02\/espai-crater-1.png","contentUrl":"https:\/\/espaicrater.com\/app\/uploads\/2022\/02\/espai-crater-1.png","width":801,"height":320,"caption":"Espai Cr\u00e0ter"},"image":{"@id":"https:\/\/espaicrater.com\/#\/schema\/logo\/image\/"}}]}},"_links":{"self":[{"href":"https:\/\/espaicrater.com\/es\/wp-json\/wp\/v2\/pages\/15240","targetHints":{"allow":["GET"]}}],"collection":[{"href":"https:\/\/espaicrater.com\/es\/wp-json\/wp\/v2\/pages"}],"about":[{"href":"https:\/\/espaicrater.com\/es\/wp-json\/wp\/v2\/types\/page"}],"author":[{"embeddable":true,"href":"https:\/\/espaicrater.com\/es\/wp-json\/wp\/v2\/users\/2"}],"replies":[{"embeddable":true,"href":"https:\/\/espaicrater.com\/es\/wp-json\/wp\/v2\/comments?post=15240"}],"version-history":[{"count":1,"href":"https:\/\/espaicrater.com\/es\/wp-json\/wp\/v2\/pages\/15240\/revisions"}],"predecessor-version":[{"id":15261,"href":"https:\/\/espaicrater.com\/es\/wp-json\/wp\/v2\/pages\/15240\/revisions\/15261"}],"up":[{"embeddable":true,"href":"https:\/\/espaicrater.com\/es\/wp-json\/wp\/v2\/pages\/969"}],"wp:featuredmedia":[{"embeddable":true,"href":"https:\/\/espaicrater.com\/es\/wp-json\/wp\/v2\/media\/15295"}],"wp:attachment":[{"href":"https:\/\/espaicrater.com\/es\/wp-json\/wp\/v2\/media?parent=15240"}],"curies":[{"name":"wp","href":"https:\/\/api.w.org\/{rel}","templated":true}]}}