{"id":15248,"date":"2026-04-21T19:12:34","date_gmt":"2026-04-21T17:12:34","guid":{"rendered":"https:\/\/espaicrater.com\/?page_id=15248"},"modified":"2026-04-21T19:22:12","modified_gmt":"2026-04-21T17:22:12","slug":"lluis-pinos-jorba-como-funciona-el-sistema-electrico","status":"publish","type":"page","link":"https:\/\/espaicrater.com\/es\/explora\/iniciativas\/los-grandes-interrogantes-de-la-ciencia\/lluis-pinos-jorba-como-funciona-el-sistema-electrico\/","title":{"rendered":"Llu\u00eds Pin\u00f3s Jorba \u2013\u00a0\u00bfC\u00f3mo funciona el sistema el\u00e9ctrico?"},"content":{"rendered":"\n<p><\/p>\n\n\n\n<p><\/p>\n","protected":false},"excerpt":{"rendered":"","protected":false},"author":2,"featured_media":0,"parent":969,"menu_order":0,"comment_status":"closed","ping_status":"closed","template":"flexible.blade.php","meta":{"_acf_changed":false,"footnotes":""},"class_list":["post-15248","page","type-page","status-publish","hentry"],"acf":[],"yoast_head":"<title>Llu\u00eds Pin\u00f3s Jorba \u2013\u00a0\u00bfC\u00f3mo funciona el sistema el\u00e9ctrico? - Espai Cr\u00e0ter<\/title>\n<meta name=\"description\" content=\"Xavier de Bols presenta &#039;Conocimiento ancestral ante la furia de la naturaleza&#039; en la Sala Magma del Espai Crter...\" \/>\n<meta name=\"robots\" content=\"index, follow, max-snippet:-1, max-image-preview:large, max-video-preview:-1\" \/>\n<link rel=\"canonical\" href=\"https:\/\/espaicrater.com\/es\/explora\/iniciativas\/los-grandes-interrogantes-de-la-ciencia\/lluis-pinos-jorba-como-funciona-el-sistema-electrico\/\" \/>\n<meta property=\"og:locale\" content=\"es_ES\" \/>\n<meta property=\"og:type\" content=\"article\" \/>\n<meta property=\"og:title\" content=\"Llu\u00eds Pin\u00f3s Jorba \u2013\u00a0\u00bfC\u00f3mo funciona el sistema el\u00e9ctrico? - Espai Cr\u00e0ter\" \/>\n<meta property=\"og:description\" content=\"Xavier de Bols presenta &#039;Conocimiento ancestral ante la furia de la naturaleza&#039; en la Sala Magma del Espai Crter...\" \/>\n<meta property=\"og:url\" content=\"https:\/\/espaicrater.com\/es\/explora\/iniciativas\/los-grandes-interrogantes-de-la-ciencia\/lluis-pinos-jorba-como-funciona-el-sistema-electrico\/\" \/>\n<meta property=\"og:site_name\" content=\"Espai Cr\u00e0ter\" \/>\n<meta property=\"article:modified_time\" content=\"2026-04-21T17:22:12+00:00\" \/>\n<meta name=\"twitter:card\" content=\"summary_large_image\" \/>\n<script type=\"application\/ld+json\" class=\"yoast-schema-graph\">{\"@context\":\"https:\\\/\\\/schema.org\",\"@graph\":[{\"@type\":\"WebPage\",\"@id\":\"https:\\\/\\\/espaicrater.com\\\/es\\\/explora\\\/iniciativas\\\/los-grandes-interrogantes-de-la-ciencia\\\/lluis-pinos-jorba-como-funciona-el-sistema-electrico\\\/\",\"url\":\"https:\\\/\\\/espaicrater.com\\\/es\\\/explora\\\/iniciativas\\\/los-grandes-interrogantes-de-la-ciencia\\\/lluis-pinos-jorba-como-funciona-el-sistema-electrico\\\/\",\"name\":\"Llu\u00eds Pin\u00f3s Jorba \u2013\u00a0\u00bfC\u00f3mo funciona el sistema el\u00e9ctrico? - Espai Cr\u00e0ter\",\"isPartOf\":{\"@id\":\"https:\\\/\\\/espaicrater.com\\\/#website\"},\"datePublished\":\"2026-04-21T17:12:34+00:00\",\"dateModified\":\"2026-04-21T17:22:12+00:00\",\"description\":\"Xavier de Bols presenta 'Conocimiento ancestral ante la furia de la naturaleza' en la Sala Magma del Espai Crter...\",\"breadcrumb\":{\"@id\":\"https:\\\/\\\/espaicrater.com\\\/es\\\/explora\\\/iniciativas\\\/los-grandes-interrogantes-de-la-ciencia\\\/lluis-pinos-jorba-como-funciona-el-sistema-electrico\\\/#breadcrumb\"},\"inLanguage\":\"es\",\"potentialAction\":[{\"@type\":\"ReadAction\",\"target\":[\"https:\\\/\\\/espaicrater.com\\\/es\\\/explora\\\/iniciativas\\\/los-grandes-interrogantes-de-la-ciencia\\\/lluis-pinos-jorba-como-funciona-el-sistema-electrico\\\/\"]}]},{\"@type\":\"BreadcrumbList\",\"@id\":\"https:\\\/\\\/espaicrater.com\\\/es\\\/explora\\\/iniciativas\\\/los-grandes-interrogantes-de-la-ciencia\\\/lluis-pinos-jorba-como-funciona-el-sistema-electrico\\\/#breadcrumb\",\"itemListElement\":[{\"@type\":\"ListItem\",\"position\":1,\"name\":\"Inicio\",\"item\":\"https:\\\/\\\/espaicrater.com\\\/es\\\/\"},{\"@type\":\"ListItem\",\"position\":2,\"name\":\"Explora\",\"item\":\"https:\\\/\\\/espaicrater.com\\\/es\\\/explora\\\/\"},{\"@type\":\"ListItem\",\"position\":3,\"name\":\"Iniciativas\",\"item\":\"https:\\\/\\\/espaicrater.com\\\/es\\\/explora\\\/iniciativas\\\/\"},{\"@type\":\"ListItem\",\"position\":4,\"name\":\"Los grandes interrogantes de la ciencia\",\"item\":\"https:\\\/\\\/espaicrater.com\\\/es\\\/explora\\\/iniciativas\\\/los-grandes-interrogantes-de-la-ciencia\\\/\"},{\"@type\":\"ListItem\",\"position\":5,\"name\":\"Llu\u00eds Pin\u00f3s Jorba \u2013\u00a0\u00bfC\u00f3mo funciona el sistema el\u00e9ctrico?\"}]},{\"@type\":\"WebSite\",\"@id\":\"https:\\\/\\\/espaicrater.com\\\/#website\",\"url\":\"https:\\\/\\\/espaicrater.com\\\/\",\"name\":\"Espai Cr\u00e0ter\",\"description\":\"Viatge al centre de la vida\",\"publisher\":{\"@id\":\"https:\\\/\\\/espaicrater.com\\\/#organization\"},\"potentialAction\":[{\"@type\":\"SearchAction\",\"target\":{\"@type\":\"EntryPoint\",\"urlTemplate\":\"https:\\\/\\\/espaicrater.com\\\/?s={search_term_string}\"},\"query-input\":{\"@type\":\"PropertyValueSpecification\",\"valueRequired\":true,\"valueName\":\"search_term_string\"}}],\"inLanguage\":\"es\"},{\"@type\":\"Organization\",\"@id\":\"https:\\\/\\\/espaicrater.com\\\/#organization\",\"name\":\"Espai Cr\u00e0ter\",\"url\":\"https:\\\/\\\/espaicrater.com\\\/\",\"logo\":{\"@type\":\"ImageObject\",\"inLanguage\":\"es\",\"@id\":\"https:\\\/\\\/espaicrater.com\\\/#\\\/schema\\\/logo\\\/image\\\/\",\"url\":\"https:\\\/\\\/espaicrater.com\\\/app\\\/uploads\\\/2022\\\/02\\\/espai-crater-1.png\",\"contentUrl\":\"https:\\\/\\\/espaicrater.com\\\/app\\\/uploads\\\/2022\\\/02\\\/espai-crater-1.png\",\"width\":801,\"height\":320,\"caption\":\"Espai Cr\u00e0ter\"},\"image\":{\"@id\":\"https:\\\/\\\/espaicrater.com\\\/#\\\/schema\\\/logo\\\/image\\\/\"}}]}<\/script>","yoast_head_json":{"title":"Llu\u00eds Pin\u00f3s Jorba \u2013\u00a0\u00bfC\u00f3mo funciona el sistema el\u00e9ctrico? - Espai Cr\u00e0ter","description":"Xavier de Bols presenta 'Conocimiento ancestral ante la furia de la naturaleza' en la Sala Magma del Espai Crter...","robots":{"index":"index","follow":"follow","max-snippet":"max-snippet:-1","max-image-preview":"max-image-preview:large","max-video-preview":"max-video-preview:-1"},"canonical":"https:\/\/espaicrater.com\/es\/explora\/iniciativas\/los-grandes-interrogantes-de-la-ciencia\/lluis-pinos-jorba-como-funciona-el-sistema-electrico\/","og_locale":"es_ES","og_type":"article","og_title":"Llu\u00eds Pin\u00f3s Jorba \u2013\u00a0\u00bfC\u00f3mo funciona el sistema el\u00e9ctrico? - Espai Cr\u00e0ter","og_description":"Xavier de Bols presenta 'Conocimiento ancestral ante la furia de la naturaleza' en la Sala Magma del Espai Crter...","og_url":"https:\/\/espaicrater.com\/es\/explora\/iniciativas\/los-grandes-interrogantes-de-la-ciencia\/lluis-pinos-jorba-como-funciona-el-sistema-electrico\/","og_site_name":"Espai Cr\u00e0ter","article_modified_time":"2026-04-21T17:22:12+00:00","twitter_card":"summary_large_image","schema":{"@context":"https:\/\/schema.org","@graph":[{"@type":"WebPage","@id":"https:\/\/espaicrater.com\/es\/explora\/iniciativas\/los-grandes-interrogantes-de-la-ciencia\/lluis-pinos-jorba-como-funciona-el-sistema-electrico\/","url":"https:\/\/espaicrater.com\/es\/explora\/iniciativas\/los-grandes-interrogantes-de-la-ciencia\/lluis-pinos-jorba-como-funciona-el-sistema-electrico\/","name":"Llu\u00eds Pin\u00f3s Jorba \u2013\u00a0\u00bfC\u00f3mo funciona el sistema el\u00e9ctrico? - Espai Cr\u00e0ter","isPartOf":{"@id":"https:\/\/espaicrater.com\/#website"},"datePublished":"2026-04-21T17:12:34+00:00","dateModified":"2026-04-21T17:22:12+00:00","description":"Xavier de Bols presenta 'Conocimiento ancestral ante la furia de la naturaleza' en la Sala Magma del Espai Crter...","breadcrumb":{"@id":"https:\/\/espaicrater.com\/es\/explora\/iniciativas\/los-grandes-interrogantes-de-la-ciencia\/lluis-pinos-jorba-como-funciona-el-sistema-electrico\/#breadcrumb"},"inLanguage":"es","potentialAction":[{"@type":"ReadAction","target":["https:\/\/espaicrater.com\/es\/explora\/iniciativas\/los-grandes-interrogantes-de-la-ciencia\/lluis-pinos-jorba-como-funciona-el-sistema-electrico\/"]}]},{"@type":"BreadcrumbList","@id":"https:\/\/espaicrater.com\/es\/explora\/iniciativas\/los-grandes-interrogantes-de-la-ciencia\/lluis-pinos-jorba-como-funciona-el-sistema-electrico\/#breadcrumb","itemListElement":[{"@type":"ListItem","position":1,"name":"Inicio","item":"https:\/\/espaicrater.com\/es\/"},{"@type":"ListItem","position":2,"name":"Explora","item":"https:\/\/espaicrater.com\/es\/explora\/"},{"@type":"ListItem","position":3,"name":"Iniciativas","item":"https:\/\/espaicrater.com\/es\/explora\/iniciativas\/"},{"@type":"ListItem","position":4,"name":"Los grandes interrogantes de la ciencia","item":"https:\/\/espaicrater.com\/es\/explora\/iniciativas\/los-grandes-interrogantes-de-la-ciencia\/"},{"@type":"ListItem","position":5,"name":"Llu\u00eds Pin\u00f3s Jorba \u2013\u00a0\u00bfC\u00f3mo funciona el sistema el\u00e9ctrico?"}]},{"@type":"WebSite","@id":"https:\/\/espaicrater.com\/#website","url":"https:\/\/espaicrater.com\/","name":"Espai Cr\u00e0ter","description":"Viatge al centre de la vida","publisher":{"@id":"https:\/\/espaicrater.com\/#organization"},"potentialAction":[{"@type":"SearchAction","target":{"@type":"EntryPoint","urlTemplate":"https:\/\/espaicrater.com\/?s={search_term_string}"},"query-input":{"@type":"PropertyValueSpecification","valueRequired":true,"valueName":"search_term_string"}}],"inLanguage":"es"},{"@type":"Organization","@id":"https:\/\/espaicrater.com\/#organization","name":"Espai Cr\u00e0ter","url":"https:\/\/espaicrater.com\/","logo":{"@type":"ImageObject","inLanguage":"es","@id":"https:\/\/espaicrater.com\/#\/schema\/logo\/image\/","url":"https:\/\/espaicrater.com\/app\/uploads\/2022\/02\/espai-crater-1.png","contentUrl":"https:\/\/espaicrater.com\/app\/uploads\/2022\/02\/espai-crater-1.png","width":801,"height":320,"caption":"Espai Cr\u00e0ter"},"image":{"@id":"https:\/\/espaicrater.com\/#\/schema\/logo\/image\/"}}]}},"_links":{"self":[{"href":"https:\/\/espaicrater.com\/es\/wp-json\/wp\/v2\/pages\/15248","targetHints":{"allow":["GET"]}}],"collection":[{"href":"https:\/\/espaicrater.com\/es\/wp-json\/wp\/v2\/pages"}],"about":[{"href":"https:\/\/espaicrater.com\/es\/wp-json\/wp\/v2\/types\/page"}],"author":[{"embeddable":true,"href":"https:\/\/espaicrater.com\/es\/wp-json\/wp\/v2\/users\/2"}],"replies":[{"embeddable":true,"href":"https:\/\/espaicrater.com\/es\/wp-json\/wp\/v2\/comments?post=15248"}],"version-history":[{"count":1,"href":"https:\/\/espaicrater.com\/es\/wp-json\/wp\/v2\/pages\/15248\/revisions"}],"predecessor-version":[{"id":15253,"href":"https:\/\/espaicrater.com\/es\/wp-json\/wp\/v2\/pages\/15248\/revisions\/15253"}],"up":[{"embeddable":true,"href":"https:\/\/espaicrater.com\/es\/wp-json\/wp\/v2\/pages\/969"}],"wp:attachment":[{"href":"https:\/\/espaicrater.com\/es\/wp-json\/wp\/v2\/media?parent=15248"}],"curies":[{"name":"wp","href":"https:\/\/api.w.org\/{rel}","templated":true}]}}