{"id":7367,"date":"2023-11-30T20:08:54","date_gmt":"2023-11-30T19:08:54","guid":{"rendered":"https:\/\/espaicrater.com\/taller-per-concretar-accions-de-millora\/"},"modified":"2023-12-04T14:23:04","modified_gmt":"2023-12-04T13:23:04","slug":"taller-per-concretar-accions-de-millora","status":"publish","type":"page","link":"https:\/\/espaicrater.com\/es\/taller-per-concretar-accions-de-millora\/","title":{"rendered":"Taller para concretar acciones de mejora"},"content":{"rendered":"\n<p>El 8 de abril de 2022 se llev\u00f3 a cabo este taller con el objetivo de entender los retos y sub-retos planteados en el taller de 2021. En esta ocasi\u00f3n participaron entidades que ten\u00edan algo que decir en el \u00e1mbito de los retos planteados en la primera sesi\u00f3n. <\/p>\n\n\n\n<p>Pensando en el \u00e1mbito de los 12 subretos marcados previamente, este segundo encuentro permiti\u00f3 identificar mejor las problem\u00e1ticas, plantear requisitos de implementaci\u00f3n, determinar los pasos a seguir para alcanzar los objetivos, identificar indicadores y pensar en grupos de inter\u00e9s que podr\u00edan convertirse en actores clave para cada reto. <\/p>\n\n\n\n<p>Una vez terminado el encuentro, los organizadores realizaron una s\u00edntesis de las conclusiones obtenidas y las compartieron con los participantes a trav\u00e9s de un seminario online.<\/p>\n\n\n\n<figure class=\"wp-block-image size-large\"><img loading=\"lazy\" decoding=\"async\" width=\"2000\" height=\"1333\" src=\"https:\/\/espaicrater.com\/app\/uploads\/2023\/12\/Salut-Mental-i-Paisatge-4-2000x1333.jpg\" alt=\"\" class=\"wp-image-7472\" srcset=\"https:\/\/espaicrater.com\/app\/uploads\/2023\/12\/Salut-Mental-i-Paisatge-4-2000x1333.jpg 2000w, https:\/\/espaicrater.com\/app\/uploads\/2023\/12\/Salut-Mental-i-Paisatge-4-300x200.jpg 300w, https:\/\/espaicrater.com\/app\/uploads\/2023\/12\/Salut-Mental-i-Paisatge-4-768x512.jpg 768w, https:\/\/espaicrater.com\/app\/uploads\/2023\/12\/Salut-Mental-i-Paisatge-4-1536x1024.jpg 1536w, https:\/\/espaicrater.com\/app\/uploads\/2023\/12\/Salut-Mental-i-Paisatge-4-2048x1365.jpg 2048w\" sizes=\"auto, (max-width: 2000px) 100vw, 2000px\" \/><\/figure>\n\n\n\n<p><\/p>\n","protected":false},"excerpt":{"rendered":"<p>El 8 de abril de 2022 se llev\u00f3 a cabo este taller con el objetivo de entender los retos y sub-retos planteados en el taller de 2021. En esta ocasi\u00f3n participaron entidades que ten\u00edan algo que decir en el \u00e1mbito de los retos planteados en la primera sesi\u00f3n. Pensando en el \u00e1mbito de los 12 &hellip; <a href=\"https:\/\/espaicrater.com\/es\/taller-per-concretar-accions-de-millora\/\">Continued<\/a><\/p>\n","protected":false},"author":2,"featured_media":7472,"parent":0,"menu_order":0,"comment_status":"closed","ping_status":"closed","template":"","meta":{"_acf_changed":false,"footnotes":""},"class_list":["post-7367","page","type-page","status-publish","has-post-thumbnail","hentry"],"acf":[],"yoast_head":"<title>Taller para concretar acciones de mejora - Espai Cr\u00e0ter<\/title>\n<meta name=\"robots\" content=\"index, follow, max-snippet:-1, max-image-preview:large, max-video-preview:-1\" \/>\n<link rel=\"canonical\" href=\"https:\/\/espaicrater.com\/es\/taller-per-concretar-accions-de-millora\/\" \/>\n<meta property=\"og:locale\" content=\"es_ES\" \/>\n<meta property=\"og:type\" content=\"article\" \/>\n<meta property=\"og:title\" content=\"Taller para concretar acciones de mejora - Espai Cr\u00e0ter\" \/>\n<meta property=\"og:description\" content=\"El 8 de abril de 2022 se llev\u00f3 a cabo este taller con el objetivo de entender los retos y sub-retos planteados en el taller de 2021. En esta ocasi\u00f3n participaron entidades que ten\u00edan algo que decir en el \u00e1mbito de los retos planteados en la primera sesi\u00f3n. Pensando en el \u00e1mbito de los 12 &hellip; Continued\" \/>\n<meta property=\"og:url\" content=\"https:\/\/espaicrater.com\/es\/taller-per-concretar-accions-de-millora\/\" \/>\n<meta property=\"og:site_name\" content=\"Espai Cr\u00e0ter\" \/>\n<meta property=\"article:modified_time\" content=\"2023-12-04T13:23:04+00:00\" \/>\n<meta property=\"og:image\" content=\"https:\/\/espaicrater.com\/app\/uploads\/2023\/12\/Salut-Mental-i-Paisatge-4-scaled.jpg\" \/>\n\t<meta property=\"og:image:width\" content=\"2560\" \/>\n\t<meta property=\"og:image:height\" content=\"1707\" \/>\n\t<meta property=\"og:image:type\" content=\"image\/jpeg\" \/>\n<meta name=\"twitter:card\" content=\"summary_large_image\" \/>\n<meta name=\"twitter:label1\" content=\"Tiempo de lectura\" \/>\n\t<meta name=\"twitter:data1\" content=\"1 minuto\" \/>\n<script type=\"application\/ld+json\" class=\"yoast-schema-graph\">{\"@context\":\"https:\\\/\\\/schema.org\",\"@graph\":[{\"@type\":\"WebPage\",\"@id\":\"https:\\\/\\\/espaicrater.com\\\/es\\\/taller-per-concretar-accions-de-millora\\\/\",\"url\":\"https:\\\/\\\/espaicrater.com\\\/es\\\/taller-per-concretar-accions-de-millora\\\/\",\"name\":\"Taller para concretar acciones de mejora - Espai Cr\u00e0ter\",\"isPartOf\":{\"@id\":\"https:\\\/\\\/espaicrater.com\\\/#website\"},\"primaryImageOfPage\":{\"@id\":\"https:\\\/\\\/espaicrater.com\\\/es\\\/taller-per-concretar-accions-de-millora\\\/#primaryimage\"},\"image\":{\"@id\":\"https:\\\/\\\/espaicrater.com\\\/es\\\/taller-per-concretar-accions-de-millora\\\/#primaryimage\"},\"thumbnailUrl\":\"https:\\\/\\\/espaicrater.com\\\/app\\\/uploads\\\/2023\\\/12\\\/Salut-Mental-i-Paisatge-4-scaled.jpg\",\"datePublished\":\"2023-11-30T19:08:54+00:00\",\"dateModified\":\"2023-12-04T13:23:04+00:00\",\"breadcrumb\":{\"@id\":\"https:\\\/\\\/espaicrater.com\\\/es\\\/taller-per-concretar-accions-de-millora\\\/#breadcrumb\"},\"inLanguage\":\"es\",\"potentialAction\":[{\"@type\":\"ReadAction\",\"target\":[\"https:\\\/\\\/espaicrater.com\\\/es\\\/taller-per-concretar-accions-de-millora\\\/\"]}]},{\"@type\":\"ImageObject\",\"inLanguage\":\"es\",\"@id\":\"https:\\\/\\\/espaicrater.com\\\/es\\\/taller-per-concretar-accions-de-millora\\\/#primaryimage\",\"url\":\"https:\\\/\\\/espaicrater.com\\\/app\\\/uploads\\\/2023\\\/12\\\/Salut-Mental-i-Paisatge-4-scaled.jpg\",\"contentUrl\":\"https:\\\/\\\/espaicrater.com\\\/app\\\/uploads\\\/2023\\\/12\\\/Salut-Mental-i-Paisatge-4-scaled.jpg\",\"width\":2560,\"height\":1707},{\"@type\":\"BreadcrumbList\",\"@id\":\"https:\\\/\\\/espaicrater.com\\\/es\\\/taller-per-concretar-accions-de-millora\\\/#breadcrumb\",\"itemListElement\":[{\"@type\":\"ListItem\",\"position\":1,\"name\":\"Inicio\",\"item\":\"https:\\\/\\\/espaicrater.com\\\/es\\\/\"},{\"@type\":\"ListItem\",\"position\":2,\"name\":\"Taller para concretar acciones de mejora\"}]},{\"@type\":\"WebSite\",\"@id\":\"https:\\\/\\\/espaicrater.com\\\/#website\",\"url\":\"https:\\\/\\\/espaicrater.com\\\/\",\"name\":\"Espai Cr\u00e0ter\",\"description\":\"Viatge al centre de la vida\",\"publisher\":{\"@id\":\"https:\\\/\\\/espaicrater.com\\\/#organization\"},\"potentialAction\":[{\"@type\":\"SearchAction\",\"target\":{\"@type\":\"EntryPoint\",\"urlTemplate\":\"https:\\\/\\\/espaicrater.com\\\/?s={search_term_string}\"},\"query-input\":{\"@type\":\"PropertyValueSpecification\",\"valueRequired\":true,\"valueName\":\"search_term_string\"}}],\"inLanguage\":\"es\"},{\"@type\":\"Organization\",\"@id\":\"https:\\\/\\\/espaicrater.com\\\/#organization\",\"name\":\"Espai Cr\u00e0ter\",\"url\":\"https:\\\/\\\/espaicrater.com\\\/\",\"logo\":{\"@type\":\"ImageObject\",\"inLanguage\":\"es\",\"@id\":\"https:\\\/\\\/espaicrater.com\\\/#\\\/schema\\\/logo\\\/image\\\/\",\"url\":\"https:\\\/\\\/espaicrater.com\\\/app\\\/uploads\\\/2022\\\/02\\\/espai-crater-1.png\",\"contentUrl\":\"https:\\\/\\\/espaicrater.com\\\/app\\\/uploads\\\/2022\\\/02\\\/espai-crater-1.png\",\"width\":801,\"height\":320,\"caption\":\"Espai Cr\u00e0ter\"},\"image\":{\"@id\":\"https:\\\/\\\/espaicrater.com\\\/#\\\/schema\\\/logo\\\/image\\\/\"}}]}<\/script>","yoast_head_json":{"title":"Taller para concretar acciones de mejora - Espai Cr\u00e0ter","robots":{"index":"index","follow":"follow","max-snippet":"max-snippet:-1","max-image-preview":"max-image-preview:large","max-video-preview":"max-video-preview:-1"},"canonical":"https:\/\/espaicrater.com\/es\/taller-per-concretar-accions-de-millora\/","og_locale":"es_ES","og_type":"article","og_title":"Taller para concretar acciones de mejora - Espai Cr\u00e0ter","og_description":"El 8 de abril de 2022 se llev\u00f3 a cabo este taller con el objetivo de entender los retos y sub-retos planteados en el taller de 2021. En esta ocasi\u00f3n participaron entidades que ten\u00edan algo que decir en el \u00e1mbito de los retos planteados en la primera sesi\u00f3n. Pensando en el \u00e1mbito de los 12 &hellip; Continued","og_url":"https:\/\/espaicrater.com\/es\/taller-per-concretar-accions-de-millora\/","og_site_name":"Espai Cr\u00e0ter","article_modified_time":"2023-12-04T13:23:04+00:00","og_image":[{"width":2560,"height":1707,"url":"https:\/\/espaicrater.com\/app\/uploads\/2023\/12\/Salut-Mental-i-Paisatge-4-scaled.jpg","type":"image\/jpeg"}],"twitter_card":"summary_large_image","twitter_misc":{"Tiempo de lectura":"1 minuto"},"schema":{"@context":"https:\/\/schema.org","@graph":[{"@type":"WebPage","@id":"https:\/\/espaicrater.com\/es\/taller-per-concretar-accions-de-millora\/","url":"https:\/\/espaicrater.com\/es\/taller-per-concretar-accions-de-millora\/","name":"Taller para concretar acciones de mejora - Espai Cr\u00e0ter","isPartOf":{"@id":"https:\/\/espaicrater.com\/#website"},"primaryImageOfPage":{"@id":"https:\/\/espaicrater.com\/es\/taller-per-concretar-accions-de-millora\/#primaryimage"},"image":{"@id":"https:\/\/espaicrater.com\/es\/taller-per-concretar-accions-de-millora\/#primaryimage"},"thumbnailUrl":"https:\/\/espaicrater.com\/app\/uploads\/2023\/12\/Salut-Mental-i-Paisatge-4-scaled.jpg","datePublished":"2023-11-30T19:08:54+00:00","dateModified":"2023-12-04T13:23:04+00:00","breadcrumb":{"@id":"https:\/\/espaicrater.com\/es\/taller-per-concretar-accions-de-millora\/#breadcrumb"},"inLanguage":"es","potentialAction":[{"@type":"ReadAction","target":["https:\/\/espaicrater.com\/es\/taller-per-concretar-accions-de-millora\/"]}]},{"@type":"ImageObject","inLanguage":"es","@id":"https:\/\/espaicrater.com\/es\/taller-per-concretar-accions-de-millora\/#primaryimage","url":"https:\/\/espaicrater.com\/app\/uploads\/2023\/12\/Salut-Mental-i-Paisatge-4-scaled.jpg","contentUrl":"https:\/\/espaicrater.com\/app\/uploads\/2023\/12\/Salut-Mental-i-Paisatge-4-scaled.jpg","width":2560,"height":1707},{"@type":"BreadcrumbList","@id":"https:\/\/espaicrater.com\/es\/taller-per-concretar-accions-de-millora\/#breadcrumb","itemListElement":[{"@type":"ListItem","position":1,"name":"Inicio","item":"https:\/\/espaicrater.com\/es\/"},{"@type":"ListItem","position":2,"name":"Taller para concretar acciones de mejora"}]},{"@type":"WebSite","@id":"https:\/\/espaicrater.com\/#website","url":"https:\/\/espaicrater.com\/","name":"Espai Cr\u00e0ter","description":"Viatge al centre de la vida","publisher":{"@id":"https:\/\/espaicrater.com\/#organization"},"potentialAction":[{"@type":"SearchAction","target":{"@type":"EntryPoint","urlTemplate":"https:\/\/espaicrater.com\/?s={search_term_string}"},"query-input":{"@type":"PropertyValueSpecification","valueRequired":true,"valueName":"search_term_string"}}],"inLanguage":"es"},{"@type":"Organization","@id":"https:\/\/espaicrater.com\/#organization","name":"Espai Cr\u00e0ter","url":"https:\/\/espaicrater.com\/","logo":{"@type":"ImageObject","inLanguage":"es","@id":"https:\/\/espaicrater.com\/#\/schema\/logo\/image\/","url":"https:\/\/espaicrater.com\/app\/uploads\/2022\/02\/espai-crater-1.png","contentUrl":"https:\/\/espaicrater.com\/app\/uploads\/2022\/02\/espai-crater-1.png","width":801,"height":320,"caption":"Espai Cr\u00e0ter"},"image":{"@id":"https:\/\/espaicrater.com\/#\/schema\/logo\/image\/"}}]}},"_links":{"self":[{"href":"https:\/\/espaicrater.com\/es\/wp-json\/wp\/v2\/pages\/7367","targetHints":{"allow":["GET"]}}],"collection":[{"href":"https:\/\/espaicrater.com\/es\/wp-json\/wp\/v2\/pages"}],"about":[{"href":"https:\/\/espaicrater.com\/es\/wp-json\/wp\/v2\/types\/page"}],"author":[{"embeddable":true,"href":"https:\/\/espaicrater.com\/es\/wp-json\/wp\/v2\/users\/2"}],"replies":[{"embeddable":true,"href":"https:\/\/espaicrater.com\/es\/wp-json\/wp\/v2\/comments?post=7367"}],"version-history":[{"count":5,"href":"https:\/\/espaicrater.com\/es\/wp-json\/wp\/v2\/pages\/7367\/revisions"}],"predecessor-version":[{"id":7509,"href":"https:\/\/espaicrater.com\/es\/wp-json\/wp\/v2\/pages\/7367\/revisions\/7509"}],"wp:featuredmedia":[{"embeddable":true,"href":"https:\/\/espaicrater.com\/es\/wp-json\/wp\/v2\/media\/7472"}],"wp:attachment":[{"href":"https:\/\/espaicrater.com\/es\/wp-json\/wp\/v2\/media?parent=7367"}],"curies":[{"name":"wp","href":"https:\/\/api.w.org\/{rel}","templated":true}]}}