{"id":7411,"date":"2023-11-30T19:19:12","date_gmt":"2023-11-30T18:19:12","guid":{"rendered":"https:\/\/espaicrater.com\/escoltem-els-beats-del-barri-vell\/"},"modified":"2023-12-04T14:37:28","modified_gmt":"2023-12-04T13:37:28","slug":"escoltem-els-beats-del-barri-vell","status":"publish","type":"page","link":"https:\/\/espaicrater.com\/es\/escoltem-els-beats-del-barri-vell\/","title":{"rendered":"Escuchemos los beats del barrio viejo"},"content":{"rendered":"\n<p>El Barri Vell es uno de los paisajes urbanos m\u00e1s caracter\u00edsticos de la ciudad de Olot y un claro referente de la escena art\u00edstica olotina. Laia S\u00e1nchez, de<a href=\"https:\/\/www.citilab.eu\/\"> Citilab<\/a>, y Pau Llonch, de <a href=\"https:\/\/versembrant.cat\/\">Versembrant<\/a>, plantearon un paseo desde la iglesia de Sant Esteve para vibrar a trav\u00e9s de la creatividad y la expresi\u00f3n de los j\u00f3venes que habitan el barrio. En este taller el rap fue uno de los protagonistas, porque se trata de un pretexto perfecto para abordar algunos temas que preocupan a los j\u00f3venes como los malestares, el racismo, la xenofobia, el sexismo a trav\u00e9s del arte. Durante el encuentro, se puso la est\u00e9tica al servicio de la cr\u00edtica para crear repensando el entorno y reflexionando sobre sus propias experiencias.<\/p>\n\n\n\n<figure class=\"wp-block-image size-large\"><img loading=\"lazy\" decoding=\"async\" width=\"2000\" height=\"1336\" src=\"https:\/\/espaicrater.com\/app\/uploads\/2023\/11\/Jornades-Espai-Crater_4.11_Vespre-13-2000x1336.jpg\" alt=\"\" class=\"wp-image-7260\" srcset=\"https:\/\/espaicrater.com\/app\/uploads\/2023\/11\/Jornades-Espai-Crater_4.11_Vespre-13-2000x1336.jpg 2000w, https:\/\/espaicrater.com\/app\/uploads\/2023\/11\/Jornades-Espai-Crater_4.11_Vespre-13-300x200.jpg 300w, https:\/\/espaicrater.com\/app\/uploads\/2023\/11\/Jornades-Espai-Crater_4.11_Vespre-13-768x513.jpg 768w, https:\/\/espaicrater.com\/app\/uploads\/2023\/11\/Jornades-Espai-Crater_4.11_Vespre-13-1536x1026.jpg 1536w, https:\/\/espaicrater.com\/app\/uploads\/2023\/11\/Jornades-Espai-Crater_4.11_Vespre-13-2048x1368.jpg 2048w\" sizes=\"auto, (max-width: 2000px) 100vw, 2000px\" \/><\/figure>\n","protected":false},"excerpt":{"rendered":"<p>El Barri Vell es uno de los paisajes urbanos m\u00e1s caracter\u00edsticos de la ciudad de Olot y un claro referente de la escena art\u00edstica olotina. Laia S\u00e1nchez, de Citilab, y Pau Llonch, de Versembrant, plantearon un paseo desde la iglesia de Sant Esteve para vibrar a trav\u00e9s de la creatividad y la expresi\u00f3n de los &hellip; <a href=\"https:\/\/espaicrater.com\/es\/escoltem-els-beats-del-barri-vell\/\">Continued<\/a><\/p>\n","protected":false},"author":2,"featured_media":7142,"parent":0,"menu_order":0,"comment_status":"closed","ping_status":"closed","template":"","meta":{"_acf_changed":false,"footnotes":""},"class_list":["post-7411","page","type-page","status-publish","has-post-thumbnail","hentry"],"acf":[],"yoast_head":"<title>Escuchemos los beats del barrio viejo - Espai Cr\u00e0ter<\/title>\n<meta name=\"robots\" content=\"index, follow, max-snippet:-1, max-image-preview:large, max-video-preview:-1\" \/>\n<link rel=\"canonical\" href=\"https:\/\/espaicrater.com\/es\/escoltem-els-beats-del-barri-vell\/\" \/>\n<meta property=\"og:locale\" content=\"es_ES\" \/>\n<meta property=\"og:type\" content=\"article\" \/>\n<meta property=\"og:title\" content=\"Escuchemos los beats del barrio viejo - Espai Cr\u00e0ter\" \/>\n<meta property=\"og:description\" content=\"El Barri Vell es uno de los paisajes urbanos m\u00e1s caracter\u00edsticos de la ciudad de Olot y un claro referente de la escena art\u00edstica olotina. Laia S\u00e1nchez, de Citilab, y Pau Llonch, de Versembrant, plantearon un paseo desde la iglesia de Sant Esteve para vibrar a trav\u00e9s de la creatividad y la expresi\u00f3n de los &hellip; Continued\" \/>\n<meta property=\"og:url\" content=\"https:\/\/espaicrater.com\/es\/escoltem-els-beats-del-barri-vell\/\" \/>\n<meta property=\"og:site_name\" content=\"Espai Cr\u00e0ter\" \/>\n<meta property=\"article:modified_time\" content=\"2023-12-04T13:37:28+00:00\" \/>\n<meta property=\"og:image\" content=\"https:\/\/espaicrater.com\/app\/uploads\/2023\/11\/Jornades-Espai-Crater_4.11_Vespre-6-scaled.jpg\" \/>\n\t<meta property=\"og:image:width\" content=\"2560\" \/>\n\t<meta property=\"og:image:height\" content=\"1710\" \/>\n\t<meta property=\"og:image:type\" content=\"image\/jpeg\" \/>\n<meta name=\"twitter:card\" content=\"summary_large_image\" \/>\n<meta name=\"twitter:label1\" content=\"Tiempo de lectura\" \/>\n\t<meta name=\"twitter:data1\" content=\"1 minuto\" \/>\n<script type=\"application\/ld+json\" class=\"yoast-schema-graph\">{\"@context\":\"https:\/\/schema.org\",\"@graph\":[{\"@type\":\"WebPage\",\"@id\":\"https:\/\/espaicrater.com\/es\/escoltem-els-beats-del-barri-vell\/\",\"url\":\"https:\/\/espaicrater.com\/es\/escoltem-els-beats-del-barri-vell\/\",\"name\":\"Escuchemos los beats del barrio viejo - Espai Cr\u00e0ter\",\"isPartOf\":{\"@id\":\"https:\/\/espaicrater.com\/#website\"},\"primaryImageOfPage\":{\"@id\":\"https:\/\/espaicrater.com\/es\/escoltem-els-beats-del-barri-vell\/#primaryimage\"},\"image\":{\"@id\":\"https:\/\/espaicrater.com\/es\/escoltem-els-beats-del-barri-vell\/#primaryimage\"},\"thumbnailUrl\":\"https:\/\/espaicrater.com\/app\/uploads\/2023\/11\/Jornades-Espai-Crater_4.11_Vespre-6-scaled.jpg\",\"datePublished\":\"2023-11-30T18:19:12+00:00\",\"dateModified\":\"2023-12-04T13:37:28+00:00\",\"breadcrumb\":{\"@id\":\"https:\/\/espaicrater.com\/es\/escoltem-els-beats-del-barri-vell\/#breadcrumb\"},\"inLanguage\":\"es\",\"potentialAction\":[{\"@type\":\"ReadAction\",\"target\":[\"https:\/\/espaicrater.com\/es\/escoltem-els-beats-del-barri-vell\/\"]}]},{\"@type\":\"ImageObject\",\"inLanguage\":\"es\",\"@id\":\"https:\/\/espaicrater.com\/es\/escoltem-els-beats-del-barri-vell\/#primaryimage\",\"url\":\"https:\/\/espaicrater.com\/app\/uploads\/2023\/11\/Jornades-Espai-Crater_4.11_Vespre-6-scaled.jpg\",\"contentUrl\":\"https:\/\/espaicrater.com\/app\/uploads\/2023\/11\/Jornades-Espai-Crater_4.11_Vespre-6-scaled.jpg\",\"width\":2560,\"height\":1710},{\"@type\":\"BreadcrumbList\",\"@id\":\"https:\/\/espaicrater.com\/es\/escoltem-els-beats-del-barri-vell\/#breadcrumb\",\"itemListElement\":[{\"@type\":\"ListItem\",\"position\":1,\"name\":\"Inicio\",\"item\":\"https:\/\/espaicrater.com\/es\/\"},{\"@type\":\"ListItem\",\"position\":2,\"name\":\"Escuchemos los beats del barrio viejo\"}]},{\"@type\":\"WebSite\",\"@id\":\"https:\/\/espaicrater.com\/#website\",\"url\":\"https:\/\/espaicrater.com\/\",\"name\":\"Espai Cr\u00e0ter\",\"description\":\"Viatge al centre de la vida\",\"publisher\":{\"@id\":\"https:\/\/espaicrater.com\/#organization\"},\"potentialAction\":[{\"@type\":\"SearchAction\",\"target\":{\"@type\":\"EntryPoint\",\"urlTemplate\":\"https:\/\/espaicrater.com\/?s={search_term_string}\"},\"query-input\":{\"@type\":\"PropertyValueSpecification\",\"valueRequired\":true,\"valueName\":\"search_term_string\"}}],\"inLanguage\":\"es\"},{\"@type\":\"Organization\",\"@id\":\"https:\/\/espaicrater.com\/#organization\",\"name\":\"Espai Cr\u00e0ter\",\"url\":\"https:\/\/espaicrater.com\/\",\"logo\":{\"@type\":\"ImageObject\",\"inLanguage\":\"es\",\"@id\":\"https:\/\/espaicrater.com\/#\/schema\/logo\/image\/\",\"url\":\"https:\/\/espaicrater.com\/app\/uploads\/2022\/02\/espai-crater-1.png\",\"contentUrl\":\"https:\/\/espaicrater.com\/app\/uploads\/2022\/02\/espai-crater-1.png\",\"width\":801,\"height\":320,\"caption\":\"Espai Cr\u00e0ter\"},\"image\":{\"@id\":\"https:\/\/espaicrater.com\/#\/schema\/logo\/image\/\"}}]}<\/script>","yoast_head_json":{"title":"Escuchemos los beats del barrio viejo - Espai Cr\u00e0ter","robots":{"index":"index","follow":"follow","max-snippet":"max-snippet:-1","max-image-preview":"max-image-preview:large","max-video-preview":"max-video-preview:-1"},"canonical":"https:\/\/espaicrater.com\/es\/escoltem-els-beats-del-barri-vell\/","og_locale":"es_ES","og_type":"article","og_title":"Escuchemos los beats del barrio viejo - Espai Cr\u00e0ter","og_description":"El Barri Vell es uno de los paisajes urbanos m\u00e1s caracter\u00edsticos de la ciudad de Olot y un claro referente de la escena art\u00edstica olotina. Laia S\u00e1nchez, de Citilab, y Pau Llonch, de Versembrant, plantearon un paseo desde la iglesia de Sant Esteve para vibrar a trav\u00e9s de la creatividad y la expresi\u00f3n de los &hellip; Continued","og_url":"https:\/\/espaicrater.com\/es\/escoltem-els-beats-del-barri-vell\/","og_site_name":"Espai Cr\u00e0ter","article_modified_time":"2023-12-04T13:37:28+00:00","og_image":[{"width":2560,"height":1710,"url":"https:\/\/espaicrater.com\/app\/uploads\/2023\/11\/Jornades-Espai-Crater_4.11_Vespre-6-scaled.jpg","type":"image\/jpeg"}],"twitter_card":"summary_large_image","twitter_misc":{"Tiempo de lectura":"1 minuto"},"schema":{"@context":"https:\/\/schema.org","@graph":[{"@type":"WebPage","@id":"https:\/\/espaicrater.com\/es\/escoltem-els-beats-del-barri-vell\/","url":"https:\/\/espaicrater.com\/es\/escoltem-els-beats-del-barri-vell\/","name":"Escuchemos los beats del barrio viejo - Espai Cr\u00e0ter","isPartOf":{"@id":"https:\/\/espaicrater.com\/#website"},"primaryImageOfPage":{"@id":"https:\/\/espaicrater.com\/es\/escoltem-els-beats-del-barri-vell\/#primaryimage"},"image":{"@id":"https:\/\/espaicrater.com\/es\/escoltem-els-beats-del-barri-vell\/#primaryimage"},"thumbnailUrl":"https:\/\/espaicrater.com\/app\/uploads\/2023\/11\/Jornades-Espai-Crater_4.11_Vespre-6-scaled.jpg","datePublished":"2023-11-30T18:19:12+00:00","dateModified":"2023-12-04T13:37:28+00:00","breadcrumb":{"@id":"https:\/\/espaicrater.com\/es\/escoltem-els-beats-del-barri-vell\/#breadcrumb"},"inLanguage":"es","potentialAction":[{"@type":"ReadAction","target":["https:\/\/espaicrater.com\/es\/escoltem-els-beats-del-barri-vell\/"]}]},{"@type":"ImageObject","inLanguage":"es","@id":"https:\/\/espaicrater.com\/es\/escoltem-els-beats-del-barri-vell\/#primaryimage","url":"https:\/\/espaicrater.com\/app\/uploads\/2023\/11\/Jornades-Espai-Crater_4.11_Vespre-6-scaled.jpg","contentUrl":"https:\/\/espaicrater.com\/app\/uploads\/2023\/11\/Jornades-Espai-Crater_4.11_Vespre-6-scaled.jpg","width":2560,"height":1710},{"@type":"BreadcrumbList","@id":"https:\/\/espaicrater.com\/es\/escoltem-els-beats-del-barri-vell\/#breadcrumb","itemListElement":[{"@type":"ListItem","position":1,"name":"Inicio","item":"https:\/\/espaicrater.com\/es\/"},{"@type":"ListItem","position":2,"name":"Escuchemos los beats del barrio viejo"}]},{"@type":"WebSite","@id":"https:\/\/espaicrater.com\/#website","url":"https:\/\/espaicrater.com\/","name":"Espai Cr\u00e0ter","description":"Viatge al centre de la vida","publisher":{"@id":"https:\/\/espaicrater.com\/#organization"},"potentialAction":[{"@type":"SearchAction","target":{"@type":"EntryPoint","urlTemplate":"https:\/\/espaicrater.com\/?s={search_term_string}"},"query-input":{"@type":"PropertyValueSpecification","valueRequired":true,"valueName":"search_term_string"}}],"inLanguage":"es"},{"@type":"Organization","@id":"https:\/\/espaicrater.com\/#organization","name":"Espai Cr\u00e0ter","url":"https:\/\/espaicrater.com\/","logo":{"@type":"ImageObject","inLanguage":"es","@id":"https:\/\/espaicrater.com\/#\/schema\/logo\/image\/","url":"https:\/\/espaicrater.com\/app\/uploads\/2022\/02\/espai-crater-1.png","contentUrl":"https:\/\/espaicrater.com\/app\/uploads\/2022\/02\/espai-crater-1.png","width":801,"height":320,"caption":"Espai Cr\u00e0ter"},"image":{"@id":"https:\/\/espaicrater.com\/#\/schema\/logo\/image\/"}}]}},"_links":{"self":[{"href":"https:\/\/espaicrater.com\/es\/wp-json\/wp\/v2\/pages\/7411","targetHints":{"allow":["GET"]}}],"collection":[{"href":"https:\/\/espaicrater.com\/es\/wp-json\/wp\/v2\/pages"}],"about":[{"href":"https:\/\/espaicrater.com\/es\/wp-json\/wp\/v2\/types\/page"}],"author":[{"embeddable":true,"href":"https:\/\/espaicrater.com\/es\/wp-json\/wp\/v2\/users\/2"}],"replies":[{"embeddable":true,"href":"https:\/\/espaicrater.com\/es\/wp-json\/wp\/v2\/comments?post=7411"}],"version-history":[{"count":1,"href":"https:\/\/espaicrater.com\/es\/wp-json\/wp\/v2\/pages\/7411\/revisions"}],"predecessor-version":[{"id":7413,"href":"https:\/\/espaicrater.com\/es\/wp-json\/wp\/v2\/pages\/7411\/revisions\/7413"}],"wp:featuredmedia":[{"embeddable":true,"href":"https:\/\/espaicrater.com\/es\/wp-json\/wp\/v2\/media\/7142"}],"wp:attachment":[{"href":"https:\/\/espaicrater.com\/es\/wp-json\/wp\/v2\/media?parent=7411"}],"curies":[{"name":"wp","href":"https:\/\/api.w.org\/{rel}","templated":true}]}}