{"id":7420,"date":"2023-11-30T19:22:38","date_gmt":"2023-11-30T18:22:38","guid":{"rendered":"https:\/\/espaicrater.com\/estada-tematica-faberllull\/"},"modified":"2023-12-04T14:43:08","modified_gmt":"2023-12-04T13:43:08","slug":"estada-tematica-faberllull","status":"publish","type":"page","link":"https:\/\/espaicrater.com\/es\/estada-tematica-faberllull\/","title":{"rendered":"Espacios de innovaci\u00f3n local"},"content":{"rendered":"\n<p>La zona s\u00edsmica de Espai Cr\u00e0ter acogi\u00f3 el taller organizado por CoBoi Lab que puso en di\u00e1logo diferentes iniciativas de innovaci\u00f3n social de la Garrotxa y los asistentes a la residencia Faber. Un espacio de experimentaci\u00f3n y cocreaci\u00f3n con la ciudadan\u00eda para intervenciones estrat\u00e9gicas de la ciudad y metodolog\u00edas diversas de escucha, an\u00e1lisis y trabajo.<\/p>\n\n\n\n<figure class=\"wp-block-image size-large is-resized\"><img loading=\"lazy\" decoding=\"async\" width=\"2000\" height=\"1500\" src=\"https:\/\/espaicrater.com\/app\/uploads\/2023\/12\/IMG_20221108_160916-2000x1500.jpg\" alt=\"\" class=\"wp-image-7527\" style=\"aspect-ratio:1.3333333333333333;width:557px;height:auto\" srcset=\"https:\/\/espaicrater.com\/app\/uploads\/2023\/12\/IMG_20221108_160916-2000x1500.jpg 2000w, https:\/\/espaicrater.com\/app\/uploads\/2023\/12\/IMG_20221108_160916-300x225.jpg 300w, https:\/\/espaicrater.com\/app\/uploads\/2023\/12\/IMG_20221108_160916-768x576.jpg 768w, https:\/\/espaicrater.com\/app\/uploads\/2023\/12\/IMG_20221108_160916-1536x1152.jpg 1536w, https:\/\/espaicrater.com\/app\/uploads\/2023\/12\/IMG_20221108_160916-2048x1536.jpg 2048w\" sizes=\"auto, (max-width: 2000px) 100vw, 2000px\" \/><\/figure>\n","protected":false},"excerpt":{"rendered":"<p>La zona s\u00edsmica de Espai Cr\u00e0ter acogi\u00f3 el taller organizado por CoBoi Lab que puso en di\u00e1logo diferentes iniciativas de innovaci\u00f3n social de la Garrotxa y los asistentes a la residencia Faber. Un espacio de experimentaci\u00f3n y cocreaci\u00f3n con la ciudadan\u00eda para intervenciones estrat\u00e9gicas de la ciudad y metodolog\u00edas diversas de escucha, an\u00e1lisis y trabajo.<\/p>\n","protected":false},"author":2,"featured_media":7488,"parent":0,"menu_order":0,"comment_status":"closed","ping_status":"closed","template":"","meta":{"_acf_changed":false,"footnotes":""},"class_list":["post-7420","page","type-page","status-publish","has-post-thumbnail","hentry"],"acf":[],"yoast_head":"<title>Espacios de innovaci\u00f3n local - Espai Cr\u00e0ter<\/title>\n<meta name=\"robots\" content=\"index, follow, max-snippet:-1, max-image-preview:large, max-video-preview:-1\" \/>\n<link rel=\"canonical\" href=\"https:\/\/espaicrater.com\/es\/estada-tematica-faberllull\/\" \/>\n<meta property=\"og:locale\" content=\"es_ES\" \/>\n<meta property=\"og:type\" content=\"article\" \/>\n<meta property=\"og:title\" content=\"Espacios de innovaci\u00f3n local - Espai Cr\u00e0ter\" \/>\n<meta property=\"og:description\" content=\"La zona s\u00edsmica de Espai Cr\u00e0ter acogi\u00f3 el taller organizado por CoBoi Lab que puso en di\u00e1logo diferentes iniciativas de innovaci\u00f3n social de la Garrotxa y los asistentes a la residencia Faber. Un espacio de experimentaci\u00f3n y cocreaci\u00f3n con la ciudadan\u00eda para intervenciones estrat\u00e9gicas de la ciudad y metodolog\u00edas diversas de escucha, an\u00e1lisis y trabajo.\" \/>\n<meta property=\"og:url\" content=\"https:\/\/espaicrater.com\/es\/estada-tematica-faberllull\/\" \/>\n<meta property=\"og:site_name\" content=\"Espai Cr\u00e0ter\" \/>\n<meta property=\"article:modified_time\" content=\"2023-12-04T13:43:08+00:00\" \/>\n<meta property=\"og:image\" content=\"https:\/\/espaicrater.com\/app\/uploads\/2023\/12\/IMG_20221108_171201-scaled.jpg\" \/>\n\t<meta property=\"og:image:width\" content=\"2560\" \/>\n\t<meta property=\"og:image:height\" content=\"1920\" \/>\n\t<meta property=\"og:image:type\" content=\"image\/jpeg\" \/>\n<meta name=\"twitter:card\" content=\"summary_large_image\" \/>\n<script type=\"application\/ld+json\" class=\"yoast-schema-graph\">{\"@context\":\"https:\\\/\\\/schema.org\",\"@graph\":[{\"@type\":\"WebPage\",\"@id\":\"https:\\\/\\\/espaicrater.com\\\/es\\\/estada-tematica-faberllull\\\/\",\"url\":\"https:\\\/\\\/espaicrater.com\\\/es\\\/estada-tematica-faberllull\\\/\",\"name\":\"Espacios de innovaci\u00f3n local - Espai Cr\u00e0ter\",\"isPartOf\":{\"@id\":\"https:\\\/\\\/espaicrater.com\\\/#website\"},\"primaryImageOfPage\":{\"@id\":\"https:\\\/\\\/espaicrater.com\\\/es\\\/estada-tematica-faberllull\\\/#primaryimage\"},\"image\":{\"@id\":\"https:\\\/\\\/espaicrater.com\\\/es\\\/estada-tematica-faberllull\\\/#primaryimage\"},\"thumbnailUrl\":\"https:\\\/\\\/espaicrater.com\\\/app\\\/uploads\\\/2023\\\/12\\\/IMG_20221108_171201-scaled.jpg\",\"datePublished\":\"2023-11-30T18:22:38+00:00\",\"dateModified\":\"2023-12-04T13:43:08+00:00\",\"breadcrumb\":{\"@id\":\"https:\\\/\\\/espaicrater.com\\\/es\\\/estada-tematica-faberllull\\\/#breadcrumb\"},\"inLanguage\":\"es\",\"potentialAction\":[{\"@type\":\"ReadAction\",\"target\":[\"https:\\\/\\\/espaicrater.com\\\/es\\\/estada-tematica-faberllull\\\/\"]}]},{\"@type\":\"ImageObject\",\"inLanguage\":\"es\",\"@id\":\"https:\\\/\\\/espaicrater.com\\\/es\\\/estada-tematica-faberllull\\\/#primaryimage\",\"url\":\"https:\\\/\\\/espaicrater.com\\\/app\\\/uploads\\\/2023\\\/12\\\/IMG_20221108_171201-scaled.jpg\",\"contentUrl\":\"https:\\\/\\\/espaicrater.com\\\/app\\\/uploads\\\/2023\\\/12\\\/IMG_20221108_171201-scaled.jpg\",\"width\":2560,\"height\":1920},{\"@type\":\"BreadcrumbList\",\"@id\":\"https:\\\/\\\/espaicrater.com\\\/es\\\/estada-tematica-faberllull\\\/#breadcrumb\",\"itemListElement\":[{\"@type\":\"ListItem\",\"position\":1,\"name\":\"Inicio\",\"item\":\"https:\\\/\\\/espaicrater.com\\\/es\\\/\"},{\"@type\":\"ListItem\",\"position\":2,\"name\":\"Espacios de innovaci\u00f3n local\"}]},{\"@type\":\"WebSite\",\"@id\":\"https:\\\/\\\/espaicrater.com\\\/#website\",\"url\":\"https:\\\/\\\/espaicrater.com\\\/\",\"name\":\"Espai Cr\u00e0ter\",\"description\":\"Viatge al centre de la vida\",\"publisher\":{\"@id\":\"https:\\\/\\\/espaicrater.com\\\/#organization\"},\"potentialAction\":[{\"@type\":\"SearchAction\",\"target\":{\"@type\":\"EntryPoint\",\"urlTemplate\":\"https:\\\/\\\/espaicrater.com\\\/?s={search_term_string}\"},\"query-input\":{\"@type\":\"PropertyValueSpecification\",\"valueRequired\":true,\"valueName\":\"search_term_string\"}}],\"inLanguage\":\"es\"},{\"@type\":\"Organization\",\"@id\":\"https:\\\/\\\/espaicrater.com\\\/#organization\",\"name\":\"Espai Cr\u00e0ter\",\"url\":\"https:\\\/\\\/espaicrater.com\\\/\",\"logo\":{\"@type\":\"ImageObject\",\"inLanguage\":\"es\",\"@id\":\"https:\\\/\\\/espaicrater.com\\\/#\\\/schema\\\/logo\\\/image\\\/\",\"url\":\"https:\\\/\\\/espaicrater.com\\\/app\\\/uploads\\\/2022\\\/02\\\/espai-crater-1.png\",\"contentUrl\":\"https:\\\/\\\/espaicrater.com\\\/app\\\/uploads\\\/2022\\\/02\\\/espai-crater-1.png\",\"width\":801,\"height\":320,\"caption\":\"Espai Cr\u00e0ter\"},\"image\":{\"@id\":\"https:\\\/\\\/espaicrater.com\\\/#\\\/schema\\\/logo\\\/image\\\/\"}}]}<\/script>","yoast_head_json":{"title":"Espacios de innovaci\u00f3n local - Espai Cr\u00e0ter","robots":{"index":"index","follow":"follow","max-snippet":"max-snippet:-1","max-image-preview":"max-image-preview:large","max-video-preview":"max-video-preview:-1"},"canonical":"https:\/\/espaicrater.com\/es\/estada-tematica-faberllull\/","og_locale":"es_ES","og_type":"article","og_title":"Espacios de innovaci\u00f3n local - Espai Cr\u00e0ter","og_description":"La zona s\u00edsmica de Espai Cr\u00e0ter acogi\u00f3 el taller organizado por CoBoi Lab que puso en di\u00e1logo diferentes iniciativas de innovaci\u00f3n social de la Garrotxa y los asistentes a la residencia Faber. Un espacio de experimentaci\u00f3n y cocreaci\u00f3n con la ciudadan\u00eda para intervenciones estrat\u00e9gicas de la ciudad y metodolog\u00edas diversas de escucha, an\u00e1lisis y trabajo.","og_url":"https:\/\/espaicrater.com\/es\/estada-tematica-faberllull\/","og_site_name":"Espai Cr\u00e0ter","article_modified_time":"2023-12-04T13:43:08+00:00","og_image":[{"width":2560,"height":1920,"url":"https:\/\/espaicrater.com\/app\/uploads\/2023\/12\/IMG_20221108_171201-scaled.jpg","type":"image\/jpeg"}],"twitter_card":"summary_large_image","schema":{"@context":"https:\/\/schema.org","@graph":[{"@type":"WebPage","@id":"https:\/\/espaicrater.com\/es\/estada-tematica-faberllull\/","url":"https:\/\/espaicrater.com\/es\/estada-tematica-faberllull\/","name":"Espacios de innovaci\u00f3n local - Espai Cr\u00e0ter","isPartOf":{"@id":"https:\/\/espaicrater.com\/#website"},"primaryImageOfPage":{"@id":"https:\/\/espaicrater.com\/es\/estada-tematica-faberllull\/#primaryimage"},"image":{"@id":"https:\/\/espaicrater.com\/es\/estada-tematica-faberllull\/#primaryimage"},"thumbnailUrl":"https:\/\/espaicrater.com\/app\/uploads\/2023\/12\/IMG_20221108_171201-scaled.jpg","datePublished":"2023-11-30T18:22:38+00:00","dateModified":"2023-12-04T13:43:08+00:00","breadcrumb":{"@id":"https:\/\/espaicrater.com\/es\/estada-tematica-faberllull\/#breadcrumb"},"inLanguage":"es","potentialAction":[{"@type":"ReadAction","target":["https:\/\/espaicrater.com\/es\/estada-tematica-faberllull\/"]}]},{"@type":"ImageObject","inLanguage":"es","@id":"https:\/\/espaicrater.com\/es\/estada-tematica-faberllull\/#primaryimage","url":"https:\/\/espaicrater.com\/app\/uploads\/2023\/12\/IMG_20221108_171201-scaled.jpg","contentUrl":"https:\/\/espaicrater.com\/app\/uploads\/2023\/12\/IMG_20221108_171201-scaled.jpg","width":2560,"height":1920},{"@type":"BreadcrumbList","@id":"https:\/\/espaicrater.com\/es\/estada-tematica-faberllull\/#breadcrumb","itemListElement":[{"@type":"ListItem","position":1,"name":"Inicio","item":"https:\/\/espaicrater.com\/es\/"},{"@type":"ListItem","position":2,"name":"Espacios de innovaci\u00f3n local"}]},{"@type":"WebSite","@id":"https:\/\/espaicrater.com\/#website","url":"https:\/\/espaicrater.com\/","name":"Espai Cr\u00e0ter","description":"Viatge al centre de la vida","publisher":{"@id":"https:\/\/espaicrater.com\/#organization"},"potentialAction":[{"@type":"SearchAction","target":{"@type":"EntryPoint","urlTemplate":"https:\/\/espaicrater.com\/?s={search_term_string}"},"query-input":{"@type":"PropertyValueSpecification","valueRequired":true,"valueName":"search_term_string"}}],"inLanguage":"es"},{"@type":"Organization","@id":"https:\/\/espaicrater.com\/#organization","name":"Espai Cr\u00e0ter","url":"https:\/\/espaicrater.com\/","logo":{"@type":"ImageObject","inLanguage":"es","@id":"https:\/\/espaicrater.com\/#\/schema\/logo\/image\/","url":"https:\/\/espaicrater.com\/app\/uploads\/2022\/02\/espai-crater-1.png","contentUrl":"https:\/\/espaicrater.com\/app\/uploads\/2022\/02\/espai-crater-1.png","width":801,"height":320,"caption":"Espai Cr\u00e0ter"},"image":{"@id":"https:\/\/espaicrater.com\/#\/schema\/logo\/image\/"}}]}},"_links":{"self":[{"href":"https:\/\/espaicrater.com\/es\/wp-json\/wp\/v2\/pages\/7420","targetHints":{"allow":["GET"]}}],"collection":[{"href":"https:\/\/espaicrater.com\/es\/wp-json\/wp\/v2\/pages"}],"about":[{"href":"https:\/\/espaicrater.com\/es\/wp-json\/wp\/v2\/types\/page"}],"author":[{"embeddable":true,"href":"https:\/\/espaicrater.com\/es\/wp-json\/wp\/v2\/users\/2"}],"replies":[{"embeddable":true,"href":"https:\/\/espaicrater.com\/es\/wp-json\/wp\/v2\/comments?post=7420"}],"version-history":[{"count":5,"href":"https:\/\/espaicrater.com\/es\/wp-json\/wp\/v2\/pages\/7420\/revisions"}],"predecessor-version":[{"id":7530,"href":"https:\/\/espaicrater.com\/es\/wp-json\/wp\/v2\/pages\/7420\/revisions\/7530"}],"wp:featuredmedia":[{"embeddable":true,"href":"https:\/\/espaicrater.com\/es\/wp-json\/wp\/v2\/media\/7488"}],"wp:attachment":[{"href":"https:\/\/espaicrater.com\/es\/wp-json\/wp\/v2\/media?parent=7420"}],"curies":[{"name":"wp","href":"https:\/\/api.w.org\/{rel}","templated":true}]}}