{"id":7436,"date":"2023-11-30T19:20:38","date_gmt":"2023-11-30T18:20:38","guid":{"rendered":"https:\/\/espaicrater.com\/sentim-pequin-en-comu\/"},"modified":"2023-12-04T14:38:55","modified_gmt":"2023-12-04T13:38:55","slug":"sentim-pequin-en-comu","status":"publish","type":"page","link":"https:\/\/espaicrater.com\/es\/sentim-pequin-en-comu\/","title":{"rendered":"Sentimos Pequ\u00edn en com\u00fan"},"content":{"rendered":"\n<p>Hay tantos Pequines como personas lo habitan. La multiculturalidad de este barrio lo convierte en un lugar donde diferentes lugares est\u00e1n presentes, cuya memoria acompa\u00f1a a todas las personas que viven en \u00e9l. Como todo espacio urbano, es un mosaico formado por experiencias, historias, personas que nos recuerdan lo que ha sido, pero tambi\u00e9n lo que es ahora. Sus v\u00ednculos y su comunidad son un espacio esencial para imaginar qu\u00e9 ser\u00e1 en un futuro. <\/p>\n\n\n\n<p>Sentimos Pequ\u00edn en com\u00fan es una propuesta de Adela V\u00e1zquez, maestra en trabajo social por la UNAM (M\u00e9xico), de recorrido por el barrio de Pequ\u00edn para conocer sus lugares esenciales y las personas que forman parte de \u00e9l.<\/p>\n\n\n\n<figure class=\"wp-block-image size-large\"><img loading=\"lazy\" decoding=\"async\" width=\"2000\" height=\"1336\" src=\"https:\/\/espaicrater.com\/app\/uploads\/2023\/11\/DSC02882-1-2000x1336.jpg\" alt=\"\" class=\"wp-image-7252\" srcset=\"https:\/\/espaicrater.com\/app\/uploads\/2023\/11\/DSC02882-1-2000x1336.jpg 2000w, https:\/\/espaicrater.com\/app\/uploads\/2023\/11\/DSC02882-1-300x200.jpg 300w, https:\/\/espaicrater.com\/app\/uploads\/2023\/11\/DSC02882-1-768x513.jpg 768w, https:\/\/espaicrater.com\/app\/uploads\/2023\/11\/DSC02882-1-1536x1026.jpg 1536w, https:\/\/espaicrater.com\/app\/uploads\/2023\/11\/DSC02882-1-2048x1368.jpg 2048w\" sizes=\"auto, (max-width: 2000px) 100vw, 2000px\" \/><\/figure>\n","protected":false},"excerpt":{"rendered":"<p>Hay tantos Pequines como personas lo habitan. La multiculturalidad de este barrio lo convierte en un lugar donde diferentes lugares est\u00e1n presentes, cuya memoria acompa\u00f1a a todas las personas que viven en \u00e9l. Como todo espacio urbano, es un mosaico formado por experiencias, historias, personas que nos recuerdan lo que ha sido, pero tambi\u00e9n lo &hellip; <a href=\"https:\/\/espaicrater.com\/es\/sentim-pequin-en-comu\/\">Continued<\/a><\/p>\n","protected":false},"author":2,"featured_media":7251,"parent":0,"menu_order":0,"comment_status":"closed","ping_status":"closed","template":"","meta":{"_acf_changed":false,"footnotes":""},"class_list":["post-7436","page","type-page","status-publish","has-post-thumbnail","hentry"],"acf":[],"yoast_head":"<title>Sentimos Pequ\u00edn en com\u00fan - Espai Cr\u00e0ter<\/title>\n<meta name=\"robots\" content=\"index, follow, max-snippet:-1, max-image-preview:large, max-video-preview:-1\" \/>\n<link rel=\"canonical\" href=\"https:\/\/espaicrater.com\/es\/sentim-pequin-en-comu\/\" \/>\n<meta property=\"og:locale\" content=\"es_ES\" \/>\n<meta property=\"og:type\" content=\"article\" \/>\n<meta property=\"og:title\" content=\"Sentimos Pequ\u00edn en com\u00fan - Espai Cr\u00e0ter\" \/>\n<meta property=\"og:description\" content=\"Hay tantos Pequines como personas lo habitan. La multiculturalidad de este barrio lo convierte en un lugar donde diferentes lugares est\u00e1n presentes, cuya memoria acompa\u00f1a a todas las personas que viven en \u00e9l. Como todo espacio urbano, es un mosaico formado por experiencias, historias, personas que nos recuerdan lo que ha sido, pero tambi\u00e9n lo &hellip; Continued\" \/>\n<meta property=\"og:url\" content=\"https:\/\/espaicrater.com\/es\/sentim-pequin-en-comu\/\" \/>\n<meta property=\"og:site_name\" content=\"Espai Cr\u00e0ter\" \/>\n<meta property=\"article:modified_time\" content=\"2023-12-04T13:38:55+00:00\" \/>\n<meta property=\"og:image\" content=\"https:\/\/espaicrater.com\/app\/uploads\/2023\/11\/DSC02836-scaled.jpg\" \/>\n\t<meta property=\"og:image:width\" content=\"2560\" \/>\n\t<meta property=\"og:image:height\" content=\"1710\" \/>\n\t<meta property=\"og:image:type\" content=\"image\/jpeg\" \/>\n<meta name=\"twitter:card\" content=\"summary_large_image\" \/>\n<meta name=\"twitter:label1\" content=\"Tiempo de lectura\" \/>\n\t<meta name=\"twitter:data1\" content=\"1 minuto\" \/>\n<script type=\"application\/ld+json\" class=\"yoast-schema-graph\">{\"@context\":\"https:\\\/\\\/schema.org\",\"@graph\":[{\"@type\":\"WebPage\",\"@id\":\"https:\\\/\\\/espaicrater.com\\\/es\\\/sentim-pequin-en-comu\\\/\",\"url\":\"https:\\\/\\\/espaicrater.com\\\/es\\\/sentim-pequin-en-comu\\\/\",\"name\":\"Sentimos Pequ\u00edn en com\u00fan - Espai Cr\u00e0ter\",\"isPartOf\":{\"@id\":\"https:\\\/\\\/espaicrater.com\\\/#website\"},\"primaryImageOfPage\":{\"@id\":\"https:\\\/\\\/espaicrater.com\\\/es\\\/sentim-pequin-en-comu\\\/#primaryimage\"},\"image\":{\"@id\":\"https:\\\/\\\/espaicrater.com\\\/es\\\/sentim-pequin-en-comu\\\/#primaryimage\"},\"thumbnailUrl\":\"https:\\\/\\\/espaicrater.com\\\/app\\\/uploads\\\/2023\\\/11\\\/DSC02836-scaled.jpg\",\"datePublished\":\"2023-11-30T18:20:38+00:00\",\"dateModified\":\"2023-12-04T13:38:55+00:00\",\"breadcrumb\":{\"@id\":\"https:\\\/\\\/espaicrater.com\\\/es\\\/sentim-pequin-en-comu\\\/#breadcrumb\"},\"inLanguage\":\"es\",\"potentialAction\":[{\"@type\":\"ReadAction\",\"target\":[\"https:\\\/\\\/espaicrater.com\\\/es\\\/sentim-pequin-en-comu\\\/\"]}]},{\"@type\":\"ImageObject\",\"inLanguage\":\"es\",\"@id\":\"https:\\\/\\\/espaicrater.com\\\/es\\\/sentim-pequin-en-comu\\\/#primaryimage\",\"url\":\"https:\\\/\\\/espaicrater.com\\\/app\\\/uploads\\\/2023\\\/11\\\/DSC02836-scaled.jpg\",\"contentUrl\":\"https:\\\/\\\/espaicrater.com\\\/app\\\/uploads\\\/2023\\\/11\\\/DSC02836-scaled.jpg\",\"width\":2560,\"height\":1710},{\"@type\":\"BreadcrumbList\",\"@id\":\"https:\\\/\\\/espaicrater.com\\\/es\\\/sentim-pequin-en-comu\\\/#breadcrumb\",\"itemListElement\":[{\"@type\":\"ListItem\",\"position\":1,\"name\":\"Inicio\",\"item\":\"https:\\\/\\\/espaicrater.com\\\/es\\\/\"},{\"@type\":\"ListItem\",\"position\":2,\"name\":\"Sentimos Pequ\u00edn en com\u00fan\"}]},{\"@type\":\"WebSite\",\"@id\":\"https:\\\/\\\/espaicrater.com\\\/#website\",\"url\":\"https:\\\/\\\/espaicrater.com\\\/\",\"name\":\"Espai Cr\u00e0ter\",\"description\":\"Viatge al centre de la vida\",\"publisher\":{\"@id\":\"https:\\\/\\\/espaicrater.com\\\/#organization\"},\"potentialAction\":[{\"@type\":\"SearchAction\",\"target\":{\"@type\":\"EntryPoint\",\"urlTemplate\":\"https:\\\/\\\/espaicrater.com\\\/?s={search_term_string}\"},\"query-input\":{\"@type\":\"PropertyValueSpecification\",\"valueRequired\":true,\"valueName\":\"search_term_string\"}}],\"inLanguage\":\"es\"},{\"@type\":\"Organization\",\"@id\":\"https:\\\/\\\/espaicrater.com\\\/#organization\",\"name\":\"Espai Cr\u00e0ter\",\"url\":\"https:\\\/\\\/espaicrater.com\\\/\",\"logo\":{\"@type\":\"ImageObject\",\"inLanguage\":\"es\",\"@id\":\"https:\\\/\\\/espaicrater.com\\\/#\\\/schema\\\/logo\\\/image\\\/\",\"url\":\"https:\\\/\\\/espaicrater.com\\\/app\\\/uploads\\\/2022\\\/02\\\/espai-crater-1.png\",\"contentUrl\":\"https:\\\/\\\/espaicrater.com\\\/app\\\/uploads\\\/2022\\\/02\\\/espai-crater-1.png\",\"width\":801,\"height\":320,\"caption\":\"Espai Cr\u00e0ter\"},\"image\":{\"@id\":\"https:\\\/\\\/espaicrater.com\\\/#\\\/schema\\\/logo\\\/image\\\/\"}}]}<\/script>","yoast_head_json":{"title":"Sentimos Pequ\u00edn en com\u00fan - Espai Cr\u00e0ter","robots":{"index":"index","follow":"follow","max-snippet":"max-snippet:-1","max-image-preview":"max-image-preview:large","max-video-preview":"max-video-preview:-1"},"canonical":"https:\/\/espaicrater.com\/es\/sentim-pequin-en-comu\/","og_locale":"es_ES","og_type":"article","og_title":"Sentimos Pequ\u00edn en com\u00fan - Espai Cr\u00e0ter","og_description":"Hay tantos Pequines como personas lo habitan. La multiculturalidad de este barrio lo convierte en un lugar donde diferentes lugares est\u00e1n presentes, cuya memoria acompa\u00f1a a todas las personas que viven en \u00e9l. Como todo espacio urbano, es un mosaico formado por experiencias, historias, personas que nos recuerdan lo que ha sido, pero tambi\u00e9n lo &hellip; Continued","og_url":"https:\/\/espaicrater.com\/es\/sentim-pequin-en-comu\/","og_site_name":"Espai Cr\u00e0ter","article_modified_time":"2023-12-04T13:38:55+00:00","og_image":[{"width":2560,"height":1710,"url":"https:\/\/espaicrater.com\/app\/uploads\/2023\/11\/DSC02836-scaled.jpg","type":"image\/jpeg"}],"twitter_card":"summary_large_image","twitter_misc":{"Tiempo de lectura":"1 minuto"},"schema":{"@context":"https:\/\/schema.org","@graph":[{"@type":"WebPage","@id":"https:\/\/espaicrater.com\/es\/sentim-pequin-en-comu\/","url":"https:\/\/espaicrater.com\/es\/sentim-pequin-en-comu\/","name":"Sentimos Pequ\u00edn en com\u00fan - Espai Cr\u00e0ter","isPartOf":{"@id":"https:\/\/espaicrater.com\/#website"},"primaryImageOfPage":{"@id":"https:\/\/espaicrater.com\/es\/sentim-pequin-en-comu\/#primaryimage"},"image":{"@id":"https:\/\/espaicrater.com\/es\/sentim-pequin-en-comu\/#primaryimage"},"thumbnailUrl":"https:\/\/espaicrater.com\/app\/uploads\/2023\/11\/DSC02836-scaled.jpg","datePublished":"2023-11-30T18:20:38+00:00","dateModified":"2023-12-04T13:38:55+00:00","breadcrumb":{"@id":"https:\/\/espaicrater.com\/es\/sentim-pequin-en-comu\/#breadcrumb"},"inLanguage":"es","potentialAction":[{"@type":"ReadAction","target":["https:\/\/espaicrater.com\/es\/sentim-pequin-en-comu\/"]}]},{"@type":"ImageObject","inLanguage":"es","@id":"https:\/\/espaicrater.com\/es\/sentim-pequin-en-comu\/#primaryimage","url":"https:\/\/espaicrater.com\/app\/uploads\/2023\/11\/DSC02836-scaled.jpg","contentUrl":"https:\/\/espaicrater.com\/app\/uploads\/2023\/11\/DSC02836-scaled.jpg","width":2560,"height":1710},{"@type":"BreadcrumbList","@id":"https:\/\/espaicrater.com\/es\/sentim-pequin-en-comu\/#breadcrumb","itemListElement":[{"@type":"ListItem","position":1,"name":"Inicio","item":"https:\/\/espaicrater.com\/es\/"},{"@type":"ListItem","position":2,"name":"Sentimos Pequ\u00edn en com\u00fan"}]},{"@type":"WebSite","@id":"https:\/\/espaicrater.com\/#website","url":"https:\/\/espaicrater.com\/","name":"Espai Cr\u00e0ter","description":"Viatge al centre de la vida","publisher":{"@id":"https:\/\/espaicrater.com\/#organization"},"potentialAction":[{"@type":"SearchAction","target":{"@type":"EntryPoint","urlTemplate":"https:\/\/espaicrater.com\/?s={search_term_string}"},"query-input":{"@type":"PropertyValueSpecification","valueRequired":true,"valueName":"search_term_string"}}],"inLanguage":"es"},{"@type":"Organization","@id":"https:\/\/espaicrater.com\/#organization","name":"Espai Cr\u00e0ter","url":"https:\/\/espaicrater.com\/","logo":{"@type":"ImageObject","inLanguage":"es","@id":"https:\/\/espaicrater.com\/#\/schema\/logo\/image\/","url":"https:\/\/espaicrater.com\/app\/uploads\/2022\/02\/espai-crater-1.png","contentUrl":"https:\/\/espaicrater.com\/app\/uploads\/2022\/02\/espai-crater-1.png","width":801,"height":320,"caption":"Espai Cr\u00e0ter"},"image":{"@id":"https:\/\/espaicrater.com\/#\/schema\/logo\/image\/"}}]}},"_links":{"self":[{"href":"https:\/\/espaicrater.com\/es\/wp-json\/wp\/v2\/pages\/7436","targetHints":{"allow":["GET"]}}],"collection":[{"href":"https:\/\/espaicrater.com\/es\/wp-json\/wp\/v2\/pages"}],"about":[{"href":"https:\/\/espaicrater.com\/es\/wp-json\/wp\/v2\/types\/page"}],"author":[{"embeddable":true,"href":"https:\/\/espaicrater.com\/es\/wp-json\/wp\/v2\/users\/2"}],"replies":[{"embeddable":true,"href":"https:\/\/espaicrater.com\/es\/wp-json\/wp\/v2\/comments?post=7436"}],"version-history":[{"count":1,"href":"https:\/\/espaicrater.com\/es\/wp-json\/wp\/v2\/pages\/7436\/revisions"}],"predecessor-version":[{"id":7438,"href":"https:\/\/espaicrater.com\/es\/wp-json\/wp\/v2\/pages\/7436\/revisions\/7438"}],"wp:featuredmedia":[{"embeddable":true,"href":"https:\/\/espaicrater.com\/es\/wp-json\/wp\/v2\/media\/7251"}],"wp:attachment":[{"href":"https:\/\/espaicrater.com\/es\/wp-json\/wp\/v2\/media?parent=7436"}],"curies":[{"name":"wp","href":"https:\/\/api.w.org\/{rel}","templated":true}]}}