{"id":8064,"date":"2023-05-23T16:33:27","date_gmt":"2023-05-23T14:33:27","guid":{"rendered":"https:\/\/espaicrater.com\/explora\/iniciativas\/los-grandes-interrogantes-de-la-ciencia\/albert-magnet-moli-blanca-pairo-puig-daniel-carrillo-martin-i-francesc-pou-bolibar-que-en-sabem-dels-rapinyaries-nocturns-de-la-garrotxa\/"},"modified":"2024-01-23T18:38:54","modified_gmt":"2024-01-23T17:38:54","slug":"albert-magnet-moli-blanca-pairo-puig-daniel-carrillo-martin-i-francesc-pou-bolibar-que-en-sabem-dels-rapinyaries-nocturns-de-la-garrotxa","status":"publish","type":"page","link":"https:\/\/espaicrater.com\/es\/explora\/iniciativas\/los-grandes-interrogantes-de-la-ciencia\/albert-magnet-moli-blanca-pairo-puig-daniel-carrillo-martin-i-francesc-pou-bolibar-que-en-sabem-dels-rapinyaries-nocturns-de-la-garrotxa\/","title":{"rendered":"Albert Magnet Mol\u00ed, Blanca Pair\u00f3 Puig, Daniel Carrillo Mart\u00edn i Francesc Pou Bol\u00edbar &#8211; \u00bfQu\u00e9 sabemos de las aves rapaces nocturnas de la Garrotxa?"},"content":{"rendered":"","protected":false},"excerpt":{"rendered":"","protected":false},"author":2,"featured_media":5465,"parent":969,"menu_order":0,"comment_status":"closed","ping_status":"closed","template":"flexible.blade.php","meta":{"_acf_changed":false,"footnotes":""},"class_list":["post-8064","page","type-page","status-publish","has-post-thumbnail","hentry"],"acf":[],"yoast_head":"<title>Albert Magnet Mol\u00ed, Blanca Pair\u00f3 Puig, Daniel Carrillo Mart\u00edn i Francesc Pou Bol\u00edbar - \u00bfQu\u00e9 sabemos de las aves rapaces nocturnas de la Garrotxa? - Espai Cr\u00e0ter<\/title>\n<meta name=\"description\" content=\"Albert Magnet Mol\u00ed, Blanca Pair\u00f3 Puig, Daniel Carrillo Mart\u00edn y Francesc Pou Bol\u00edbar presentan &#039;\u00bfQu\u00e9 sabemos de las aves rapaces nocturnas de la Garrotxa?&#039;\" \/>\n<meta name=\"robots\" content=\"index, follow, max-snippet:-1, max-image-preview:large, max-video-preview:-1\" \/>\n<link rel=\"canonical\" href=\"https:\/\/espaicrater.com\/es\/explora\/iniciativas\/los-grandes-interrogantes-de-la-ciencia\/albert-magnet-moli-blanca-pairo-puig-daniel-carrillo-martin-i-francesc-pou-bolibar-que-en-sabem-dels-rapinyaries-nocturns-de-la-garrotxa\/\" \/>\n<meta property=\"og:locale\" content=\"es_ES\" \/>\n<meta property=\"og:type\" content=\"article\" \/>\n<meta property=\"og:title\" content=\"Albert Magnet Mol\u00ed, Blanca Pair\u00f3 Puig, Daniel Carrillo Mart\u00edn i Francesc Pou Bol\u00edbar - \u00bfQu\u00e9 sabemos de las aves rapaces nocturnas de la Garrotxa? - Espai Cr\u00e0ter\" \/>\n<meta property=\"og:description\" content=\"Albert Magnet Mol\u00ed, Blanca Pair\u00f3 Puig, Daniel Carrillo Mart\u00edn y Francesc Pou Bol\u00edbar presentan &#039;\u00bfQu\u00e9 sabemos de las aves rapaces nocturnas de la Garrotxa?&#039;\" \/>\n<meta property=\"og:url\" content=\"https:\/\/espaicrater.com\/es\/explora\/iniciativas\/los-grandes-interrogantes-de-la-ciencia\/albert-magnet-moli-blanca-pairo-puig-daniel-carrillo-martin-i-francesc-pou-bolibar-que-en-sabem-dels-rapinyaries-nocturns-de-la-garrotxa\/\" \/>\n<meta property=\"og:site_name\" content=\"Espai Cr\u00e0ter\" \/>\n<meta property=\"article:modified_time\" content=\"2024-01-23T17:38:54+00:00\" \/>\n<meta property=\"og:image\" content=\"https:\/\/espaicrater.com\/app\/uploads\/2023\/05\/IMG-20230519-WA0004-1.jpg\" \/>\n\t<meta property=\"og:image:width\" content=\"2048\" \/>\n\t<meta property=\"og:image:height\" content=\"1152\" \/>\n\t<meta property=\"og:image:type\" content=\"image\/jpeg\" \/>\n<meta name=\"twitter:card\" content=\"summary_large_image\" \/>\n<script type=\"application\/ld+json\" class=\"yoast-schema-graph\">{\"@context\":\"https:\\\/\\\/schema.org\",\"@graph\":[{\"@type\":\"WebPage\",\"@id\":\"https:\\\/\\\/espaicrater.com\\\/es\\\/explora\\\/iniciativas\\\/los-grandes-interrogantes-de-la-ciencia\\\/albert-magnet-moli-blanca-pairo-puig-daniel-carrillo-martin-i-francesc-pou-bolibar-que-en-sabem-dels-rapinyaries-nocturns-de-la-garrotxa\\\/\",\"url\":\"https:\\\/\\\/espaicrater.com\\\/es\\\/explora\\\/iniciativas\\\/los-grandes-interrogantes-de-la-ciencia\\\/albert-magnet-moli-blanca-pairo-puig-daniel-carrillo-martin-i-francesc-pou-bolibar-que-en-sabem-dels-rapinyaries-nocturns-de-la-garrotxa\\\/\",\"name\":\"Albert Magnet Mol\u00ed, Blanca Pair\u00f3 Puig, Daniel Carrillo Mart\u00edn i Francesc Pou Bol\u00edbar - \u00bfQu\u00e9 sabemos de las aves rapaces nocturnas de la Garrotxa? - Espai Cr\u00e0ter\",\"isPartOf\":{\"@id\":\"https:\\\/\\\/espaicrater.com\\\/#website\"},\"primaryImageOfPage\":{\"@id\":\"https:\\\/\\\/espaicrater.com\\\/es\\\/explora\\\/iniciativas\\\/los-grandes-interrogantes-de-la-ciencia\\\/albert-magnet-moli-blanca-pairo-puig-daniel-carrillo-martin-i-francesc-pou-bolibar-que-en-sabem-dels-rapinyaries-nocturns-de-la-garrotxa\\\/#primaryimage\"},\"image\":{\"@id\":\"https:\\\/\\\/espaicrater.com\\\/es\\\/explora\\\/iniciativas\\\/los-grandes-interrogantes-de-la-ciencia\\\/albert-magnet-moli-blanca-pairo-puig-daniel-carrillo-martin-i-francesc-pou-bolibar-que-en-sabem-dels-rapinyaries-nocturns-de-la-garrotxa\\\/#primaryimage\"},\"thumbnailUrl\":\"https:\\\/\\\/espaicrater.com\\\/app\\\/uploads\\\/2023\\\/05\\\/IMG-20230519-WA0004-1.jpg\",\"datePublished\":\"2023-05-23T14:33:27+00:00\",\"dateModified\":\"2024-01-23T17:38:54+00:00\",\"description\":\"Albert Magnet Mol\u00ed, Blanca Pair\u00f3 Puig, Daniel Carrillo Mart\u00edn y Francesc Pou Bol\u00edbar presentan '\u00bfQu\u00e9 sabemos de las aves rapaces nocturnas de la Garrotxa?'\",\"breadcrumb\":{\"@id\":\"https:\\\/\\\/espaicrater.com\\\/es\\\/explora\\\/iniciativas\\\/los-grandes-interrogantes-de-la-ciencia\\\/albert-magnet-moli-blanca-pairo-puig-daniel-carrillo-martin-i-francesc-pou-bolibar-que-en-sabem-dels-rapinyaries-nocturns-de-la-garrotxa\\\/#breadcrumb\"},\"inLanguage\":\"es\",\"potentialAction\":[{\"@type\":\"ReadAction\",\"target\":[\"https:\\\/\\\/espaicrater.com\\\/es\\\/explora\\\/iniciativas\\\/los-grandes-interrogantes-de-la-ciencia\\\/albert-magnet-moli-blanca-pairo-puig-daniel-carrillo-martin-i-francesc-pou-bolibar-que-en-sabem-dels-rapinyaries-nocturns-de-la-garrotxa\\\/\"]}]},{\"@type\":\"ImageObject\",\"inLanguage\":\"es\",\"@id\":\"https:\\\/\\\/espaicrater.com\\\/es\\\/explora\\\/iniciativas\\\/los-grandes-interrogantes-de-la-ciencia\\\/albert-magnet-moli-blanca-pairo-puig-daniel-carrillo-martin-i-francesc-pou-bolibar-que-en-sabem-dels-rapinyaries-nocturns-de-la-garrotxa\\\/#primaryimage\",\"url\":\"https:\\\/\\\/espaicrater.com\\\/app\\\/uploads\\\/2023\\\/05\\\/IMG-20230519-WA0004-1.jpg\",\"contentUrl\":\"https:\\\/\\\/espaicrater.com\\\/app\\\/uploads\\\/2023\\\/05\\\/IMG-20230519-WA0004-1.jpg\",\"width\":2048,\"height\":1152},{\"@type\":\"BreadcrumbList\",\"@id\":\"https:\\\/\\\/espaicrater.com\\\/es\\\/explora\\\/iniciativas\\\/los-grandes-interrogantes-de-la-ciencia\\\/albert-magnet-moli-blanca-pairo-puig-daniel-carrillo-martin-i-francesc-pou-bolibar-que-en-sabem-dels-rapinyaries-nocturns-de-la-garrotxa\\\/#breadcrumb\",\"itemListElement\":[{\"@type\":\"ListItem\",\"position\":1,\"name\":\"Inicio\",\"item\":\"https:\\\/\\\/espaicrater.com\\\/es\\\/\"},{\"@type\":\"ListItem\",\"position\":2,\"name\":\"Explora\",\"item\":\"https:\\\/\\\/espaicrater.com\\\/es\\\/explora\\\/\"},{\"@type\":\"ListItem\",\"position\":3,\"name\":\"Iniciativas\",\"item\":\"https:\\\/\\\/espaicrater.com\\\/es\\\/explora\\\/iniciativas\\\/\"},{\"@type\":\"ListItem\",\"position\":4,\"name\":\"Los grandes interrogantes de la ciencia\",\"item\":\"https:\\\/\\\/espaicrater.com\\\/es\\\/explora\\\/iniciativas\\\/los-grandes-interrogantes-de-la-ciencia\\\/\"},{\"@type\":\"ListItem\",\"position\":5,\"name\":\"Albert Magnet Mol\u00ed, Blanca Pair\u00f3 Puig, Daniel Carrillo Mart\u00edn i Francesc Pou Bol\u00edbar &#8211; \u00bfQu\u00e9 sabemos de las aves rapaces nocturnas de la Garrotxa?\"}]},{\"@type\":\"WebSite\",\"@id\":\"https:\\\/\\\/espaicrater.com\\\/#website\",\"url\":\"https:\\\/\\\/espaicrater.com\\\/\",\"name\":\"Espai Cr\u00e0ter\",\"description\":\"Viatge al centre de la vida\",\"publisher\":{\"@id\":\"https:\\\/\\\/espaicrater.com\\\/#organization\"},\"potentialAction\":[{\"@type\":\"SearchAction\",\"target\":{\"@type\":\"EntryPoint\",\"urlTemplate\":\"https:\\\/\\\/espaicrater.com\\\/?s={search_term_string}\"},\"query-input\":{\"@type\":\"PropertyValueSpecification\",\"valueRequired\":true,\"valueName\":\"search_term_string\"}}],\"inLanguage\":\"es\"},{\"@type\":\"Organization\",\"@id\":\"https:\\\/\\\/espaicrater.com\\\/#organization\",\"name\":\"Espai Cr\u00e0ter\",\"url\":\"https:\\\/\\\/espaicrater.com\\\/\",\"logo\":{\"@type\":\"ImageObject\",\"inLanguage\":\"es\",\"@id\":\"https:\\\/\\\/espaicrater.com\\\/#\\\/schema\\\/logo\\\/image\\\/\",\"url\":\"https:\\\/\\\/espaicrater.com\\\/app\\\/uploads\\\/2022\\\/02\\\/espai-crater-1.png\",\"contentUrl\":\"https:\\\/\\\/espaicrater.com\\\/app\\\/uploads\\\/2022\\\/02\\\/espai-crater-1.png\",\"width\":801,\"height\":320,\"caption\":\"Espai Cr\u00e0ter\"},\"image\":{\"@id\":\"https:\\\/\\\/espaicrater.com\\\/#\\\/schema\\\/logo\\\/image\\\/\"}}]}<\/script>","yoast_head_json":{"title":"Albert Magnet Mol\u00ed, Blanca Pair\u00f3 Puig, Daniel Carrillo Mart\u00edn i Francesc Pou Bol\u00edbar - \u00bfQu\u00e9 sabemos de las aves rapaces nocturnas de la Garrotxa? - Espai Cr\u00e0ter","description":"Albert Magnet Mol\u00ed, Blanca Pair\u00f3 Puig, Daniel Carrillo Mart\u00edn y Francesc Pou Bol\u00edbar presentan '\u00bfQu\u00e9 sabemos de las aves rapaces nocturnas de la Garrotxa?'","robots":{"index":"index","follow":"follow","max-snippet":"max-snippet:-1","max-image-preview":"max-image-preview:large","max-video-preview":"max-video-preview:-1"},"canonical":"https:\/\/espaicrater.com\/es\/explora\/iniciativas\/los-grandes-interrogantes-de-la-ciencia\/albert-magnet-moli-blanca-pairo-puig-daniel-carrillo-martin-i-francesc-pou-bolibar-que-en-sabem-dels-rapinyaries-nocturns-de-la-garrotxa\/","og_locale":"es_ES","og_type":"article","og_title":"Albert Magnet Mol\u00ed, Blanca Pair\u00f3 Puig, Daniel Carrillo Mart\u00edn i Francesc Pou Bol\u00edbar - \u00bfQu\u00e9 sabemos de las aves rapaces nocturnas de la Garrotxa? - Espai Cr\u00e0ter","og_description":"Albert Magnet Mol\u00ed, Blanca Pair\u00f3 Puig, Daniel Carrillo Mart\u00edn y Francesc Pou Bol\u00edbar presentan '\u00bfQu\u00e9 sabemos de las aves rapaces nocturnas de la Garrotxa?'","og_url":"https:\/\/espaicrater.com\/es\/explora\/iniciativas\/los-grandes-interrogantes-de-la-ciencia\/albert-magnet-moli-blanca-pairo-puig-daniel-carrillo-martin-i-francesc-pou-bolibar-que-en-sabem-dels-rapinyaries-nocturns-de-la-garrotxa\/","og_site_name":"Espai Cr\u00e0ter","article_modified_time":"2024-01-23T17:38:54+00:00","og_image":[{"width":2048,"height":1152,"url":"https:\/\/espaicrater.com\/app\/uploads\/2023\/05\/IMG-20230519-WA0004-1.jpg","type":"image\/jpeg"}],"twitter_card":"summary_large_image","schema":{"@context":"https:\/\/schema.org","@graph":[{"@type":"WebPage","@id":"https:\/\/espaicrater.com\/es\/explora\/iniciativas\/los-grandes-interrogantes-de-la-ciencia\/albert-magnet-moli-blanca-pairo-puig-daniel-carrillo-martin-i-francesc-pou-bolibar-que-en-sabem-dels-rapinyaries-nocturns-de-la-garrotxa\/","url":"https:\/\/espaicrater.com\/es\/explora\/iniciativas\/los-grandes-interrogantes-de-la-ciencia\/albert-magnet-moli-blanca-pairo-puig-daniel-carrillo-martin-i-francesc-pou-bolibar-que-en-sabem-dels-rapinyaries-nocturns-de-la-garrotxa\/","name":"Albert Magnet Mol\u00ed, Blanca Pair\u00f3 Puig, Daniel Carrillo Mart\u00edn i Francesc Pou Bol\u00edbar - \u00bfQu\u00e9 sabemos de las aves rapaces nocturnas de la Garrotxa? - Espai Cr\u00e0ter","isPartOf":{"@id":"https:\/\/espaicrater.com\/#website"},"primaryImageOfPage":{"@id":"https:\/\/espaicrater.com\/es\/explora\/iniciativas\/los-grandes-interrogantes-de-la-ciencia\/albert-magnet-moli-blanca-pairo-puig-daniel-carrillo-martin-i-francesc-pou-bolibar-que-en-sabem-dels-rapinyaries-nocturns-de-la-garrotxa\/#primaryimage"},"image":{"@id":"https:\/\/espaicrater.com\/es\/explora\/iniciativas\/los-grandes-interrogantes-de-la-ciencia\/albert-magnet-moli-blanca-pairo-puig-daniel-carrillo-martin-i-francesc-pou-bolibar-que-en-sabem-dels-rapinyaries-nocturns-de-la-garrotxa\/#primaryimage"},"thumbnailUrl":"https:\/\/espaicrater.com\/app\/uploads\/2023\/05\/IMG-20230519-WA0004-1.jpg","datePublished":"2023-05-23T14:33:27+00:00","dateModified":"2024-01-23T17:38:54+00:00","description":"Albert Magnet Mol\u00ed, Blanca Pair\u00f3 Puig, Daniel Carrillo Mart\u00edn y Francesc Pou Bol\u00edbar presentan '\u00bfQu\u00e9 sabemos de las aves rapaces nocturnas de la Garrotxa?'","breadcrumb":{"@id":"https:\/\/espaicrater.com\/es\/explora\/iniciativas\/los-grandes-interrogantes-de-la-ciencia\/albert-magnet-moli-blanca-pairo-puig-daniel-carrillo-martin-i-francesc-pou-bolibar-que-en-sabem-dels-rapinyaries-nocturns-de-la-garrotxa\/#breadcrumb"},"inLanguage":"es","potentialAction":[{"@type":"ReadAction","target":["https:\/\/espaicrater.com\/es\/explora\/iniciativas\/los-grandes-interrogantes-de-la-ciencia\/albert-magnet-moli-blanca-pairo-puig-daniel-carrillo-martin-i-francesc-pou-bolibar-que-en-sabem-dels-rapinyaries-nocturns-de-la-garrotxa\/"]}]},{"@type":"ImageObject","inLanguage":"es","@id":"https:\/\/espaicrater.com\/es\/explora\/iniciativas\/los-grandes-interrogantes-de-la-ciencia\/albert-magnet-moli-blanca-pairo-puig-daniel-carrillo-martin-i-francesc-pou-bolibar-que-en-sabem-dels-rapinyaries-nocturns-de-la-garrotxa\/#primaryimage","url":"https:\/\/espaicrater.com\/app\/uploads\/2023\/05\/IMG-20230519-WA0004-1.jpg","contentUrl":"https:\/\/espaicrater.com\/app\/uploads\/2023\/05\/IMG-20230519-WA0004-1.jpg","width":2048,"height":1152},{"@type":"BreadcrumbList","@id":"https:\/\/espaicrater.com\/es\/explora\/iniciativas\/los-grandes-interrogantes-de-la-ciencia\/albert-magnet-moli-blanca-pairo-puig-daniel-carrillo-martin-i-francesc-pou-bolibar-que-en-sabem-dels-rapinyaries-nocturns-de-la-garrotxa\/#breadcrumb","itemListElement":[{"@type":"ListItem","position":1,"name":"Inicio","item":"https:\/\/espaicrater.com\/es\/"},{"@type":"ListItem","position":2,"name":"Explora","item":"https:\/\/espaicrater.com\/es\/explora\/"},{"@type":"ListItem","position":3,"name":"Iniciativas","item":"https:\/\/espaicrater.com\/es\/explora\/iniciativas\/"},{"@type":"ListItem","position":4,"name":"Los grandes interrogantes de la ciencia","item":"https:\/\/espaicrater.com\/es\/explora\/iniciativas\/los-grandes-interrogantes-de-la-ciencia\/"},{"@type":"ListItem","position":5,"name":"Albert Magnet Mol\u00ed, Blanca Pair\u00f3 Puig, Daniel Carrillo Mart\u00edn i Francesc Pou Bol\u00edbar &#8211; \u00bfQu\u00e9 sabemos de las aves rapaces nocturnas de la Garrotxa?"}]},{"@type":"WebSite","@id":"https:\/\/espaicrater.com\/#website","url":"https:\/\/espaicrater.com\/","name":"Espai Cr\u00e0ter","description":"Viatge al centre de la vida","publisher":{"@id":"https:\/\/espaicrater.com\/#organization"},"potentialAction":[{"@type":"SearchAction","target":{"@type":"EntryPoint","urlTemplate":"https:\/\/espaicrater.com\/?s={search_term_string}"},"query-input":{"@type":"PropertyValueSpecification","valueRequired":true,"valueName":"search_term_string"}}],"inLanguage":"es"},{"@type":"Organization","@id":"https:\/\/espaicrater.com\/#organization","name":"Espai Cr\u00e0ter","url":"https:\/\/espaicrater.com\/","logo":{"@type":"ImageObject","inLanguage":"es","@id":"https:\/\/espaicrater.com\/#\/schema\/logo\/image\/","url":"https:\/\/espaicrater.com\/app\/uploads\/2022\/02\/espai-crater-1.png","contentUrl":"https:\/\/espaicrater.com\/app\/uploads\/2022\/02\/espai-crater-1.png","width":801,"height":320,"caption":"Espai Cr\u00e0ter"},"image":{"@id":"https:\/\/espaicrater.com\/#\/schema\/logo\/image\/"}}]}},"_links":{"self":[{"href":"https:\/\/espaicrater.com\/es\/wp-json\/wp\/v2\/pages\/8064","targetHints":{"allow":["GET"]}}],"collection":[{"href":"https:\/\/espaicrater.com\/es\/wp-json\/wp\/v2\/pages"}],"about":[{"href":"https:\/\/espaicrater.com\/es\/wp-json\/wp\/v2\/types\/page"}],"author":[{"embeddable":true,"href":"https:\/\/espaicrater.com\/es\/wp-json\/wp\/v2\/users\/2"}],"replies":[{"embeddable":true,"href":"https:\/\/espaicrater.com\/es\/wp-json\/wp\/v2\/comments?post=8064"}],"version-history":[{"count":3,"href":"https:\/\/espaicrater.com\/es\/wp-json\/wp\/v2\/pages\/8064\/revisions"}],"predecessor-version":[{"id":8068,"href":"https:\/\/espaicrater.com\/es\/wp-json\/wp\/v2\/pages\/8064\/revisions\/8068"}],"up":[{"embeddable":true,"href":"https:\/\/espaicrater.com\/es\/wp-json\/wp\/v2\/pages\/969"}],"wp:featuredmedia":[{"embeddable":true,"href":"https:\/\/espaicrater.com\/es\/wp-json\/wp\/v2\/media\/5465"}],"wp:attachment":[{"href":"https:\/\/espaicrater.com\/es\/wp-json\/wp\/v2\/media?parent=8064"}],"curies":[{"name":"wp","href":"https:\/\/api.w.org\/{rel}","templated":true}]}}