{"id":8725,"date":"2024-04-24T12:33:21","date_gmt":"2024-04-24T10:33:21","guid":{"rendered":"https:\/\/espaicrater.com\/?page_id=8725"},"modified":"2024-04-24T12:40:37","modified_gmt":"2024-04-24T10:40:37","slug":"eric-miranda-neiva-podemos-descubrir-como-se-desarrollan-los-seres-vivos-con-la-matematica-computaciona","status":"publish","type":"page","link":"https:\/\/espaicrater.com\/es\/explora\/iniciativas\/los-grandes-interrogantes-de-la-ciencia\/eric-miranda-neiva-podemos-descubrir-como-se-desarrollan-los-seres-vivos-con-la-matematica-computaciona\/","title":{"rendered":"\u00c8ric Miranda Neiva &#8211; \u00bfPodemos descubrir c\u00f3mo se desarrollan los seres vivos con la matem\u00e1tica computaciona?"},"content":{"rendered":"\n<p><\/p>\n\n\n\n<p><\/p>\n","protected":false},"excerpt":{"rendered":"","protected":false},"author":2,"featured_media":8736,"parent":969,"menu_order":0,"comment_status":"closed","ping_status":"closed","template":"flexible.blade.php","meta":{"_acf_changed":false,"footnotes":""},"class_list":["post-8725","page","type-page","status-publish","has-post-thumbnail","hentry"],"acf":[],"yoast_head":"<title>\u00c8ric Miranda Neiva - \u00bfPodemos descubrir c\u00f3mo se desarrollan los seres vivos con la matem\u00e1tica computaciona? - Espai Cr\u00e0ter<\/title>\n<meta name=\"description\" content=\"\u00c8ric Miranda Neiva presenta &#039;\u00bfpodemos descubrir c\u00f3mo se desarrollan los seres vivos con la matem\u00e1tica computacional?&#039;\" \/>\n<meta name=\"robots\" content=\"index, follow, max-snippet:-1, max-image-preview:large, max-video-preview:-1\" \/>\n<link rel=\"canonical\" href=\"https:\/\/espaicrater.com\/es\/explora\/iniciativas\/los-grandes-interrogantes-de-la-ciencia\/eric-miranda-neiva-podemos-descubrir-como-se-desarrollan-los-seres-vivos-con-la-matematica-computaciona\/\" \/>\n<meta property=\"og:locale\" content=\"es_ES\" \/>\n<meta property=\"og:type\" content=\"article\" \/>\n<meta property=\"og:title\" content=\"\u00c8ric Miranda Neiva - \u00bfPodemos descubrir c\u00f3mo se desarrollan los seres vivos con la matem\u00e1tica computaciona? - Espai Cr\u00e0ter\" \/>\n<meta property=\"og:description\" content=\"\u00c8ric Miranda Neiva presenta &#039;\u00bfpodemos descubrir c\u00f3mo se desarrollan los seres vivos con la matem\u00e1tica computacional?&#039;\" \/>\n<meta property=\"og:url\" content=\"https:\/\/espaicrater.com\/es\/explora\/iniciativas\/los-grandes-interrogantes-de-la-ciencia\/eric-miranda-neiva-podemos-descubrir-como-se-desarrollan-los-seres-vivos-con-la-matematica-computaciona\/\" \/>\n<meta property=\"og:site_name\" content=\"Espai Cr\u00e0ter\" \/>\n<meta property=\"article:modified_time\" content=\"2024-04-24T10:40:37+00:00\" \/>\n<meta property=\"og:image\" content=\"https:\/\/espaicrater.com\/app\/uploads\/2024\/04\/GRANS_INTERROGANTS.jpeg\" \/>\n\t<meta property=\"og:image:width\" content=\"2048\" \/>\n\t<meta property=\"og:image:height\" content=\"1536\" \/>\n\t<meta property=\"og:image:type\" content=\"image\/jpeg\" \/>\n<meta name=\"twitter:card\" content=\"summary_large_image\" \/>\n<script type=\"application\/ld+json\" class=\"yoast-schema-graph\">{\"@context\":\"https:\\\/\\\/schema.org\",\"@graph\":[{\"@type\":\"WebPage\",\"@id\":\"https:\\\/\\\/espaicrater.com\\\/es\\\/explora\\\/iniciativas\\\/los-grandes-interrogantes-de-la-ciencia\\\/eric-miranda-neiva-podemos-descubrir-como-se-desarrollan-los-seres-vivos-con-la-matematica-computaciona\\\/\",\"url\":\"https:\\\/\\\/espaicrater.com\\\/es\\\/explora\\\/iniciativas\\\/los-grandes-interrogantes-de-la-ciencia\\\/eric-miranda-neiva-podemos-descubrir-como-se-desarrollan-los-seres-vivos-con-la-matematica-computaciona\\\/\",\"name\":\"\u00c8ric Miranda Neiva - \u00bfPodemos descubrir c\u00f3mo se desarrollan los seres vivos con la matem\u00e1tica computaciona? - Espai Cr\u00e0ter\",\"isPartOf\":{\"@id\":\"https:\\\/\\\/espaicrater.com\\\/#website\"},\"primaryImageOfPage\":{\"@id\":\"https:\\\/\\\/espaicrater.com\\\/es\\\/explora\\\/iniciativas\\\/los-grandes-interrogantes-de-la-ciencia\\\/eric-miranda-neiva-podemos-descubrir-como-se-desarrollan-los-seres-vivos-con-la-matematica-computaciona\\\/#primaryimage\"},\"image\":{\"@id\":\"https:\\\/\\\/espaicrater.com\\\/es\\\/explora\\\/iniciativas\\\/los-grandes-interrogantes-de-la-ciencia\\\/eric-miranda-neiva-podemos-descubrir-como-se-desarrollan-los-seres-vivos-con-la-matematica-computaciona\\\/#primaryimage\"},\"thumbnailUrl\":\"https:\\\/\\\/espaicrater.com\\\/app\\\/uploads\\\/2024\\\/04\\\/GRANS_INTERROGANTS.jpeg\",\"datePublished\":\"2024-04-24T10:33:21+00:00\",\"dateModified\":\"2024-04-24T10:40:37+00:00\",\"description\":\"\u00c8ric Miranda Neiva presenta '\u00bfpodemos descubrir c\u00f3mo se desarrollan los seres vivos con la matem\u00e1tica computacional?'\",\"breadcrumb\":{\"@id\":\"https:\\\/\\\/espaicrater.com\\\/es\\\/explora\\\/iniciativas\\\/los-grandes-interrogantes-de-la-ciencia\\\/eric-miranda-neiva-podemos-descubrir-como-se-desarrollan-los-seres-vivos-con-la-matematica-computaciona\\\/#breadcrumb\"},\"inLanguage\":\"es\",\"potentialAction\":[{\"@type\":\"ReadAction\",\"target\":[\"https:\\\/\\\/espaicrater.com\\\/es\\\/explora\\\/iniciativas\\\/los-grandes-interrogantes-de-la-ciencia\\\/eric-miranda-neiva-podemos-descubrir-como-se-desarrollan-los-seres-vivos-con-la-matematica-computaciona\\\/\"]}]},{\"@type\":\"ImageObject\",\"inLanguage\":\"es\",\"@id\":\"https:\\\/\\\/espaicrater.com\\\/es\\\/explora\\\/iniciativas\\\/los-grandes-interrogantes-de-la-ciencia\\\/eric-miranda-neiva-podemos-descubrir-como-se-desarrollan-los-seres-vivos-con-la-matematica-computaciona\\\/#primaryimage\",\"url\":\"https:\\\/\\\/espaicrater.com\\\/app\\\/uploads\\\/2024\\\/04\\\/GRANS_INTERROGANTS.jpeg\",\"contentUrl\":\"https:\\\/\\\/espaicrater.com\\\/app\\\/uploads\\\/2024\\\/04\\\/GRANS_INTERROGANTS.jpeg\",\"width\":2048,\"height\":1536},{\"@type\":\"BreadcrumbList\",\"@id\":\"https:\\\/\\\/espaicrater.com\\\/es\\\/explora\\\/iniciativas\\\/los-grandes-interrogantes-de-la-ciencia\\\/eric-miranda-neiva-podemos-descubrir-como-se-desarrollan-los-seres-vivos-con-la-matematica-computaciona\\\/#breadcrumb\",\"itemListElement\":[{\"@type\":\"ListItem\",\"position\":1,\"name\":\"Inicio\",\"item\":\"https:\\\/\\\/espaicrater.com\\\/es\\\/\"},{\"@type\":\"ListItem\",\"position\":2,\"name\":\"Explora\",\"item\":\"https:\\\/\\\/espaicrater.com\\\/es\\\/explora\\\/\"},{\"@type\":\"ListItem\",\"position\":3,\"name\":\"Iniciativas\",\"item\":\"https:\\\/\\\/espaicrater.com\\\/es\\\/explora\\\/iniciativas\\\/\"},{\"@type\":\"ListItem\",\"position\":4,\"name\":\"Los grandes interrogantes de la ciencia\",\"item\":\"https:\\\/\\\/espaicrater.com\\\/es\\\/explora\\\/iniciativas\\\/los-grandes-interrogantes-de-la-ciencia\\\/\"},{\"@type\":\"ListItem\",\"position\":5,\"name\":\"\u00c8ric Miranda Neiva &#8211; \u00bfPodemos descubrir c\u00f3mo se desarrollan los seres vivos con la matem\u00e1tica computaciona?\"}]},{\"@type\":\"WebSite\",\"@id\":\"https:\\\/\\\/espaicrater.com\\\/#website\",\"url\":\"https:\\\/\\\/espaicrater.com\\\/\",\"name\":\"Espai Cr\u00e0ter\",\"description\":\"Viatge al centre de la vida\",\"publisher\":{\"@id\":\"https:\\\/\\\/espaicrater.com\\\/#organization\"},\"potentialAction\":[{\"@type\":\"SearchAction\",\"target\":{\"@type\":\"EntryPoint\",\"urlTemplate\":\"https:\\\/\\\/espaicrater.com\\\/?s={search_term_string}\"},\"query-input\":{\"@type\":\"PropertyValueSpecification\",\"valueRequired\":true,\"valueName\":\"search_term_string\"}}],\"inLanguage\":\"es\"},{\"@type\":\"Organization\",\"@id\":\"https:\\\/\\\/espaicrater.com\\\/#organization\",\"name\":\"Espai Cr\u00e0ter\",\"url\":\"https:\\\/\\\/espaicrater.com\\\/\",\"logo\":{\"@type\":\"ImageObject\",\"inLanguage\":\"es\",\"@id\":\"https:\\\/\\\/espaicrater.com\\\/#\\\/schema\\\/logo\\\/image\\\/\",\"url\":\"https:\\\/\\\/espaicrater.com\\\/app\\\/uploads\\\/2022\\\/02\\\/espai-crater-1.png\",\"contentUrl\":\"https:\\\/\\\/espaicrater.com\\\/app\\\/uploads\\\/2022\\\/02\\\/espai-crater-1.png\",\"width\":801,\"height\":320,\"caption\":\"Espai Cr\u00e0ter\"},\"image\":{\"@id\":\"https:\\\/\\\/espaicrater.com\\\/#\\\/schema\\\/logo\\\/image\\\/\"}}]}<\/script>","yoast_head_json":{"title":"\u00c8ric Miranda Neiva - \u00bfPodemos descubrir c\u00f3mo se desarrollan los seres vivos con la matem\u00e1tica computaciona? - Espai Cr\u00e0ter","description":"\u00c8ric Miranda Neiva presenta '\u00bfpodemos descubrir c\u00f3mo se desarrollan los seres vivos con la matem\u00e1tica computacional?'","robots":{"index":"index","follow":"follow","max-snippet":"max-snippet:-1","max-image-preview":"max-image-preview:large","max-video-preview":"max-video-preview:-1"},"canonical":"https:\/\/espaicrater.com\/es\/explora\/iniciativas\/los-grandes-interrogantes-de-la-ciencia\/eric-miranda-neiva-podemos-descubrir-como-se-desarrollan-los-seres-vivos-con-la-matematica-computaciona\/","og_locale":"es_ES","og_type":"article","og_title":"\u00c8ric Miranda Neiva - \u00bfPodemos descubrir c\u00f3mo se desarrollan los seres vivos con la matem\u00e1tica computaciona? - Espai Cr\u00e0ter","og_description":"\u00c8ric Miranda Neiva presenta '\u00bfpodemos descubrir c\u00f3mo se desarrollan los seres vivos con la matem\u00e1tica computacional?'","og_url":"https:\/\/espaicrater.com\/es\/explora\/iniciativas\/los-grandes-interrogantes-de-la-ciencia\/eric-miranda-neiva-podemos-descubrir-como-se-desarrollan-los-seres-vivos-con-la-matematica-computaciona\/","og_site_name":"Espai Cr\u00e0ter","article_modified_time":"2024-04-24T10:40:37+00:00","og_image":[{"width":2048,"height":1536,"url":"https:\/\/espaicrater.com\/app\/uploads\/2024\/04\/GRANS_INTERROGANTS.jpeg","type":"image\/jpeg"}],"twitter_card":"summary_large_image","schema":{"@context":"https:\/\/schema.org","@graph":[{"@type":"WebPage","@id":"https:\/\/espaicrater.com\/es\/explora\/iniciativas\/los-grandes-interrogantes-de-la-ciencia\/eric-miranda-neiva-podemos-descubrir-como-se-desarrollan-los-seres-vivos-con-la-matematica-computaciona\/","url":"https:\/\/espaicrater.com\/es\/explora\/iniciativas\/los-grandes-interrogantes-de-la-ciencia\/eric-miranda-neiva-podemos-descubrir-como-se-desarrollan-los-seres-vivos-con-la-matematica-computaciona\/","name":"\u00c8ric Miranda Neiva - \u00bfPodemos descubrir c\u00f3mo se desarrollan los seres vivos con la matem\u00e1tica computaciona? - Espai Cr\u00e0ter","isPartOf":{"@id":"https:\/\/espaicrater.com\/#website"},"primaryImageOfPage":{"@id":"https:\/\/espaicrater.com\/es\/explora\/iniciativas\/los-grandes-interrogantes-de-la-ciencia\/eric-miranda-neiva-podemos-descubrir-como-se-desarrollan-los-seres-vivos-con-la-matematica-computaciona\/#primaryimage"},"image":{"@id":"https:\/\/espaicrater.com\/es\/explora\/iniciativas\/los-grandes-interrogantes-de-la-ciencia\/eric-miranda-neiva-podemos-descubrir-como-se-desarrollan-los-seres-vivos-con-la-matematica-computaciona\/#primaryimage"},"thumbnailUrl":"https:\/\/espaicrater.com\/app\/uploads\/2024\/04\/GRANS_INTERROGANTS.jpeg","datePublished":"2024-04-24T10:33:21+00:00","dateModified":"2024-04-24T10:40:37+00:00","description":"\u00c8ric Miranda Neiva presenta '\u00bfpodemos descubrir c\u00f3mo se desarrollan los seres vivos con la matem\u00e1tica computacional?'","breadcrumb":{"@id":"https:\/\/espaicrater.com\/es\/explora\/iniciativas\/los-grandes-interrogantes-de-la-ciencia\/eric-miranda-neiva-podemos-descubrir-como-se-desarrollan-los-seres-vivos-con-la-matematica-computaciona\/#breadcrumb"},"inLanguage":"es","potentialAction":[{"@type":"ReadAction","target":["https:\/\/espaicrater.com\/es\/explora\/iniciativas\/los-grandes-interrogantes-de-la-ciencia\/eric-miranda-neiva-podemos-descubrir-como-se-desarrollan-los-seres-vivos-con-la-matematica-computaciona\/"]}]},{"@type":"ImageObject","inLanguage":"es","@id":"https:\/\/espaicrater.com\/es\/explora\/iniciativas\/los-grandes-interrogantes-de-la-ciencia\/eric-miranda-neiva-podemos-descubrir-como-se-desarrollan-los-seres-vivos-con-la-matematica-computaciona\/#primaryimage","url":"https:\/\/espaicrater.com\/app\/uploads\/2024\/04\/GRANS_INTERROGANTS.jpeg","contentUrl":"https:\/\/espaicrater.com\/app\/uploads\/2024\/04\/GRANS_INTERROGANTS.jpeg","width":2048,"height":1536},{"@type":"BreadcrumbList","@id":"https:\/\/espaicrater.com\/es\/explora\/iniciativas\/los-grandes-interrogantes-de-la-ciencia\/eric-miranda-neiva-podemos-descubrir-como-se-desarrollan-los-seres-vivos-con-la-matematica-computaciona\/#breadcrumb","itemListElement":[{"@type":"ListItem","position":1,"name":"Inicio","item":"https:\/\/espaicrater.com\/es\/"},{"@type":"ListItem","position":2,"name":"Explora","item":"https:\/\/espaicrater.com\/es\/explora\/"},{"@type":"ListItem","position":3,"name":"Iniciativas","item":"https:\/\/espaicrater.com\/es\/explora\/iniciativas\/"},{"@type":"ListItem","position":4,"name":"Los grandes interrogantes de la ciencia","item":"https:\/\/espaicrater.com\/es\/explora\/iniciativas\/los-grandes-interrogantes-de-la-ciencia\/"},{"@type":"ListItem","position":5,"name":"\u00c8ric Miranda Neiva &#8211; \u00bfPodemos descubrir c\u00f3mo se desarrollan los seres vivos con la matem\u00e1tica computaciona?"}]},{"@type":"WebSite","@id":"https:\/\/espaicrater.com\/#website","url":"https:\/\/espaicrater.com\/","name":"Espai Cr\u00e0ter","description":"Viatge al centre de la vida","publisher":{"@id":"https:\/\/espaicrater.com\/#organization"},"potentialAction":[{"@type":"SearchAction","target":{"@type":"EntryPoint","urlTemplate":"https:\/\/espaicrater.com\/?s={search_term_string}"},"query-input":{"@type":"PropertyValueSpecification","valueRequired":true,"valueName":"search_term_string"}}],"inLanguage":"es"},{"@type":"Organization","@id":"https:\/\/espaicrater.com\/#organization","name":"Espai Cr\u00e0ter","url":"https:\/\/espaicrater.com\/","logo":{"@type":"ImageObject","inLanguage":"es","@id":"https:\/\/espaicrater.com\/#\/schema\/logo\/image\/","url":"https:\/\/espaicrater.com\/app\/uploads\/2022\/02\/espai-crater-1.png","contentUrl":"https:\/\/espaicrater.com\/app\/uploads\/2022\/02\/espai-crater-1.png","width":801,"height":320,"caption":"Espai Cr\u00e0ter"},"image":{"@id":"https:\/\/espaicrater.com\/#\/schema\/logo\/image\/"}}]}},"_links":{"self":[{"href":"https:\/\/espaicrater.com\/es\/wp-json\/wp\/v2\/pages\/8725","targetHints":{"allow":["GET"]}}],"collection":[{"href":"https:\/\/espaicrater.com\/es\/wp-json\/wp\/v2\/pages"}],"about":[{"href":"https:\/\/espaicrater.com\/es\/wp-json\/wp\/v2\/types\/page"}],"author":[{"embeddable":true,"href":"https:\/\/espaicrater.com\/es\/wp-json\/wp\/v2\/users\/2"}],"replies":[{"embeddable":true,"href":"https:\/\/espaicrater.com\/es\/wp-json\/wp\/v2\/comments?post=8725"}],"version-history":[{"count":2,"href":"https:\/\/espaicrater.com\/es\/wp-json\/wp\/v2\/pages\/8725\/revisions"}],"predecessor-version":[{"id":8741,"href":"https:\/\/espaicrater.com\/es\/wp-json\/wp\/v2\/pages\/8725\/revisions\/8741"}],"up":[{"embeddable":true,"href":"https:\/\/espaicrater.com\/es\/wp-json\/wp\/v2\/pages\/969"}],"wp:featuredmedia":[{"embeddable":true,"href":"https:\/\/espaicrater.com\/es\/wp-json\/wp\/v2\/media\/8736"}],"wp:attachment":[{"href":"https:\/\/espaicrater.com\/es\/wp-json\/wp\/v2\/media?parent=8725"}],"curies":[{"name":"wp","href":"https:\/\/api.w.org\/{rel}","templated":true}]}}