{"id":8979,"date":"2023-12-20T11:27:33","date_gmt":"2023-12-20T10:27:33","guid":{"rendered":"https:\/\/espaicrater.com\/punt-de-documentacio-del-pn-garrotxa\/"},"modified":"2024-05-29T11:09:53","modified_gmt":"2024-05-29T09:09:53","slug":"punt-de-documentacio-del-pn-garrotxa","status":"publish","type":"page","link":"https:\/\/espaicrater.com\/es\/punt-de-documentacio-del-pn-garrotxa\/","title":{"rendered":"Punto de documentaci\u00f3n del PN Garrotxa"},"content":{"rendered":"\n<p>El Espai Cr\u00e0ter es un <strong>Punto de Documentaci\u00f3n del <a href=\"https:\/\/parcsnaturals.gencat.cat\/ca\/xarxa-de-parcs\/garrotxa\/inici\/index.html\" target=\"_blank\" rel=\"noreferrer noopener\">Parque Natural de la Zona Volc\u00e1nica de la Garrotxa<\/a><\/strong>, fruto de la colaboraci\u00f3n entre instituciones, que hace a\u00f1os que se lleva a cabo y que se formaliz\u00f3 en 2022 con la firma del convenio entre el <a href=\"https:\/\/www.olot.cat\/\">Ayuntamiento de Olot<\/a> y el <a href=\"https:\/\/agricultura.gencat.cat\/ca\/inici\">Departament de Acci\u00f3n Cl\u00edm\u00e1tica, Alimentaci\u00f3n y Agenda Rural<\/a>.<\/p>\n\n\n\n<p>El Punto de Documentaci\u00f3n del Espai Cr\u00e0ter cuenta con unos 500 materiales de investigaci\u00f3n, libros, art\u00edculos, revistas, folletos y juegos, que se renuevan mensualmente y que tratan sobre las tem\u00e1ticas siguientes: paisaje, fauna y flora, agricultura y ramader\u00eda, espacios protegidos, gesti\u00f3n del territorio, hidrolog\u00eda, suelos, educaci\u00f3n ambiental, turismo sostenible, impacto ambiental, arquitectura sostenible, cambio clim\u00e1tico, patrimonio, entre otros. <\/p>\n\n\n\n<p>Situado en la primera planta del edificio (Zona S\u00edsmica), el Punto de Documentaci\u00f3n del PN Garrotxa en el Espai Cr\u00e0ter dispone de un espacio habilitado para una mejor consulta. Se puede consultar el horario de apertura del centro <a href=\"https:\/\/espaicrater.com\/es\/visita\/\">aqu\u00ed<\/a>. <\/p>\n\n\n\n<figure class=\"wp-block-image size-large\"><img loading=\"lazy\" decoding=\"async\" width=\"2000\" height=\"1333\" src=\"https:\/\/espaicrater.com\/app\/uploads\/2023\/12\/Centre-documentacio-EC-1-2000x1333.jpg\" alt=\"Imatge del punt de documentaci\u00f3\" class=\"wp-image-7629\" srcset=\"https:\/\/espaicrater.com\/app\/uploads\/2023\/12\/Centre-documentacio-EC-1-2000x1333.jpg 2000w, https:\/\/espaicrater.com\/app\/uploads\/2023\/12\/Centre-documentacio-EC-1-300x200.jpg 300w, https:\/\/espaicrater.com\/app\/uploads\/2023\/12\/Centre-documentacio-EC-1-768x512.jpg 768w, https:\/\/espaicrater.com\/app\/uploads\/2023\/12\/Centre-documentacio-EC-1-1536x1024.jpg 1536w, https:\/\/espaicrater.com\/app\/uploads\/2023\/12\/Centre-documentacio-EC-1-2048x1365.jpg 2048w\" sizes=\"auto, (max-width: 2000px) 100vw, 2000px\" \/><\/figure>\n\n\n\n<p><strong>Funcionamiento <\/strong><\/p>\n\n\n\n<p>El Centro de Documentaci\u00f3n del Parque Natural es quien atiende las consultas del Punto de Documentaci\u00f3n del Espai Cr\u00e0ter, y ofrece diferentes tipos de consultas personalizadas, que se pueden hacer por correo electr\u00f3nico o in situ en el Espai Cr\u00e0ter. En este \u00faltimo caso siempre ser\u00e1 necesaria la reserva previa llamando al 972 26 46 66 o enviando un correo electr\u00f3nico a <a href=\"mailto:wgrabolo@gencat.cat\">wgrabolo@gencat.cat<\/a>.<\/p>\n\n\n\n<p>Las consultas que se ofrecen son: <\/p>\n\n\n\n<ul class=\"wp-block-list\">\n<li>Lotes de documentos tem\u00e1ticos en pr\u00e9stamo para t\u00e9cnicos o docentes (Rellenar <a href=\"https:\/\/forms.gle\/YjsVbRHySqo1VY7g7\">este formulario<\/a>) <\/li>\n\n\n\n<li>Apoyo a la investigaci\u00f3n para estudiantes<\/li>\n\n\n\n<li>Publicaciones en donativo para empresas, escuelas o entidades ambientales responsables <\/li>\n\n\n\n<li>Informaci\u00f3n b\u00e1sica para turistas y p\u00fablico familiar que quieran un nivel superior de informaci\u00f3n que la que se encuentra disponible en los centros de informaci\u00f3n<\/li>\n<\/ul>\n\n\n\n<p>Se puede encontrar m\u00e1s informaci\u00f3n sobre los objetivos y las funciones del Centro de Documentaci\u00f3n del Parque en <a href=\"http:\/\/parcsnaturals.gencat.cat\/cdgarrotxa\">este enlace<\/a>.<\/p>\n","protected":false},"excerpt":{"rendered":"<p>El Espai Cr\u00e0ter es un Punto de Documentaci\u00f3n del Parque Natural de la Zona Volc\u00e1nica de la Garrotxa, fruto de la colaboraci\u00f3n entre instituciones, que hace a\u00f1os que se lleva a cabo y que se formaliz\u00f3 en 2022 con la firma del convenio entre el Ayuntamiento de Olot y el Departament de Acci\u00f3n Cl\u00edm\u00e1tica, Alimentaci\u00f3n &hellip; <a href=\"https:\/\/espaicrater.com\/es\/punt-de-documentacio-del-pn-garrotxa\/\">Continued<\/a><\/p>\n","protected":false},"author":2,"featured_media":7632,"parent":0,"menu_order":0,"comment_status":"closed","ping_status":"closed","template":"","meta":{"_acf_changed":false,"footnotes":""},"class_list":["post-8979","page","type-page","status-publish","has-post-thumbnail","hentry"],"acf":[],"yoast_head":"<title>Punto de documentaci\u00f3n del PN Garrotxa - Espai Cr\u00e0ter<\/title>\n<meta name=\"description\" content=\"L\u2019Espai Cr\u00e0ter \u00e9s un Punt de Documentaci\u00f3 del Parc Natural de la Zona Volc\u00e0nica de la Garrotxa, fruit de la col\u00b7laboraci\u00f3...\" \/>\n<meta name=\"robots\" content=\"index, follow, max-snippet:-1, max-image-preview:large, max-video-preview:-1\" \/>\n<link rel=\"canonical\" href=\"https:\/\/espaicrater.com\/es\/punt-de-documentacio-del-pn-garrotxa\/\" \/>\n<meta property=\"og:locale\" content=\"es_ES\" \/>\n<meta property=\"og:type\" content=\"article\" \/>\n<meta property=\"og:title\" content=\"Punto de documentaci\u00f3n del PN Garrotxa - Espai Cr\u00e0ter\" \/>\n<meta property=\"og:description\" content=\"L\u2019Espai Cr\u00e0ter \u00e9s un Punt de Documentaci\u00f3 del Parc Natural de la Zona Volc\u00e0nica de la Garrotxa, fruit de la col\u00b7laboraci\u00f3...\" \/>\n<meta property=\"og:url\" content=\"https:\/\/espaicrater.com\/es\/punt-de-documentacio-del-pn-garrotxa\/\" \/>\n<meta property=\"og:site_name\" content=\"Espai Cr\u00e0ter\" \/>\n<meta property=\"article:modified_time\" content=\"2024-05-29T09:09:53+00:00\" \/>\n<meta property=\"og:image\" content=\"https:\/\/espaicrater.com\/app\/uploads\/2023\/12\/Centre-documentacio-EC-1-scaled.jpg\" \/>\n\t<meta property=\"og:image:width\" content=\"2560\" \/>\n\t<meta property=\"og:image:height\" content=\"1707\" \/>\n\t<meta property=\"og:image:type\" content=\"image\/jpeg\" \/>\n<meta name=\"twitter:card\" content=\"summary_large_image\" \/>\n<meta name=\"twitter:label1\" content=\"Tiempo de lectura\" \/>\n\t<meta name=\"twitter:data1\" content=\"2 minutos\" \/>\n<script type=\"application\/ld+json\" class=\"yoast-schema-graph\">{\"@context\":\"https:\\\/\\\/schema.org\",\"@graph\":[{\"@type\":\"WebPage\",\"@id\":\"https:\\\/\\\/espaicrater.com\\\/es\\\/punt-de-documentacio-del-pn-garrotxa\\\/\",\"url\":\"https:\\\/\\\/espaicrater.com\\\/es\\\/punt-de-documentacio-del-pn-garrotxa\\\/\",\"name\":\"Punto de documentaci\u00f3n del PN Garrotxa - Espai Cr\u00e0ter\",\"isPartOf\":{\"@id\":\"https:\\\/\\\/espaicrater.com\\\/#website\"},\"primaryImageOfPage\":{\"@id\":\"https:\\\/\\\/espaicrater.com\\\/es\\\/punt-de-documentacio-del-pn-garrotxa\\\/#primaryimage\"},\"image\":{\"@id\":\"https:\\\/\\\/espaicrater.com\\\/es\\\/punt-de-documentacio-del-pn-garrotxa\\\/#primaryimage\"},\"thumbnailUrl\":\"https:\\\/\\\/espaicrater.com\\\/app\\\/uploads\\\/2023\\\/12\\\/Centre-documentacio-EC-1-scaled.jpg\",\"datePublished\":\"2023-12-20T10:27:33+00:00\",\"dateModified\":\"2024-05-29T09:09:53+00:00\",\"description\":\"L\u2019Espai Cr\u00e0ter \u00e9s un Punt de Documentaci\u00f3 del Parc Natural de la Zona Volc\u00e0nica de la Garrotxa, fruit de la col\u00b7laboraci\u00f3...\",\"breadcrumb\":{\"@id\":\"https:\\\/\\\/espaicrater.com\\\/es\\\/punt-de-documentacio-del-pn-garrotxa\\\/#breadcrumb\"},\"inLanguage\":\"es\",\"potentialAction\":[{\"@type\":\"ReadAction\",\"target\":[\"https:\\\/\\\/espaicrater.com\\\/es\\\/punt-de-documentacio-del-pn-garrotxa\\\/\"]}]},{\"@type\":\"ImageObject\",\"inLanguage\":\"es\",\"@id\":\"https:\\\/\\\/espaicrater.com\\\/es\\\/punt-de-documentacio-del-pn-garrotxa\\\/#primaryimage\",\"url\":\"https:\\\/\\\/espaicrater.com\\\/app\\\/uploads\\\/2023\\\/12\\\/Centre-documentacio-EC-1-scaled.jpg\",\"contentUrl\":\"https:\\\/\\\/espaicrater.com\\\/app\\\/uploads\\\/2023\\\/12\\\/Centre-documentacio-EC-1-scaled.jpg\",\"width\":2560,\"height\":1707,\"caption\":\"Imatge del punt de documentaci\u00f3\"},{\"@type\":\"BreadcrumbList\",\"@id\":\"https:\\\/\\\/espaicrater.com\\\/es\\\/punt-de-documentacio-del-pn-garrotxa\\\/#breadcrumb\",\"itemListElement\":[{\"@type\":\"ListItem\",\"position\":1,\"name\":\"Inicio\",\"item\":\"https:\\\/\\\/espaicrater.com\\\/es\\\/\"},{\"@type\":\"ListItem\",\"position\":2,\"name\":\"Punto de documentaci\u00f3n del PN Garrotxa\"}]},{\"@type\":\"WebSite\",\"@id\":\"https:\\\/\\\/espaicrater.com\\\/#website\",\"url\":\"https:\\\/\\\/espaicrater.com\\\/\",\"name\":\"Espai Cr\u00e0ter\",\"description\":\"Viatge al centre de la vida\",\"publisher\":{\"@id\":\"https:\\\/\\\/espaicrater.com\\\/#organization\"},\"potentialAction\":[{\"@type\":\"SearchAction\",\"target\":{\"@type\":\"EntryPoint\",\"urlTemplate\":\"https:\\\/\\\/espaicrater.com\\\/?s={search_term_string}\"},\"query-input\":{\"@type\":\"PropertyValueSpecification\",\"valueRequired\":true,\"valueName\":\"search_term_string\"}}],\"inLanguage\":\"es\"},{\"@type\":\"Organization\",\"@id\":\"https:\\\/\\\/espaicrater.com\\\/#organization\",\"name\":\"Espai Cr\u00e0ter\",\"url\":\"https:\\\/\\\/espaicrater.com\\\/\",\"logo\":{\"@type\":\"ImageObject\",\"inLanguage\":\"es\",\"@id\":\"https:\\\/\\\/espaicrater.com\\\/#\\\/schema\\\/logo\\\/image\\\/\",\"url\":\"https:\\\/\\\/espaicrater.com\\\/app\\\/uploads\\\/2022\\\/02\\\/espai-crater-1.png\",\"contentUrl\":\"https:\\\/\\\/espaicrater.com\\\/app\\\/uploads\\\/2022\\\/02\\\/espai-crater-1.png\",\"width\":801,\"height\":320,\"caption\":\"Espai Cr\u00e0ter\"},\"image\":{\"@id\":\"https:\\\/\\\/espaicrater.com\\\/#\\\/schema\\\/logo\\\/image\\\/\"}}]}<\/script>","yoast_head_json":{"title":"Punto de documentaci\u00f3n del PN Garrotxa - Espai Cr\u00e0ter","description":"L\u2019Espai Cr\u00e0ter \u00e9s un Punt de Documentaci\u00f3 del Parc Natural de la Zona Volc\u00e0nica de la Garrotxa, fruit de la col\u00b7laboraci\u00f3...","robots":{"index":"index","follow":"follow","max-snippet":"max-snippet:-1","max-image-preview":"max-image-preview:large","max-video-preview":"max-video-preview:-1"},"canonical":"https:\/\/espaicrater.com\/es\/punt-de-documentacio-del-pn-garrotxa\/","og_locale":"es_ES","og_type":"article","og_title":"Punto de documentaci\u00f3n del PN Garrotxa - Espai Cr\u00e0ter","og_description":"L\u2019Espai Cr\u00e0ter \u00e9s un Punt de Documentaci\u00f3 del Parc Natural de la Zona Volc\u00e0nica de la Garrotxa, fruit de la col\u00b7laboraci\u00f3...","og_url":"https:\/\/espaicrater.com\/es\/punt-de-documentacio-del-pn-garrotxa\/","og_site_name":"Espai Cr\u00e0ter","article_modified_time":"2024-05-29T09:09:53+00:00","og_image":[{"width":2560,"height":1707,"url":"https:\/\/espaicrater.com\/app\/uploads\/2023\/12\/Centre-documentacio-EC-1-scaled.jpg","type":"image\/jpeg"}],"twitter_card":"summary_large_image","twitter_misc":{"Tiempo de lectura":"2 minutos"},"schema":{"@context":"https:\/\/schema.org","@graph":[{"@type":"WebPage","@id":"https:\/\/espaicrater.com\/es\/punt-de-documentacio-del-pn-garrotxa\/","url":"https:\/\/espaicrater.com\/es\/punt-de-documentacio-del-pn-garrotxa\/","name":"Punto de documentaci\u00f3n del PN Garrotxa - Espai Cr\u00e0ter","isPartOf":{"@id":"https:\/\/espaicrater.com\/#website"},"primaryImageOfPage":{"@id":"https:\/\/espaicrater.com\/es\/punt-de-documentacio-del-pn-garrotxa\/#primaryimage"},"image":{"@id":"https:\/\/espaicrater.com\/es\/punt-de-documentacio-del-pn-garrotxa\/#primaryimage"},"thumbnailUrl":"https:\/\/espaicrater.com\/app\/uploads\/2023\/12\/Centre-documentacio-EC-1-scaled.jpg","datePublished":"2023-12-20T10:27:33+00:00","dateModified":"2024-05-29T09:09:53+00:00","description":"L\u2019Espai Cr\u00e0ter \u00e9s un Punt de Documentaci\u00f3 del Parc Natural de la Zona Volc\u00e0nica de la Garrotxa, fruit de la col\u00b7laboraci\u00f3...","breadcrumb":{"@id":"https:\/\/espaicrater.com\/es\/punt-de-documentacio-del-pn-garrotxa\/#breadcrumb"},"inLanguage":"es","potentialAction":[{"@type":"ReadAction","target":["https:\/\/espaicrater.com\/es\/punt-de-documentacio-del-pn-garrotxa\/"]}]},{"@type":"ImageObject","inLanguage":"es","@id":"https:\/\/espaicrater.com\/es\/punt-de-documentacio-del-pn-garrotxa\/#primaryimage","url":"https:\/\/espaicrater.com\/app\/uploads\/2023\/12\/Centre-documentacio-EC-1-scaled.jpg","contentUrl":"https:\/\/espaicrater.com\/app\/uploads\/2023\/12\/Centre-documentacio-EC-1-scaled.jpg","width":2560,"height":1707,"caption":"Imatge del punt de documentaci\u00f3"},{"@type":"BreadcrumbList","@id":"https:\/\/espaicrater.com\/es\/punt-de-documentacio-del-pn-garrotxa\/#breadcrumb","itemListElement":[{"@type":"ListItem","position":1,"name":"Inicio","item":"https:\/\/espaicrater.com\/es\/"},{"@type":"ListItem","position":2,"name":"Punto de documentaci\u00f3n del PN Garrotxa"}]},{"@type":"WebSite","@id":"https:\/\/espaicrater.com\/#website","url":"https:\/\/espaicrater.com\/","name":"Espai Cr\u00e0ter","description":"Viatge al centre de la vida","publisher":{"@id":"https:\/\/espaicrater.com\/#organization"},"potentialAction":[{"@type":"SearchAction","target":{"@type":"EntryPoint","urlTemplate":"https:\/\/espaicrater.com\/?s={search_term_string}"},"query-input":{"@type":"PropertyValueSpecification","valueRequired":true,"valueName":"search_term_string"}}],"inLanguage":"es"},{"@type":"Organization","@id":"https:\/\/espaicrater.com\/#organization","name":"Espai Cr\u00e0ter","url":"https:\/\/espaicrater.com\/","logo":{"@type":"ImageObject","inLanguage":"es","@id":"https:\/\/espaicrater.com\/#\/schema\/logo\/image\/","url":"https:\/\/espaicrater.com\/app\/uploads\/2022\/02\/espai-crater-1.png","contentUrl":"https:\/\/espaicrater.com\/app\/uploads\/2022\/02\/espai-crater-1.png","width":801,"height":320,"caption":"Espai Cr\u00e0ter"},"image":{"@id":"https:\/\/espaicrater.com\/#\/schema\/logo\/image\/"}}]}},"_links":{"self":[{"href":"https:\/\/espaicrater.com\/es\/wp-json\/wp\/v2\/pages\/8979","targetHints":{"allow":["GET"]}}],"collection":[{"href":"https:\/\/espaicrater.com\/es\/wp-json\/wp\/v2\/pages"}],"about":[{"href":"https:\/\/espaicrater.com\/es\/wp-json\/wp\/v2\/types\/page"}],"author":[{"embeddable":true,"href":"https:\/\/espaicrater.com\/es\/wp-json\/wp\/v2\/users\/2"}],"replies":[{"embeddable":true,"href":"https:\/\/espaicrater.com\/es\/wp-json\/wp\/v2\/comments?post=8979"}],"version-history":[{"count":2,"href":"https:\/\/espaicrater.com\/es\/wp-json\/wp\/v2\/pages\/8979\/revisions"}],"predecessor-version":[{"id":8982,"href":"https:\/\/espaicrater.com\/es\/wp-json\/wp\/v2\/pages\/8979\/revisions\/8982"}],"wp:featuredmedia":[{"embeddable":true,"href":"https:\/\/espaicrater.com\/es\/wp-json\/wp\/v2\/media\/7632"}],"wp:attachment":[{"href":"https:\/\/espaicrater.com\/es\/wp-json\/wp\/v2\/media?parent=8979"}],"curies":[{"name":"wp","href":"https:\/\/api.w.org\/{rel}","templated":true}]}}