{"id":961,"date":"2022-02-09T19:17:42","date_gmt":"2022-02-09T18:17:42","guid":{"rendered":"https:\/\/espaicrater.com\/avis-legal\/"},"modified":"2022-03-29T17:37:42","modified_gmt":"2022-03-29T15:37:42","slug":"avis-legal","status":"publish","type":"page","link":"https:\/\/espaicrater.com\/es\/avis-legal\/","title":{"rendered":"Av\u00eds legal"},"content":{"rendered":"<p>INFORMACI\u00d3N GENERAL DE LA SEDE ELECTR\u00d3NICA www.espaicrater.com<\/p>\n<p>Ha accedido a la web de Espai Cr\u00e0ter<\/p>\n<p>El uso y acceso a los contenidos de esta p\u00e1gina web implica el conocimiento y aceptaci\u00f3n de las condiciones de acceso y uso que constan en este aviso legal, as\u00ed como la pol\u00edtica de privacidad y datos personales. Estas condiciones tienen como objetivo regular el acceso, navegaci\u00f3n y uso y poner en conocimiento de los usuarios los derechos, usos, prohibiciones, responsabilidades, etc., que rigen a la hora de navegar por este sitio web. El usuario se compromete a utilizar los servicios y la informaci\u00f3n facilitada en el portal bajo criterios de buena fe.<\/p>\n<p>www.espaicrater.com, a trav\u00e9s del cual se accede a la plataforma, es un dominio del Ayuntamiento de Olot, con NIF: P1712100E y domicilio social en Passeig Bisbe Guillamet, 10, 17800 Olot (Girona). Mediante el dominio www.espaicrater.com, la empresa gestiona su portal web, sin perjuicio de que, puntual o permanentemente, puedan existir otras direcciones electr\u00f3nicas que tambi\u00e9n permitan acceder a los contenidos y servicios prestados a trav\u00e9s del sitio web www.espaicrater.com.<\/p>\n<h3>ACCESO DE LOS USUARIOS<\/h3>\n<p>El acceso y\/o uso de este sitio web atribuye la condici\u00f3n de usuario. El acceso inicial al portal es gratuito. Sin embargo, pueden existir funcionalidades o servicios sujetos al pago de un precio en las condiciones que en cada caso se establezcan.<\/p>\n<p>En caso de que para utilizar determinadas funciones o servicios se requiera el registro del usuario, este registro se efectuar\u00e1 mediante formularios de recaudaci\u00f3n de datos y sujetos a las prevenciones de la legislaci\u00f3n de protecci\u00f3n de datos personales que se describen en este aviso legal.<\/p>\n<p>Para utilizar el portal los menores de edad tendr\u00e1n que disponer del permiso de los padres, madres o representantes legales, quienes ser\u00e1n los responsables.<\/p>\n<h3>PROTECCI\u00d3N DE LOS DERECHOS DE PROPIEDAD INTELECTUAL E INDUSTRIAL Y RESERVA DE DERECHOS<\/h3>\n<p>Los derechos de explotaci\u00f3n de la propiedad intelectual e industrial del portal www.espaicrater.com son titularidad del Ayuntamiento de Olot. Ello incluye los contenidos, v\u00eddeos, audios, textos, dise\u00f1os, fotograf\u00edas, bases de datos, im\u00e1genes y otros elementos gr\u00e1ficos, su c\u00f3digo fuente, dise\u00f1o, estructura de navegaci\u00f3n, informaciones, as\u00ed como cualquier otra creaci\u00f3n protegida por las leyes estatales y los tratados internacionales sobre propiedad intelectual e industrial. Por lo tanto, corresponde al Ayuntamiento de Olot el ejercicio en exclusiva de los derechos de explotaci\u00f3n en cualquier forma y, en concreto, de los derechos de reproducci\u00f3n, distribuci\u00f3n, comunicaci\u00f3n p\u00fablica y transformaci\u00f3n. Cualquier uso o reproducci\u00f3n que los usuarios hagan de estos contenidos, u otros que se puedan incluir en el futuro, deben realizarse siguiendo las previsiones y respetando las limitaciones de la normativa de propiedad intelectual y en cualquier caso con la autorizaci\u00f3n del Ayuntamiento de Olot sin perjuicio de los l\u00edmites que establece el Real Decreto 1\/1996, de 12 de abril, por el que se aprueba el texto refundido de la Ley de propiedad intelectual.<\/p>\n<p>El Ayuntamiento de Olot hace expl\u00edcita una reserva de derechos a todos los efectos respecto del conjunto de los contenidos difundidos en el sitio web que son objeto de propiedad intelectual e industrial. En ning\u00fan caso se entender\u00e1 que permitir a los usuarios el acceso a la p\u00e1gina web implica una renuncia, transmisi\u00f3n, licencia o cesi\u00f3n, total ni parcial, de estos derechos por parte del Ayuntamiento de Olot.<\/p>\n<p>No se autoriza en ning\u00fan caso:<\/p>\n<ul>\n<li>La presentaci\u00f3n de una p\u00e1gina del portal www.espaicrater.com o cualquier contenido de esta p\u00e1gina en una web que no pertenezca al Ayuntamiento de Olot mediante cualquier t\u00e9cnica o procedimiento, incluyendo <em>framing<\/em>, <em>in line<\/em>, <em>linking<\/em>, etc.<\/li>\n<li>La extracci\u00f3n de elementos del sitio web que cause perjuicio al Ayuntamiento de Olot de acuerdo con las disposiciones vigentes.<\/li>\n<li>El uso comercial de los contenidos del sitio web www.espaicrater.com.<\/li>\n<li>El uso de marcas o signos distintivos, logotipos, combinaciones de colores, estructura, dise\u00f1o y, en general, s\u00edmbolos distintivos de cualquier naturaleza, propiedad del Ayuntamiento de Olot, sin el conocimiento y autorizaci\u00f3n correspondiente de la empresa.<\/li>\n<li>El uso de contenidos en actividades il\u00edcitas, ilegales o contrarias a la buena fe y el orden p\u00fablico.<\/li>\n<li>La difusi\u00f3n de contenidos o propaganda de car\u00e1cter racista o xen\u00f3fobo, pornogr\u00e1fico, ilegal o que atente contra los derechos humanos.<\/li>\n<li>Provocar da\u00f1os en los sistemas f\u00edsicos y l\u00f3gicos del Ayuntamiento de Olot, de sus proveedores o de terceras personas; introducir o difundir en la red virus inform\u00e1ticos u otros sistemas f\u00edsicos o l\u00f3gicos que sean susceptibles de provocar los da\u00f1os anteriormente citados.<\/li>\n<li>Intentar acceder y, en su caso, utilizar las cuentas de correo electr\u00f3nico de otros usuarios y modificar o manipular sus mensajes. El usuario podr\u00e1 visualizar los contenidos de este portal, y copiarlos, imprimirlos en su ordenador o cualquier otro soporte s\u00f3lo para su uso personal y privado.<\/li>\n<\/ul>\n<h3>RESPONSABILIDAD EN RELACI\u00d3N CON LOS CONTENIDOS<\/h3>\n<p>El Ayuntamiento de Olot se reserva el derecho de modificar los contenidos de la web y de eliminarlos, as\u00ed como tambi\u00e9n de limitar o impedir el acceso a la web, ya sea temporalmente o de forma definitiva, sin notificaci\u00f3n previa. Los contenidos disponibles a trav\u00e9s de www.espaicrater.com son puestos a disposici\u00f3n del usuario por el Ayuntamiento de Olot a partir de informaciones generadas por s\u00ed misma o procedentes de terceros. El Ayuntamiento de Olot procura que estos contenidos sean de la mayor calidad posible y que est\u00e9n razonablemente actualizados, pero no garantiza su utilidad, idoneidad, exactitud, exhaustividad, pertinencia y\/o actualidad. El usuario puede dirigirse al Ayuntamiento de Olot para contrastar la exactitud y actualidad de los contenidos a trav\u00e9s de la direcci\u00f3n de correo electr\u00f3nico atenciociutadana@olot.cat. En consecuencia, y salvo lo dispuesto en las normas imperativas que resulten de aplicaci\u00f3n, el Ayuntamiento de Olot no asume ninguna responsabilidad ante el usuario derivada de la existencia de informaciones err\u00f3neas, inexactas, no exhaustivas, impertinentes o no actualizadas.<\/p>\n<p>El Ayuntamiento de Olot no se hace responsable del acceso t\u00e9cnico, informaci\u00f3n o contenidos de otras p\u00e1ginas web a las que remite o con las que se pueda enlazar desde el portal www.espaicrater.com.<\/p>\n<p>El Ayuntamiento de Olot no se identifica necesariamente con las opiniones expresadas por sus colaboradores.<\/p>\n<h3>DERECHO DE EXCLUSI\u00d3N<\/h3>\n<p>El Ayuntamiento de Olot se reserva el derecho de denegar o retirar el acceso a sus sitios web y\/o los servicios ofrecidos, sin necesidad de previo aviso, a instancia propia o de un tercero, a aquellos usuarios que incumplan las condiciones establecidas en este aviso legal.<\/p>\n<h3>PARTICIPACI\u00d3N EN ACCIONES ESPEC\u00cdFICAS<\/h3>\n<p>El portal www.espaicrater.com puede ofrecer acciones de participaci\u00f3n espec\u00edficas a los usuarios, tales como la presentaci\u00f3n de proyectos o propuestas relacionadas con la actividad del Espai Cr\u00e0ter. La participaci\u00f3n en cualquier acci\u00f3n ser\u00e1 voluntaria y supondr\u00e1 la aceptaci\u00f3n de las condiciones que en cada caso se establezcan y que el usuario deber\u00e1 aceptar expresamente. Las acciones de participaci\u00f3n se dirigir\u00e1n, b\u00e1sicamente, a mayores de 18 a\u00f1os.<\/p>\n<p>Todos los contenidos generados por los usuarios o que se incluyan voluntariamente en las acciones de participaci\u00f3n, se regir\u00e1n por sus condiciones espec\u00edficas. El usuario debe ser el propietario del contenido o bien debe disponer de los derechos de explotaci\u00f3n de este y, por tanto, deber\u00e1 disponer del consentimiento de su autor. No se puede vulnerar en modo alguno ning\u00fan derecho de propiedad intelectual, industrial o ning\u00fan derecho exclusivo que pertenezca a terceros; por tanto, no se aceptar\u00e1n archivos que vulneren las leyes de propiedad intelectual vigentes en todo momento.<\/p>\n<h3>REDES SOCIALES Y FOROS<\/h3>\n<p>El portal www.espaicrater.com dispone de funcionalidades de acceso a redes sociales y secciones de car\u00e1cter p\u00fablico, entendiendo como tales aqu\u00e9llas que son accesibles para todos los usuarios para poder interactuar con la posibilidad de insertar comentarios, enlaces, elementos multimedia, im\u00e1genes, etc. En determinados casos podr\u00e1 solicitarse el registro del usuario.<\/p>\n<p>En relaci\u00f3n con los contenidos e interacciones que el usuario decida enviar o efectuar, se establecen las siguientes condiciones de uso y acceso:<\/p>\n<p>Responsabilidades: el Ayuntamiento de Olot no se hace responsable del contenido de los mensajes, informaciones u opiniones que efect\u00faen los usuarios y se reserva el derecho de impedir el acceso a contenidos il\u00edcitos o ileg\u00edtimos o que puedan perjudicar derechos leg\u00edtimos de cualquier tipo, o de retirar o eliminar los que se hayan aportado, en especial en caso de incumplimiento de estas condiciones.<\/p>\n<p>No atribuir\u00e1 al usuario ning\u00fan derecho, y su uso quedar\u00e1 sujeto a la legislaci\u00f3n vigente y, en el caso de las redes sociales, a las condiciones de la propia red.<\/p>\n<p>Propiedad intelectual: el Ayuntamiento de Olot tendr\u00e1 derecho a reproducir, modificar, adaptar y publicar, incluyendo la comunicaci\u00f3n p\u00fablica, los contenidos, ya sean textos, fotograf\u00edas, gr\u00e1ficos, etc. con \u00a0el objeto de promover la secci\u00f3n a la que se han enviado, as\u00ed como para utilizarlos en las actividades del Ayuntamiento de Olot, en cualquier formato y soporte. La licencia es gratuita y se establece por el tiempo hasta su paso al dominio p\u00fablico que permita en cada momento la legislaci\u00f3n de propiedad intelectual vigente. Los usuarios s\u00f3lo enviar\u00e1n contenidos de los que sean los autores originales o dispongan de los derechos de su titular, sin perjuicio de informar de la URL del propietario o derechohabiente para enlazar con estos contenidos.<\/p>\n<p>El Ayuntamiento de Olot no devolver\u00e1 ning\u00fan contenido de los env\u00edos ni adquirir\u00e1 ninguna obligaci\u00f3n de contestar a los usuarios.<\/p>\n<p>Los datos personales que consten en la funcionalidad afectada y sus contenidos no pueden utilizarse en beneficio o en usos que no hayan sido autorizados expresamente por su titular. El usuario responder\u00e1 de la veracidad de los datos facilitados.<\/p>\n<p>Los usuarios respetar\u00e1n las opiniones de los dem\u00e1s usuarios o participantes, absteni\u00e9ndose de utilizar un lenguaje ofensivo o difamatorio, racista, violento o que atente contra la legalidad vigente.<\/p>\n<p>No se podr\u00e1n realizar comunicaciones comerciales ni no autorizadas.<\/p>\n<p>Hay que advertir que los datos personales que faciliten los usuarios podr\u00e1n ser vistos por cualquier otro usuario o participante. Si se trata de datos de terceros, ser\u00e1 necesario disponer de su consentimiento expreso con los l\u00edmites legales.<\/p>\n<h3>MODIFICACI\u00d3N DEL AVISO LEGAL<\/h3>\n<p>El Ayuntamiento de Olot se reserva el derecho de modificaci\u00f3n unilateral de las condiciones establecidas en este aviso legal en cualquier momento, en su totalidad o parcialmente. La modificaci\u00f3n surtir\u00e1 efectos desde su publicaci\u00f3n en la p\u00e1gina web; m\u00e1s concretamente, desde su inserci\u00f3n en el enlace \u201cAviso Legal\u201d.<\/p>\n<p>El Ayuntamiento de Olot aconseja que cada vez que los usuarios accedan a la p\u00e1gina web lean este aviso legal.<\/p>\n<h3>GENERALIDADES<\/h3>\n<p>El Ayuntamiento de Olot perseguir\u00e1 el incumplimiento de estas condiciones, as\u00ed como cualquier utilizaci\u00f3n indebida de sus sitios web ejerciendo todas las acciones civiles y penales que le puedan corresponder por derecho.<\/p>\n<p>El Ayuntamiento de Olot no puede garantizar que el portal y el servidor est\u00e9n libres de virus, por lo que no se hace responsable de los da\u00f1os o perjuicios que puedan causarse por estas anomal\u00edas o cualquier otra de \u00edndole t\u00e9cnica.<\/p>\n<h3>LEGISLACI\u00d3N APLICABLE Y JURISDICCI\u00d3N<\/h3>\n<p>Los litigios derivados de la aplicaci\u00f3n de las condiciones de este aviso legal se regir\u00e1n por la Ley espa\u00f1ola.<\/p>\n<p>El Ayuntamiento de Olot y el usuario, con renuncia expresa a cualquier otro fuero, se someten al de los juzgados y tribunales de la provincia de Girona.<\/p>\n\n\n<p><\/p>\n","protected":false},"excerpt":{"rendered":"<p>INFORMACI\u00d3N GENERAL DE LA SEDE ELECTR\u00d3NICA www.espaicrater.com Ha accedido a la web de Espai Cr\u00e0ter El uso y acceso a los contenidos de esta p\u00e1gina web implica el conocimiento y aceptaci\u00f3n de las condiciones de acceso y uso que constan en este aviso legal, as\u00ed como la pol\u00edtica de privacidad y datos personales. Estas condiciones &hellip; <a href=\"https:\/\/espaicrater.com\/es\/avis-legal\/\">Continued<\/a><\/p>\n","protected":false},"author":1,"featured_media":0,"parent":0,"menu_order":0,"comment_status":"closed","ping_status":"closed","template":"","meta":{"_acf_changed":false,"footnotes":""},"class_list":["post-961","page","type-page","status-publish","hentry"],"acf":[],"yoast_head":"<title>Av\u00eds legal - Espai Cr\u00e0ter<\/title>\n<meta name=\"robots\" content=\"index, follow, max-snippet:-1, max-image-preview:large, max-video-preview:-1\" \/>\n<link rel=\"canonical\" href=\"https:\/\/espaicrater.com\/es\/avis-legal\/\" \/>\n<meta property=\"og:locale\" content=\"es_ES\" \/>\n<meta property=\"og:type\" content=\"article\" \/>\n<meta property=\"og:title\" content=\"Av\u00eds legal - Espai Cr\u00e0ter\" \/>\n<meta property=\"og:description\" content=\"INFORMACI\u00d3N GENERAL DE LA SEDE ELECTR\u00d3NICA www.espaicrater.com Ha accedido a la web de Espai Cr\u00e0ter El uso y acceso a los contenidos de esta p\u00e1gina web implica el conocimiento y aceptaci\u00f3n de las condiciones de acceso y uso que constan en este aviso legal, as\u00ed como la pol\u00edtica de privacidad y datos personales. Estas condiciones &hellip; Continued\" \/>\n<meta property=\"og:url\" content=\"https:\/\/espaicrater.com\/es\/avis-legal\/\" \/>\n<meta property=\"og:site_name\" content=\"Espai Cr\u00e0ter\" \/>\n<meta property=\"article:modified_time\" content=\"2022-03-29T15:37:42+00:00\" \/>\n<meta name=\"twitter:card\" content=\"summary_large_image\" \/>\n<meta name=\"twitter:label1\" content=\"Tiempo de lectura\" \/>\n\t<meta name=\"twitter:data1\" content=\"10 minutos\" \/>\n<script type=\"application\/ld+json\" class=\"yoast-schema-graph\">{\"@context\":\"https:\\\/\\\/schema.org\",\"@graph\":[{\"@type\":\"WebPage\",\"@id\":\"https:\\\/\\\/espaicrater.com\\\/es\\\/avis-legal\\\/\",\"url\":\"https:\\\/\\\/espaicrater.com\\\/es\\\/avis-legal\\\/\",\"name\":\"Av\u00eds legal - Espai Cr\u00e0ter\",\"isPartOf\":{\"@id\":\"https:\\\/\\\/espaicrater.com\\\/#website\"},\"datePublished\":\"2022-02-09T18:17:42+00:00\",\"dateModified\":\"2022-03-29T15:37:42+00:00\",\"breadcrumb\":{\"@id\":\"https:\\\/\\\/espaicrater.com\\\/es\\\/avis-legal\\\/#breadcrumb\"},\"inLanguage\":\"es\",\"potentialAction\":[{\"@type\":\"ReadAction\",\"target\":[\"https:\\\/\\\/espaicrater.com\\\/es\\\/avis-legal\\\/\"]}]},{\"@type\":\"BreadcrumbList\",\"@id\":\"https:\\\/\\\/espaicrater.com\\\/es\\\/avis-legal\\\/#breadcrumb\",\"itemListElement\":[{\"@type\":\"ListItem\",\"position\":1,\"name\":\"Inicio\",\"item\":\"https:\\\/\\\/espaicrater.com\\\/es\\\/\"},{\"@type\":\"ListItem\",\"position\":2,\"name\":\"Av\u00eds legal\"}]},{\"@type\":\"WebSite\",\"@id\":\"https:\\\/\\\/espaicrater.com\\\/#website\",\"url\":\"https:\\\/\\\/espaicrater.com\\\/\",\"name\":\"Espai Cr\u00e0ter\",\"description\":\"Viatge al centre de la vida\",\"publisher\":{\"@id\":\"https:\\\/\\\/espaicrater.com\\\/#organization\"},\"potentialAction\":[{\"@type\":\"SearchAction\",\"target\":{\"@type\":\"EntryPoint\",\"urlTemplate\":\"https:\\\/\\\/espaicrater.com\\\/?s={search_term_string}\"},\"query-input\":{\"@type\":\"PropertyValueSpecification\",\"valueRequired\":true,\"valueName\":\"search_term_string\"}}],\"inLanguage\":\"es\"},{\"@type\":\"Organization\",\"@id\":\"https:\\\/\\\/espaicrater.com\\\/#organization\",\"name\":\"Espai Cr\u00e0ter\",\"url\":\"https:\\\/\\\/espaicrater.com\\\/\",\"logo\":{\"@type\":\"ImageObject\",\"inLanguage\":\"es\",\"@id\":\"https:\\\/\\\/espaicrater.com\\\/#\\\/schema\\\/logo\\\/image\\\/\",\"url\":\"https:\\\/\\\/espaicrater.com\\\/app\\\/uploads\\\/2022\\\/02\\\/espai-crater-1.png\",\"contentUrl\":\"https:\\\/\\\/espaicrater.com\\\/app\\\/uploads\\\/2022\\\/02\\\/espai-crater-1.png\",\"width\":801,\"height\":320,\"caption\":\"Espai Cr\u00e0ter\"},\"image\":{\"@id\":\"https:\\\/\\\/espaicrater.com\\\/#\\\/schema\\\/logo\\\/image\\\/\"}}]}<\/script>","yoast_head_json":{"title":"Av\u00eds legal - Espai Cr\u00e0ter","robots":{"index":"index","follow":"follow","max-snippet":"max-snippet:-1","max-image-preview":"max-image-preview:large","max-video-preview":"max-video-preview:-1"},"canonical":"https:\/\/espaicrater.com\/es\/avis-legal\/","og_locale":"es_ES","og_type":"article","og_title":"Av\u00eds legal - Espai Cr\u00e0ter","og_description":"INFORMACI\u00d3N GENERAL DE LA SEDE ELECTR\u00d3NICA www.espaicrater.com Ha accedido a la web de Espai Cr\u00e0ter El uso y acceso a los contenidos de esta p\u00e1gina web implica el conocimiento y aceptaci\u00f3n de las condiciones de acceso y uso que constan en este aviso legal, as\u00ed como la pol\u00edtica de privacidad y datos personales. Estas condiciones &hellip; Continued","og_url":"https:\/\/espaicrater.com\/es\/avis-legal\/","og_site_name":"Espai Cr\u00e0ter","article_modified_time":"2022-03-29T15:37:42+00:00","twitter_card":"summary_large_image","twitter_misc":{"Tiempo de lectura":"10 minutos"},"schema":{"@context":"https:\/\/schema.org","@graph":[{"@type":"WebPage","@id":"https:\/\/espaicrater.com\/es\/avis-legal\/","url":"https:\/\/espaicrater.com\/es\/avis-legal\/","name":"Av\u00eds legal - Espai Cr\u00e0ter","isPartOf":{"@id":"https:\/\/espaicrater.com\/#website"},"datePublished":"2022-02-09T18:17:42+00:00","dateModified":"2022-03-29T15:37:42+00:00","breadcrumb":{"@id":"https:\/\/espaicrater.com\/es\/avis-legal\/#breadcrumb"},"inLanguage":"es","potentialAction":[{"@type":"ReadAction","target":["https:\/\/espaicrater.com\/es\/avis-legal\/"]}]},{"@type":"BreadcrumbList","@id":"https:\/\/espaicrater.com\/es\/avis-legal\/#breadcrumb","itemListElement":[{"@type":"ListItem","position":1,"name":"Inicio","item":"https:\/\/espaicrater.com\/es\/"},{"@type":"ListItem","position":2,"name":"Av\u00eds legal"}]},{"@type":"WebSite","@id":"https:\/\/espaicrater.com\/#website","url":"https:\/\/espaicrater.com\/","name":"Espai Cr\u00e0ter","description":"Viatge al centre de la vida","publisher":{"@id":"https:\/\/espaicrater.com\/#organization"},"potentialAction":[{"@type":"SearchAction","target":{"@type":"EntryPoint","urlTemplate":"https:\/\/espaicrater.com\/?s={search_term_string}"},"query-input":{"@type":"PropertyValueSpecification","valueRequired":true,"valueName":"search_term_string"}}],"inLanguage":"es"},{"@type":"Organization","@id":"https:\/\/espaicrater.com\/#organization","name":"Espai Cr\u00e0ter","url":"https:\/\/espaicrater.com\/","logo":{"@type":"ImageObject","inLanguage":"es","@id":"https:\/\/espaicrater.com\/#\/schema\/logo\/image\/","url":"https:\/\/espaicrater.com\/app\/uploads\/2022\/02\/espai-crater-1.png","contentUrl":"https:\/\/espaicrater.com\/app\/uploads\/2022\/02\/espai-crater-1.png","width":801,"height":320,"caption":"Espai Cr\u00e0ter"},"image":{"@id":"https:\/\/espaicrater.com\/#\/schema\/logo\/image\/"}}]}},"_links":{"self":[{"href":"https:\/\/espaicrater.com\/es\/wp-json\/wp\/v2\/pages\/961","targetHints":{"allow":["GET"]}}],"collection":[{"href":"https:\/\/espaicrater.com\/es\/wp-json\/wp\/v2\/pages"}],"about":[{"href":"https:\/\/espaicrater.com\/es\/wp-json\/wp\/v2\/types\/page"}],"author":[{"embeddable":true,"href":"https:\/\/espaicrater.com\/es\/wp-json\/wp\/v2\/users\/1"}],"replies":[{"embeddable":true,"href":"https:\/\/espaicrater.com\/es\/wp-json\/wp\/v2\/comments?post=961"}],"version-history":[{"count":3,"href":"https:\/\/espaicrater.com\/es\/wp-json\/wp\/v2\/pages\/961\/revisions"}],"predecessor-version":[{"id":1536,"href":"https:\/\/espaicrater.com\/es\/wp-json\/wp\/v2\/pages\/961\/revisions\/1536"}],"wp:attachment":[{"href":"https:\/\/espaicrater.com\/es\/wp-json\/wp\/v2\/media?parent=961"}],"curies":[{"name":"wp","href":"https:\/\/api.w.org\/{rel}","templated":true}]}}