{"id":962,"date":"2022-02-10T18:30:06","date_gmt":"2022-02-10T17:30:06","guid":{"rendered":"https:\/\/espaicrater.com\/?page_id=962"},"modified":"2025-02-05T11:24:54","modified_gmt":"2025-02-05T10:24:54","slug":"iniciativas","status":"publish","type":"page","link":"https:\/\/espaicrater.com\/es\/explora\/iniciativas\/","title":{"rendered":"Iniciativas"},"content":{"rendered":"","protected":false},"excerpt":{"rendered":"","protected":false},"author":1,"featured_media":11404,"parent":953,"menu_order":0,"comment_status":"closed","ping_status":"closed","template":"flexible.blade.php","meta":{"_acf_changed":false,"footnotes":""},"class_list":["post-962","page","type-page","status-publish","has-post-thumbnail","hentry"],"acf":[],"yoast_head":"<title>Iniciativas - Espai Cr\u00e0ter<\/title>\n<meta name=\"description\" content=\"El Espai Cr\u00e0ter es un proyecto contempor\u00e1neo que trabaja de forma innovadora, experiencial y participativa para abordar los retos globales\" \/>\n<meta name=\"robots\" content=\"index, follow, max-snippet:-1, max-image-preview:large, max-video-preview:-1\" \/>\n<link rel=\"canonical\" href=\"https:\/\/espaicrater.com\/es\/explora\/iniciativas\/\" \/>\n<meta property=\"og:locale\" content=\"es_ES\" \/>\n<meta property=\"og:type\" content=\"article\" \/>\n<meta property=\"og:title\" content=\"Iniciativas - Espai Cr\u00e0ter\" \/>\n<meta property=\"og:description\" content=\"El Espai Cr\u00e0ter es un proyecto contempor\u00e1neo que trabaja de forma innovadora, experiencial y participativa para abordar los retos globales\" \/>\n<meta property=\"og:url\" content=\"https:\/\/espaicrater.com\/es\/explora\/iniciativas\/\" \/>\n<meta property=\"og:site_name\" content=\"Espai Cr\u00e0ter\" \/>\n<meta property=\"article:modified_time\" content=\"2025-02-05T10:24:54+00:00\" \/>\n<meta property=\"og:image\" content=\"https:\/\/espaicrater.com\/app\/uploads\/2022\/02\/EXPLORA_INICIATIVES_INTRODUCCIO.jpg\" \/>\n\t<meta property=\"og:image:width\" content=\"1050\" \/>\n\t<meta property=\"og:image:height\" content=\"700\" \/>\n\t<meta property=\"og:image:type\" content=\"image\/jpeg\" \/>\n<meta name=\"twitter:card\" content=\"summary_large_image\" \/>\n<script type=\"application\/ld+json\" class=\"yoast-schema-graph\">{\"@context\":\"https:\/\/schema.org\",\"@graph\":[{\"@type\":\"WebPage\",\"@id\":\"https:\/\/espaicrater.com\/es\/explora\/iniciativas\/\",\"url\":\"https:\/\/espaicrater.com\/es\/explora\/iniciativas\/\",\"name\":\"Iniciativas - Espai Cr\u00e0ter\",\"isPartOf\":{\"@id\":\"https:\/\/espaicrater.com\/#website\"},\"primaryImageOfPage\":{\"@id\":\"https:\/\/espaicrater.com\/es\/explora\/iniciativas\/#primaryimage\"},\"image\":{\"@id\":\"https:\/\/espaicrater.com\/es\/explora\/iniciativas\/#primaryimage\"},\"thumbnailUrl\":\"https:\/\/espaicrater.com\/app\/uploads\/2025\/02\/DSC02004-scaled.jpg\",\"datePublished\":\"2022-02-10T17:30:06+00:00\",\"dateModified\":\"2025-02-05T10:24:54+00:00\",\"description\":\"El Espai Cr\u00e0ter es un proyecto contempor\u00e1neo que trabaja de forma innovadora, experiencial y participativa para abordar los retos globales\",\"breadcrumb\":{\"@id\":\"https:\/\/espaicrater.com\/es\/explora\/iniciativas\/#breadcrumb\"},\"inLanguage\":\"es\",\"potentialAction\":[{\"@type\":\"ReadAction\",\"target\":[\"https:\/\/espaicrater.com\/es\/explora\/iniciativas\/\"]}]},{\"@type\":\"ImageObject\",\"inLanguage\":\"es\",\"@id\":\"https:\/\/espaicrater.com\/es\/explora\/iniciativas\/#primaryimage\",\"url\":\"https:\/\/espaicrater.com\/app\/uploads\/2025\/02\/DSC02004-scaled.jpg\",\"contentUrl\":\"https:\/\/espaicrater.com\/app\/uploads\/2025\/02\/DSC02004-scaled.jpg\"},{\"@type\":\"BreadcrumbList\",\"@id\":\"https:\/\/espaicrater.com\/es\/explora\/iniciativas\/#breadcrumb\",\"itemListElement\":[{\"@type\":\"ListItem\",\"position\":1,\"name\":\"Inicio\",\"item\":\"https:\/\/espaicrater.com\/es\/\"},{\"@type\":\"ListItem\",\"position\":2,\"name\":\"Explora\",\"item\":\"https:\/\/espaicrater.com\/es\/explora\/\"},{\"@type\":\"ListItem\",\"position\":3,\"name\":\"Iniciativas\"}]},{\"@type\":\"WebSite\",\"@id\":\"https:\/\/espaicrater.com\/#website\",\"url\":\"https:\/\/espaicrater.com\/\",\"name\":\"Espai Cr\u00e0ter\",\"description\":\"Viatge al centre de la vida\",\"publisher\":{\"@id\":\"https:\/\/espaicrater.com\/#organization\"},\"potentialAction\":[{\"@type\":\"SearchAction\",\"target\":{\"@type\":\"EntryPoint\",\"urlTemplate\":\"https:\/\/espaicrater.com\/?s={search_term_string}\"},\"query-input\":{\"@type\":\"PropertyValueSpecification\",\"valueRequired\":true,\"valueName\":\"search_term_string\"}}],\"inLanguage\":\"es\"},{\"@type\":\"Organization\",\"@id\":\"https:\/\/espaicrater.com\/#organization\",\"name\":\"Espai Cr\u00e0ter\",\"url\":\"https:\/\/espaicrater.com\/\",\"logo\":{\"@type\":\"ImageObject\",\"inLanguage\":\"es\",\"@id\":\"https:\/\/espaicrater.com\/#\/schema\/logo\/image\/\",\"url\":\"https:\/\/espaicrater.com\/app\/uploads\/2022\/02\/espai-crater-1.png\",\"contentUrl\":\"https:\/\/espaicrater.com\/app\/uploads\/2022\/02\/espai-crater-1.png\",\"width\":801,\"height\":320,\"caption\":\"Espai Cr\u00e0ter\"},\"image\":{\"@id\":\"https:\/\/espaicrater.com\/#\/schema\/logo\/image\/\"}}]}<\/script>","yoast_head_json":{"title":"Iniciativas - Espai Cr\u00e0ter","description":"El Espai Cr\u00e0ter es un proyecto contempor\u00e1neo que trabaja de forma innovadora, experiencial y participativa para abordar los retos globales","robots":{"index":"index","follow":"follow","max-snippet":"max-snippet:-1","max-image-preview":"max-image-preview:large","max-video-preview":"max-video-preview:-1"},"canonical":"https:\/\/espaicrater.com\/es\/explora\/iniciativas\/","og_locale":"es_ES","og_type":"article","og_title":"Iniciativas - Espai Cr\u00e0ter","og_description":"El Espai Cr\u00e0ter es un proyecto contempor\u00e1neo que trabaja de forma innovadora, experiencial y participativa para abordar los retos globales","og_url":"https:\/\/espaicrater.com\/es\/explora\/iniciativas\/","og_site_name":"Espai Cr\u00e0ter","article_modified_time":"2025-02-05T10:24:54+00:00","og_image":[{"width":1050,"height":700,"url":"https:\/\/espaicrater.com\/app\/uploads\/2022\/02\/EXPLORA_INICIATIVES_INTRODUCCIO.jpg","type":"image\/jpeg"}],"twitter_card":"summary_large_image","schema":{"@context":"https:\/\/schema.org","@graph":[{"@type":"WebPage","@id":"https:\/\/espaicrater.com\/es\/explora\/iniciativas\/","url":"https:\/\/espaicrater.com\/es\/explora\/iniciativas\/","name":"Iniciativas - Espai Cr\u00e0ter","isPartOf":{"@id":"https:\/\/espaicrater.com\/#website"},"primaryImageOfPage":{"@id":"https:\/\/espaicrater.com\/es\/explora\/iniciativas\/#primaryimage"},"image":{"@id":"https:\/\/espaicrater.com\/es\/explora\/iniciativas\/#primaryimage"},"thumbnailUrl":"https:\/\/espaicrater.com\/app\/uploads\/2025\/02\/DSC02004-scaled.jpg","datePublished":"2022-02-10T17:30:06+00:00","dateModified":"2025-02-05T10:24:54+00:00","description":"El Espai Cr\u00e0ter es un proyecto contempor\u00e1neo que trabaja de forma innovadora, experiencial y participativa para abordar los retos globales","breadcrumb":{"@id":"https:\/\/espaicrater.com\/es\/explora\/iniciativas\/#breadcrumb"},"inLanguage":"es","potentialAction":[{"@type":"ReadAction","target":["https:\/\/espaicrater.com\/es\/explora\/iniciativas\/"]}]},{"@type":"ImageObject","inLanguage":"es","@id":"https:\/\/espaicrater.com\/es\/explora\/iniciativas\/#primaryimage","url":"https:\/\/espaicrater.com\/app\/uploads\/2025\/02\/DSC02004-scaled.jpg","contentUrl":"https:\/\/espaicrater.com\/app\/uploads\/2025\/02\/DSC02004-scaled.jpg"},{"@type":"BreadcrumbList","@id":"https:\/\/espaicrater.com\/es\/explora\/iniciativas\/#breadcrumb","itemListElement":[{"@type":"ListItem","position":1,"name":"Inicio","item":"https:\/\/espaicrater.com\/es\/"},{"@type":"ListItem","position":2,"name":"Explora","item":"https:\/\/espaicrater.com\/es\/explora\/"},{"@type":"ListItem","position":3,"name":"Iniciativas"}]},{"@type":"WebSite","@id":"https:\/\/espaicrater.com\/#website","url":"https:\/\/espaicrater.com\/","name":"Espai Cr\u00e0ter","description":"Viatge al centre de la vida","publisher":{"@id":"https:\/\/espaicrater.com\/#organization"},"potentialAction":[{"@type":"SearchAction","target":{"@type":"EntryPoint","urlTemplate":"https:\/\/espaicrater.com\/?s={search_term_string}"},"query-input":{"@type":"PropertyValueSpecification","valueRequired":true,"valueName":"search_term_string"}}],"inLanguage":"es"},{"@type":"Organization","@id":"https:\/\/espaicrater.com\/#organization","name":"Espai Cr\u00e0ter","url":"https:\/\/espaicrater.com\/","logo":{"@type":"ImageObject","inLanguage":"es","@id":"https:\/\/espaicrater.com\/#\/schema\/logo\/image\/","url":"https:\/\/espaicrater.com\/app\/uploads\/2022\/02\/espai-crater-1.png","contentUrl":"https:\/\/espaicrater.com\/app\/uploads\/2022\/02\/espai-crater-1.png","width":801,"height":320,"caption":"Espai Cr\u00e0ter"},"image":{"@id":"https:\/\/espaicrater.com\/#\/schema\/logo\/image\/"}}]}},"_links":{"self":[{"href":"https:\/\/espaicrater.com\/es\/wp-json\/wp\/v2\/pages\/962","targetHints":{"allow":["GET"]}}],"collection":[{"href":"https:\/\/espaicrater.com\/es\/wp-json\/wp\/v2\/pages"}],"about":[{"href":"https:\/\/espaicrater.com\/es\/wp-json\/wp\/v2\/types\/page"}],"author":[{"embeddable":true,"href":"https:\/\/espaicrater.com\/es\/wp-json\/wp\/v2\/users\/1"}],"replies":[{"embeddable":true,"href":"https:\/\/espaicrater.com\/es\/wp-json\/wp\/v2\/comments?post=962"}],"version-history":[{"count":5,"href":"https:\/\/espaicrater.com\/es\/wp-json\/wp\/v2\/pages\/962\/revisions"}],"predecessor-version":[{"id":11393,"href":"https:\/\/espaicrater.com\/es\/wp-json\/wp\/v2\/pages\/962\/revisions\/11393"}],"up":[{"embeddable":true,"href":"https:\/\/espaicrater.com\/es\/wp-json\/wp\/v2\/pages\/953"}],"wp:featuredmedia":[{"embeddable":true,"href":"https:\/\/espaicrater.com\/es\/wp-json\/wp\/v2\/media\/11404"}],"wp:attachment":[{"href":"https:\/\/espaicrater.com\/es\/wp-json\/wp\/v2\/media?parent=962"}],"curies":[{"name":"wp","href":"https:\/\/api.w.org\/{rel}","templated":true}]}}