{"id":1669,"date":"2022-01-21T11:41:24","date_gmt":"2022-01-21T10:41:24","guid":{"rendered":"https:\/\/espaicrater.com\/politica-privacitat\/"},"modified":"2022-04-01T13:46:52","modified_gmt":"2022-04-01T11:46:52","slug":"politique-de-confidentialite","status":"publish","type":"page","link":"https:\/\/espaicrater.com\/fr\/politique-de-confidentialite\/","title":{"rendered":"Politique de confidentialit\u00e9"},"content":{"rendered":"<h3>TITULARITAT DEL LLOC WEB<\/h3>\n<p>El propietari del present lloc web \u00e9s l\u2019Ajuntament d\u2019Olot<\/p>\n<p>Ajuntament d\u2019Olot<br \/>\nPasseig Ramon Guillamet, n\u00fam. 10<br \/>\n17800 Olot (Girona)<br \/>\nTel\u00e8fon: 972 27 91 01<br \/>\nAdre\u00e7a electr\u00f2nica: <a href=\"mailto:atenciociutada@olot.cat\">atenciociutada@olot.cat<\/a><\/p>\n<h3>CONDICIONS GENERALS D\u2019\u00daS<\/h3>\n<p>L\u2019usuari accedeix volunt\u00e0riament a aquesta p\u00e0gina web, la qual cosa implica que l\u2019utilitzar\u00e0 d\u2019acord amb aquest av\u00eds legal. La utilitzaci\u00f3 d\u2019aquesta p\u00e0gina web suposa l\u2019acceptaci\u00f3 d\u2019aquest av\u00eds legal.<\/p>\n<p>Les p\u00e0gines web d\u2019aquest lloc web poden ser visitades lliurement pels usuaris.<\/p>\n<p>L\u2019Ajuntament d\u2019Olot es reserva el dret a modificar sense previ av\u00eds el contingut d\u2019aquest av\u00eds legal aix\u00ed com el dret d\u2019alterar la forma d\u2019acc\u00e9s a la seva p\u00e0gina web sense previ av\u00eds; per tant, i per a una correcta utilitzaci\u00f3 del lloc web, li recomanem que visiti peri\u00f2dicament aquesta secci\u00f3.<\/p>\n<h3>PROPIETAT INTEL\u00b7LECTUAL I INDUSTRIAL<\/h3>\n<p>L\u2019acc\u00e9s a aquest lloc web no suposa, en cap cas, l\u2019adquisici\u00f3 per part dels usuaris de cap dret de propietat sobre els continguts que hi figuren.<\/p>\n<p>Tots els drets reservats. El copyright d\u2019aquest lloc web \u00e9s propietat de l\u2019Ajuntament d\u2019Olot. Tot el que veieu o llegiu en aquest lloc web, llevat que s\u2019especifiqui el contrari, est\u00e0 protegit per copyright, o s\u2019utilitza amb perm\u00eds, de l\u2019Ajuntament d\u2019Olot. Tot el software, la informaci\u00f3, els productes, els serveis i qualsevol altre contingut incl\u00f2s o utilitzat al lloc web, incloent, sense limitar-s\u2019hi, tot el codi HTML i els controls Active X, s\u00f3n propietat de l\u2019Ajuntament d\u2019Olot, o utilitzats amb el seu perm\u00eds. El software i els continguts d\u2019aquest lloc web estan protegits per la legislaci\u00f3 de copyright i altres disposicions internacionals.<\/p>\n<p>La reproducci\u00f3, distribuci\u00f3, comercialitzaci\u00f3 o transformaci\u00f3 no autoritzades del software i els continguts, tret que sigui per a un \u00fas personal i privat, constitueix una infracci\u00f3 dels drets de propietat intel\u00b7lectual de l\u2019Ajuntament d\u2019Olot, o d\u2019aquell que en sigui titular<\/p>\n<p>Tingueu en compte que qualsevol marca utilitzada o qualsevol tecnologia, producte o proc\u00e9s descrit en el document pot estar subjecte a altres drets de propietat intel\u00b7lectual reservats per l\u2019Ajuntament d\u2019Olot, i no se n\u2019ofereix cap llic\u00e8ncia.<\/p>\n<p>Qualsevol c\u00f2pia autoritzada d\u2019aquest lloc web, o de qualsevol p\u00e0gina o contingut del lloc ha d\u2019incloure aquesta nota informativa sobre el copyright.<\/p>\n<h3>LIMITACI\u00d3 DE LA RESPONSABILITAT<\/h3>\n<p>L\u2019Ajuntament d\u2019Olot es reserva el dret a interrompre l\u2019acc\u00e9s al seu lloc web, aix\u00ed com la prestaci\u00f3 de qualsevol servei a trav\u00e9s del mateix en qualsevol moment i sense previ av\u00eds, sigui per motius t\u00e8cnics, de seguretat, de manteniment o per qualsevol altra causa.<\/p>\n<p>L\u2019Ajuntament d\u2019Olot no ser\u00e0 responsable en cas de que s\u2019hagi d\u2019interrompre el servei, retard o mal funcionament i altres inconvenients que tinguin el seu origen en causes que s\u2019escapen del control de l\u2019Ajuntament d\u2019Olot i\/o siguin degudes a una actuaci\u00f3 dolosa o culpable de l\u2019usuari i\/o tinguin el seu origen per causes de for\u00e7a major.<\/p>\n<p>La informaci\u00f3 continguda en aquest lloc web pot no ser correcta, malgrat els esfor\u00e7os duts a terme per aconseguir-ne l\u2019exactitud i l\u2019actualitzaci\u00f3. En conseq\u00fc\u00e8ncia, l\u2019Ajuntament d\u2019Olot no es responsabilitza dels errors continguts, ni dels danys o perjudicis derivats de la seva utilitzaci\u00f3.<\/p>\n<p>Aquest lloc web cont\u00e9 enlla\u00e7os a altres llocs webs del contingut, la utilitat o l\u2019exactitud dels quals no es pot responsabilitzar l\u2019Ajuntament d\u2019Olot. La incorporaci\u00f3 d\u2019un enlla\u00e7 en aquest lloc web no pot considerar-se una recomanaci\u00f3 als usuaris perqu\u00e8 l\u2019utilitzin; la decisi\u00f3 d\u2019utilitzar-lo \u00e9s responsabilitat d\u2019aquests \u00faltims.<\/p>\n<p>L\u2019Ajuntament d\u2019Olot no es fa responsable dels danys i els perjudicis derivats de l\u2019\u00fas d\u2019aquest lloc web o dels seus continguts, i no garanteix l\u2019abs\u00e8ncia de virus o la impossibilitat de causar danys en els sistemes inform\u00e0tics de l\u2019usuari.<\/p>\n<p>L\u2019Ajuntament d\u2019Olot no es responsabilitza del mal \u00fas que es pugui fer d\u2019aquest lloc web.<\/p>\n<p>La utilitzaci\u00f3 no autoritzada de la informaci\u00f3 continguda en aquest portal, aix\u00ed com els perjudicis ocasionats en els drets de propietat intel\u00b7lectual i industrial de l\u2019Ajuntament d\u2019Olot, poden donar lloc a l\u2019exercici de les accions que legalment corresponguin i, si s\u2019escau, a les responsabilitats que es derivin de l\u2019exercici esmentat.<\/p>\n<h3>POL\u00cdTICA DE PRIVACITAT<\/h3>\n<p>L\u2019Ajuntament d\u2019Olot realitza el tractament de les seves dades \u00fanicament i exclusivament per als serveis que sol\u00b7licita i les seves compet\u00e8ncies d\u2019acord a la normativa vigent en mat\u00e8ria de protecci\u00f3 de dades i societat de la informaci\u00f3. L\u2019\u00fas de les dades personals tindr\u00e0 car\u00e0cter confidencial.<\/p>\n<p>Pot consultar el detall del tractament de dades que realitzem a la nostra <a href=\"http:\/\/espaicrater.com\/avis-legal\/\">pol\u00edtica de protecci\u00f3 de dades<\/a>.<\/p>\n<h3>POLITICA DE COOKIES<\/h3>\n<p>Podem utilitzar cookies quan l\u2019usuari navega per les diferents pantalles i p\u00e0gines de la nostra web amb la finalitat de recon\u00e8ixer als usuaris per a poder oferir un millor servei i m\u00e9s personalitzat mitjan\u00e7ant cookies de sessi\u00f3 i cookies t\u00e8cniques.<\/p>\n<p>Les cookies no recullen informaci\u00f3 de l\u2019usuari, sent totalment an\u00f2nim i sense possibilitat de ser associada a un usuari concret ni identificat.<\/p>\n<p>L\u2019usuari podr\u00e0 controlar el nivell de seguretat del seu equip mitjan\u00e7ant l\u2019opci\u00f3 corresponent que tingui el seu programa navegador.<\/p>\n<h3>LEGISLACI\u00d3 APLICABLE I TRIBUNALS COMPETENTS<\/h3>\n<p>Les condicions d\u2019aquest lloc web i les relacions entre l\u2019usuari i l\u2019Ajuntament d\u2019Olot es regiran per la legislaci\u00f3 espanyola.<\/p>\n<p>Per con\u00e8ixer de qualsevol discrep\u00e0ncia que pugui sorgir entre l\u2019usuari i l\u2019Ajuntament d\u2019Olot ambdues parts es sotmeten als Jutges i Tribunals de la prov\u00edncia de Girona.<\/p>\n<p>A trav\u00e9s del lloc web de l\u2019Ajuntament d\u2019Olot podeu accedir a altres llocs web independents; l\u2019Ajuntament d\u2019Olot no es fa responsable del contingut i la naturalesa d\u2019aquests altres llocs.<\/p>\n","protected":false},"excerpt":{"rendered":"<p>TITULARITAT DEL LLOC WEB El propietari del present lloc web \u00e9s l\u2019Ajuntament d\u2019Olot Ajuntament d\u2019Olot Passeig Ramon Guillamet, n\u00fam. 10 17800 Olot (Girona) Tel\u00e8fon: 972 27 91 01 Adre\u00e7a electr\u00f2nica: atenciociutada@olot.cat CONDICIONS GENERALS D\u2019\u00daS L\u2019usuari accedeix volunt\u00e0riament a aquesta p\u00e0gina web, la qual cosa implica que l\u2019utilitzar\u00e0 d\u2019acord amb aquest av\u00eds legal. La utilitzaci\u00f3 d\u2019aquesta &hellip; <a href=\"https:\/\/espaicrater.com\/fr\/politique-de-confidentialite\/\">Continued<\/a><\/p>\n","protected":false},"author":1,"featured_media":0,"parent":0,"menu_order":0,"comment_status":"closed","ping_status":"open","template":"","meta":{"_acf_changed":false,"footnotes":""},"class_list":["post-1669","page","type-page","status-publish","hentry"],"acf":[],"yoast_head":"<title>Politique de confidentialit\u00e9 - Espai Cr\u00e0ter<\/title>\n<meta name=\"robots\" content=\"index, follow, max-snippet:-1, max-image-preview:large, max-video-preview:-1\" \/>\n<link rel=\"canonical\" href=\"https:\/\/espaicrater.com\/fr\/politique-de-confidentialite\/\" \/>\n<meta property=\"og:locale\" content=\"fr_FR\" \/>\n<meta property=\"og:type\" content=\"article\" \/>\n<meta property=\"og:title\" content=\"Politique de confidentialit\u00e9 - Espai Cr\u00e0ter\" \/>\n<meta property=\"og:description\" content=\"TITULARITAT DEL LLOC WEB El propietari del present lloc web \u00e9s l\u2019Ajuntament d\u2019Olot Ajuntament d\u2019Olot Passeig Ramon Guillamet, n\u00fam. 10 17800 Olot (Girona) Tel\u00e8fon: 972 27 91 01 Adre\u00e7a electr\u00f2nica: atenciociutada@olot.cat CONDICIONS GENERALS D\u2019\u00daS L\u2019usuari accedeix volunt\u00e0riament a aquesta p\u00e0gina web, la qual cosa implica que l\u2019utilitzar\u00e0 d\u2019acord amb aquest av\u00eds legal. La utilitzaci\u00f3 d\u2019aquesta &hellip; Continued\" \/>\n<meta property=\"og:url\" content=\"https:\/\/espaicrater.com\/fr\/politique-de-confidentialite\/\" \/>\n<meta property=\"og:site_name\" content=\"Espai Cr\u00e0ter\" \/>\n<meta property=\"article:modified_time\" content=\"2022-04-01T11:46:52+00:00\" \/>\n<meta name=\"twitter:card\" content=\"summary_large_image\" \/>\n<meta name=\"twitter:label1\" content=\"Est. reading time\" \/>\n\t<meta name=\"twitter:data1\" content=\"5 minutes\" \/>\n<script type=\"application\/ld+json\" class=\"yoast-schema-graph\">{\"@context\":\"https:\\\/\\\/schema.org\",\"@graph\":[{\"@type\":\"WebPage\",\"@id\":\"https:\\\/\\\/espaicrater.com\\\/fr\\\/politique-de-confidentialite\\\/\",\"url\":\"https:\\\/\\\/espaicrater.com\\\/fr\\\/politique-de-confidentialite\\\/\",\"name\":\"Politique de confidentialit\u00e9 - Espai Cr\u00e0ter\",\"isPartOf\":{\"@id\":\"https:\\\/\\\/espaicrater.com\\\/#website\"},\"datePublished\":\"2022-01-21T10:41:24+00:00\",\"dateModified\":\"2022-04-01T11:46:52+00:00\",\"breadcrumb\":{\"@id\":\"https:\\\/\\\/espaicrater.com\\\/fr\\\/politique-de-confidentialite\\\/#breadcrumb\"},\"inLanguage\":\"fr-FR\",\"potentialAction\":[{\"@type\":\"ReadAction\",\"target\":[\"https:\\\/\\\/espaicrater.com\\\/fr\\\/politique-de-confidentialite\\\/\"]}]},{\"@type\":\"BreadcrumbList\",\"@id\":\"https:\\\/\\\/espaicrater.com\\\/fr\\\/politique-de-confidentialite\\\/#breadcrumb\",\"itemListElement\":[{\"@type\":\"ListItem\",\"position\":1,\"name\":\"Home\",\"item\":\"https:\\\/\\\/espaicrater.com\\\/fr\\\/\"},{\"@type\":\"ListItem\",\"position\":2,\"name\":\"Politique de confidentialit\u00e9\"}]},{\"@type\":\"WebSite\",\"@id\":\"https:\\\/\\\/espaicrater.com\\\/#website\",\"url\":\"https:\\\/\\\/espaicrater.com\\\/\",\"name\":\"Espai Cr\u00e0ter\",\"description\":\"Viatge al centre de la vida\",\"publisher\":{\"@id\":\"https:\\\/\\\/espaicrater.com\\\/#organization\"},\"potentialAction\":[{\"@type\":\"SearchAction\",\"target\":{\"@type\":\"EntryPoint\",\"urlTemplate\":\"https:\\\/\\\/espaicrater.com\\\/?s={search_term_string}\"},\"query-input\":{\"@type\":\"PropertyValueSpecification\",\"valueRequired\":true,\"valueName\":\"search_term_string\"}}],\"inLanguage\":\"fr-FR\"},{\"@type\":\"Organization\",\"@id\":\"https:\\\/\\\/espaicrater.com\\\/#organization\",\"name\":\"Espai Cr\u00e0ter\",\"url\":\"https:\\\/\\\/espaicrater.com\\\/\",\"logo\":{\"@type\":\"ImageObject\",\"inLanguage\":\"fr-FR\",\"@id\":\"https:\\\/\\\/espaicrater.com\\\/#\\\/schema\\\/logo\\\/image\\\/\",\"url\":\"https:\\\/\\\/espaicrater.com\\\/app\\\/uploads\\\/2022\\\/02\\\/espai-crater-1.png\",\"contentUrl\":\"https:\\\/\\\/espaicrater.com\\\/app\\\/uploads\\\/2022\\\/02\\\/espai-crater-1.png\",\"width\":801,\"height\":320,\"caption\":\"Espai Cr\u00e0ter\"},\"image\":{\"@id\":\"https:\\\/\\\/espaicrater.com\\\/#\\\/schema\\\/logo\\\/image\\\/\"}}]}<\/script>","yoast_head_json":{"title":"Politique de confidentialit\u00e9 - Espai Cr\u00e0ter","robots":{"index":"index","follow":"follow","max-snippet":"max-snippet:-1","max-image-preview":"max-image-preview:large","max-video-preview":"max-video-preview:-1"},"canonical":"https:\/\/espaicrater.com\/fr\/politique-de-confidentialite\/","og_locale":"fr_FR","og_type":"article","og_title":"Politique de confidentialit\u00e9 - Espai Cr\u00e0ter","og_description":"TITULARITAT DEL LLOC WEB El propietari del present lloc web \u00e9s l\u2019Ajuntament d\u2019Olot Ajuntament d\u2019Olot Passeig Ramon Guillamet, n\u00fam. 10 17800 Olot (Girona) Tel\u00e8fon: 972 27 91 01 Adre\u00e7a electr\u00f2nica: atenciociutada@olot.cat CONDICIONS GENERALS D\u2019\u00daS L\u2019usuari accedeix volunt\u00e0riament a aquesta p\u00e0gina web, la qual cosa implica que l\u2019utilitzar\u00e0 d\u2019acord amb aquest av\u00eds legal. La utilitzaci\u00f3 d\u2019aquesta &hellip; Continued","og_url":"https:\/\/espaicrater.com\/fr\/politique-de-confidentialite\/","og_site_name":"Espai Cr\u00e0ter","article_modified_time":"2022-04-01T11:46:52+00:00","twitter_card":"summary_large_image","twitter_misc":{"Est. reading time":"5 minutes"},"schema":{"@context":"https:\/\/schema.org","@graph":[{"@type":"WebPage","@id":"https:\/\/espaicrater.com\/fr\/politique-de-confidentialite\/","url":"https:\/\/espaicrater.com\/fr\/politique-de-confidentialite\/","name":"Politique de confidentialit\u00e9 - Espai Cr\u00e0ter","isPartOf":{"@id":"https:\/\/espaicrater.com\/#website"},"datePublished":"2022-01-21T10:41:24+00:00","dateModified":"2022-04-01T11:46:52+00:00","breadcrumb":{"@id":"https:\/\/espaicrater.com\/fr\/politique-de-confidentialite\/#breadcrumb"},"inLanguage":"fr-FR","potentialAction":[{"@type":"ReadAction","target":["https:\/\/espaicrater.com\/fr\/politique-de-confidentialite\/"]}]},{"@type":"BreadcrumbList","@id":"https:\/\/espaicrater.com\/fr\/politique-de-confidentialite\/#breadcrumb","itemListElement":[{"@type":"ListItem","position":1,"name":"Home","item":"https:\/\/espaicrater.com\/fr\/"},{"@type":"ListItem","position":2,"name":"Politique de confidentialit\u00e9"}]},{"@type":"WebSite","@id":"https:\/\/espaicrater.com\/#website","url":"https:\/\/espaicrater.com\/","name":"Espai Cr\u00e0ter","description":"Viatge al centre de la vida","publisher":{"@id":"https:\/\/espaicrater.com\/#organization"},"potentialAction":[{"@type":"SearchAction","target":{"@type":"EntryPoint","urlTemplate":"https:\/\/espaicrater.com\/?s={search_term_string}"},"query-input":{"@type":"PropertyValueSpecification","valueRequired":true,"valueName":"search_term_string"}}],"inLanguage":"fr-FR"},{"@type":"Organization","@id":"https:\/\/espaicrater.com\/#organization","name":"Espai Cr\u00e0ter","url":"https:\/\/espaicrater.com\/","logo":{"@type":"ImageObject","inLanguage":"fr-FR","@id":"https:\/\/espaicrater.com\/#\/schema\/logo\/image\/","url":"https:\/\/espaicrater.com\/app\/uploads\/2022\/02\/espai-crater-1.png","contentUrl":"https:\/\/espaicrater.com\/app\/uploads\/2022\/02\/espai-crater-1.png","width":801,"height":320,"caption":"Espai Cr\u00e0ter"},"image":{"@id":"https:\/\/espaicrater.com\/#\/schema\/logo\/image\/"}}]}},"_links":{"self":[{"href":"https:\/\/espaicrater.com\/fr\/wp-json\/wp\/v2\/pages\/1669","targetHints":{"allow":["GET"]}}],"collection":[{"href":"https:\/\/espaicrater.com\/fr\/wp-json\/wp\/v2\/pages"}],"about":[{"href":"https:\/\/espaicrater.com\/fr\/wp-json\/wp\/v2\/types\/page"}],"author":[{"embeddable":true,"href":"https:\/\/espaicrater.com\/fr\/wp-json\/wp\/v2\/users\/1"}],"replies":[{"embeddable":true,"href":"https:\/\/espaicrater.com\/fr\/wp-json\/wp\/v2\/comments?post=1669"}],"version-history":[{"count":1,"href":"https:\/\/espaicrater.com\/fr\/wp-json\/wp\/v2\/pages\/1669\/revisions"}],"predecessor-version":[{"id":1670,"href":"https:\/\/espaicrater.com\/fr\/wp-json\/wp\/v2\/pages\/1669\/revisions\/1670"}],"wp:attachment":[{"href":"https:\/\/espaicrater.com\/fr\/wp-json\/wp\/v2\/media?parent=1669"}],"curies":[{"name":"wp","href":"https:\/\/api.w.org\/{rel}","templated":true}]}}