{"id":1688,"date":"2022-02-09T19:17:42","date_gmt":"2022-02-09T18:17:42","guid":{"rendered":"https:\/\/espaicrater.com\/avis-legal\/"},"modified":"2022-04-01T17:20:36","modified_gmt":"2022-04-01T15:20:36","slug":"avertissement-legal","status":"publish","type":"page","link":"https:\/\/espaicrater.com\/fr\/avertissement-legal\/","title":{"rendered":"Avertissement l\u00e9gal"},"content":{"rendered":"<p>INFORMACI\u00d3 GENERAL DE LA SEU ELECTR\u00d2NICA www.espaicrater.com<br \/>\nHas accedit al web d\u2019Espai Cr\u00e0ter<\/p>\n<p>L\u2019\u00fas i acc\u00e9s als continguts d\u2019aquesta p\u00e0gina web impliquen el coneixement i l\u2019acceptaci\u00f3 de les condicions d\u2019acc\u00e9s i \u00fas que consten en aquest av\u00eds legal, aix\u00ed com la pol\u00edtica de privacitat i dades personals. Aquestes condicions tenen com a objectiu regular l\u2019acc\u00e9s, la navegaci\u00f3 i l\u2019\u00fas i posar en coneixement dels usuaris els drets, usos, prohibicions, responsabilitats, etc., que regeixen a l\u2019hora de navegar en aquest lloc web. L\u2019usuari es compromet a utilitzar els serveis i la informaci\u00f3 facilitada al portal sota criteris de bona fe.<br \/>\nwww.espaicrater.com, a trav\u00e9s del qual s\u2019accedeix a la plataforma, \u00e9s un domini de l\u2019Ajuntament d\u2019Olot, amb NIF: P1712100E i domicili social al Passeig Bisbe Guillamet, 10, 17800 Olot (Girona). Mitjan\u00e7ant el domini www.espaicrater.com, l\u2019empresa gestiona el seu portal web, sense perjudici que, puntualment o de manera permanent, hi pugui haver altres adreces electr\u00f2niques que tamb\u00e9 permetin accedir als continguts i serveis prestats a trav\u00e9s del lloc web www.espaicrater.com.<\/p>\n<h3>ACC\u00c9S DELS USUARIS<\/h3>\n<p>L\u2019acc\u00e9s i\/o \u00fas d\u2019aquest lloc web atribueix la condici\u00f3 d\u2019usuari. L\u2019acc\u00e9s inicial al portal \u00e9s gratu\u00eft. Tanmateix, hi pot haver funcionalitats o serveis subjectes al pagament d\u2019un preu en les condicions que en cada cas s\u2019estableixin.<br \/>\nEn cas que per utilitzar determinades funcions o serveis es requereixi el registre de l\u2019usuari, aquest registre s\u2019efectuar\u00e0 mitjan\u00e7ant formularis de recaptaci\u00f3 de dades i amb subjecci\u00f3 a les prevencions de la legislaci\u00f3 de protecci\u00f3 de dades personals que es descriuen en aquest av\u00eds legal.<br \/>\nPer utilitzar el portal els menors d\u2019edat hauran de disposar del perm\u00eds dels pares, mares o representants legals, que en seran responsables.<\/p>\n<h3>PROTECCI\u00d3 DELS DRETS DE PROPIETAT INTEL\u00b7LECTUAL I INDUSTRIAL I RESERVA DE DRETS<\/h3>\n<p>Els drets d\u2019explotaci\u00f3 de la propietat intel\u00b7lectual i industrial del portal www.espaicrater.com s\u00f3n titularitat de l\u2019Ajuntament d\u2019Olot. Aix\u00f2 inclou els continguts, v\u00eddeos, \u00e0udios, textos, dissenys, fotografies, bases de dades, imatges i altres elements gr\u00e0fics, el seu codi font, disseny, estructura de navegaci\u00f3, informacions, aix\u00ed com qualsevol altra creaci\u00f3 protegida per les lleis estatals i els tractats internacionals sobre propietat intel\u00b7lectual i industrial. Per tant, correspon a l\u2019Ajuntament d\u2019Olot l\u2019exercici en exclusiva dels drets d\u2019explotaci\u00f3 en qualsevol forma i, en concret, dels drets de reproducci\u00f3, distribuci\u00f3, comunicaci\u00f3 p\u00fablica i transformaci\u00f3. Qualsevol \u00fas o reproducci\u00f3 que els usuaris facin d\u2019aquests continguts, o d\u2019altres que es puguin incloure en el futur, s\u2019han de fer seguint les previsions i respectant les limitacions de la normativa de propietat intel\u00b7lectual i en qualsevol cas amb l\u2019autoritzaci\u00f3 de l\u2019Ajuntament d\u2019Olot sense perjudici dels l\u00edmits que estableix el Reial Decret 1\/1996, del 12 d\u2019abril, pel qual s\u2019aprova el text ref\u00f3s de la Llei de propietat intel\u00b7lectual.<br \/>\nL\u2019Ajuntament d\u2019Olot fa expl\u00edcita una reserva de drets amb car\u00e0cter general respecte del conjunt dels continguts difosos en el lloc web que s\u00f3n objecte de propietat intel\u00b7lectual i industrial. En cap cas s\u2019entendr\u00e0 que el fet de permetre als usuaris l\u2019acc\u00e9s a la p\u00e0gina web implica una ren\u00fancia, transmissi\u00f3, llic\u00e8ncia o cessi\u00f3, total ni parcial, d\u2019aquests drets per part de l\u2019Ajuntament d\u2019Olot.<br \/>\nNo s\u2019autoritza en cap cas:<\/p>\n<ul>\n<li>La presentaci\u00f3 d\u2019una p\u00e0gina del portal www.espaicrater.com o qualsevol contingut d\u2019aquesta p\u00e0gina en un web que no pertanyi a l\u2019Ajuntament d\u2019Olot per mitj\u00e0 de qualsevol t\u00e8cnica o procediment, incloent-hi framing, in line, linking, etc.<\/li>\n<li>L\u2019extracci\u00f3 d\u2019elements del lloc web que causi perjudici a l\u2019Ajuntament d\u2019Olot d\u2019acord amb les disposicions vigents.<\/li>\n<li>L\u2019\u00fas comercial dels continguts del lloc web www.espaicrater.com.<\/li>\n<li>L\u2019\u00fas de marques o signes distintius, logotips, combinacions de colors, estructura, disseny i, en general, s\u00edmbols distintius de qualsevol naturalesa, propietat de l\u2019Ajuntament d\u2019Olot, sense el coneixement i l\u2019autoritzaci\u00f3 corresponent de l\u2019empresa.<\/li>\n<li>L\u2019\u00fas de continguts en activitats il\u00b7l\u00edcites, il\u00b7legals o contr\u00e0ries a la bona fe i l\u2019ordre p\u00fablic.<br \/>\nDifondre continguts o propaganda de car\u00e0cter racista o xen\u00f2fob, pornogr\u00e0fic, il\u00b7legal o que atempti contra els drets humans.<\/li>\n<li>Provocar danys en els sistemes f\u00edsics i l\u00f2gics de l\u2019Ajuntament d\u2019Olot, dels seus prove\u00efdors o de terceres persones; introduir o difondre a la xarxa virus inform\u00e0tics o altres sistemes f\u00edsics o l\u00f2gics que siguin susceptibles de provocar danys anteriorment esmentats.<\/li>\n<li>Intentar accedir i, en el seu cas, utilitzar els comptes de correu electr\u00f2nic d\u2019altres usuaris i modificar o manipular els seus missatges. L\u2019usuari podr\u00e0 visualitzar els continguts d\u2019aquest portal, i copiar-los, imprimir-los en el seu ordenador o qualsevol altre suport nom\u00e9s per al seu \u00fas personal i privat.<\/li>\n<\/ul>\n<h3>RESPONSABILITAT EN RELACI\u00d3 AMB ELS CONTINGUTS<\/h3>\n<p>L\u2019Ajuntament d\u2019Olot es reserva el dret de modificar els continguts del web i d\u2019eliminar-los, aix\u00ed com tamb\u00e9 de limitar o impedir l\u2019acc\u00e9s al web, ja sigui temporalment o de manera definitiva, sense notificaci\u00f3 pr\u00e8via. Els continguts disponibles a trav\u00e9s de www. espaicrater.com s\u00f3n posats a disposici\u00f3 de l\u2019usuari per l\u2019Ajuntament d\u2019Olot a partir d\u2019informacions generades per ella mateixa o procedents de tercers. L\u2019Ajuntament d\u2019Olot procura que aquests continguts siguin de la major qualitat possible i estiguin raonablement actualitzats, per\u00f2 no en garanteix la utilitat, idone\u00eftat, exactitud, exhaustivitat, pertin\u00e8ncia i\/o actualitat. L\u2019usuari pot dirigir-se a l\u2019Ajuntament d\u2019Olot per contrastar l\u2019exactitud i actualitat dels continguts a trav\u00e9s de l\u2019adre\u00e7a de correu electr\u00f2nic i atenciociutadana@olot.cat. En conseq\u00fc\u00e8ncia, i llevat del que disposen les normes imperatives que siguin aplicables, l\u2019Ajuntament d\u2019Olot no assumeix cap responsabilitat davant de l\u2019usuari derivada de l\u2019exist\u00e8ncia d\u2019informacions err\u00f2nies, inexactes, no exhaustives, impertinents o no actualitzades.<br \/>\nL\u2019Ajuntament d\u2019Olot no es fa responsable de l\u2019acc\u00e9s t\u00e8cnic, la informaci\u00f3 o dels continguts d\u2019altres p\u00e0gines web a les quals remet o amb les quals es pugui enlla\u00e7ar des del portal www.espaicrater.com.<\/p>\n<p>L\u2019Ajuntament d\u2019Olot no s\u2019identifica necess\u00e0riament amb les opinions expressades pels seus col\u00b7laboradors.<\/p>\n<h3>\nDRET D\u2019EXCLUSI\u00d3<\/h3>\n<p>L\u2019Ajuntament d\u2019Olot es reserva el dret de denegar o retirar l\u2019acc\u00e9s als seus websites i\/o els serveis oferts sense necessitat d\u2019av\u00eds previ, a inst\u00e0ncia pr\u00f2pia o d\u2019un tercer, a aquells usuaris que incompleixin les condicions establertes en aquest av\u00eds legal.<\/p>\n<h3>\nPARTICIPACI\u00d3 EN ACCIONS ESPEC\u00cdFIQUES<\/h3>\n<p>El portal www.espaicrater.com pot oferir accions de participaci\u00f3 espec\u00edfiques als usuaris, tals com la presentaci\u00f3 de projectes o propostes relacionades amb l\u2019activitat de l\u2019Espai Cr\u00e0ter. La participaci\u00f3 en qualsevol acci\u00f3 ser\u00e0 volunt\u00e0ria i suposar\u00e0 l\u2019acceptaci\u00f3 de les condicions que en cada cas s\u2019estableixin i que l\u2019usuari haur\u00e0 d\u2019acceptar expressament. Les accions de participaci\u00f3 es dirigiran, b\u00e0sicament, a majors de 18 anys.<br \/>\nTots els continguts generats pels usuaris o que incloguin volunt\u00e0riament en les accions de participaci\u00f3, es regiran per les seves condicions espec\u00edfiques. L\u2019usuari ha de ser el propietari del contingut o b\u00e9 ha de disposar dels seus drets d\u2019explotaci\u00f3 i, per tant, haur\u00e0 d\u2019haver aconseguit el consentiment del seu autor. No es pot vulnerar de cap manera cap dret de propietat intel\u00b7lectual, industrial o cap dret exclusiu que pertanyi a tercers; per tant, no s\u2019acceptaran arxius que vulnerin les lleis de propietat intel\u00b7lectual vigents en tot moment.<\/p>\n<h3>\nXARXES SOCIALS I F\u00d2RUMS<\/h3>\n<p>El portal www.espaicrater.com disposa de funcionalitats d\u2019acc\u00e9s a xarxes socials i seccions de car\u00e0cter p\u00fablic, entenent com a tals aquelles que s\u00f3n accessibles per a tots els usuaris per interactuar amb possibilitat d\u2019inserir comentaris, enlla\u00e7os, elements multim\u00e8dia, imatges, etc. En determinats casos es podr\u00e0 sol\u00b7licitar el registre de l\u2019usuari.<br \/>\nEn relaci\u00f3 amb els continguts i interaccions que l\u2019usuari decideixi enviar o efectuar, s\u2019estableixen les seg\u00fcents condicions d\u2019\u00fas i acc\u00e9s:<br \/>\n<strong>Responsabilitats:<\/strong> l\u2019Ajuntament d\u2019Olot no es fa responsable del contingut dels missatges, informacions, opinions que efectu\u00efn els usuaris i es reserva el dret d\u2019impedir l\u2019acc\u00e9s a continguts il\u00b7l\u00edcits o il\u00b7leg\u00edtims o que puguin perjudicar drets leg\u00edtims de qualsevol tipus, o de retirar o eliminar els que s\u2019hagin aportat, en especial en cas d\u2019incompliment d\u2019aquestes condicions.<br \/>\nNo atribuir\u00e0 a l\u2019usuari cap dret, i el seu \u00fas se subjectar\u00e0 a la legislaci\u00f3 vigent i, en el cas de les xarxes socials, a les condicions de la mateixa xarxa.<br \/>\n<strong>Propietat intel\u00b7lectual:<\/strong> l\u2019Ajuntament d\u2019Olot tindr\u00e0 dret a reproduir, modificar, adaptar i publicar, incloent-hi la comunicaci\u00f3 p\u00fablica, els continguts, ja siguin textos, fotografies, gr\u00e0fics, etc., amb l\u2019objecte de promoure la secci\u00f3 a la qual s\u2019han tram\u00e8s, aix\u00ed com per utilitzar-los en les activitats de l\u2019Ajuntament d\u2019Olot, en qualsevol format i suport. La llic\u00e8ncia \u00e9s gratu\u00efta i s\u2019estableix pel temps fins al seu pas al domini p\u00fablic que permeti en cada moment la legislaci\u00f3 de propietat intel\u00b7lectual vigent. Els usuaris nom\u00e9s enviaran continguts dels quals siguin els autors originals o disposin dels drets del seu titular, sense perjudici d\u2019informar de la URL del propietari o drethavent per enlla\u00e7ar amb aquests continguts.<br \/>\nL\u2019Ajuntament d\u2019Olot no retornar\u00e0 cap contingut dels tramesos ni adquireix cap obligaci\u00f3 de contestar als usuaris.<br \/>\nLes dades personals que constin a la funcionalitat afectada i els seus continguts no es poden utilitzar en benefici o en usos que no hagin estat autoritzats expressament pel seu titular. L\u2019usuari respondr\u00e0 de la veracitat de les dades facilitades.<br \/>\nEls usuaris respectaran les opinions dels altres usuaris o participants, i s\u2019abstindran d\u2019utilitzar un llenguatge ofensiu o difamatori, racista o violent o que atempti contra la legalitat vigent.<br \/>\nNo es podran fer comunicacions comercials ni no autoritzades.<br \/>\nCal advertir que les dades personals que facilitin els usuaris podran ser vistes per qualsevol altre usuari o participant. Si es tracta de dades de tercers, cal disposar del seu consentiment expr\u00e9s amb els l\u00edmits legals.<\/p>\n<h3>\nMODIFICACI\u00d3 DE L\u2019AV\u00cdS LEGAL<\/h3>\n<p>L\u2019Ajuntament d\u2019Olot es reserva el dret de modificaci\u00f3 unilateral de les condicions establertes en aquest av\u00eds legal en qualsevol moment, en la seva totalitat o parcialment. La modificaci\u00f3 t\u00e9 efectes des de la seva publicaci\u00f3 en la p\u00e0gina web; m\u00e9s concretament, des de la seva inserci\u00f3 en el link \u201cAv\u00eds Legal\u201d.<br \/>\nL\u2019Ajuntament d\u2019Olot aconsella que cada vegada que els usuaris accedeixin a la p\u00e0gina web llegeixin aquest av\u00eds legal.<\/p>\n<h3>\nGENERALITATS<\/h3>\n<p>L\u2019Ajuntament d\u2019Olot perseguir\u00e0 l\u2019incompliment d\u2019aquestes condicions aix\u00ed com qualsevol utilitzaci\u00f3 indeguda dels seus llocs web exercint totes les accions civils i penals que li puguin correspondre per dret.<br \/>\nL\u2019Ajuntament d\u2019Olot no pot garantir que el portal i el servidor estiguin lliures de virus, motiu pel qual no es fa responsable dels danys o perjudicis que es puguin causar per aquestes anomalies o qualsevol altra d\u2019\u00edndole t\u00e8cnica.<\/p>\n<h3>\nLEGISLACI\u00d3 APLICABLE I JURISDICCI\u00d3<\/h3>\n<p>Els litigis derivats de l\u2019aplicaci\u00f3 de les condicions d\u2019aquest av\u00eds legal es regiran per la Llei espanyola. L\u2019Ajuntament d\u2019Olot i l\u2019usuari, amb ren\u00fancia expressa a qualsevol altre fur, se sotmeten al dels jutjats i tribunals de la prov\u00edncia de Girona.<\/p>\n","protected":false},"excerpt":{"rendered":"<p>INFORMACI\u00d3 GENERAL DE LA SEU ELECTR\u00d2NICA www.espaicrater.com Has accedit al web d\u2019Espai Cr\u00e0ter L\u2019\u00fas i acc\u00e9s als continguts d\u2019aquesta p\u00e0gina web impliquen el coneixement i l\u2019acceptaci\u00f3 de les condicions d\u2019acc\u00e9s i \u00fas que consten en aquest av\u00eds legal, aix\u00ed com la pol\u00edtica de privacitat i dades personals. Aquestes condicions tenen com a objectiu regular l\u2019acc\u00e9s, &hellip; <a href=\"https:\/\/espaicrater.com\/fr\/avertissement-legal\/\">Continued<\/a><\/p>\n","protected":false},"author":1,"featured_media":0,"parent":0,"menu_order":0,"comment_status":"closed","ping_status":"closed","template":"","meta":{"_acf_changed":false,"footnotes":""},"class_list":["post-1688","page","type-page","status-publish","hentry"],"acf":[],"yoast_head":"<title>Avertissement l\u00e9gal - Espai Cr\u00e0ter<\/title>\n<meta name=\"robots\" content=\"index, follow, max-snippet:-1, max-image-preview:large, max-video-preview:-1\" \/>\n<link rel=\"canonical\" href=\"https:\/\/espaicrater.com\/fr\/avertissement-legal\/\" \/>\n<meta property=\"og:locale\" content=\"fr_FR\" \/>\n<meta property=\"og:type\" content=\"article\" \/>\n<meta property=\"og:title\" content=\"Avertissement l\u00e9gal - Espai Cr\u00e0ter\" \/>\n<meta property=\"og:description\" content=\"INFORMACI\u00d3 GENERAL DE LA SEU ELECTR\u00d2NICA www.espaicrater.com Has accedit al web d\u2019Espai Cr\u00e0ter L\u2019\u00fas i acc\u00e9s als continguts d\u2019aquesta p\u00e0gina web impliquen el coneixement i l\u2019acceptaci\u00f3 de les condicions d\u2019acc\u00e9s i \u00fas que consten en aquest av\u00eds legal, aix\u00ed com la pol\u00edtica de privacitat i dades personals. Aquestes condicions tenen com a objectiu regular l\u2019acc\u00e9s, &hellip; Continued\" \/>\n<meta property=\"og:url\" content=\"https:\/\/espaicrater.com\/fr\/avertissement-legal\/\" \/>\n<meta property=\"og:site_name\" content=\"Espai Cr\u00e0ter\" \/>\n<meta property=\"article:modified_time\" content=\"2022-04-01T15:20:36+00:00\" \/>\n<meta name=\"twitter:card\" content=\"summary_large_image\" \/>\n<meta name=\"twitter:label1\" content=\"Est. reading time\" \/>\n\t<meta name=\"twitter:data1\" content=\"10 minutes\" \/>\n<script type=\"application\/ld+json\" class=\"yoast-schema-graph\">{\"@context\":\"https:\\\/\\\/schema.org\",\"@graph\":[{\"@type\":\"WebPage\",\"@id\":\"https:\\\/\\\/espaicrater.com\\\/fr\\\/avertissement-legal\\\/\",\"url\":\"https:\\\/\\\/espaicrater.com\\\/fr\\\/avertissement-legal\\\/\",\"name\":\"Avertissement l\u00e9gal - Espai Cr\u00e0ter\",\"isPartOf\":{\"@id\":\"https:\\\/\\\/espaicrater.com\\\/#website\"},\"datePublished\":\"2022-02-09T18:17:42+00:00\",\"dateModified\":\"2022-04-01T15:20:36+00:00\",\"breadcrumb\":{\"@id\":\"https:\\\/\\\/espaicrater.com\\\/fr\\\/avertissement-legal\\\/#breadcrumb\"},\"inLanguage\":\"fr-FR\",\"potentialAction\":[{\"@type\":\"ReadAction\",\"target\":[\"https:\\\/\\\/espaicrater.com\\\/fr\\\/avertissement-legal\\\/\"]}]},{\"@type\":\"BreadcrumbList\",\"@id\":\"https:\\\/\\\/espaicrater.com\\\/fr\\\/avertissement-legal\\\/#breadcrumb\",\"itemListElement\":[{\"@type\":\"ListItem\",\"position\":1,\"name\":\"Home\",\"item\":\"https:\\\/\\\/espaicrater.com\\\/fr\\\/\"},{\"@type\":\"ListItem\",\"position\":2,\"name\":\"Avertissement l\u00e9gal\"}]},{\"@type\":\"WebSite\",\"@id\":\"https:\\\/\\\/espaicrater.com\\\/#website\",\"url\":\"https:\\\/\\\/espaicrater.com\\\/\",\"name\":\"Espai Cr\u00e0ter\",\"description\":\"Viatge al centre de la vida\",\"publisher\":{\"@id\":\"https:\\\/\\\/espaicrater.com\\\/#organization\"},\"potentialAction\":[{\"@type\":\"SearchAction\",\"target\":{\"@type\":\"EntryPoint\",\"urlTemplate\":\"https:\\\/\\\/espaicrater.com\\\/?s={search_term_string}\"},\"query-input\":{\"@type\":\"PropertyValueSpecification\",\"valueRequired\":true,\"valueName\":\"search_term_string\"}}],\"inLanguage\":\"fr-FR\"},{\"@type\":\"Organization\",\"@id\":\"https:\\\/\\\/espaicrater.com\\\/#organization\",\"name\":\"Espai Cr\u00e0ter\",\"url\":\"https:\\\/\\\/espaicrater.com\\\/\",\"logo\":{\"@type\":\"ImageObject\",\"inLanguage\":\"fr-FR\",\"@id\":\"https:\\\/\\\/espaicrater.com\\\/#\\\/schema\\\/logo\\\/image\\\/\",\"url\":\"https:\\\/\\\/espaicrater.com\\\/app\\\/uploads\\\/2022\\\/02\\\/espai-crater-1.png\",\"contentUrl\":\"https:\\\/\\\/espaicrater.com\\\/app\\\/uploads\\\/2022\\\/02\\\/espai-crater-1.png\",\"width\":801,\"height\":320,\"caption\":\"Espai Cr\u00e0ter\"},\"image\":{\"@id\":\"https:\\\/\\\/espaicrater.com\\\/#\\\/schema\\\/logo\\\/image\\\/\"}}]}<\/script>","yoast_head_json":{"title":"Avertissement l\u00e9gal - Espai Cr\u00e0ter","robots":{"index":"index","follow":"follow","max-snippet":"max-snippet:-1","max-image-preview":"max-image-preview:large","max-video-preview":"max-video-preview:-1"},"canonical":"https:\/\/espaicrater.com\/fr\/avertissement-legal\/","og_locale":"fr_FR","og_type":"article","og_title":"Avertissement l\u00e9gal - Espai Cr\u00e0ter","og_description":"INFORMACI\u00d3 GENERAL DE LA SEU ELECTR\u00d2NICA www.espaicrater.com Has accedit al web d\u2019Espai Cr\u00e0ter L\u2019\u00fas i acc\u00e9s als continguts d\u2019aquesta p\u00e0gina web impliquen el coneixement i l\u2019acceptaci\u00f3 de les condicions d\u2019acc\u00e9s i \u00fas que consten en aquest av\u00eds legal, aix\u00ed com la pol\u00edtica de privacitat i dades personals. Aquestes condicions tenen com a objectiu regular l\u2019acc\u00e9s, &hellip; Continued","og_url":"https:\/\/espaicrater.com\/fr\/avertissement-legal\/","og_site_name":"Espai Cr\u00e0ter","article_modified_time":"2022-04-01T15:20:36+00:00","twitter_card":"summary_large_image","twitter_misc":{"Est. reading time":"10 minutes"},"schema":{"@context":"https:\/\/schema.org","@graph":[{"@type":"WebPage","@id":"https:\/\/espaicrater.com\/fr\/avertissement-legal\/","url":"https:\/\/espaicrater.com\/fr\/avertissement-legal\/","name":"Avertissement l\u00e9gal - Espai Cr\u00e0ter","isPartOf":{"@id":"https:\/\/espaicrater.com\/#website"},"datePublished":"2022-02-09T18:17:42+00:00","dateModified":"2022-04-01T15:20:36+00:00","breadcrumb":{"@id":"https:\/\/espaicrater.com\/fr\/avertissement-legal\/#breadcrumb"},"inLanguage":"fr-FR","potentialAction":[{"@type":"ReadAction","target":["https:\/\/espaicrater.com\/fr\/avertissement-legal\/"]}]},{"@type":"BreadcrumbList","@id":"https:\/\/espaicrater.com\/fr\/avertissement-legal\/#breadcrumb","itemListElement":[{"@type":"ListItem","position":1,"name":"Home","item":"https:\/\/espaicrater.com\/fr\/"},{"@type":"ListItem","position":2,"name":"Avertissement l\u00e9gal"}]},{"@type":"WebSite","@id":"https:\/\/espaicrater.com\/#website","url":"https:\/\/espaicrater.com\/","name":"Espai Cr\u00e0ter","description":"Viatge al centre de la vida","publisher":{"@id":"https:\/\/espaicrater.com\/#organization"},"potentialAction":[{"@type":"SearchAction","target":{"@type":"EntryPoint","urlTemplate":"https:\/\/espaicrater.com\/?s={search_term_string}"},"query-input":{"@type":"PropertyValueSpecification","valueRequired":true,"valueName":"search_term_string"}}],"inLanguage":"fr-FR"},{"@type":"Organization","@id":"https:\/\/espaicrater.com\/#organization","name":"Espai Cr\u00e0ter","url":"https:\/\/espaicrater.com\/","logo":{"@type":"ImageObject","inLanguage":"fr-FR","@id":"https:\/\/espaicrater.com\/#\/schema\/logo\/image\/","url":"https:\/\/espaicrater.com\/app\/uploads\/2022\/02\/espai-crater-1.png","contentUrl":"https:\/\/espaicrater.com\/app\/uploads\/2022\/02\/espai-crater-1.png","width":801,"height":320,"caption":"Espai Cr\u00e0ter"},"image":{"@id":"https:\/\/espaicrater.com\/#\/schema\/logo\/image\/"}}]}},"_links":{"self":[{"href":"https:\/\/espaicrater.com\/fr\/wp-json\/wp\/v2\/pages\/1688","targetHints":{"allow":["GET"]}}],"collection":[{"href":"https:\/\/espaicrater.com\/fr\/wp-json\/wp\/v2\/pages"}],"about":[{"href":"https:\/\/espaicrater.com\/fr\/wp-json\/wp\/v2\/types\/page"}],"author":[{"embeddable":true,"href":"https:\/\/espaicrater.com\/fr\/wp-json\/wp\/v2\/users\/1"}],"replies":[{"embeddable":true,"href":"https:\/\/espaicrater.com\/fr\/wp-json\/wp\/v2\/comments?post=1688"}],"version-history":[{"count":1,"href":"https:\/\/espaicrater.com\/fr\/wp-json\/wp\/v2\/pages\/1688\/revisions"}],"predecessor-version":[{"id":1689,"href":"https:\/\/espaicrater.com\/fr\/wp-json\/wp\/v2\/pages\/1688\/revisions\/1689"}],"wp:attachment":[{"href":"https:\/\/espaicrater.com\/fr\/wp-json\/wp\/v2\/media?parent=1688"}],"curies":[{"name":"wp","href":"https:\/\/api.w.org\/{rel}","templated":true}]}}