{"id":1690,"date":"2022-02-02T09:16:46","date_gmt":"2022-02-02T08:16:46","guid":{"rendered":"https:\/\/espaicrater.com\/?page_id=1690"},"modified":"2025-02-05T11:23:07","modified_gmt":"2025-02-05T10:23:07","slug":"explorer","status":"publish","type":"page","link":"https:\/\/espaicrater.com\/fr\/explorer\/","title":{"rendered":"Explorer"},"content":{"rendered":"","protected":false},"excerpt":{"rendered":"","protected":false},"author":1,"featured_media":11349,"parent":0,"menu_order":0,"comment_status":"closed","ping_status":"closed","template":"explore.blade.php","meta":{"_acf_changed":false,"footnotes":""},"class_list":["post-1690","page","type-page","status-publish","has-post-thumbnail","hentry"],"acf":[],"yoast_head":"<title>Explorer - Espai Cr\u00e0ter<\/title>\n<meta name=\"description\" content=\"L&#039;Espai Cr\u00e0ter est le centre de r\u00e9f\u00e9rence pour les volcans, la science et la soci\u00e9t\u00e9. Ce projet, promu par la mairie d&#039;Olot...\" \/>\n<meta name=\"robots\" content=\"index, follow, max-snippet:-1, max-image-preview:large, max-video-preview:-1\" \/>\n<link rel=\"canonical\" href=\"https:\/\/espaicrater.com\/fr\/explorer\/\" \/>\n<meta property=\"og:locale\" content=\"fr_FR\" \/>\n<meta property=\"og:type\" content=\"article\" \/>\n<meta property=\"og:title\" content=\"Explorer - Espai Cr\u00e0ter\" \/>\n<meta property=\"og:description\" content=\"L&#039;Espai Cr\u00e0ter est le centre de r\u00e9f\u00e9rence pour les volcans, la science et la soci\u00e9t\u00e9. Ce projet, promu par la mairie d&#039;Olot...\" \/>\n<meta property=\"og:url\" content=\"https:\/\/espaicrater.com\/fr\/explorer\/\" \/>\n<meta property=\"og:site_name\" content=\"Espai Cr\u00e0ter\" \/>\n<meta property=\"article:modified_time\" content=\"2025-02-05T10:23:07+00:00\" \/>\n<meta property=\"og:image\" content=\"https:\/\/espaicrater.com\/app\/uploads\/2025\/02\/JoanDivi-SOMCULTURA-21_DF_9776-1-scaled-e1738584042869.jpg\" \/>\n\t<meta property=\"og:image:width\" content=\"2560\" \/>\n\t<meta property=\"og:image:height\" content=\"1707\" \/>\n\t<meta property=\"og:image:type\" content=\"image\/jpeg\" \/>\n<meta name=\"twitter:card\" content=\"summary_large_image\" \/>\n<script type=\"application\/ld+json\" class=\"yoast-schema-graph\">{\"@context\":\"https:\\\/\\\/schema.org\",\"@graph\":[{\"@type\":\"WebPage\",\"@id\":\"https:\\\/\\\/espaicrater.com\\\/fr\\\/explorer\\\/\",\"url\":\"https:\\\/\\\/espaicrater.com\\\/fr\\\/explorer\\\/\",\"name\":\"Explorer - Espai Cr\u00e0ter\",\"isPartOf\":{\"@id\":\"https:\\\/\\\/espaicrater.com\\\/#website\"},\"primaryImageOfPage\":{\"@id\":\"https:\\\/\\\/espaicrater.com\\\/fr\\\/explorer\\\/#primaryimage\"},\"image\":{\"@id\":\"https:\\\/\\\/espaicrater.com\\\/fr\\\/explorer\\\/#primaryimage\"},\"thumbnailUrl\":\"https:\\\/\\\/espaicrater.com\\\/app\\\/uploads\\\/2025\\\/02\\\/JoanDivi-SOMCULTURA-21_DF_9776-1-scaled-e1738584042869.jpg\",\"datePublished\":\"2022-02-02T08:16:46+00:00\",\"dateModified\":\"2025-02-05T10:23:07+00:00\",\"description\":\"L'Espai Cr\u00e0ter est le centre de r\u00e9f\u00e9rence pour les volcans, la science et la soci\u00e9t\u00e9. Ce projet, promu par la mairie d'Olot...\",\"breadcrumb\":{\"@id\":\"https:\\\/\\\/espaicrater.com\\\/fr\\\/explorer\\\/#breadcrumb\"},\"inLanguage\":\"fr-FR\",\"potentialAction\":[{\"@type\":\"ReadAction\",\"target\":[\"https:\\\/\\\/espaicrater.com\\\/fr\\\/explorer\\\/\"]}]},{\"@type\":\"ImageObject\",\"inLanguage\":\"fr-FR\",\"@id\":\"https:\\\/\\\/espaicrater.com\\\/fr\\\/explorer\\\/#primaryimage\",\"url\":\"https:\\\/\\\/espaicrater.com\\\/app\\\/uploads\\\/2025\\\/02\\\/JoanDivi-SOMCULTURA-21_DF_9776-1-scaled-e1738584042869.jpg\",\"contentUrl\":\"https:\\\/\\\/espaicrater.com\\\/app\\\/uploads\\\/2025\\\/02\\\/JoanDivi-SOMCULTURA-21_DF_9776-1-scaled-e1738584042869.jpg\",\"width\":2560,\"height\":1707},{\"@type\":\"BreadcrumbList\",\"@id\":\"https:\\\/\\\/espaicrater.com\\\/fr\\\/explorer\\\/#breadcrumb\",\"itemListElement\":[{\"@type\":\"ListItem\",\"position\":1,\"name\":\"Home\",\"item\":\"https:\\\/\\\/espaicrater.com\\\/fr\\\/\"},{\"@type\":\"ListItem\",\"position\":2,\"name\":\"Explorer\"}]},{\"@type\":\"WebSite\",\"@id\":\"https:\\\/\\\/espaicrater.com\\\/#website\",\"url\":\"https:\\\/\\\/espaicrater.com\\\/\",\"name\":\"Espai Cr\u00e0ter\",\"description\":\"Viatge al centre de la vida\",\"publisher\":{\"@id\":\"https:\\\/\\\/espaicrater.com\\\/#organization\"},\"potentialAction\":[{\"@type\":\"SearchAction\",\"target\":{\"@type\":\"EntryPoint\",\"urlTemplate\":\"https:\\\/\\\/espaicrater.com\\\/?s={search_term_string}\"},\"query-input\":{\"@type\":\"PropertyValueSpecification\",\"valueRequired\":true,\"valueName\":\"search_term_string\"}}],\"inLanguage\":\"fr-FR\"},{\"@type\":\"Organization\",\"@id\":\"https:\\\/\\\/espaicrater.com\\\/#organization\",\"name\":\"Espai Cr\u00e0ter\",\"url\":\"https:\\\/\\\/espaicrater.com\\\/\",\"logo\":{\"@type\":\"ImageObject\",\"inLanguage\":\"fr-FR\",\"@id\":\"https:\\\/\\\/espaicrater.com\\\/#\\\/schema\\\/logo\\\/image\\\/\",\"url\":\"https:\\\/\\\/espaicrater.com\\\/app\\\/uploads\\\/2022\\\/02\\\/espai-crater-1.png\",\"contentUrl\":\"https:\\\/\\\/espaicrater.com\\\/app\\\/uploads\\\/2022\\\/02\\\/espai-crater-1.png\",\"width\":801,\"height\":320,\"caption\":\"Espai Cr\u00e0ter\"},\"image\":{\"@id\":\"https:\\\/\\\/espaicrater.com\\\/#\\\/schema\\\/logo\\\/image\\\/\"}}]}<\/script>","yoast_head_json":{"title":"Explorer - Espai Cr\u00e0ter","description":"L'Espai Cr\u00e0ter est le centre de r\u00e9f\u00e9rence pour les volcans, la science et la soci\u00e9t\u00e9. Ce projet, promu par la mairie d'Olot...","robots":{"index":"index","follow":"follow","max-snippet":"max-snippet:-1","max-image-preview":"max-image-preview:large","max-video-preview":"max-video-preview:-1"},"canonical":"https:\/\/espaicrater.com\/fr\/explorer\/","og_locale":"fr_FR","og_type":"article","og_title":"Explorer - Espai Cr\u00e0ter","og_description":"L'Espai Cr\u00e0ter est le centre de r\u00e9f\u00e9rence pour les volcans, la science et la soci\u00e9t\u00e9. Ce projet, promu par la mairie d'Olot...","og_url":"https:\/\/espaicrater.com\/fr\/explorer\/","og_site_name":"Espai Cr\u00e0ter","article_modified_time":"2025-02-05T10:23:07+00:00","og_image":[{"width":2560,"height":1707,"url":"https:\/\/espaicrater.com\/app\/uploads\/2025\/02\/JoanDivi-SOMCULTURA-21_DF_9776-1-scaled-e1738584042869.jpg","type":"image\/jpeg"}],"twitter_card":"summary_large_image","schema":{"@context":"https:\/\/schema.org","@graph":[{"@type":"WebPage","@id":"https:\/\/espaicrater.com\/fr\/explorer\/","url":"https:\/\/espaicrater.com\/fr\/explorer\/","name":"Explorer - Espai Cr\u00e0ter","isPartOf":{"@id":"https:\/\/espaicrater.com\/#website"},"primaryImageOfPage":{"@id":"https:\/\/espaicrater.com\/fr\/explorer\/#primaryimage"},"image":{"@id":"https:\/\/espaicrater.com\/fr\/explorer\/#primaryimage"},"thumbnailUrl":"https:\/\/espaicrater.com\/app\/uploads\/2025\/02\/JoanDivi-SOMCULTURA-21_DF_9776-1-scaled-e1738584042869.jpg","datePublished":"2022-02-02T08:16:46+00:00","dateModified":"2025-02-05T10:23:07+00:00","description":"L'Espai Cr\u00e0ter est le centre de r\u00e9f\u00e9rence pour les volcans, la science et la soci\u00e9t\u00e9. Ce projet, promu par la mairie d'Olot...","breadcrumb":{"@id":"https:\/\/espaicrater.com\/fr\/explorer\/#breadcrumb"},"inLanguage":"fr-FR","potentialAction":[{"@type":"ReadAction","target":["https:\/\/espaicrater.com\/fr\/explorer\/"]}]},{"@type":"ImageObject","inLanguage":"fr-FR","@id":"https:\/\/espaicrater.com\/fr\/explorer\/#primaryimage","url":"https:\/\/espaicrater.com\/app\/uploads\/2025\/02\/JoanDivi-SOMCULTURA-21_DF_9776-1-scaled-e1738584042869.jpg","contentUrl":"https:\/\/espaicrater.com\/app\/uploads\/2025\/02\/JoanDivi-SOMCULTURA-21_DF_9776-1-scaled-e1738584042869.jpg","width":2560,"height":1707},{"@type":"BreadcrumbList","@id":"https:\/\/espaicrater.com\/fr\/explorer\/#breadcrumb","itemListElement":[{"@type":"ListItem","position":1,"name":"Home","item":"https:\/\/espaicrater.com\/fr\/"},{"@type":"ListItem","position":2,"name":"Explorer"}]},{"@type":"WebSite","@id":"https:\/\/espaicrater.com\/#website","url":"https:\/\/espaicrater.com\/","name":"Espai Cr\u00e0ter","description":"Viatge al centre de la vida","publisher":{"@id":"https:\/\/espaicrater.com\/#organization"},"potentialAction":[{"@type":"SearchAction","target":{"@type":"EntryPoint","urlTemplate":"https:\/\/espaicrater.com\/?s={search_term_string}"},"query-input":{"@type":"PropertyValueSpecification","valueRequired":true,"valueName":"search_term_string"}}],"inLanguage":"fr-FR"},{"@type":"Organization","@id":"https:\/\/espaicrater.com\/#organization","name":"Espai Cr\u00e0ter","url":"https:\/\/espaicrater.com\/","logo":{"@type":"ImageObject","inLanguage":"fr-FR","@id":"https:\/\/espaicrater.com\/#\/schema\/logo\/image\/","url":"https:\/\/espaicrater.com\/app\/uploads\/2022\/02\/espai-crater-1.png","contentUrl":"https:\/\/espaicrater.com\/app\/uploads\/2022\/02\/espai-crater-1.png","width":801,"height":320,"caption":"Espai Cr\u00e0ter"},"image":{"@id":"https:\/\/espaicrater.com\/#\/schema\/logo\/image\/"}}]}},"_links":{"self":[{"href":"https:\/\/espaicrater.com\/fr\/wp-json\/wp\/v2\/pages\/1690","targetHints":{"allow":["GET"]}}],"collection":[{"href":"https:\/\/espaicrater.com\/fr\/wp-json\/wp\/v2\/pages"}],"about":[{"href":"https:\/\/espaicrater.com\/fr\/wp-json\/wp\/v2\/types\/page"}],"author":[{"embeddable":true,"href":"https:\/\/espaicrater.com\/fr\/wp-json\/wp\/v2\/users\/1"}],"replies":[{"embeddable":true,"href":"https:\/\/espaicrater.com\/fr\/wp-json\/wp\/v2\/comments?post=1690"}],"version-history":[{"count":5,"href":"https:\/\/espaicrater.com\/fr\/wp-json\/wp\/v2\/pages\/1690\/revisions"}],"predecessor-version":[{"id":11391,"href":"https:\/\/espaicrater.com\/fr\/wp-json\/wp\/v2\/pages\/1690\/revisions\/11391"}],"wp:featuredmedia":[{"embeddable":true,"href":"https:\/\/espaicrater.com\/fr\/wp-json\/wp\/v2\/media\/11349"}],"wp:attachment":[{"href":"https:\/\/espaicrater.com\/fr\/wp-json\/wp\/v2\/media?parent=1690"}],"curies":[{"name":"wp","href":"https:\/\/api.w.org\/{rel}","templated":true}]}}