{"id":7356,"date":"2023-11-30T19:33:37","date_gmt":"2023-11-30T18:33:37","guid":{"rendered":"https:\/\/espaicrater.com\/paisatge-i-benestar\/"},"modified":"2023-12-04T14:20:39","modified_gmt":"2023-12-04T13:20:39","slug":"paisatge-i-benestar","status":"publish","type":"page","link":"https:\/\/espaicrater.com\/fr\/paisatge-i-benestar\/","title":{"rendered":"Atelier visant \u00e0 identifier les d\u00e9fis li\u00e9s \u00e0 la sant\u00e9 mentale et au paysage"},"content":{"rendered":"\n<p>Cet atelier a \u00e9t\u00e9 organis\u00e9 par le 28 juin 2021 et il s&#8217;agissait d&#8217;analyser et de d\u00e9tecter les enjeux autour de l&#8217;interaction entre la sant\u00e9 mentale et le paysage. Les principaux d\u00e9fis d\u00e9tect\u00e9s \u00e9taient li\u00e9s \u00e0 l&#8217;environnement des jeunes et \u00e0 leur lien avec le paysage, \u00e0 la relation entre l&#8217;urbanisme et la sant\u00e9 mentale, au lien entre les professionnels de la sant\u00e9 et les professionnels du paysage, et aux alliances entre les collectifs en tant qu&#8217;\u00e9l\u00e9ment structurant. <\/p>\n\n\n\n<p>L&#8217;activit\u00e9 a \u00e9t\u00e9 organis\u00e9e conjointement par l&#8217;Espai Cr\u00e0ter, le Consorci d&#8217;Acci\u00f3 Social de la Garrotxa, l&#8217;Hospital d&#8217;Olot i Comarcal de la Garrotxa, l&#8217;Universitat Aut\u00f2noma de Barcelona et Adrinoc.<\/p>\n\n\n\n<figure class=\"wp-block-image size-full\"><img loading=\"lazy\" decoding=\"async\" width=\"1240\" height=\"1754\" src=\"https:\/\/espaicrater.com\/app\/uploads\/2023\/12\/2-SALUT-MENTAL-I-PAISATGE-01-3.jpg\" alt=\"\" class=\"wp-image-7464\" srcset=\"https:\/\/espaicrater.com\/app\/uploads\/2023\/12\/2-SALUT-MENTAL-I-PAISATGE-01-3.jpg 1240w, https:\/\/espaicrater.com\/app\/uploads\/2023\/12\/2-SALUT-MENTAL-I-PAISATGE-01-3-212x300.jpg 212w, https:\/\/espaicrater.com\/app\/uploads\/2023\/12\/2-SALUT-MENTAL-I-PAISATGE-01-3-768x1086.jpg 768w, https:\/\/espaicrater.com\/app\/uploads\/2023\/12\/2-SALUT-MENTAL-I-PAISATGE-01-3-1086x1536.jpg 1086w\" sizes=\"auto, (max-width: 1240px) 100vw, 1240px\" \/><\/figure>\n","protected":false},"excerpt":{"rendered":"<p>Cet atelier a \u00e9t\u00e9 organis\u00e9 par le 28 juin 2021 et il s&#8217;agissait d&#8217;analyser et de d\u00e9tecter les enjeux autour de l&#8217;interaction entre la sant\u00e9 mentale et le paysage. Les principaux d\u00e9fis d\u00e9tect\u00e9s \u00e9taient li\u00e9s \u00e0 l&#8217;environnement des jeunes et \u00e0 leur lien avec le paysage, \u00e0 la relation entre l&#8217;urbanisme et la sant\u00e9 mentale, &hellip; <a href=\"https:\/\/espaicrater.com\/fr\/paisatge-i-benestar\/\">Continued<\/a><\/p>\n","protected":false},"author":2,"featured_media":7479,"parent":0,"menu_order":0,"comment_status":"closed","ping_status":"closed","template":"","meta":{"_acf_changed":false,"footnotes":""},"class_list":["post-7356","page","type-page","status-publish","has-post-thumbnail","hentry"],"acf":[],"yoast_head":"<title>Atelier visant \u00e0 identifier les d\u00e9fis li\u00e9s \u00e0 la sant\u00e9 mentale et au paysage - Espai Cr\u00e0ter<\/title>\n<meta name=\"robots\" content=\"index, follow, max-snippet:-1, max-image-preview:large, max-video-preview:-1\" \/>\n<link rel=\"canonical\" href=\"https:\/\/espaicrater.com\/fr\/paisatge-i-benestar\/\" \/>\n<meta property=\"og:locale\" content=\"fr_FR\" \/>\n<meta property=\"og:type\" content=\"article\" \/>\n<meta property=\"og:title\" content=\"Atelier visant \u00e0 identifier les d\u00e9fis li\u00e9s \u00e0 la sant\u00e9 mentale et au paysage - Espai Cr\u00e0ter\" \/>\n<meta property=\"og:description\" content=\"Cet atelier a \u00e9t\u00e9 organis\u00e9 par le 28 juin 2021 et il s&#8217;agissait d&#8217;analyser et de d\u00e9tecter les enjeux autour de l&#8217;interaction entre la sant\u00e9 mentale et le paysage. Les principaux d\u00e9fis d\u00e9tect\u00e9s \u00e9taient li\u00e9s \u00e0 l&#8217;environnement des jeunes et \u00e0 leur lien avec le paysage, \u00e0 la relation entre l&#8217;urbanisme et la sant\u00e9 mentale, &hellip; Continued\" \/>\n<meta property=\"og:url\" content=\"https:\/\/espaicrater.com\/fr\/paisatge-i-benestar\/\" \/>\n<meta property=\"og:site_name\" content=\"Espai Cr\u00e0ter\" \/>\n<meta property=\"article:modified_time\" content=\"2023-12-04T13:20:39+00:00\" \/>\n<meta property=\"og:image\" content=\"https:\/\/espaicrater.com\/app\/uploads\/2023\/12\/IMG_20210628_113413-scaled.jpg\" \/>\n\t<meta property=\"og:image:width\" content=\"2560\" \/>\n\t<meta property=\"og:image:height\" content=\"1440\" \/>\n\t<meta property=\"og:image:type\" content=\"image\/jpeg\" \/>\n<meta name=\"twitter:card\" content=\"summary_large_image\" \/>\n<meta name=\"twitter:label1\" content=\"Est. reading time\" \/>\n\t<meta name=\"twitter:data1\" content=\"1 minute\" \/>\n<script type=\"application\/ld+json\" class=\"yoast-schema-graph\">{\"@context\":\"https:\/\/schema.org\",\"@graph\":[{\"@type\":\"WebPage\",\"@id\":\"https:\/\/espaicrater.com\/fr\/paisatge-i-benestar\/\",\"url\":\"https:\/\/espaicrater.com\/fr\/paisatge-i-benestar\/\",\"name\":\"Atelier visant \u00e0 identifier les d\u00e9fis li\u00e9s \u00e0 la sant\u00e9 mentale et au paysage - Espai Cr\u00e0ter\",\"isPartOf\":{\"@id\":\"https:\/\/espaicrater.com\/#website\"},\"primaryImageOfPage\":{\"@id\":\"https:\/\/espaicrater.com\/fr\/paisatge-i-benestar\/#primaryimage\"},\"image\":{\"@id\":\"https:\/\/espaicrater.com\/fr\/paisatge-i-benestar\/#primaryimage\"},\"thumbnailUrl\":\"https:\/\/espaicrater.com\/app\/uploads\/2023\/12\/IMG_20210628_113413-scaled.jpg\",\"datePublished\":\"2023-11-30T18:33:37+00:00\",\"dateModified\":\"2023-12-04T13:20:39+00:00\",\"breadcrumb\":{\"@id\":\"https:\/\/espaicrater.com\/fr\/paisatge-i-benestar\/#breadcrumb\"},\"inLanguage\":\"fr-FR\",\"potentialAction\":[{\"@type\":\"ReadAction\",\"target\":[\"https:\/\/espaicrater.com\/fr\/paisatge-i-benestar\/\"]}]},{\"@type\":\"ImageObject\",\"inLanguage\":\"fr-FR\",\"@id\":\"https:\/\/espaicrater.com\/fr\/paisatge-i-benestar\/#primaryimage\",\"url\":\"https:\/\/espaicrater.com\/app\/uploads\/2023\/12\/IMG_20210628_113413-scaled.jpg\",\"contentUrl\":\"https:\/\/espaicrater.com\/app\/uploads\/2023\/12\/IMG_20210628_113413-scaled.jpg\",\"width\":2560,\"height\":1440},{\"@type\":\"BreadcrumbList\",\"@id\":\"https:\/\/espaicrater.com\/fr\/paisatge-i-benestar\/#breadcrumb\",\"itemListElement\":[{\"@type\":\"ListItem\",\"position\":1,\"name\":\"Home\",\"item\":\"https:\/\/espaicrater.com\/fr\/\"},{\"@type\":\"ListItem\",\"position\":2,\"name\":\"Atelier visant \u00e0 identifier les d\u00e9fis li\u00e9s \u00e0 la sant\u00e9 mentale et au paysage\"}]},{\"@type\":\"WebSite\",\"@id\":\"https:\/\/espaicrater.com\/#website\",\"url\":\"https:\/\/espaicrater.com\/\",\"name\":\"Espai Cr\u00e0ter\",\"description\":\"Viatge al centre de la vida\",\"publisher\":{\"@id\":\"https:\/\/espaicrater.com\/#organization\"},\"potentialAction\":[{\"@type\":\"SearchAction\",\"target\":{\"@type\":\"EntryPoint\",\"urlTemplate\":\"https:\/\/espaicrater.com\/?s={search_term_string}\"},\"query-input\":{\"@type\":\"PropertyValueSpecification\",\"valueRequired\":true,\"valueName\":\"search_term_string\"}}],\"inLanguage\":\"fr-FR\"},{\"@type\":\"Organization\",\"@id\":\"https:\/\/espaicrater.com\/#organization\",\"name\":\"Espai Cr\u00e0ter\",\"url\":\"https:\/\/espaicrater.com\/\",\"logo\":{\"@type\":\"ImageObject\",\"inLanguage\":\"fr-FR\",\"@id\":\"https:\/\/espaicrater.com\/#\/schema\/logo\/image\/\",\"url\":\"https:\/\/espaicrater.com\/app\/uploads\/2022\/02\/espai-crater-1.png\",\"contentUrl\":\"https:\/\/espaicrater.com\/app\/uploads\/2022\/02\/espai-crater-1.png\",\"width\":801,\"height\":320,\"caption\":\"Espai Cr\u00e0ter\"},\"image\":{\"@id\":\"https:\/\/espaicrater.com\/#\/schema\/logo\/image\/\"}}]}<\/script>","yoast_head_json":{"title":"Atelier visant \u00e0 identifier les d\u00e9fis li\u00e9s \u00e0 la sant\u00e9 mentale et au paysage - Espai Cr\u00e0ter","robots":{"index":"index","follow":"follow","max-snippet":"max-snippet:-1","max-image-preview":"max-image-preview:large","max-video-preview":"max-video-preview:-1"},"canonical":"https:\/\/espaicrater.com\/fr\/paisatge-i-benestar\/","og_locale":"fr_FR","og_type":"article","og_title":"Atelier visant \u00e0 identifier les d\u00e9fis li\u00e9s \u00e0 la sant\u00e9 mentale et au paysage - Espai Cr\u00e0ter","og_description":"Cet atelier a \u00e9t\u00e9 organis\u00e9 par le 28 juin 2021 et il s&#8217;agissait d&#8217;analyser et de d\u00e9tecter les enjeux autour de l&#8217;interaction entre la sant\u00e9 mentale et le paysage. Les principaux d\u00e9fis d\u00e9tect\u00e9s \u00e9taient li\u00e9s \u00e0 l&#8217;environnement des jeunes et \u00e0 leur lien avec le paysage, \u00e0 la relation entre l&#8217;urbanisme et la sant\u00e9 mentale, &hellip; Continued","og_url":"https:\/\/espaicrater.com\/fr\/paisatge-i-benestar\/","og_site_name":"Espai Cr\u00e0ter","article_modified_time":"2023-12-04T13:20:39+00:00","og_image":[{"width":2560,"height":1440,"url":"https:\/\/espaicrater.com\/app\/uploads\/2023\/12\/IMG_20210628_113413-scaled.jpg","type":"image\/jpeg"}],"twitter_card":"summary_large_image","twitter_misc":{"Est. reading time":"1 minute"},"schema":{"@context":"https:\/\/schema.org","@graph":[{"@type":"WebPage","@id":"https:\/\/espaicrater.com\/fr\/paisatge-i-benestar\/","url":"https:\/\/espaicrater.com\/fr\/paisatge-i-benestar\/","name":"Atelier visant \u00e0 identifier les d\u00e9fis li\u00e9s \u00e0 la sant\u00e9 mentale et au paysage - Espai Cr\u00e0ter","isPartOf":{"@id":"https:\/\/espaicrater.com\/#website"},"primaryImageOfPage":{"@id":"https:\/\/espaicrater.com\/fr\/paisatge-i-benestar\/#primaryimage"},"image":{"@id":"https:\/\/espaicrater.com\/fr\/paisatge-i-benestar\/#primaryimage"},"thumbnailUrl":"https:\/\/espaicrater.com\/app\/uploads\/2023\/12\/IMG_20210628_113413-scaled.jpg","datePublished":"2023-11-30T18:33:37+00:00","dateModified":"2023-12-04T13:20:39+00:00","breadcrumb":{"@id":"https:\/\/espaicrater.com\/fr\/paisatge-i-benestar\/#breadcrumb"},"inLanguage":"fr-FR","potentialAction":[{"@type":"ReadAction","target":["https:\/\/espaicrater.com\/fr\/paisatge-i-benestar\/"]}]},{"@type":"ImageObject","inLanguage":"fr-FR","@id":"https:\/\/espaicrater.com\/fr\/paisatge-i-benestar\/#primaryimage","url":"https:\/\/espaicrater.com\/app\/uploads\/2023\/12\/IMG_20210628_113413-scaled.jpg","contentUrl":"https:\/\/espaicrater.com\/app\/uploads\/2023\/12\/IMG_20210628_113413-scaled.jpg","width":2560,"height":1440},{"@type":"BreadcrumbList","@id":"https:\/\/espaicrater.com\/fr\/paisatge-i-benestar\/#breadcrumb","itemListElement":[{"@type":"ListItem","position":1,"name":"Home","item":"https:\/\/espaicrater.com\/fr\/"},{"@type":"ListItem","position":2,"name":"Atelier visant \u00e0 identifier les d\u00e9fis li\u00e9s \u00e0 la sant\u00e9 mentale et au paysage"}]},{"@type":"WebSite","@id":"https:\/\/espaicrater.com\/#website","url":"https:\/\/espaicrater.com\/","name":"Espai Cr\u00e0ter","description":"Viatge al centre de la vida","publisher":{"@id":"https:\/\/espaicrater.com\/#organization"},"potentialAction":[{"@type":"SearchAction","target":{"@type":"EntryPoint","urlTemplate":"https:\/\/espaicrater.com\/?s={search_term_string}"},"query-input":{"@type":"PropertyValueSpecification","valueRequired":true,"valueName":"search_term_string"}}],"inLanguage":"fr-FR"},{"@type":"Organization","@id":"https:\/\/espaicrater.com\/#organization","name":"Espai Cr\u00e0ter","url":"https:\/\/espaicrater.com\/","logo":{"@type":"ImageObject","inLanguage":"fr-FR","@id":"https:\/\/espaicrater.com\/#\/schema\/logo\/image\/","url":"https:\/\/espaicrater.com\/app\/uploads\/2022\/02\/espai-crater-1.png","contentUrl":"https:\/\/espaicrater.com\/app\/uploads\/2022\/02\/espai-crater-1.png","width":801,"height":320,"caption":"Espai Cr\u00e0ter"},"image":{"@id":"https:\/\/espaicrater.com\/#\/schema\/logo\/image\/"}}]}},"_links":{"self":[{"href":"https:\/\/espaicrater.com\/fr\/wp-json\/wp\/v2\/pages\/7356","targetHints":{"allow":["GET"]}}],"collection":[{"href":"https:\/\/espaicrater.com\/fr\/wp-json\/wp\/v2\/pages"}],"about":[{"href":"https:\/\/espaicrater.com\/fr\/wp-json\/wp\/v2\/types\/page"}],"author":[{"embeddable":true,"href":"https:\/\/espaicrater.com\/fr\/wp-json\/wp\/v2\/users\/2"}],"replies":[{"embeddable":true,"href":"https:\/\/espaicrater.com\/fr\/wp-json\/wp\/v2\/comments?post=7356"}],"version-history":[{"count":3,"href":"https:\/\/espaicrater.com\/fr\/wp-json\/wp\/v2\/pages\/7356\/revisions"}],"predecessor-version":[{"id":7506,"href":"https:\/\/espaicrater.com\/fr\/wp-json\/wp\/v2\/pages\/7356\/revisions\/7506"}],"wp:featuredmedia":[{"embeddable":true,"href":"https:\/\/espaicrater.com\/fr\/wp-json\/wp\/v2\/media\/7479"}],"wp:attachment":[{"href":"https:\/\/espaicrater.com\/fr\/wp-json\/wp\/v2\/media?parent=7356"}],"curies":[{"name":"wp","href":"https:\/\/api.w.org\/{rel}","templated":true}]}}