{"id":7366,"date":"2023-11-30T20:08:54","date_gmt":"2023-11-30T19:08:54","guid":{"rendered":"https:\/\/espaicrater.com\/taller-per-concretar-accions-de-millora\/"},"modified":"2023-12-04T14:27:41","modified_gmt":"2023-12-04T13:27:41","slug":"taller-per-concretar-accions-de-millora","status":"publish","type":"page","link":"https:\/\/espaicrater.com\/fr\/taller-per-concretar-accions-de-millora\/","title":{"rendered":"Atelier pour concr\u00e9tiser les actions d&#8217;am\u00e9lioration"},"content":{"rendered":"\n<p>Cet atelier s&#8217;est tenu le 8 avril 2022 dans le but de comprendre les d\u00e9fis et sous-d\u00e9fis soulev\u00e9s lors de l&#8217;atelier 2021. A cette occasion, les entit\u00e9s qui avaient quelque chose \u00e0 dire dans le domaine des d\u00e9fis soulev\u00e9s lors de la premi\u00e8re session ont particip\u00e9.<\/p>\n\n\n\n<p>Dans le cadre des 12 sous-d\u00e9fis identifi\u00e9s pr\u00e9c\u00e9demment, cette deuxi\u00e8me r\u00e9union a permis de mieux cerner les enjeux, de d\u00e9finir les exigences de mise en \u0153uvre, de d\u00e9terminer les \u00e9tapes \u00e0 suivre pour atteindre les objectifs, d&#8217;identifier les indicateurs et de penser aux parties prenantes qui pourraient devenir des acteurs cl\u00e9s pour chaque d\u00e9fi.<\/p>\n\n\n\n<p>\u00c0 la fin de la r\u00e9union, les organisateurs ont r\u00e9sum\u00e9 les conclusions obtenues et les ont partag\u00e9es avec les participants par le biais d&#8217;un webinaire.<\/p>\n\n\n\n<figure class=\"wp-block-image size-large\"><img loading=\"lazy\" decoding=\"async\" width=\"2000\" height=\"1333\" src=\"https:\/\/espaicrater.com\/app\/uploads\/2023\/12\/Salut-Mental-i-Paisatge-4-2000x1333.jpg\" alt=\"\" class=\"wp-image-7471\" srcset=\"https:\/\/espaicrater.com\/app\/uploads\/2023\/12\/Salut-Mental-i-Paisatge-4-2000x1333.jpg 2000w, https:\/\/espaicrater.com\/app\/uploads\/2023\/12\/Salut-Mental-i-Paisatge-4-300x200.jpg 300w, https:\/\/espaicrater.com\/app\/uploads\/2023\/12\/Salut-Mental-i-Paisatge-4-768x512.jpg 768w, https:\/\/espaicrater.com\/app\/uploads\/2023\/12\/Salut-Mental-i-Paisatge-4-1536x1024.jpg 1536w, https:\/\/espaicrater.com\/app\/uploads\/2023\/12\/Salut-Mental-i-Paisatge-4-2048x1365.jpg 2048w\" sizes=\"auto, (max-width: 2000px) 100vw, 2000px\" \/><\/figure>\n\n\n\n<p><\/p>\n","protected":false},"excerpt":{"rendered":"<p>Cet atelier s&#8217;est tenu le 8 avril 2022 dans le but de comprendre les d\u00e9fis et sous-d\u00e9fis soulev\u00e9s lors de l&#8217;atelier 2021. A cette occasion, les entit\u00e9s qui avaient quelque chose \u00e0 dire dans le domaine des d\u00e9fis soulev\u00e9s lors de la premi\u00e8re session ont particip\u00e9. Dans le cadre des 12 sous-d\u00e9fis identifi\u00e9s pr\u00e9c\u00e9demment, cette &hellip; <a href=\"https:\/\/espaicrater.com\/fr\/taller-per-concretar-accions-de-millora\/\">Continued<\/a><\/p>\n","protected":false},"author":2,"featured_media":7471,"parent":0,"menu_order":0,"comment_status":"closed","ping_status":"closed","template":"","meta":{"_acf_changed":false,"footnotes":""},"class_list":["post-7366","page","type-page","status-publish","has-post-thumbnail","hentry"],"acf":[],"yoast_head":"<title>Atelier pour concr\u00e9tiser les actions d&#039;am\u00e9lioration - Espai Cr\u00e0ter<\/title>\n<meta name=\"robots\" content=\"index, follow, max-snippet:-1, max-image-preview:large, max-video-preview:-1\" \/>\n<link rel=\"canonical\" href=\"https:\/\/espaicrater.com\/fr\/taller-per-concretar-accions-de-millora\/\" \/>\n<meta property=\"og:locale\" content=\"fr_FR\" \/>\n<meta property=\"og:type\" content=\"article\" \/>\n<meta property=\"og:title\" content=\"Atelier pour concr\u00e9tiser les actions d&#039;am\u00e9lioration - Espai Cr\u00e0ter\" \/>\n<meta property=\"og:description\" content=\"Cet atelier s&#8217;est tenu le 8 avril 2022 dans le but de comprendre les d\u00e9fis et sous-d\u00e9fis soulev\u00e9s lors de l&#8217;atelier 2021. A cette occasion, les entit\u00e9s qui avaient quelque chose \u00e0 dire dans le domaine des d\u00e9fis soulev\u00e9s lors de la premi\u00e8re session ont particip\u00e9. Dans le cadre des 12 sous-d\u00e9fis identifi\u00e9s pr\u00e9c\u00e9demment, cette &hellip; Continued\" \/>\n<meta property=\"og:url\" content=\"https:\/\/espaicrater.com\/fr\/taller-per-concretar-accions-de-millora\/\" \/>\n<meta property=\"og:site_name\" content=\"Espai Cr\u00e0ter\" \/>\n<meta property=\"article:modified_time\" content=\"2023-12-04T13:27:41+00:00\" \/>\n<meta property=\"og:image\" content=\"https:\/\/espaicrater.com\/app\/uploads\/2023\/12\/Salut-Mental-i-Paisatge-4-scaled.jpg\" \/>\n\t<meta property=\"og:image:width\" content=\"2560\" \/>\n\t<meta property=\"og:image:height\" content=\"1707\" \/>\n\t<meta property=\"og:image:type\" content=\"image\/jpeg\" \/>\n<meta name=\"twitter:card\" content=\"summary_large_image\" \/>\n<meta name=\"twitter:label1\" content=\"Est. reading time\" \/>\n\t<meta name=\"twitter:data1\" content=\"1 minute\" \/>\n<script type=\"application\/ld+json\" class=\"yoast-schema-graph\">{\"@context\":\"https:\\\/\\\/schema.org\",\"@graph\":[{\"@type\":\"WebPage\",\"@id\":\"https:\\\/\\\/espaicrater.com\\\/fr\\\/taller-per-concretar-accions-de-millora\\\/\",\"url\":\"https:\\\/\\\/espaicrater.com\\\/fr\\\/taller-per-concretar-accions-de-millora\\\/\",\"name\":\"Atelier pour concr\u00e9tiser les actions d'am\u00e9lioration - Espai Cr\u00e0ter\",\"isPartOf\":{\"@id\":\"https:\\\/\\\/espaicrater.com\\\/#website\"},\"primaryImageOfPage\":{\"@id\":\"https:\\\/\\\/espaicrater.com\\\/fr\\\/taller-per-concretar-accions-de-millora\\\/#primaryimage\"},\"image\":{\"@id\":\"https:\\\/\\\/espaicrater.com\\\/fr\\\/taller-per-concretar-accions-de-millora\\\/#primaryimage\"},\"thumbnailUrl\":\"https:\\\/\\\/espaicrater.com\\\/app\\\/uploads\\\/2023\\\/12\\\/Salut-Mental-i-Paisatge-4-scaled.jpg\",\"datePublished\":\"2023-11-30T19:08:54+00:00\",\"dateModified\":\"2023-12-04T13:27:41+00:00\",\"breadcrumb\":{\"@id\":\"https:\\\/\\\/espaicrater.com\\\/fr\\\/taller-per-concretar-accions-de-millora\\\/#breadcrumb\"},\"inLanguage\":\"fr-FR\",\"potentialAction\":[{\"@type\":\"ReadAction\",\"target\":[\"https:\\\/\\\/espaicrater.com\\\/fr\\\/taller-per-concretar-accions-de-millora\\\/\"]}]},{\"@type\":\"ImageObject\",\"inLanguage\":\"fr-FR\",\"@id\":\"https:\\\/\\\/espaicrater.com\\\/fr\\\/taller-per-concretar-accions-de-millora\\\/#primaryimage\",\"url\":\"https:\\\/\\\/espaicrater.com\\\/app\\\/uploads\\\/2023\\\/12\\\/Salut-Mental-i-Paisatge-4-scaled.jpg\",\"contentUrl\":\"https:\\\/\\\/espaicrater.com\\\/app\\\/uploads\\\/2023\\\/12\\\/Salut-Mental-i-Paisatge-4-scaled.jpg\",\"width\":2560,\"height\":1707},{\"@type\":\"BreadcrumbList\",\"@id\":\"https:\\\/\\\/espaicrater.com\\\/fr\\\/taller-per-concretar-accions-de-millora\\\/#breadcrumb\",\"itemListElement\":[{\"@type\":\"ListItem\",\"position\":1,\"name\":\"Home\",\"item\":\"https:\\\/\\\/espaicrater.com\\\/fr\\\/\"},{\"@type\":\"ListItem\",\"position\":2,\"name\":\"Atelier pour concr\u00e9tiser les actions d&#8217;am\u00e9lioration\"}]},{\"@type\":\"WebSite\",\"@id\":\"https:\\\/\\\/espaicrater.com\\\/#website\",\"url\":\"https:\\\/\\\/espaicrater.com\\\/\",\"name\":\"Espai Cr\u00e0ter\",\"description\":\"Viatge al centre de la vida\",\"publisher\":{\"@id\":\"https:\\\/\\\/espaicrater.com\\\/#organization\"},\"potentialAction\":[{\"@type\":\"SearchAction\",\"target\":{\"@type\":\"EntryPoint\",\"urlTemplate\":\"https:\\\/\\\/espaicrater.com\\\/?s={search_term_string}\"},\"query-input\":{\"@type\":\"PropertyValueSpecification\",\"valueRequired\":true,\"valueName\":\"search_term_string\"}}],\"inLanguage\":\"fr-FR\"},{\"@type\":\"Organization\",\"@id\":\"https:\\\/\\\/espaicrater.com\\\/#organization\",\"name\":\"Espai Cr\u00e0ter\",\"url\":\"https:\\\/\\\/espaicrater.com\\\/\",\"logo\":{\"@type\":\"ImageObject\",\"inLanguage\":\"fr-FR\",\"@id\":\"https:\\\/\\\/espaicrater.com\\\/#\\\/schema\\\/logo\\\/image\\\/\",\"url\":\"https:\\\/\\\/espaicrater.com\\\/app\\\/uploads\\\/2022\\\/02\\\/espai-crater-1.png\",\"contentUrl\":\"https:\\\/\\\/espaicrater.com\\\/app\\\/uploads\\\/2022\\\/02\\\/espai-crater-1.png\",\"width\":801,\"height\":320,\"caption\":\"Espai Cr\u00e0ter\"},\"image\":{\"@id\":\"https:\\\/\\\/espaicrater.com\\\/#\\\/schema\\\/logo\\\/image\\\/\"}}]}<\/script>","yoast_head_json":{"title":"Atelier pour concr\u00e9tiser les actions d'am\u00e9lioration - Espai Cr\u00e0ter","robots":{"index":"index","follow":"follow","max-snippet":"max-snippet:-1","max-image-preview":"max-image-preview:large","max-video-preview":"max-video-preview:-1"},"canonical":"https:\/\/espaicrater.com\/fr\/taller-per-concretar-accions-de-millora\/","og_locale":"fr_FR","og_type":"article","og_title":"Atelier pour concr\u00e9tiser les actions d'am\u00e9lioration - Espai Cr\u00e0ter","og_description":"Cet atelier s&#8217;est tenu le 8 avril 2022 dans le but de comprendre les d\u00e9fis et sous-d\u00e9fis soulev\u00e9s lors de l&#8217;atelier 2021. A cette occasion, les entit\u00e9s qui avaient quelque chose \u00e0 dire dans le domaine des d\u00e9fis soulev\u00e9s lors de la premi\u00e8re session ont particip\u00e9. Dans le cadre des 12 sous-d\u00e9fis identifi\u00e9s pr\u00e9c\u00e9demment, cette &hellip; Continued","og_url":"https:\/\/espaicrater.com\/fr\/taller-per-concretar-accions-de-millora\/","og_site_name":"Espai Cr\u00e0ter","article_modified_time":"2023-12-04T13:27:41+00:00","og_image":[{"width":2560,"height":1707,"url":"https:\/\/espaicrater.com\/app\/uploads\/2023\/12\/Salut-Mental-i-Paisatge-4-scaled.jpg","type":"image\/jpeg"}],"twitter_card":"summary_large_image","twitter_misc":{"Est. reading time":"1 minute"},"schema":{"@context":"https:\/\/schema.org","@graph":[{"@type":"WebPage","@id":"https:\/\/espaicrater.com\/fr\/taller-per-concretar-accions-de-millora\/","url":"https:\/\/espaicrater.com\/fr\/taller-per-concretar-accions-de-millora\/","name":"Atelier pour concr\u00e9tiser les actions d'am\u00e9lioration - Espai Cr\u00e0ter","isPartOf":{"@id":"https:\/\/espaicrater.com\/#website"},"primaryImageOfPage":{"@id":"https:\/\/espaicrater.com\/fr\/taller-per-concretar-accions-de-millora\/#primaryimage"},"image":{"@id":"https:\/\/espaicrater.com\/fr\/taller-per-concretar-accions-de-millora\/#primaryimage"},"thumbnailUrl":"https:\/\/espaicrater.com\/app\/uploads\/2023\/12\/Salut-Mental-i-Paisatge-4-scaled.jpg","datePublished":"2023-11-30T19:08:54+00:00","dateModified":"2023-12-04T13:27:41+00:00","breadcrumb":{"@id":"https:\/\/espaicrater.com\/fr\/taller-per-concretar-accions-de-millora\/#breadcrumb"},"inLanguage":"fr-FR","potentialAction":[{"@type":"ReadAction","target":["https:\/\/espaicrater.com\/fr\/taller-per-concretar-accions-de-millora\/"]}]},{"@type":"ImageObject","inLanguage":"fr-FR","@id":"https:\/\/espaicrater.com\/fr\/taller-per-concretar-accions-de-millora\/#primaryimage","url":"https:\/\/espaicrater.com\/app\/uploads\/2023\/12\/Salut-Mental-i-Paisatge-4-scaled.jpg","contentUrl":"https:\/\/espaicrater.com\/app\/uploads\/2023\/12\/Salut-Mental-i-Paisatge-4-scaled.jpg","width":2560,"height":1707},{"@type":"BreadcrumbList","@id":"https:\/\/espaicrater.com\/fr\/taller-per-concretar-accions-de-millora\/#breadcrumb","itemListElement":[{"@type":"ListItem","position":1,"name":"Home","item":"https:\/\/espaicrater.com\/fr\/"},{"@type":"ListItem","position":2,"name":"Atelier pour concr\u00e9tiser les actions d&#8217;am\u00e9lioration"}]},{"@type":"WebSite","@id":"https:\/\/espaicrater.com\/#website","url":"https:\/\/espaicrater.com\/","name":"Espai Cr\u00e0ter","description":"Viatge al centre de la vida","publisher":{"@id":"https:\/\/espaicrater.com\/#organization"},"potentialAction":[{"@type":"SearchAction","target":{"@type":"EntryPoint","urlTemplate":"https:\/\/espaicrater.com\/?s={search_term_string}"},"query-input":{"@type":"PropertyValueSpecification","valueRequired":true,"valueName":"search_term_string"}}],"inLanguage":"fr-FR"},{"@type":"Organization","@id":"https:\/\/espaicrater.com\/#organization","name":"Espai Cr\u00e0ter","url":"https:\/\/espaicrater.com\/","logo":{"@type":"ImageObject","inLanguage":"fr-FR","@id":"https:\/\/espaicrater.com\/#\/schema\/logo\/image\/","url":"https:\/\/espaicrater.com\/app\/uploads\/2022\/02\/espai-crater-1.png","contentUrl":"https:\/\/espaicrater.com\/app\/uploads\/2022\/02\/espai-crater-1.png","width":801,"height":320,"caption":"Espai Cr\u00e0ter"},"image":{"@id":"https:\/\/espaicrater.com\/#\/schema\/logo\/image\/"}}]}},"_links":{"self":[{"href":"https:\/\/espaicrater.com\/fr\/wp-json\/wp\/v2\/pages\/7366","targetHints":{"allow":["GET"]}}],"collection":[{"href":"https:\/\/espaicrater.com\/fr\/wp-json\/wp\/v2\/pages"}],"about":[{"href":"https:\/\/espaicrater.com\/fr\/wp-json\/wp\/v2\/types\/page"}],"author":[{"embeddable":true,"href":"https:\/\/espaicrater.com\/fr\/wp-json\/wp\/v2\/users\/2"}],"replies":[{"embeddable":true,"href":"https:\/\/espaicrater.com\/fr\/wp-json\/wp\/v2\/comments?post=7366"}],"version-history":[{"count":4,"href":"https:\/\/espaicrater.com\/fr\/wp-json\/wp\/v2\/pages\/7366\/revisions"}],"predecessor-version":[{"id":7511,"href":"https:\/\/espaicrater.com\/fr\/wp-json\/wp\/v2\/pages\/7366\/revisions\/7511"}],"wp:featuredmedia":[{"embeddable":true,"href":"https:\/\/espaicrater.com\/fr\/wp-json\/wp\/v2\/media\/7471"}],"wp:attachment":[{"href":"https:\/\/espaicrater.com\/fr\/wp-json\/wp\/v2\/media?parent=7366"}],"curies":[{"name":"wp","href":"https:\/\/api.w.org\/{rel}","templated":true}]}}