{"id":7392,"date":"2023-11-30T19:15:54","date_gmt":"2023-11-30T18:15:54","guid":{"rendered":"https:\/\/espaicrater.com\/repensem-el-parc-de-lespai-crater\/"},"modified":"2023-12-04T14:37:11","modified_gmt":"2023-12-04T13:37:11","slug":"repensem-el-parc-de-lespai-crater","status":"publish","type":"page","link":"https:\/\/espaicrater.com\/fr\/repensem-el-parc-de-lespai-crater\/","title":{"rendered":"Repensons le parc de l&#8217;Espai Cr\u00e0ter"},"content":{"rendered":"\n<p>La proposition architecturale pour l&#8217;Espai Cr\u00e0ter place le centre \u00e0 l&#8217;int\u00e9rieur du volcan Puig del Roser et expose une \u00e9tendue de nature. Le parc Espai Cr\u00e0ter fait partie de l&#8217;espace public et est reli\u00e9 aux archives r\u00e9gionales et au cimeti\u00e8re de Montsacopa. Son apparition r\u00e9cente a entra\u00een\u00e9 un manque de d\u00e9finition dans la mani\u00e8re dont il est habit\u00e9 : les jeunes discutent souvent en cercle, les personnes \u00e2g\u00e9es se reposent ou certaines personnes le traversent simplement.<\/p>\n\n\n\n<p><strong><em>Repensons le parc de l&#8217;Espai Cr\u00e0ter<\/em><\/strong> est une proposition de Marcos Garcia, directeur du <a href=\"https:\/\/www.medialab-matadero.es\/\">Medialab Prado<\/a> 2014-2021, Javier Ib\u00e1\u00f1ez, coordinateur du programme d&#8217;innovation citoyenne \u00e0 Las Naves, et Sergi Fr\u00edas, directeur du laboratoire <a href=\"https:\/\/www.coboilab.cat\/ca\/\">Coboi lab<\/a>. Au cours de l&#8217;atelier, ils ont propos\u00e9 de coordonner, avec les jeunes de la ville, des actions et des activit\u00e9s pour faire avancer ce nouvel espace dans la municipalit\u00e9. Cette activit\u00e9 a permis aux jeunes d&#8217;apporter leurs connaissances, leurs exp\u00e9riences et leurs d\u00e9sirs afin de g\u00e9n\u00e9rer d&#8217;autres significations pour cet espace et, par cons\u00e9quent, de r\u00e9fl\u00e9chir \u00e0 d&#8217;autres fa\u00e7ons d&#8217;habiter la ville.<\/p>\n\n\n\n<p><\/p>\n\n\n\n<figure class=\"wp-block-image size-large\"><img loading=\"lazy\" decoding=\"async\" width=\"2000\" height=\"1333\" src=\"https:\/\/espaicrater.com\/app\/uploads\/2023\/11\/A4_2230-1-1-2000x1333.jpg\" alt=\"\" class=\"wp-image-7165\" srcset=\"https:\/\/espaicrater.com\/app\/uploads\/2023\/11\/A4_2230-1-1-2000x1333.jpg 2000w, https:\/\/espaicrater.com\/app\/uploads\/2023\/11\/A4_2230-1-1-300x200.jpg 300w, https:\/\/espaicrater.com\/app\/uploads\/2023\/11\/A4_2230-1-1-768x512.jpg 768w, https:\/\/espaicrater.com\/app\/uploads\/2023\/11\/A4_2230-1-1-1536x1024.jpg 1536w, https:\/\/espaicrater.com\/app\/uploads\/2023\/11\/A4_2230-1-1-2048x1365.jpg 2048w\" sizes=\"auto, (max-width: 2000px) 100vw, 2000px\" \/><\/figure>\n","protected":false},"excerpt":{"rendered":"<p>La proposition architecturale pour l&#8217;Espai Cr\u00e0ter place le centre \u00e0 l&#8217;int\u00e9rieur du volcan Puig del Roser et expose une \u00e9tendue de nature. Le parc Espai Cr\u00e0ter fait partie de l&#8217;espace public et est reli\u00e9 aux archives r\u00e9gionales et au cimeti\u00e8re de Montsacopa. Son apparition r\u00e9cente a entra\u00een\u00e9 un manque de d\u00e9finition dans la mani\u00e8re dont &hellip; <a href=\"https:\/\/espaicrater.com\/fr\/repensem-el-parc-de-lespai-crater\/\">Continued<\/a><\/p>\n","protected":false},"author":2,"featured_media":7134,"parent":0,"menu_order":0,"comment_status":"closed","ping_status":"closed","template":"","meta":{"_acf_changed":false,"footnotes":""},"class_list":["post-7392","page","type-page","status-publish","has-post-thumbnail","hentry"],"acf":[],"yoast_head":"<title>Repensons le parc de l&#039;Espai Cr\u00e0ter - Espai Cr\u00e0ter<\/title>\n<meta name=\"robots\" content=\"index, follow, max-snippet:-1, max-image-preview:large, max-video-preview:-1\" \/>\n<link rel=\"canonical\" href=\"https:\/\/espaicrater.com\/fr\/repensem-el-parc-de-lespai-crater\/\" \/>\n<meta property=\"og:locale\" content=\"fr_FR\" \/>\n<meta property=\"og:type\" content=\"article\" \/>\n<meta property=\"og:title\" content=\"Repensons le parc de l&#039;Espai Cr\u00e0ter - Espai Cr\u00e0ter\" \/>\n<meta property=\"og:description\" content=\"La proposition architecturale pour l&#8217;Espai Cr\u00e0ter place le centre \u00e0 l&#8217;int\u00e9rieur du volcan Puig del Roser et expose une \u00e9tendue de nature. Le parc Espai Cr\u00e0ter fait partie de l&#8217;espace public et est reli\u00e9 aux archives r\u00e9gionales et au cimeti\u00e8re de Montsacopa. Son apparition r\u00e9cente a entra\u00een\u00e9 un manque de d\u00e9finition dans la mani\u00e8re dont &hellip; Continued\" \/>\n<meta property=\"og:url\" content=\"https:\/\/espaicrater.com\/fr\/repensem-el-parc-de-lespai-crater\/\" \/>\n<meta property=\"og:site_name\" content=\"Espai Cr\u00e0ter\" \/>\n<meta property=\"article:modified_time\" content=\"2023-12-04T13:37:11+00:00\" \/>\n<meta property=\"og:image\" content=\"https:\/\/espaicrater.com\/app\/uploads\/2023\/11\/A4_2229-scaled.jpg\" \/>\n\t<meta property=\"og:image:width\" content=\"2560\" \/>\n\t<meta property=\"og:image:height\" content=\"1707\" \/>\n\t<meta property=\"og:image:type\" content=\"image\/jpeg\" \/>\n<meta name=\"twitter:card\" content=\"summary_large_image\" \/>\n<meta name=\"twitter:label1\" content=\"Est. reading time\" \/>\n\t<meta name=\"twitter:data1\" content=\"1 minute\" \/>\n<script type=\"application\/ld+json\" class=\"yoast-schema-graph\">{\"@context\":\"https:\\\/\\\/schema.org\",\"@graph\":[{\"@type\":\"WebPage\",\"@id\":\"https:\\\/\\\/espaicrater.com\\\/fr\\\/repensem-el-parc-de-lespai-crater\\\/\",\"url\":\"https:\\\/\\\/espaicrater.com\\\/fr\\\/repensem-el-parc-de-lespai-crater\\\/\",\"name\":\"Repensons le parc de l'Espai Cr\u00e0ter - Espai Cr\u00e0ter\",\"isPartOf\":{\"@id\":\"https:\\\/\\\/espaicrater.com\\\/#website\"},\"primaryImageOfPage\":{\"@id\":\"https:\\\/\\\/espaicrater.com\\\/fr\\\/repensem-el-parc-de-lespai-crater\\\/#primaryimage\"},\"image\":{\"@id\":\"https:\\\/\\\/espaicrater.com\\\/fr\\\/repensem-el-parc-de-lespai-crater\\\/#primaryimage\"},\"thumbnailUrl\":\"https:\\\/\\\/espaicrater.com\\\/app\\\/uploads\\\/2023\\\/11\\\/A4_2229-scaled.jpg\",\"datePublished\":\"2023-11-30T18:15:54+00:00\",\"dateModified\":\"2023-12-04T13:37:11+00:00\",\"breadcrumb\":{\"@id\":\"https:\\\/\\\/espaicrater.com\\\/fr\\\/repensem-el-parc-de-lespai-crater\\\/#breadcrumb\"},\"inLanguage\":\"fr-FR\",\"potentialAction\":[{\"@type\":\"ReadAction\",\"target\":[\"https:\\\/\\\/espaicrater.com\\\/fr\\\/repensem-el-parc-de-lespai-crater\\\/\"]}]},{\"@type\":\"ImageObject\",\"inLanguage\":\"fr-FR\",\"@id\":\"https:\\\/\\\/espaicrater.com\\\/fr\\\/repensem-el-parc-de-lespai-crater\\\/#primaryimage\",\"url\":\"https:\\\/\\\/espaicrater.com\\\/app\\\/uploads\\\/2023\\\/11\\\/A4_2229-scaled.jpg\",\"contentUrl\":\"https:\\\/\\\/espaicrater.com\\\/app\\\/uploads\\\/2023\\\/11\\\/A4_2229-scaled.jpg\",\"width\":2560,\"height\":1707},{\"@type\":\"BreadcrumbList\",\"@id\":\"https:\\\/\\\/espaicrater.com\\\/fr\\\/repensem-el-parc-de-lespai-crater\\\/#breadcrumb\",\"itemListElement\":[{\"@type\":\"ListItem\",\"position\":1,\"name\":\"Home\",\"item\":\"https:\\\/\\\/espaicrater.com\\\/fr\\\/\"},{\"@type\":\"ListItem\",\"position\":2,\"name\":\"Repensons le parc de l&#8217;Espai Cr\u00e0ter\"}]},{\"@type\":\"WebSite\",\"@id\":\"https:\\\/\\\/espaicrater.com\\\/#website\",\"url\":\"https:\\\/\\\/espaicrater.com\\\/\",\"name\":\"Espai Cr\u00e0ter\",\"description\":\"Viatge al centre de la vida\",\"publisher\":{\"@id\":\"https:\\\/\\\/espaicrater.com\\\/#organization\"},\"potentialAction\":[{\"@type\":\"SearchAction\",\"target\":{\"@type\":\"EntryPoint\",\"urlTemplate\":\"https:\\\/\\\/espaicrater.com\\\/?s={search_term_string}\"},\"query-input\":{\"@type\":\"PropertyValueSpecification\",\"valueRequired\":true,\"valueName\":\"search_term_string\"}}],\"inLanguage\":\"fr-FR\"},{\"@type\":\"Organization\",\"@id\":\"https:\\\/\\\/espaicrater.com\\\/#organization\",\"name\":\"Espai Cr\u00e0ter\",\"url\":\"https:\\\/\\\/espaicrater.com\\\/\",\"logo\":{\"@type\":\"ImageObject\",\"inLanguage\":\"fr-FR\",\"@id\":\"https:\\\/\\\/espaicrater.com\\\/#\\\/schema\\\/logo\\\/image\\\/\",\"url\":\"https:\\\/\\\/espaicrater.com\\\/app\\\/uploads\\\/2022\\\/02\\\/espai-crater-1.png\",\"contentUrl\":\"https:\\\/\\\/espaicrater.com\\\/app\\\/uploads\\\/2022\\\/02\\\/espai-crater-1.png\",\"width\":801,\"height\":320,\"caption\":\"Espai Cr\u00e0ter\"},\"image\":{\"@id\":\"https:\\\/\\\/espaicrater.com\\\/#\\\/schema\\\/logo\\\/image\\\/\"}}]}<\/script>","yoast_head_json":{"title":"Repensons le parc de l'Espai Cr\u00e0ter - Espai Cr\u00e0ter","robots":{"index":"index","follow":"follow","max-snippet":"max-snippet:-1","max-image-preview":"max-image-preview:large","max-video-preview":"max-video-preview:-1"},"canonical":"https:\/\/espaicrater.com\/fr\/repensem-el-parc-de-lespai-crater\/","og_locale":"fr_FR","og_type":"article","og_title":"Repensons le parc de l'Espai Cr\u00e0ter - Espai Cr\u00e0ter","og_description":"La proposition architecturale pour l&#8217;Espai Cr\u00e0ter place le centre \u00e0 l&#8217;int\u00e9rieur du volcan Puig del Roser et expose une \u00e9tendue de nature. Le parc Espai Cr\u00e0ter fait partie de l&#8217;espace public et est reli\u00e9 aux archives r\u00e9gionales et au cimeti\u00e8re de Montsacopa. Son apparition r\u00e9cente a entra\u00een\u00e9 un manque de d\u00e9finition dans la mani\u00e8re dont &hellip; Continued","og_url":"https:\/\/espaicrater.com\/fr\/repensem-el-parc-de-lespai-crater\/","og_site_name":"Espai Cr\u00e0ter","article_modified_time":"2023-12-04T13:37:11+00:00","og_image":[{"width":2560,"height":1707,"url":"https:\/\/espaicrater.com\/app\/uploads\/2023\/11\/A4_2229-scaled.jpg","type":"image\/jpeg"}],"twitter_card":"summary_large_image","twitter_misc":{"Est. reading time":"1 minute"},"schema":{"@context":"https:\/\/schema.org","@graph":[{"@type":"WebPage","@id":"https:\/\/espaicrater.com\/fr\/repensem-el-parc-de-lespai-crater\/","url":"https:\/\/espaicrater.com\/fr\/repensem-el-parc-de-lespai-crater\/","name":"Repensons le parc de l'Espai Cr\u00e0ter - Espai Cr\u00e0ter","isPartOf":{"@id":"https:\/\/espaicrater.com\/#website"},"primaryImageOfPage":{"@id":"https:\/\/espaicrater.com\/fr\/repensem-el-parc-de-lespai-crater\/#primaryimage"},"image":{"@id":"https:\/\/espaicrater.com\/fr\/repensem-el-parc-de-lespai-crater\/#primaryimage"},"thumbnailUrl":"https:\/\/espaicrater.com\/app\/uploads\/2023\/11\/A4_2229-scaled.jpg","datePublished":"2023-11-30T18:15:54+00:00","dateModified":"2023-12-04T13:37:11+00:00","breadcrumb":{"@id":"https:\/\/espaicrater.com\/fr\/repensem-el-parc-de-lespai-crater\/#breadcrumb"},"inLanguage":"fr-FR","potentialAction":[{"@type":"ReadAction","target":["https:\/\/espaicrater.com\/fr\/repensem-el-parc-de-lespai-crater\/"]}]},{"@type":"ImageObject","inLanguage":"fr-FR","@id":"https:\/\/espaicrater.com\/fr\/repensem-el-parc-de-lespai-crater\/#primaryimage","url":"https:\/\/espaicrater.com\/app\/uploads\/2023\/11\/A4_2229-scaled.jpg","contentUrl":"https:\/\/espaicrater.com\/app\/uploads\/2023\/11\/A4_2229-scaled.jpg","width":2560,"height":1707},{"@type":"BreadcrumbList","@id":"https:\/\/espaicrater.com\/fr\/repensem-el-parc-de-lespai-crater\/#breadcrumb","itemListElement":[{"@type":"ListItem","position":1,"name":"Home","item":"https:\/\/espaicrater.com\/fr\/"},{"@type":"ListItem","position":2,"name":"Repensons le parc de l&#8217;Espai Cr\u00e0ter"}]},{"@type":"WebSite","@id":"https:\/\/espaicrater.com\/#website","url":"https:\/\/espaicrater.com\/","name":"Espai Cr\u00e0ter","description":"Viatge al centre de la vida","publisher":{"@id":"https:\/\/espaicrater.com\/#organization"},"potentialAction":[{"@type":"SearchAction","target":{"@type":"EntryPoint","urlTemplate":"https:\/\/espaicrater.com\/?s={search_term_string}"},"query-input":{"@type":"PropertyValueSpecification","valueRequired":true,"valueName":"search_term_string"}}],"inLanguage":"fr-FR"},{"@type":"Organization","@id":"https:\/\/espaicrater.com\/#organization","name":"Espai Cr\u00e0ter","url":"https:\/\/espaicrater.com\/","logo":{"@type":"ImageObject","inLanguage":"fr-FR","@id":"https:\/\/espaicrater.com\/#\/schema\/logo\/image\/","url":"https:\/\/espaicrater.com\/app\/uploads\/2022\/02\/espai-crater-1.png","contentUrl":"https:\/\/espaicrater.com\/app\/uploads\/2022\/02\/espai-crater-1.png","width":801,"height":320,"caption":"Espai Cr\u00e0ter"},"image":{"@id":"https:\/\/espaicrater.com\/#\/schema\/logo\/image\/"}}]}},"_links":{"self":[{"href":"https:\/\/espaicrater.com\/fr\/wp-json\/wp\/v2\/pages\/7392","targetHints":{"allow":["GET"]}}],"collection":[{"href":"https:\/\/espaicrater.com\/fr\/wp-json\/wp\/v2\/pages"}],"about":[{"href":"https:\/\/espaicrater.com\/fr\/wp-json\/wp\/v2\/types\/page"}],"author":[{"embeddable":true,"href":"https:\/\/espaicrater.com\/fr\/wp-json\/wp\/v2\/users\/2"}],"replies":[{"embeddable":true,"href":"https:\/\/espaicrater.com\/fr\/wp-json\/wp\/v2\/comments?post=7392"}],"version-history":[{"count":2,"href":"https:\/\/espaicrater.com\/fr\/wp-json\/wp\/v2\/pages\/7392\/revisions"}],"predecessor-version":[{"id":7406,"href":"https:\/\/espaicrater.com\/fr\/wp-json\/wp\/v2\/pages\/7392\/revisions\/7406"}],"wp:featuredmedia":[{"embeddable":true,"href":"https:\/\/espaicrater.com\/fr\/wp-json\/wp\/v2\/media\/7134"}],"wp:attachment":[{"href":"https:\/\/espaicrater.com\/fr\/wp-json\/wp\/v2\/media?parent=7392"}],"curies":[{"name":"wp","href":"https:\/\/api.w.org\/{rel}","templated":true}]}}