{"id":7410,"date":"2023-11-30T19:19:12","date_gmt":"2023-11-30T18:19:12","guid":{"rendered":"https:\/\/espaicrater.com\/escoltem-els-beats-del-barri-vell\/"},"modified":"2023-12-04T14:37:46","modified_gmt":"2023-12-04T13:37:46","slug":"escoltem-els-beats-del-barri-vell","status":"publish","type":"page","link":"https:\/\/espaicrater.com\/fr\/escoltem-els-beats-del-barri-vell\/","title":{"rendered":"\u00c9coutons les rythmes du Barri Vell"},"content":{"rendered":"\n<p>Le Barri Vell est l&#8217;un des paysages urbains les plus caract\u00e9ristiques de la ville d&#8217;Olot et un point de r\u00e9f\u00e9rence \u00e9vident pour la sc\u00e8ne artistique d&#8217;Olot. Laia S\u00e1nchez, de <a href=\"https:\/\/www.citilab.eu\/\">Citilab<\/a>, et Pau Llonch, de <a href=\"https:\/\/versembrant.cat\/\">Versembrant<\/a>, ont propos\u00e9 une promenade depuis l&#8217;\u00e9glise Sant Esteve pour vibrer \u00e0 travers la cr\u00e9ativit\u00e9 et l&#8217;expression des jeunes qui vivent dans le quartier. Dans cet atelier, le rap a \u00e9t\u00e9 l&#8217;un des protagonistes, car c&#8217;est un pr\u00e9texte id\u00e9al pour aborder, par le biais de l&#8217;art, certaines questions qui pr\u00e9occupent les jeunes, comme le malaise, le racisme, la x\u00e9nophobie et le sexisme. Au cours de la rencontre, l&#8217;esth\u00e9tique a \u00e9t\u00e9 mise au service de la critique afin de cr\u00e9er en repensant l&#8217;environnement et en r\u00e9fl\u00e9chissant \u00e0 leurs propres exp\u00e9riences.<\/p>\n\n\n\n<figure class=\"wp-block-image size-large\"><img loading=\"lazy\" decoding=\"async\" width=\"2000\" height=\"1336\" src=\"https:\/\/espaicrater.com\/app\/uploads\/2023\/11\/Jornades-Espai-Crater_4.11_Vespre-13-2000x1336.jpg\" alt=\"\" class=\"wp-image-7260\" srcset=\"https:\/\/espaicrater.com\/app\/uploads\/2023\/11\/Jornades-Espai-Crater_4.11_Vespre-13-2000x1336.jpg 2000w, https:\/\/espaicrater.com\/app\/uploads\/2023\/11\/Jornades-Espai-Crater_4.11_Vespre-13-300x200.jpg 300w, https:\/\/espaicrater.com\/app\/uploads\/2023\/11\/Jornades-Espai-Crater_4.11_Vespre-13-768x513.jpg 768w, https:\/\/espaicrater.com\/app\/uploads\/2023\/11\/Jornades-Espai-Crater_4.11_Vespre-13-1536x1026.jpg 1536w, https:\/\/espaicrater.com\/app\/uploads\/2023\/11\/Jornades-Espai-Crater_4.11_Vespre-13-2048x1368.jpg 2048w\" sizes=\"auto, (max-width: 2000px) 100vw, 2000px\" \/><\/figure>\n","protected":false},"excerpt":{"rendered":"<p>Le Barri Vell est l&#8217;un des paysages urbains les plus caract\u00e9ristiques de la ville d&#8217;Olot et un point de r\u00e9f\u00e9rence \u00e9vident pour la sc\u00e8ne artistique d&#8217;Olot. Laia S\u00e1nchez, de Citilab, et Pau Llonch, de Versembrant, ont propos\u00e9 une promenade depuis l&#8217;\u00e9glise Sant Esteve pour vibrer \u00e0 travers la cr\u00e9ativit\u00e9 et l&#8217;expression des jeunes qui vivent &hellip; <a href=\"https:\/\/espaicrater.com\/fr\/escoltem-els-beats-del-barri-vell\/\">Continued<\/a><\/p>\n","protected":false},"author":2,"featured_media":7141,"parent":0,"menu_order":0,"comment_status":"closed","ping_status":"closed","template":"","meta":{"_acf_changed":false,"footnotes":""},"class_list":["post-7410","page","type-page","status-publish","has-post-thumbnail","hentry"],"acf":[],"yoast_head":"<title>\u00c9coutons les rythmes du Barri Vell - Espai Cr\u00e0ter<\/title>\n<meta name=\"robots\" content=\"index, follow, max-snippet:-1, max-image-preview:large, max-video-preview:-1\" \/>\n<link rel=\"canonical\" href=\"https:\/\/espaicrater.com\/fr\/escoltem-els-beats-del-barri-vell\/\" \/>\n<meta property=\"og:locale\" content=\"fr_FR\" \/>\n<meta property=\"og:type\" content=\"article\" \/>\n<meta property=\"og:title\" content=\"\u00c9coutons les rythmes du Barri Vell - Espai Cr\u00e0ter\" \/>\n<meta property=\"og:description\" content=\"Le Barri Vell est l&#8217;un des paysages urbains les plus caract\u00e9ristiques de la ville d&#8217;Olot et un point de r\u00e9f\u00e9rence \u00e9vident pour la sc\u00e8ne artistique d&#8217;Olot. Laia S\u00e1nchez, de Citilab, et Pau Llonch, de Versembrant, ont propos\u00e9 une promenade depuis l&#8217;\u00e9glise Sant Esteve pour vibrer \u00e0 travers la cr\u00e9ativit\u00e9 et l&#8217;expression des jeunes qui vivent &hellip; Continued\" \/>\n<meta property=\"og:url\" content=\"https:\/\/espaicrater.com\/fr\/escoltem-els-beats-del-barri-vell\/\" \/>\n<meta property=\"og:site_name\" content=\"Espai Cr\u00e0ter\" \/>\n<meta property=\"article:modified_time\" content=\"2023-12-04T13:37:46+00:00\" \/>\n<meta property=\"og:image\" content=\"https:\/\/espaicrater.com\/app\/uploads\/2023\/11\/Jornades-Espai-Crater_4.11_Vespre-6-scaled.jpg\" \/>\n\t<meta property=\"og:image:width\" content=\"2560\" \/>\n\t<meta property=\"og:image:height\" content=\"1710\" \/>\n\t<meta property=\"og:image:type\" content=\"image\/jpeg\" \/>\n<meta name=\"twitter:card\" content=\"summary_large_image\" \/>\n<meta name=\"twitter:label1\" content=\"Est. reading time\" \/>\n\t<meta name=\"twitter:data1\" content=\"1 minute\" \/>\n<script type=\"application\/ld+json\" class=\"yoast-schema-graph\">{\"@context\":\"https:\/\/schema.org\",\"@graph\":[{\"@type\":\"WebPage\",\"@id\":\"https:\/\/espaicrater.com\/fr\/escoltem-els-beats-del-barri-vell\/\",\"url\":\"https:\/\/espaicrater.com\/fr\/escoltem-els-beats-del-barri-vell\/\",\"name\":\"\u00c9coutons les rythmes du Barri Vell - Espai Cr\u00e0ter\",\"isPartOf\":{\"@id\":\"https:\/\/espaicrater.com\/#website\"},\"primaryImageOfPage\":{\"@id\":\"https:\/\/espaicrater.com\/fr\/escoltem-els-beats-del-barri-vell\/#primaryimage\"},\"image\":{\"@id\":\"https:\/\/espaicrater.com\/fr\/escoltem-els-beats-del-barri-vell\/#primaryimage\"},\"thumbnailUrl\":\"https:\/\/espaicrater.com\/app\/uploads\/2023\/11\/Jornades-Espai-Crater_4.11_Vespre-6-scaled.jpg\",\"datePublished\":\"2023-11-30T18:19:12+00:00\",\"dateModified\":\"2023-12-04T13:37:46+00:00\",\"breadcrumb\":{\"@id\":\"https:\/\/espaicrater.com\/fr\/escoltem-els-beats-del-barri-vell\/#breadcrumb\"},\"inLanguage\":\"fr-FR\",\"potentialAction\":[{\"@type\":\"ReadAction\",\"target\":[\"https:\/\/espaicrater.com\/fr\/escoltem-els-beats-del-barri-vell\/\"]}]},{\"@type\":\"ImageObject\",\"inLanguage\":\"fr-FR\",\"@id\":\"https:\/\/espaicrater.com\/fr\/escoltem-els-beats-del-barri-vell\/#primaryimage\",\"url\":\"https:\/\/espaicrater.com\/app\/uploads\/2023\/11\/Jornades-Espai-Crater_4.11_Vespre-6-scaled.jpg\",\"contentUrl\":\"https:\/\/espaicrater.com\/app\/uploads\/2023\/11\/Jornades-Espai-Crater_4.11_Vespre-6-scaled.jpg\",\"width\":2560,\"height\":1710},{\"@type\":\"BreadcrumbList\",\"@id\":\"https:\/\/espaicrater.com\/fr\/escoltem-els-beats-del-barri-vell\/#breadcrumb\",\"itemListElement\":[{\"@type\":\"ListItem\",\"position\":1,\"name\":\"Home\",\"item\":\"https:\/\/espaicrater.com\/fr\/\"},{\"@type\":\"ListItem\",\"position\":2,\"name\":\"\u00c9coutons les rythmes du Barri Vell\"}]},{\"@type\":\"WebSite\",\"@id\":\"https:\/\/espaicrater.com\/#website\",\"url\":\"https:\/\/espaicrater.com\/\",\"name\":\"Espai Cr\u00e0ter\",\"description\":\"Viatge al centre de la vida\",\"publisher\":{\"@id\":\"https:\/\/espaicrater.com\/#organization\"},\"potentialAction\":[{\"@type\":\"SearchAction\",\"target\":{\"@type\":\"EntryPoint\",\"urlTemplate\":\"https:\/\/espaicrater.com\/?s={search_term_string}\"},\"query-input\":{\"@type\":\"PropertyValueSpecification\",\"valueRequired\":true,\"valueName\":\"search_term_string\"}}],\"inLanguage\":\"fr-FR\"},{\"@type\":\"Organization\",\"@id\":\"https:\/\/espaicrater.com\/#organization\",\"name\":\"Espai Cr\u00e0ter\",\"url\":\"https:\/\/espaicrater.com\/\",\"logo\":{\"@type\":\"ImageObject\",\"inLanguage\":\"fr-FR\",\"@id\":\"https:\/\/espaicrater.com\/#\/schema\/logo\/image\/\",\"url\":\"https:\/\/espaicrater.com\/app\/uploads\/2022\/02\/espai-crater-1.png\",\"contentUrl\":\"https:\/\/espaicrater.com\/app\/uploads\/2022\/02\/espai-crater-1.png\",\"width\":801,\"height\":320,\"caption\":\"Espai Cr\u00e0ter\"},\"image\":{\"@id\":\"https:\/\/espaicrater.com\/#\/schema\/logo\/image\/\"}}]}<\/script>","yoast_head_json":{"title":"\u00c9coutons les rythmes du Barri Vell - Espai Cr\u00e0ter","robots":{"index":"index","follow":"follow","max-snippet":"max-snippet:-1","max-image-preview":"max-image-preview:large","max-video-preview":"max-video-preview:-1"},"canonical":"https:\/\/espaicrater.com\/fr\/escoltem-els-beats-del-barri-vell\/","og_locale":"fr_FR","og_type":"article","og_title":"\u00c9coutons les rythmes du Barri Vell - Espai Cr\u00e0ter","og_description":"Le Barri Vell est l&#8217;un des paysages urbains les plus caract\u00e9ristiques de la ville d&#8217;Olot et un point de r\u00e9f\u00e9rence \u00e9vident pour la sc\u00e8ne artistique d&#8217;Olot. Laia S\u00e1nchez, de Citilab, et Pau Llonch, de Versembrant, ont propos\u00e9 une promenade depuis l&#8217;\u00e9glise Sant Esteve pour vibrer \u00e0 travers la cr\u00e9ativit\u00e9 et l&#8217;expression des jeunes qui vivent &hellip; Continued","og_url":"https:\/\/espaicrater.com\/fr\/escoltem-els-beats-del-barri-vell\/","og_site_name":"Espai Cr\u00e0ter","article_modified_time":"2023-12-04T13:37:46+00:00","og_image":[{"width":2560,"height":1710,"url":"https:\/\/espaicrater.com\/app\/uploads\/2023\/11\/Jornades-Espai-Crater_4.11_Vespre-6-scaled.jpg","type":"image\/jpeg"}],"twitter_card":"summary_large_image","twitter_misc":{"Est. reading time":"1 minute"},"schema":{"@context":"https:\/\/schema.org","@graph":[{"@type":"WebPage","@id":"https:\/\/espaicrater.com\/fr\/escoltem-els-beats-del-barri-vell\/","url":"https:\/\/espaicrater.com\/fr\/escoltem-els-beats-del-barri-vell\/","name":"\u00c9coutons les rythmes du Barri Vell - Espai Cr\u00e0ter","isPartOf":{"@id":"https:\/\/espaicrater.com\/#website"},"primaryImageOfPage":{"@id":"https:\/\/espaicrater.com\/fr\/escoltem-els-beats-del-barri-vell\/#primaryimage"},"image":{"@id":"https:\/\/espaicrater.com\/fr\/escoltem-els-beats-del-barri-vell\/#primaryimage"},"thumbnailUrl":"https:\/\/espaicrater.com\/app\/uploads\/2023\/11\/Jornades-Espai-Crater_4.11_Vespre-6-scaled.jpg","datePublished":"2023-11-30T18:19:12+00:00","dateModified":"2023-12-04T13:37:46+00:00","breadcrumb":{"@id":"https:\/\/espaicrater.com\/fr\/escoltem-els-beats-del-barri-vell\/#breadcrumb"},"inLanguage":"fr-FR","potentialAction":[{"@type":"ReadAction","target":["https:\/\/espaicrater.com\/fr\/escoltem-els-beats-del-barri-vell\/"]}]},{"@type":"ImageObject","inLanguage":"fr-FR","@id":"https:\/\/espaicrater.com\/fr\/escoltem-els-beats-del-barri-vell\/#primaryimage","url":"https:\/\/espaicrater.com\/app\/uploads\/2023\/11\/Jornades-Espai-Crater_4.11_Vespre-6-scaled.jpg","contentUrl":"https:\/\/espaicrater.com\/app\/uploads\/2023\/11\/Jornades-Espai-Crater_4.11_Vespre-6-scaled.jpg","width":2560,"height":1710},{"@type":"BreadcrumbList","@id":"https:\/\/espaicrater.com\/fr\/escoltem-els-beats-del-barri-vell\/#breadcrumb","itemListElement":[{"@type":"ListItem","position":1,"name":"Home","item":"https:\/\/espaicrater.com\/fr\/"},{"@type":"ListItem","position":2,"name":"\u00c9coutons les rythmes du Barri Vell"}]},{"@type":"WebSite","@id":"https:\/\/espaicrater.com\/#website","url":"https:\/\/espaicrater.com\/","name":"Espai Cr\u00e0ter","description":"Viatge al centre de la vida","publisher":{"@id":"https:\/\/espaicrater.com\/#organization"},"potentialAction":[{"@type":"SearchAction","target":{"@type":"EntryPoint","urlTemplate":"https:\/\/espaicrater.com\/?s={search_term_string}"},"query-input":{"@type":"PropertyValueSpecification","valueRequired":true,"valueName":"search_term_string"}}],"inLanguage":"fr-FR"},{"@type":"Organization","@id":"https:\/\/espaicrater.com\/#organization","name":"Espai Cr\u00e0ter","url":"https:\/\/espaicrater.com\/","logo":{"@type":"ImageObject","inLanguage":"fr-FR","@id":"https:\/\/espaicrater.com\/#\/schema\/logo\/image\/","url":"https:\/\/espaicrater.com\/app\/uploads\/2022\/02\/espai-crater-1.png","contentUrl":"https:\/\/espaicrater.com\/app\/uploads\/2022\/02\/espai-crater-1.png","width":801,"height":320,"caption":"Espai Cr\u00e0ter"},"image":{"@id":"https:\/\/espaicrater.com\/#\/schema\/logo\/image\/"}}]}},"_links":{"self":[{"href":"https:\/\/espaicrater.com\/fr\/wp-json\/wp\/v2\/pages\/7410","targetHints":{"allow":["GET"]}}],"collection":[{"href":"https:\/\/espaicrater.com\/fr\/wp-json\/wp\/v2\/pages"}],"about":[{"href":"https:\/\/espaicrater.com\/fr\/wp-json\/wp\/v2\/types\/page"}],"author":[{"embeddable":true,"href":"https:\/\/espaicrater.com\/fr\/wp-json\/wp\/v2\/users\/2"}],"replies":[{"embeddable":true,"href":"https:\/\/espaicrater.com\/fr\/wp-json\/wp\/v2\/comments?post=7410"}],"version-history":[{"count":1,"href":"https:\/\/espaicrater.com\/fr\/wp-json\/wp\/v2\/pages\/7410\/revisions"}],"predecessor-version":[{"id":7416,"href":"https:\/\/espaicrater.com\/fr\/wp-json\/wp\/v2\/pages\/7410\/revisions\/7416"}],"wp:featuredmedia":[{"embeddable":true,"href":"https:\/\/espaicrater.com\/fr\/wp-json\/wp\/v2\/media\/7141"}],"wp:attachment":[{"href":"https:\/\/espaicrater.com\/fr\/wp-json\/wp\/v2\/media?parent=7410"}],"curies":[{"name":"wp","href":"https:\/\/api.w.org\/{rel}","templated":true}]}}