{"id":7435,"date":"2023-11-30T19:20:38","date_gmt":"2023-11-30T18:20:38","guid":{"rendered":"https:\/\/espaicrater.com\/sentim-pequin-en-comu\/"},"modified":"2023-12-04T14:39:17","modified_gmt":"2023-12-04T13:39:17","slug":"sentim-pequin-en-comu","status":"publish","type":"page","link":"https:\/\/espaicrater.com\/fr\/sentim-pequin-en-comu\/","title":{"rendered":"Nous nous sentons Pequ\u00edn en commun"},"content":{"rendered":"\n<p>Il y a autant de Pequ\u00edn que de personnes qui vivent ici. La nature multiculturelle de ce quartier en fait un lieu o\u00f9 diff\u00e9rents endroits sont pr\u00e9sents et dont la m\u00e9moire accompagne toutes les personnes qui y vivent. Comme tout espace urbain, il s&#8217;agit d&#8217;une mosa\u00efque compos\u00e9e d&#8217;exp\u00e9riences, d&#8217;histoires et de personnes qui nous rappellent ce qu&#8217;il a \u00e9t\u00e9, mais aussi ce qu&#8217;il est aujourd&#8217;hui. Ses liens et sa communaut\u00e9 constituent un espace essentiel pour imaginer ce qu&#8217;il sera \u00e0 l&#8217;avenir.<\/p>\n\n\n\n<p><em>Nous nous sentons Pequ\u00edn en commun<\/em> est une proposition d&#8217;Adela V\u00e1zquez, titulaire d&#8217;un master en travail social de l&#8217;UNAM (Mexique), qui consiste \u00e0 parcourir le quartier de Pequ\u00edn pour en conna\u00eetre les lieux essentiels et les personnes qui en font partie.<\/p>\n\n\n\n<figure class=\"wp-block-image size-large\"><img loading=\"lazy\" decoding=\"async\" width=\"2000\" height=\"1336\" src=\"https:\/\/espaicrater.com\/app\/uploads\/2023\/11\/DSC02882-1-2000x1336.jpg\" alt=\"\" class=\"wp-image-7252\" srcset=\"https:\/\/espaicrater.com\/app\/uploads\/2023\/11\/DSC02882-1-2000x1336.jpg 2000w, https:\/\/espaicrater.com\/app\/uploads\/2023\/11\/DSC02882-1-300x200.jpg 300w, https:\/\/espaicrater.com\/app\/uploads\/2023\/11\/DSC02882-1-768x513.jpg 768w, https:\/\/espaicrater.com\/app\/uploads\/2023\/11\/DSC02882-1-1536x1026.jpg 1536w, https:\/\/espaicrater.com\/app\/uploads\/2023\/11\/DSC02882-1-2048x1368.jpg 2048w\" sizes=\"auto, (max-width: 2000px) 100vw, 2000px\" \/><\/figure>\n","protected":false},"excerpt":{"rendered":"<p>Il y a autant de Pequ\u00edn que de personnes qui vivent ici. La nature multiculturelle de ce quartier en fait un lieu o\u00f9 diff\u00e9rents endroits sont pr\u00e9sents et dont la m\u00e9moire accompagne toutes les personnes qui y vivent. Comme tout espace urbain, il s&#8217;agit d&#8217;une mosa\u00efque compos\u00e9e d&#8217;exp\u00e9riences, d&#8217;histoires et de personnes qui nous rappellent &hellip; <a href=\"https:\/\/espaicrater.com\/fr\/sentim-pequin-en-comu\/\">Continued<\/a><\/p>\n","protected":false},"author":2,"featured_media":7250,"parent":0,"menu_order":0,"comment_status":"closed","ping_status":"closed","template":"","meta":{"_acf_changed":false,"footnotes":""},"class_list":["post-7435","page","type-page","status-publish","has-post-thumbnail","hentry"],"acf":[],"yoast_head":"<title>Nous nous sentons Pequ\u00edn en commun - Espai Cr\u00e0ter<\/title>\n<meta name=\"robots\" content=\"index, follow, max-snippet:-1, max-image-preview:large, max-video-preview:-1\" \/>\n<link rel=\"canonical\" href=\"https:\/\/espaicrater.com\/fr\/sentim-pequin-en-comu\/\" \/>\n<meta property=\"og:locale\" content=\"fr_FR\" \/>\n<meta property=\"og:type\" content=\"article\" \/>\n<meta property=\"og:title\" content=\"Nous nous sentons Pequ\u00edn en commun - Espai Cr\u00e0ter\" \/>\n<meta property=\"og:description\" content=\"Il y a autant de Pequ\u00edn que de personnes qui vivent ici. La nature multiculturelle de ce quartier en fait un lieu o\u00f9 diff\u00e9rents endroits sont pr\u00e9sents et dont la m\u00e9moire accompagne toutes les personnes qui y vivent. Comme tout espace urbain, il s&#8217;agit d&#8217;une mosa\u00efque compos\u00e9e d&#8217;exp\u00e9riences, d&#8217;histoires et de personnes qui nous rappellent &hellip; Continued\" \/>\n<meta property=\"og:url\" content=\"https:\/\/espaicrater.com\/fr\/sentim-pequin-en-comu\/\" \/>\n<meta property=\"og:site_name\" content=\"Espai Cr\u00e0ter\" \/>\n<meta property=\"article:modified_time\" content=\"2023-12-04T13:39:17+00:00\" \/>\n<meta property=\"og:image\" content=\"https:\/\/espaicrater.com\/app\/uploads\/2023\/11\/DSC02836-scaled.jpg\" \/>\n\t<meta property=\"og:image:width\" content=\"2560\" \/>\n\t<meta property=\"og:image:height\" content=\"1710\" \/>\n\t<meta property=\"og:image:type\" content=\"image\/jpeg\" \/>\n<meta name=\"twitter:card\" content=\"summary_large_image\" \/>\n<meta name=\"twitter:label1\" content=\"Est. reading time\" \/>\n\t<meta name=\"twitter:data1\" content=\"1 minute\" \/>\n<script type=\"application\/ld+json\" class=\"yoast-schema-graph\">{\"@context\":\"https:\\\/\\\/schema.org\",\"@graph\":[{\"@type\":\"WebPage\",\"@id\":\"https:\\\/\\\/espaicrater.com\\\/fr\\\/sentim-pequin-en-comu\\\/\",\"url\":\"https:\\\/\\\/espaicrater.com\\\/fr\\\/sentim-pequin-en-comu\\\/\",\"name\":\"Nous nous sentons Pequ\u00edn en commun - Espai Cr\u00e0ter\",\"isPartOf\":{\"@id\":\"https:\\\/\\\/espaicrater.com\\\/#website\"},\"primaryImageOfPage\":{\"@id\":\"https:\\\/\\\/espaicrater.com\\\/fr\\\/sentim-pequin-en-comu\\\/#primaryimage\"},\"image\":{\"@id\":\"https:\\\/\\\/espaicrater.com\\\/fr\\\/sentim-pequin-en-comu\\\/#primaryimage\"},\"thumbnailUrl\":\"https:\\\/\\\/espaicrater.com\\\/app\\\/uploads\\\/2023\\\/11\\\/DSC02836-scaled.jpg\",\"datePublished\":\"2023-11-30T18:20:38+00:00\",\"dateModified\":\"2023-12-04T13:39:17+00:00\",\"breadcrumb\":{\"@id\":\"https:\\\/\\\/espaicrater.com\\\/fr\\\/sentim-pequin-en-comu\\\/#breadcrumb\"},\"inLanguage\":\"fr-FR\",\"potentialAction\":[{\"@type\":\"ReadAction\",\"target\":[\"https:\\\/\\\/espaicrater.com\\\/fr\\\/sentim-pequin-en-comu\\\/\"]}]},{\"@type\":\"ImageObject\",\"inLanguage\":\"fr-FR\",\"@id\":\"https:\\\/\\\/espaicrater.com\\\/fr\\\/sentim-pequin-en-comu\\\/#primaryimage\",\"url\":\"https:\\\/\\\/espaicrater.com\\\/app\\\/uploads\\\/2023\\\/11\\\/DSC02836-scaled.jpg\",\"contentUrl\":\"https:\\\/\\\/espaicrater.com\\\/app\\\/uploads\\\/2023\\\/11\\\/DSC02836-scaled.jpg\",\"width\":2560,\"height\":1710},{\"@type\":\"BreadcrumbList\",\"@id\":\"https:\\\/\\\/espaicrater.com\\\/fr\\\/sentim-pequin-en-comu\\\/#breadcrumb\",\"itemListElement\":[{\"@type\":\"ListItem\",\"position\":1,\"name\":\"Home\",\"item\":\"https:\\\/\\\/espaicrater.com\\\/fr\\\/\"},{\"@type\":\"ListItem\",\"position\":2,\"name\":\"Nous nous sentons Pequ\u00edn en commun\"}]},{\"@type\":\"WebSite\",\"@id\":\"https:\\\/\\\/espaicrater.com\\\/#website\",\"url\":\"https:\\\/\\\/espaicrater.com\\\/\",\"name\":\"Espai Cr\u00e0ter\",\"description\":\"Viatge al centre de la vida\",\"publisher\":{\"@id\":\"https:\\\/\\\/espaicrater.com\\\/#organization\"},\"potentialAction\":[{\"@type\":\"SearchAction\",\"target\":{\"@type\":\"EntryPoint\",\"urlTemplate\":\"https:\\\/\\\/espaicrater.com\\\/?s={search_term_string}\"},\"query-input\":{\"@type\":\"PropertyValueSpecification\",\"valueRequired\":true,\"valueName\":\"search_term_string\"}}],\"inLanguage\":\"fr-FR\"},{\"@type\":\"Organization\",\"@id\":\"https:\\\/\\\/espaicrater.com\\\/#organization\",\"name\":\"Espai Cr\u00e0ter\",\"url\":\"https:\\\/\\\/espaicrater.com\\\/\",\"logo\":{\"@type\":\"ImageObject\",\"inLanguage\":\"fr-FR\",\"@id\":\"https:\\\/\\\/espaicrater.com\\\/#\\\/schema\\\/logo\\\/image\\\/\",\"url\":\"https:\\\/\\\/espaicrater.com\\\/app\\\/uploads\\\/2022\\\/02\\\/espai-crater-1.png\",\"contentUrl\":\"https:\\\/\\\/espaicrater.com\\\/app\\\/uploads\\\/2022\\\/02\\\/espai-crater-1.png\",\"width\":801,\"height\":320,\"caption\":\"Espai Cr\u00e0ter\"},\"image\":{\"@id\":\"https:\\\/\\\/espaicrater.com\\\/#\\\/schema\\\/logo\\\/image\\\/\"}}]}<\/script>","yoast_head_json":{"title":"Nous nous sentons Pequ\u00edn en commun - Espai Cr\u00e0ter","robots":{"index":"index","follow":"follow","max-snippet":"max-snippet:-1","max-image-preview":"max-image-preview:large","max-video-preview":"max-video-preview:-1"},"canonical":"https:\/\/espaicrater.com\/fr\/sentim-pequin-en-comu\/","og_locale":"fr_FR","og_type":"article","og_title":"Nous nous sentons Pequ\u00edn en commun - Espai Cr\u00e0ter","og_description":"Il y a autant de Pequ\u00edn que de personnes qui vivent ici. La nature multiculturelle de ce quartier en fait un lieu o\u00f9 diff\u00e9rents endroits sont pr\u00e9sents et dont la m\u00e9moire accompagne toutes les personnes qui y vivent. Comme tout espace urbain, il s&#8217;agit d&#8217;une mosa\u00efque compos\u00e9e d&#8217;exp\u00e9riences, d&#8217;histoires et de personnes qui nous rappellent &hellip; Continued","og_url":"https:\/\/espaicrater.com\/fr\/sentim-pequin-en-comu\/","og_site_name":"Espai Cr\u00e0ter","article_modified_time":"2023-12-04T13:39:17+00:00","og_image":[{"width":2560,"height":1710,"url":"https:\/\/espaicrater.com\/app\/uploads\/2023\/11\/DSC02836-scaled.jpg","type":"image\/jpeg"}],"twitter_card":"summary_large_image","twitter_misc":{"Est. reading time":"1 minute"},"schema":{"@context":"https:\/\/schema.org","@graph":[{"@type":"WebPage","@id":"https:\/\/espaicrater.com\/fr\/sentim-pequin-en-comu\/","url":"https:\/\/espaicrater.com\/fr\/sentim-pequin-en-comu\/","name":"Nous nous sentons Pequ\u00edn en commun - Espai Cr\u00e0ter","isPartOf":{"@id":"https:\/\/espaicrater.com\/#website"},"primaryImageOfPage":{"@id":"https:\/\/espaicrater.com\/fr\/sentim-pequin-en-comu\/#primaryimage"},"image":{"@id":"https:\/\/espaicrater.com\/fr\/sentim-pequin-en-comu\/#primaryimage"},"thumbnailUrl":"https:\/\/espaicrater.com\/app\/uploads\/2023\/11\/DSC02836-scaled.jpg","datePublished":"2023-11-30T18:20:38+00:00","dateModified":"2023-12-04T13:39:17+00:00","breadcrumb":{"@id":"https:\/\/espaicrater.com\/fr\/sentim-pequin-en-comu\/#breadcrumb"},"inLanguage":"fr-FR","potentialAction":[{"@type":"ReadAction","target":["https:\/\/espaicrater.com\/fr\/sentim-pequin-en-comu\/"]}]},{"@type":"ImageObject","inLanguage":"fr-FR","@id":"https:\/\/espaicrater.com\/fr\/sentim-pequin-en-comu\/#primaryimage","url":"https:\/\/espaicrater.com\/app\/uploads\/2023\/11\/DSC02836-scaled.jpg","contentUrl":"https:\/\/espaicrater.com\/app\/uploads\/2023\/11\/DSC02836-scaled.jpg","width":2560,"height":1710},{"@type":"BreadcrumbList","@id":"https:\/\/espaicrater.com\/fr\/sentim-pequin-en-comu\/#breadcrumb","itemListElement":[{"@type":"ListItem","position":1,"name":"Home","item":"https:\/\/espaicrater.com\/fr\/"},{"@type":"ListItem","position":2,"name":"Nous nous sentons Pequ\u00edn en commun"}]},{"@type":"WebSite","@id":"https:\/\/espaicrater.com\/#website","url":"https:\/\/espaicrater.com\/","name":"Espai Cr\u00e0ter","description":"Viatge al centre de la vida","publisher":{"@id":"https:\/\/espaicrater.com\/#organization"},"potentialAction":[{"@type":"SearchAction","target":{"@type":"EntryPoint","urlTemplate":"https:\/\/espaicrater.com\/?s={search_term_string}"},"query-input":{"@type":"PropertyValueSpecification","valueRequired":true,"valueName":"search_term_string"}}],"inLanguage":"fr-FR"},{"@type":"Organization","@id":"https:\/\/espaicrater.com\/#organization","name":"Espai Cr\u00e0ter","url":"https:\/\/espaicrater.com\/","logo":{"@type":"ImageObject","inLanguage":"fr-FR","@id":"https:\/\/espaicrater.com\/#\/schema\/logo\/image\/","url":"https:\/\/espaicrater.com\/app\/uploads\/2022\/02\/espai-crater-1.png","contentUrl":"https:\/\/espaicrater.com\/app\/uploads\/2022\/02\/espai-crater-1.png","width":801,"height":320,"caption":"Espai Cr\u00e0ter"},"image":{"@id":"https:\/\/espaicrater.com\/#\/schema\/logo\/image\/"}}]}},"_links":{"self":[{"href":"https:\/\/espaicrater.com\/fr\/wp-json\/wp\/v2\/pages\/7435","targetHints":{"allow":["GET"]}}],"collection":[{"href":"https:\/\/espaicrater.com\/fr\/wp-json\/wp\/v2\/pages"}],"about":[{"href":"https:\/\/espaicrater.com\/fr\/wp-json\/wp\/v2\/types\/page"}],"author":[{"embeddable":true,"href":"https:\/\/espaicrater.com\/fr\/wp-json\/wp\/v2\/users\/2"}],"replies":[{"embeddable":true,"href":"https:\/\/espaicrater.com\/fr\/wp-json\/wp\/v2\/comments?post=7435"}],"version-history":[{"count":1,"href":"https:\/\/espaicrater.com\/fr\/wp-json\/wp\/v2\/pages\/7435\/revisions"}],"predecessor-version":[{"id":7442,"href":"https:\/\/espaicrater.com\/fr\/wp-json\/wp\/v2\/pages\/7435\/revisions\/7442"}],"wp:featuredmedia":[{"embeddable":true,"href":"https:\/\/espaicrater.com\/fr\/wp-json\/wp\/v2\/media\/7250"}],"wp:attachment":[{"href":"https:\/\/espaicrater.com\/fr\/wp-json\/wp\/v2\/media?parent=7435"}],"curies":[{"name":"wp","href":"https:\/\/api.w.org\/{rel}","templated":true}]}}