{"id":7981,"date":"2024-01-16T14:27:18","date_gmt":"2024-01-16T13:27:18","guid":{"rendered":"https:\/\/espaicrater.com\/?page_id=7981"},"modified":"2024-01-16T17:23:36","modified_gmt":"2024-01-16T16:23:36","slug":"liste-des-laureats-des-appels-precedents","status":"publish","type":"page","link":"https:\/\/espaicrater.com\/fr\/liste-des-laureats-des-appels-precedents\/","title":{"rendered":"Liste des laur\u00e9ats des appels pr\u00e9c\u00e9dents"},"content":{"rendered":"\n<p><strong><strong>Diagnosi i valoraci\u00f3 dels serveis ecosist\u00e8mics d\u2019algunes de les fonts rellevants de la Garrotxa<\/strong><br><\/strong>Mireia Jim\u00e9nez i Llobet (2022)<\/p>\n\n\n\n<p><strong>Biofilms fluvials a l\u2019Alta Garrotxa. Caracteritzaci\u00f3 i seguiment dels biofilms i l\u2019efecte de la pressi\u00f3 antr\u00f2pica als gorgs de l\u2019Alta Garrotxa<\/strong><br>Noem\u00ed Segura Sol\u00e9 (2021)<\/p>\n\n\n\n<p><strong><a href=\"https:\/\/parcsnaturals.gencat.cat\/ca\/detalls\/Article\/2021-BaenaO_migracio_nocturna_aus_GtxA_acustic_BOB2019\">La migraci\u00f3 nocturna d\u2019aus per l\u2019Alta Garrotxa: una aproximaci\u00f3 ac\u00fastica<\/a><\/strong><br>Oriol Baena Crespo (2019)<\/p>\n\n\n\n<p><strong><a href=\"https:\/\/parcsnaturals.gencat.cat\/ca\/detalls\/Article\/2019-FedericoP_Gat_fer_AltaGarrotxa_BOB2018\">El gat fer a l\u2019Alta Garrotxa: distribuci\u00f3, densitat i an\u00e0lisi gen\u00e8tic<\/a><\/strong><br>Pau Federico Arch\u00e9 (2018) <\/p>\n\n\n\n<p><strong><a href=\"https:\/\/parcsnaturals.gencat.cat\/ca\/detalls\/Article\/2020-RocaG_Cartografia_SIG_Gravitacional_Garrotxa\">Cartografia a partir de sistemes d\u2019informaci\u00f3 geogr\u00e0fica (SIG) de la susceptibitat de processos gravitacionals a la Garrotxa (Catalunya)<\/a><\/strong><br>Guillem Roca M\u00e9ndez (2017) <\/p>\n\n\n\n<p><strong>La flora de bri\u00f2fits als boscos de la Garrotxa<\/strong><br>Miquel Jover Benjumea (2016)<\/p>\n\n\n\n<p><strong><a href=\"https:\/\/parcsnaturals.gencat.cat\/ca\/detalls\/Article\/2017-RocaCaroElena-Ecologia_noctuls_BCO\">Ecologia i conservaci\u00f3 del N\u00f2ctul gros (Nyctalus lasiopterus), ratpenat forestal amena\u00e7at, per mitj\u00e0 de seguiment remot <\/a><\/strong><br>Elena Roca Caro (2015)<\/p>\n\n\n\n<p><strong><a href=\"https:\/\/parcsnaturals.gencat.cat\/ca\/detalls\/Article\/2017-CoboBeth_Distribucio_PArion_MSabuleti_BOB\">Distribuci\u00f3 i ecologia de la formiguera gran (Phengaris arion) i la seva relaci\u00f3 amb la formiga Myrmica sabuleti: eines per a la millora de la gesti\u00f3 dels espais oberts a la Garrotxa <\/a><\/strong><br>Elisabeth Cobo Rodr\u00edguez (2014) <\/p>\n\n\n\n<p><strong>Emissions de gasos d\u2019efecte hivernacle a les rescloses del Fluvi\u00e0 al seu pas per la Garrotxa<\/strong><br>Biel Obrador Sala (2013) <\/p>\n\n\n\n<p><strong>Inventari dels macroinvertebrats aqu\u00e0tics de la Garrotxa i consideracions sobre el seu valor com a bioindicadors<\/strong><br>Romero Roig Mart\u00edn (2012) <\/p>\n\n\n\n<p><strong>Obtenci\u00f3 de dades geof\u00edsiques per l\u2019elaboraci\u00f3 d\u2019un model estructural de la zona volc\u00e0nica de la Garrotxa<\/strong><br>Xavier de Bol\u00f3s Granados (2011) <\/p>\n\n\n\n<p><strong><a href=\"https:\/\/parcsnaturals.gencat.cat\/ca\/detalls\/Article\/2010-Llop-diversitat-liquenica-2011-00002\">Aplicaci\u00f3 de la diversitat liqu\u00e8nica com a indicadora de la qualitat ambiental de les fagedes de la Garrotxa<\/a><\/strong><br>Esteve Llop Vallverd\u00fa (2010) <\/p>\n\n\n\n<p><strong><a href=\"https:\/\/parcsnaturals.gencat.cat\/ca\/detalls\/Article\/2009-Salvador-Allue-Caracteritzacio-de-la-comunitat-de-carnivors-de-lAlta-Garrotxa-mitjancant-el-trampeig-fotografic-2010-00001.\">Caracteritzaci\u00f3 de la comunitat de carn\u00edvors de l\u2019Alta Garrotxa mitjan\u00e7ant trampeig fotogr\u00e0fic<\/a><\/strong><br>Salvador Salvador Allu\u00e9 (2009)<\/p>\n\n\n\n<p><strong><a href=\"https:\/\/parcsnaturals.gencat.cat\/ca\/detalls\/Article\/2008-Moreno-La-Radiacio-Gamma-a-la-Zona-Volcanica-de-la-Garrotxa\">La radiaci\u00f3 gamma a la zona volc\u00e0nica de la Garrotxa<\/a><\/strong><br>Vict\u00f2ria Moreno i Balt\u00e0 (2008)<\/p>\n\n\n\n<p><strong>Descripci\u00f3 dels factors geoclim\u00e0tics sobre el medi natural i el paisatge de la Garrotxa. Identificaci\u00f3 dels topoclimes i possibles efectes de l\u2019escalfament global sobre el territori<\/strong><br>Jordi Zapata, Jordi Maz\u00f3n et Marcel Costa (2007) <\/p>\n\n\n\n<p><strong><a href=\"https:\/\/parcsnaturals.gencat.cat\/ca\/detalls\/Article\/2006_Clavero-Peixos-i-la-lludriga-a-la-Garrotxa-poden-esdevenir-una-eina-per-avaluar-la-qualitat-ambiental-00002\">Els peixos i la ll\u00fadriga a la Garrotxa: poden esdevenir una eina per avaluar la qualitat ambiental?<\/a><\/strong><br>M. Clavero, Q. Pou-Rovira et L. Zamora (2006) <\/p>\n\n\n\n<p><strong><a href=\"https:\/\/parcsnaturals.gencat.cat\/ca\/detalls\/Article\/2005-Reconstruccio-de-lambient-deposicional-vulcano-sedimentari-zona-Santa-Pau-00001\">Reconstrucci\u00f3 de l\u2019ambient deposicional vulcanosedimentari de la zona de Santa Pau a partir del llinatge de les f\u00e0cies vulcanocl\u00e0stiques<\/a><\/strong><br>Joan Poch Serra et Ferran Climent i Costa (2005) <\/p>\n\n\n\n<p><strong>La biodiversitat de cole\u00f2pters saprox\u00edlics en rouredes i fagedes humides de la Garrotxa. La seva utilitat com a indicadors de l\u2019estat de conservaci\u00f3 dels boscos i com a eines de gesti\u00f3<\/strong><br>Jordi Artola i Casacuberta (2004)<\/p>\n\n\n\n<p><strong><a href=\"https:\/\/parcsnaturals.gencat.cat\/ca\/detalls\/Article\/2005-Elaboracio-duna-eina-daval-estat-trofic-del-riu-Fluvia-a-la-Garrotxa-00001\">Elaboraci\u00f3 d\u2019una eina d\u2019avaluaci\u00f3 de l\u2019estat tr\u00f2fic de la conca del riu Fluvi\u00e0 a la Garrotxa<\/a><\/strong><br>Alexandra Serra i Gasa et Elisabet Torn\u00e9s i Bes (2003) <\/p>\n\n\n\n<p><strong>Cat\u00e0leg i cartografia de les zones i punts d\u2019inter\u00e8s geol\u00f2gic de la Garrotxa<\/strong><br>Lloren\u00e7 Planagum\u00e0 i Gu\u00e0rdia (2002) <\/p>\n\n\n\n<p><strong><a href=\"https:\/\/parcsnaturals.gencat.cat\/ca\/detalls\/Article\/2001-Ecologia-i-distribucio-dels-dos-fonotips-de-la-rata-pinyada-a-la-Garrotxa\">Ecologia i distribuci\u00f3 de dos fonotips de rata pinyada pipistrel\u00b7la comuna Pipistrellus pipistrellus (Schreber, 1774) i Pipistrellus pygmaeus (Leach, 1825) (Chiroptera) a la Garrotxa<\/a><\/strong><br>Xavier Escut\u00e9 i Gasulla (2001)<\/p>\n\n\n\n<p><strong><a href=\"https:\/\/parcsnaturals.gencat.cat\/ca\/detalls\/Article\/2000-MaciasM_Herptils_Garrotxa\">Els H\u00e8rptils de la Garrotxa<\/a><\/strong><br>Miquel Macias i Arau (2000) <\/p>\n\n\n\n<p><strong><a href=\"https:\/\/parcsnaturals.gencat.cat\/ca\/detalls\/Article\/1999-Perez_Carbo_Vidal_Cataleg_macromicets_PNZVG\">Estudi dels macromicets associats amb fag\u00e0cies i betul\u00e0cies dins les \u00e0rees de substrat d\u2019origen volc\u00e0nic del Parc Natural de la Zona Volc\u00e0nica de la Garrotxa<\/a><\/strong><br>Josep M. Vidal i Frigola, Miquel \u00c0. Perez-De-Gregorio i Capella et Joaquim Carb\u00f3 i Pericay (1999) <\/p>\n\n\n\n<p><strong>Distribuci\u00f3, \u00fas de l\u2019espai i fenologia dels micromam\u00edfers del Parc Natural de la Zona Volc\u00e0nica de la Garrotxa<\/strong><br>Llu\u00eds Comas (1998) <\/p>\n\n\n\n<p><strong>Fruticultura de Muntanya. Biologia i control de plagues i malalties de les plantacions fruiteres de la comarca de la Garrotxa<\/strong><br>\u00d2scar Palou i Teixidor (1997) <\/p>\n\n\n\n<p><strong>Atlas dels invertebrats de la Garrotxa que mereixen atenci\u00f3 especial. Esp\u00e8cies end\u00e8miques, rares o en regressi\u00f3<\/strong><br>Jordi Nebot (1996) <\/p>\n\n\n\n<p><strong>Reproducci\u00f3 i estudi de poblacions del cranc de riu aut\u00f2cton (Austropotamobius pallipes) per la seva recuperaci\u00f3 a la Garrotxa<\/strong><br>Santiago Giraldez et Daniel Garcia (1995)<\/p>\n\n\n\n<p><strong>Contaminaci\u00f3 de les aigues subterr\u00e0nies per l\u2019\u00fas de fertilitzants nitrogenats, a la Vall d\u2019en Bas<\/strong><br>Montse Veh\u00ed et Marta Puiguriguer (1994) <\/p>\n\n\n\n<p><strong>Informatitzaci\u00f3 topogr\u00e0fica del Parc Natural de la Zona Volc\u00e0nica de la Garrotxa (Municipi d\u2019Olot)<\/strong><br>Miquel Campos et Xavier Pons (1992)<\/p>\n\n\n\n<p><strong>Estudi per a la recuperaci\u00f3 del cranc de riu a la Garrotxa<\/strong><br>Joan Montserrat et Antonia Pulido (1991)<\/p>\n\n\n\n<p><strong>Estudi dels himen\u00f2pters pol\u00b7linitzadors nidificants en cavitats preestablertes de la subcomarca d\u2019Olot i la seva possible aplicaci\u00f3 als conreus<\/strong><br>Emili Bassols, Narc\u00eds Vicens et Jordi Bosc (1990) <br><br><strong>Varietats velles dels arbres fruiters a la Garrotxa<\/strong><br>Guillem Arribas (1989)<\/p>\n\n\n\n<p><strong>Cartografia de les unitats de vegetaci\u00f3 i de les formacions vegetals de l\u2019Alta Garrotxa<\/strong><br>Xavier Vi\u00f1as (1988)<br><\/p>\n","protected":false},"excerpt":{"rendered":"<p>Diagnosi i valoraci\u00f3 dels serveis ecosist\u00e8mics d\u2019algunes de les fonts rellevants de la GarrotxaMireia Jim\u00e9nez i Llobet (2022) Biofilms fluvials a l\u2019Alta Garrotxa. Caracteritzaci\u00f3 i seguiment dels biofilms i l\u2019efecte de la pressi\u00f3 antr\u00f2pica als gorgs de l\u2019Alta GarrotxaNoem\u00ed Segura Sol\u00e9 (2021) La migraci\u00f3 nocturna d\u2019aus per l\u2019Alta Garrotxa: una aproximaci\u00f3 ac\u00fasticaOriol Baena Crespo (2019) &hellip; <a href=\"https:\/\/espaicrater.com\/fr\/liste-des-laureats-des-appels-precedents\/\">Continued<\/a><\/p>\n","protected":false},"author":2,"featured_media":7922,"parent":0,"menu_order":0,"comment_status":"closed","ping_status":"closed","template":"","meta":{"_acf_changed":false,"footnotes":""},"class_list":["post-7981","page","type-page","status-publish","has-post-thumbnail","hentry"],"acf":[],"yoast_head":"<title>Liste des laur\u00e9ats des appels pr\u00e9c\u00e9dents - Espai Cr\u00e0ter<\/title>\n<meta name=\"robots\" content=\"index, follow, max-snippet:-1, max-image-preview:large, max-video-preview:-1\" \/>\n<link rel=\"canonical\" href=\"https:\/\/espaicrater.com\/fr\/liste-des-laureats-des-appels-precedents\/\" \/>\n<meta property=\"og:locale\" content=\"fr_FR\" \/>\n<meta property=\"og:type\" content=\"article\" \/>\n<meta property=\"og:title\" content=\"Liste des laur\u00e9ats des appels pr\u00e9c\u00e9dents - Espai Cr\u00e0ter\" \/>\n<meta property=\"og:description\" content=\"Diagnosi i valoraci\u00f3 dels serveis ecosist\u00e8mics d\u2019algunes de les fonts rellevants de la GarrotxaMireia Jim\u00e9nez i Llobet (2022) Biofilms fluvials a l\u2019Alta Garrotxa. Caracteritzaci\u00f3 i seguiment dels biofilms i l\u2019efecte de la pressi\u00f3 antr\u00f2pica als gorgs de l\u2019Alta GarrotxaNoem\u00ed Segura Sol\u00e9 (2021) La migraci\u00f3 nocturna d\u2019aus per l\u2019Alta Garrotxa: una aproximaci\u00f3 ac\u00fasticaOriol Baena Crespo (2019) &hellip; Continued\" \/>\n<meta property=\"og:url\" content=\"https:\/\/espaicrater.com\/fr\/liste-des-laureats-des-appels-precedents\/\" \/>\n<meta property=\"og:site_name\" content=\"Espai Cr\u00e0ter\" \/>\n<meta property=\"article:modified_time\" content=\"2024-01-16T16:23:36+00:00\" \/>\n<meta property=\"og:image\" content=\"https:\/\/espaicrater.com\/app\/uploads\/2024\/01\/Captura-de-pantalla-2024-01-12-a-les-14.35.41.jpg\" \/>\n\t<meta property=\"og:image:width\" content=\"641\" \/>\n\t<meta property=\"og:image:height\" content=\"425\" \/>\n\t<meta property=\"og:image:type\" content=\"image\/jpeg\" \/>\n<meta name=\"twitter:card\" content=\"summary_large_image\" \/>\n<meta name=\"twitter:label1\" content=\"Est. reading time\" \/>\n\t<meta name=\"twitter:data1\" content=\"4 minutes\" \/>\n<script type=\"application\/ld+json\" class=\"yoast-schema-graph\">{\"@context\":\"https:\\\/\\\/schema.org\",\"@graph\":[{\"@type\":\"WebPage\",\"@id\":\"https:\\\/\\\/espaicrater.com\\\/fr\\\/liste-des-laureats-des-appels-precedents\\\/\",\"url\":\"https:\\\/\\\/espaicrater.com\\\/fr\\\/liste-des-laureats-des-appels-precedents\\\/\",\"name\":\"Liste des laur\u00e9ats des appels pr\u00e9c\u00e9dents - Espai Cr\u00e0ter\",\"isPartOf\":{\"@id\":\"https:\\\/\\\/espaicrater.com\\\/#website\"},\"primaryImageOfPage\":{\"@id\":\"https:\\\/\\\/espaicrater.com\\\/fr\\\/liste-des-laureats-des-appels-precedents\\\/#primaryimage\"},\"image\":{\"@id\":\"https:\\\/\\\/espaicrater.com\\\/fr\\\/liste-des-laureats-des-appels-precedents\\\/#primaryimage\"},\"thumbnailUrl\":\"https:\\\/\\\/espaicrater.com\\\/app\\\/uploads\\\/2024\\\/01\\\/Captura-de-pantalla-2024-01-12-a-les-14.35.41.jpg\",\"datePublished\":\"2024-01-16T13:27:18+00:00\",\"dateModified\":\"2024-01-16T16:23:36+00:00\",\"breadcrumb\":{\"@id\":\"https:\\\/\\\/espaicrater.com\\\/fr\\\/liste-des-laureats-des-appels-precedents\\\/#breadcrumb\"},\"inLanguage\":\"fr-FR\",\"potentialAction\":[{\"@type\":\"ReadAction\",\"target\":[\"https:\\\/\\\/espaicrater.com\\\/fr\\\/liste-des-laureats-des-appels-precedents\\\/\"]}]},{\"@type\":\"ImageObject\",\"inLanguage\":\"fr-FR\",\"@id\":\"https:\\\/\\\/espaicrater.com\\\/fr\\\/liste-des-laureats-des-appels-precedents\\\/#primaryimage\",\"url\":\"https:\\\/\\\/espaicrater.com\\\/app\\\/uploads\\\/2024\\\/01\\\/Captura-de-pantalla-2024-01-12-a-les-14.35.41.jpg\",\"contentUrl\":\"https:\\\/\\\/espaicrater.com\\\/app\\\/uploads\\\/2024\\\/01\\\/Captura-de-pantalla-2024-01-12-a-les-14.35.41.jpg\",\"width\":641,\"height\":425},{\"@type\":\"BreadcrumbList\",\"@id\":\"https:\\\/\\\/espaicrater.com\\\/fr\\\/liste-des-laureats-des-appels-precedents\\\/#breadcrumb\",\"itemListElement\":[{\"@type\":\"ListItem\",\"position\":1,\"name\":\"Home\",\"item\":\"https:\\\/\\\/espaicrater.com\\\/fr\\\/\"},{\"@type\":\"ListItem\",\"position\":2,\"name\":\"Liste des laur\u00e9ats des appels pr\u00e9c\u00e9dents\"}]},{\"@type\":\"WebSite\",\"@id\":\"https:\\\/\\\/espaicrater.com\\\/#website\",\"url\":\"https:\\\/\\\/espaicrater.com\\\/\",\"name\":\"Espai Cr\u00e0ter\",\"description\":\"Viatge al centre de la vida\",\"publisher\":{\"@id\":\"https:\\\/\\\/espaicrater.com\\\/#organization\"},\"potentialAction\":[{\"@type\":\"SearchAction\",\"target\":{\"@type\":\"EntryPoint\",\"urlTemplate\":\"https:\\\/\\\/espaicrater.com\\\/?s={search_term_string}\"},\"query-input\":{\"@type\":\"PropertyValueSpecification\",\"valueRequired\":true,\"valueName\":\"search_term_string\"}}],\"inLanguage\":\"fr-FR\"},{\"@type\":\"Organization\",\"@id\":\"https:\\\/\\\/espaicrater.com\\\/#organization\",\"name\":\"Espai Cr\u00e0ter\",\"url\":\"https:\\\/\\\/espaicrater.com\\\/\",\"logo\":{\"@type\":\"ImageObject\",\"inLanguage\":\"fr-FR\",\"@id\":\"https:\\\/\\\/espaicrater.com\\\/#\\\/schema\\\/logo\\\/image\\\/\",\"url\":\"https:\\\/\\\/espaicrater.com\\\/app\\\/uploads\\\/2022\\\/02\\\/espai-crater-1.png\",\"contentUrl\":\"https:\\\/\\\/espaicrater.com\\\/app\\\/uploads\\\/2022\\\/02\\\/espai-crater-1.png\",\"width\":801,\"height\":320,\"caption\":\"Espai Cr\u00e0ter\"},\"image\":{\"@id\":\"https:\\\/\\\/espaicrater.com\\\/#\\\/schema\\\/logo\\\/image\\\/\"}}]}<\/script>","yoast_head_json":{"title":"Liste des laur\u00e9ats des appels pr\u00e9c\u00e9dents - Espai Cr\u00e0ter","robots":{"index":"index","follow":"follow","max-snippet":"max-snippet:-1","max-image-preview":"max-image-preview:large","max-video-preview":"max-video-preview:-1"},"canonical":"https:\/\/espaicrater.com\/fr\/liste-des-laureats-des-appels-precedents\/","og_locale":"fr_FR","og_type":"article","og_title":"Liste des laur\u00e9ats des appels pr\u00e9c\u00e9dents - Espai Cr\u00e0ter","og_description":"Diagnosi i valoraci\u00f3 dels serveis ecosist\u00e8mics d\u2019algunes de les fonts rellevants de la GarrotxaMireia Jim\u00e9nez i Llobet (2022) Biofilms fluvials a l\u2019Alta Garrotxa. Caracteritzaci\u00f3 i seguiment dels biofilms i l\u2019efecte de la pressi\u00f3 antr\u00f2pica als gorgs de l\u2019Alta GarrotxaNoem\u00ed Segura Sol\u00e9 (2021) La migraci\u00f3 nocturna d\u2019aus per l\u2019Alta Garrotxa: una aproximaci\u00f3 ac\u00fasticaOriol Baena Crespo (2019) &hellip; Continued","og_url":"https:\/\/espaicrater.com\/fr\/liste-des-laureats-des-appels-precedents\/","og_site_name":"Espai Cr\u00e0ter","article_modified_time":"2024-01-16T16:23:36+00:00","og_image":[{"width":641,"height":425,"url":"https:\/\/espaicrater.com\/app\/uploads\/2024\/01\/Captura-de-pantalla-2024-01-12-a-les-14.35.41.jpg","type":"image\/jpeg"}],"twitter_card":"summary_large_image","twitter_misc":{"Est. reading time":"4 minutes"},"schema":{"@context":"https:\/\/schema.org","@graph":[{"@type":"WebPage","@id":"https:\/\/espaicrater.com\/fr\/liste-des-laureats-des-appels-precedents\/","url":"https:\/\/espaicrater.com\/fr\/liste-des-laureats-des-appels-precedents\/","name":"Liste des laur\u00e9ats des appels pr\u00e9c\u00e9dents - Espai Cr\u00e0ter","isPartOf":{"@id":"https:\/\/espaicrater.com\/#website"},"primaryImageOfPage":{"@id":"https:\/\/espaicrater.com\/fr\/liste-des-laureats-des-appels-precedents\/#primaryimage"},"image":{"@id":"https:\/\/espaicrater.com\/fr\/liste-des-laureats-des-appels-precedents\/#primaryimage"},"thumbnailUrl":"https:\/\/espaicrater.com\/app\/uploads\/2024\/01\/Captura-de-pantalla-2024-01-12-a-les-14.35.41.jpg","datePublished":"2024-01-16T13:27:18+00:00","dateModified":"2024-01-16T16:23:36+00:00","breadcrumb":{"@id":"https:\/\/espaicrater.com\/fr\/liste-des-laureats-des-appels-precedents\/#breadcrumb"},"inLanguage":"fr-FR","potentialAction":[{"@type":"ReadAction","target":["https:\/\/espaicrater.com\/fr\/liste-des-laureats-des-appels-precedents\/"]}]},{"@type":"ImageObject","inLanguage":"fr-FR","@id":"https:\/\/espaicrater.com\/fr\/liste-des-laureats-des-appels-precedents\/#primaryimage","url":"https:\/\/espaicrater.com\/app\/uploads\/2024\/01\/Captura-de-pantalla-2024-01-12-a-les-14.35.41.jpg","contentUrl":"https:\/\/espaicrater.com\/app\/uploads\/2024\/01\/Captura-de-pantalla-2024-01-12-a-les-14.35.41.jpg","width":641,"height":425},{"@type":"BreadcrumbList","@id":"https:\/\/espaicrater.com\/fr\/liste-des-laureats-des-appels-precedents\/#breadcrumb","itemListElement":[{"@type":"ListItem","position":1,"name":"Home","item":"https:\/\/espaicrater.com\/fr\/"},{"@type":"ListItem","position":2,"name":"Liste des laur\u00e9ats des appels pr\u00e9c\u00e9dents"}]},{"@type":"WebSite","@id":"https:\/\/espaicrater.com\/#website","url":"https:\/\/espaicrater.com\/","name":"Espai Cr\u00e0ter","description":"Viatge al centre de la vida","publisher":{"@id":"https:\/\/espaicrater.com\/#organization"},"potentialAction":[{"@type":"SearchAction","target":{"@type":"EntryPoint","urlTemplate":"https:\/\/espaicrater.com\/?s={search_term_string}"},"query-input":{"@type":"PropertyValueSpecification","valueRequired":true,"valueName":"search_term_string"}}],"inLanguage":"fr-FR"},{"@type":"Organization","@id":"https:\/\/espaicrater.com\/#organization","name":"Espai Cr\u00e0ter","url":"https:\/\/espaicrater.com\/","logo":{"@type":"ImageObject","inLanguage":"fr-FR","@id":"https:\/\/espaicrater.com\/#\/schema\/logo\/image\/","url":"https:\/\/espaicrater.com\/app\/uploads\/2022\/02\/espai-crater-1.png","contentUrl":"https:\/\/espaicrater.com\/app\/uploads\/2022\/02\/espai-crater-1.png","width":801,"height":320,"caption":"Espai Cr\u00e0ter"},"image":{"@id":"https:\/\/espaicrater.com\/#\/schema\/logo\/image\/"}}]}},"_links":{"self":[{"href":"https:\/\/espaicrater.com\/fr\/wp-json\/wp\/v2\/pages\/7981","targetHints":{"allow":["GET"]}}],"collection":[{"href":"https:\/\/espaicrater.com\/fr\/wp-json\/wp\/v2\/pages"}],"about":[{"href":"https:\/\/espaicrater.com\/fr\/wp-json\/wp\/v2\/types\/page"}],"author":[{"embeddable":true,"href":"https:\/\/espaicrater.com\/fr\/wp-json\/wp\/v2\/users\/2"}],"replies":[{"embeddable":true,"href":"https:\/\/espaicrater.com\/fr\/wp-json\/wp\/v2\/comments?post=7981"}],"version-history":[{"count":1,"href":"https:\/\/espaicrater.com\/fr\/wp-json\/wp\/v2\/pages\/7981\/revisions"}],"predecessor-version":[{"id":7982,"href":"https:\/\/espaicrater.com\/fr\/wp-json\/wp\/v2\/pages\/7981\/revisions\/7982"}],"wp:featuredmedia":[{"embeddable":true,"href":"https:\/\/espaicrater.com\/fr\/wp-json\/wp\/v2\/media\/7922"}],"wp:attachment":[{"href":"https:\/\/espaicrater.com\/fr\/wp-json\/wp\/v2\/media?parent=7981"}],"curies":[{"name":"wp","href":"https:\/\/api.w.org\/{rel}","templated":true}]}}