{"id":8087,"date":"2024-01-24T12:51:32","date_gmt":"2024-01-24T11:51:32","guid":{"rendered":"https:\/\/espaicrater.com\/?page_id=8087"},"modified":"2024-02-02T14:14:04","modified_gmt":"2024-02-02T13:14:04","slug":"charte-europeenne-du-tourisme-durable","status":"publish","type":"page","link":"https:\/\/espaicrater.com\/fr\/explorer\/initiative\/charte-europeenne-du-tourisme-durable\/","title":{"rendered":"Charte Europ\u00e9enne du Tourisme Durable"},"content":{"rendered":"","protected":false},"excerpt":{"rendered":"","protected":false},"author":2,"featured_media":8079,"parent":1712,"menu_order":0,"comment_status":"closed","ping_status":"closed","template":"flexible.blade.php","meta":{"_acf_changed":false,"footnotes":""},"class_list":["post-8087","page","type-page","status-publish","has-post-thumbnail","hentry"],"acf":[],"yoast_head":"<title>Charte Europ\u00e9enne du Tourisme Durable - Espai Cr\u00e0ter<\/title>\n<meta name=\"description\" content=\"Espai Cr\u00e0ter participe au CETS, un outil de gestion territoriale bas\u00e9 sur la durabilit\u00e9, une initiative promue par le PNZVG et Tourism Garrotxa\" \/>\n<meta name=\"robots\" content=\"index, follow, max-snippet:-1, max-image-preview:large, max-video-preview:-1\" \/>\n<link rel=\"canonical\" href=\"https:\/\/espaicrater.com\/fr\/explorer\/initiative\/charte-europeenne-du-tourisme-durable\/\" \/>\n<meta property=\"og:locale\" content=\"fr_FR\" \/>\n<meta property=\"og:type\" content=\"article\" \/>\n<meta property=\"og:title\" content=\"Charte Europ\u00e9enne du Tourisme Durable - Espai Cr\u00e0ter\" \/>\n<meta property=\"og:description\" content=\"Espai Cr\u00e0ter participe au CETS, un outil de gestion territoriale bas\u00e9 sur la durabilit\u00e9, une initiative promue par le PNZVG et Tourism Garrotxa\" \/>\n<meta property=\"og:url\" content=\"https:\/\/espaicrater.com\/fr\/explorer\/initiative\/charte-europeenne-du-tourisme-durable\/\" \/>\n<meta property=\"og:site_name\" content=\"Espai Cr\u00e0ter\" \/>\n<meta property=\"article:modified_time\" content=\"2024-02-02T13:14:04+00:00\" \/>\n<meta property=\"og:image\" content=\"https:\/\/espaicrater.com\/app\/uploads\/2024\/01\/35_20160907_Volca_del_Croscat_Olot_StaPau_MasdeuEJPG.jpg\" \/>\n\t<meta property=\"og:image:width\" content=\"1000\" \/>\n\t<meta property=\"og:image:height\" content=\"667\" \/>\n\t<meta property=\"og:image:type\" content=\"image\/jpeg\" \/>\n<meta name=\"twitter:card\" content=\"summary_large_image\" \/>\n<script type=\"application\/ld+json\" class=\"yoast-schema-graph\">{\"@context\":\"https:\/\/schema.org\",\"@graph\":[{\"@type\":\"WebPage\",\"@id\":\"https:\/\/espaicrater.com\/fr\/explorer\/initiative\/charte-europeenne-du-tourisme-durable\/\",\"url\":\"https:\/\/espaicrater.com\/fr\/explorer\/initiative\/charte-europeenne-du-tourisme-durable\/\",\"name\":\"Charte Europ\u00e9enne du Tourisme Durable - Espai Cr\u00e0ter\",\"isPartOf\":{\"@id\":\"https:\/\/espaicrater.com\/#website\"},\"primaryImageOfPage\":{\"@id\":\"https:\/\/espaicrater.com\/fr\/explorer\/initiative\/charte-europeenne-du-tourisme-durable\/#primaryimage\"},\"image\":{\"@id\":\"https:\/\/espaicrater.com\/fr\/explorer\/initiative\/charte-europeenne-du-tourisme-durable\/#primaryimage\"},\"thumbnailUrl\":\"https:\/\/espaicrater.com\/app\/uploads\/2024\/01\/35_20160907_Volca_del_Croscat_Olot_StaPau_MasdeuEJPG.jpg\",\"datePublished\":\"2024-01-24T11:51:32+00:00\",\"dateModified\":\"2024-02-02T13:14:04+00:00\",\"description\":\"Espai Cr\u00e0ter participe au CETS, un outil de gestion territoriale bas\u00e9 sur la durabilit\u00e9, une initiative promue par le PNZVG et Tourism Garrotxa\",\"breadcrumb\":{\"@id\":\"https:\/\/espaicrater.com\/fr\/explorer\/initiative\/charte-europeenne-du-tourisme-durable\/#breadcrumb\"},\"inLanguage\":\"fr-FR\",\"potentialAction\":[{\"@type\":\"ReadAction\",\"target\":[\"https:\/\/espaicrater.com\/fr\/explorer\/initiative\/charte-europeenne-du-tourisme-durable\/\"]}]},{\"@type\":\"ImageObject\",\"inLanguage\":\"fr-FR\",\"@id\":\"https:\/\/espaicrater.com\/fr\/explorer\/initiative\/charte-europeenne-du-tourisme-durable\/#primaryimage\",\"url\":\"https:\/\/espaicrater.com\/app\/uploads\/2024\/01\/35_20160907_Volca_del_Croscat_Olot_StaPau_MasdeuEJPG.jpg\",\"contentUrl\":\"https:\/\/espaicrater.com\/app\/uploads\/2024\/01\/35_20160907_Volca_del_Croscat_Olot_StaPau_MasdeuEJPG.jpg\",\"width\":1000,\"height\":667},{\"@type\":\"BreadcrumbList\",\"@id\":\"https:\/\/espaicrater.com\/fr\/explorer\/initiative\/charte-europeenne-du-tourisme-durable\/#breadcrumb\",\"itemListElement\":[{\"@type\":\"ListItem\",\"position\":1,\"name\":\"Home\",\"item\":\"https:\/\/espaicrater.com\/fr\/\"},{\"@type\":\"ListItem\",\"position\":2,\"name\":\"Explorer\",\"item\":\"https:\/\/espaicrater.com\/fr\/explorer\/\"},{\"@type\":\"ListItem\",\"position\":3,\"name\":\"Initiative\",\"item\":\"https:\/\/espaicrater.com\/fr\/explorer\/initiative\/\"},{\"@type\":\"ListItem\",\"position\":4,\"name\":\"Charte Europ\u00e9enne du Tourisme Durable\"}]},{\"@type\":\"WebSite\",\"@id\":\"https:\/\/espaicrater.com\/#website\",\"url\":\"https:\/\/espaicrater.com\/\",\"name\":\"Espai Cr\u00e0ter\",\"description\":\"Viatge al centre de la vida\",\"publisher\":{\"@id\":\"https:\/\/espaicrater.com\/#organization\"},\"potentialAction\":[{\"@type\":\"SearchAction\",\"target\":{\"@type\":\"EntryPoint\",\"urlTemplate\":\"https:\/\/espaicrater.com\/?s={search_term_string}\"},\"query-input\":{\"@type\":\"PropertyValueSpecification\",\"valueRequired\":true,\"valueName\":\"search_term_string\"}}],\"inLanguage\":\"fr-FR\"},{\"@type\":\"Organization\",\"@id\":\"https:\/\/espaicrater.com\/#organization\",\"name\":\"Espai Cr\u00e0ter\",\"url\":\"https:\/\/espaicrater.com\/\",\"logo\":{\"@type\":\"ImageObject\",\"inLanguage\":\"fr-FR\",\"@id\":\"https:\/\/espaicrater.com\/#\/schema\/logo\/image\/\",\"url\":\"https:\/\/espaicrater.com\/app\/uploads\/2022\/02\/espai-crater-1.png\",\"contentUrl\":\"https:\/\/espaicrater.com\/app\/uploads\/2022\/02\/espai-crater-1.png\",\"width\":801,\"height\":320,\"caption\":\"Espai Cr\u00e0ter\"},\"image\":{\"@id\":\"https:\/\/espaicrater.com\/#\/schema\/logo\/image\/\"}}]}<\/script>","yoast_head_json":{"title":"Charte Europ\u00e9enne du Tourisme Durable - Espai Cr\u00e0ter","description":"Espai Cr\u00e0ter participe au CETS, un outil de gestion territoriale bas\u00e9 sur la durabilit\u00e9, une initiative promue par le PNZVG et Tourism Garrotxa","robots":{"index":"index","follow":"follow","max-snippet":"max-snippet:-1","max-image-preview":"max-image-preview:large","max-video-preview":"max-video-preview:-1"},"canonical":"https:\/\/espaicrater.com\/fr\/explorer\/initiative\/charte-europeenne-du-tourisme-durable\/","og_locale":"fr_FR","og_type":"article","og_title":"Charte Europ\u00e9enne du Tourisme Durable - Espai Cr\u00e0ter","og_description":"Espai Cr\u00e0ter participe au CETS, un outil de gestion territoriale bas\u00e9 sur la durabilit\u00e9, une initiative promue par le PNZVG et Tourism Garrotxa","og_url":"https:\/\/espaicrater.com\/fr\/explorer\/initiative\/charte-europeenne-du-tourisme-durable\/","og_site_name":"Espai Cr\u00e0ter","article_modified_time":"2024-02-02T13:14:04+00:00","og_image":[{"width":1000,"height":667,"url":"https:\/\/espaicrater.com\/app\/uploads\/2024\/01\/35_20160907_Volca_del_Croscat_Olot_StaPau_MasdeuEJPG.jpg","type":"image\/jpeg"}],"twitter_card":"summary_large_image","schema":{"@context":"https:\/\/schema.org","@graph":[{"@type":"WebPage","@id":"https:\/\/espaicrater.com\/fr\/explorer\/initiative\/charte-europeenne-du-tourisme-durable\/","url":"https:\/\/espaicrater.com\/fr\/explorer\/initiative\/charte-europeenne-du-tourisme-durable\/","name":"Charte Europ\u00e9enne du Tourisme Durable - Espai Cr\u00e0ter","isPartOf":{"@id":"https:\/\/espaicrater.com\/#website"},"primaryImageOfPage":{"@id":"https:\/\/espaicrater.com\/fr\/explorer\/initiative\/charte-europeenne-du-tourisme-durable\/#primaryimage"},"image":{"@id":"https:\/\/espaicrater.com\/fr\/explorer\/initiative\/charte-europeenne-du-tourisme-durable\/#primaryimage"},"thumbnailUrl":"https:\/\/espaicrater.com\/app\/uploads\/2024\/01\/35_20160907_Volca_del_Croscat_Olot_StaPau_MasdeuEJPG.jpg","datePublished":"2024-01-24T11:51:32+00:00","dateModified":"2024-02-02T13:14:04+00:00","description":"Espai Cr\u00e0ter participe au CETS, un outil de gestion territoriale bas\u00e9 sur la durabilit\u00e9, une initiative promue par le PNZVG et Tourism Garrotxa","breadcrumb":{"@id":"https:\/\/espaicrater.com\/fr\/explorer\/initiative\/charte-europeenne-du-tourisme-durable\/#breadcrumb"},"inLanguage":"fr-FR","potentialAction":[{"@type":"ReadAction","target":["https:\/\/espaicrater.com\/fr\/explorer\/initiative\/charte-europeenne-du-tourisme-durable\/"]}]},{"@type":"ImageObject","inLanguage":"fr-FR","@id":"https:\/\/espaicrater.com\/fr\/explorer\/initiative\/charte-europeenne-du-tourisme-durable\/#primaryimage","url":"https:\/\/espaicrater.com\/app\/uploads\/2024\/01\/35_20160907_Volca_del_Croscat_Olot_StaPau_MasdeuEJPG.jpg","contentUrl":"https:\/\/espaicrater.com\/app\/uploads\/2024\/01\/35_20160907_Volca_del_Croscat_Olot_StaPau_MasdeuEJPG.jpg","width":1000,"height":667},{"@type":"BreadcrumbList","@id":"https:\/\/espaicrater.com\/fr\/explorer\/initiative\/charte-europeenne-du-tourisme-durable\/#breadcrumb","itemListElement":[{"@type":"ListItem","position":1,"name":"Home","item":"https:\/\/espaicrater.com\/fr\/"},{"@type":"ListItem","position":2,"name":"Explorer","item":"https:\/\/espaicrater.com\/fr\/explorer\/"},{"@type":"ListItem","position":3,"name":"Initiative","item":"https:\/\/espaicrater.com\/fr\/explorer\/initiative\/"},{"@type":"ListItem","position":4,"name":"Charte Europ\u00e9enne du Tourisme Durable"}]},{"@type":"WebSite","@id":"https:\/\/espaicrater.com\/#website","url":"https:\/\/espaicrater.com\/","name":"Espai Cr\u00e0ter","description":"Viatge al centre de la vida","publisher":{"@id":"https:\/\/espaicrater.com\/#organization"},"potentialAction":[{"@type":"SearchAction","target":{"@type":"EntryPoint","urlTemplate":"https:\/\/espaicrater.com\/?s={search_term_string}"},"query-input":{"@type":"PropertyValueSpecification","valueRequired":true,"valueName":"search_term_string"}}],"inLanguage":"fr-FR"},{"@type":"Organization","@id":"https:\/\/espaicrater.com\/#organization","name":"Espai Cr\u00e0ter","url":"https:\/\/espaicrater.com\/","logo":{"@type":"ImageObject","inLanguage":"fr-FR","@id":"https:\/\/espaicrater.com\/#\/schema\/logo\/image\/","url":"https:\/\/espaicrater.com\/app\/uploads\/2022\/02\/espai-crater-1.png","contentUrl":"https:\/\/espaicrater.com\/app\/uploads\/2022\/02\/espai-crater-1.png","width":801,"height":320,"caption":"Espai Cr\u00e0ter"},"image":{"@id":"https:\/\/espaicrater.com\/#\/schema\/logo\/image\/"}}]}},"_links":{"self":[{"href":"https:\/\/espaicrater.com\/fr\/wp-json\/wp\/v2\/pages\/8087","targetHints":{"allow":["GET"]}}],"collection":[{"href":"https:\/\/espaicrater.com\/fr\/wp-json\/wp\/v2\/pages"}],"about":[{"href":"https:\/\/espaicrater.com\/fr\/wp-json\/wp\/v2\/types\/page"}],"author":[{"embeddable":true,"href":"https:\/\/espaicrater.com\/fr\/wp-json\/wp\/v2\/users\/2"}],"replies":[{"embeddable":true,"href":"https:\/\/espaicrater.com\/fr\/wp-json\/wp\/v2\/comments?post=8087"}],"version-history":[{"count":3,"href":"https:\/\/espaicrater.com\/fr\/wp-json\/wp\/v2\/pages\/8087\/revisions"}],"predecessor-version":[{"id":8130,"href":"https:\/\/espaicrater.com\/fr\/wp-json\/wp\/v2\/pages\/8087\/revisions\/8130"}],"up":[{"embeddable":true,"href":"https:\/\/espaicrater.com\/fr\/wp-json\/wp\/v2\/pages\/1712"}],"wp:featuredmedia":[{"embeddable":true,"href":"https:\/\/espaicrater.com\/fr\/wp-json\/wp\/v2\/media\/8079"}],"wp:attachment":[{"href":"https:\/\/espaicrater.com\/fr\/wp-json\/wp\/v2\/media?parent=8087"}],"curies":[{"name":"wp","href":"https:\/\/api.w.org\/{rel}","templated":true}]}}