{"id":8985,"date":"2023-12-20T11:27:33","date_gmt":"2023-12-20T10:27:33","guid":{"rendered":"https:\/\/espaicrater.com\/punt-de-documentacio-del-pn-garrotxa\/"},"modified":"2024-05-29T11:08:39","modified_gmt":"2024-05-29T09:08:39","slug":"punt-de-documentacio-del-pn-garrotxa","status":"publish","type":"page","link":"https:\/\/espaicrater.com\/fr\/punt-de-documentacio-del-pn-garrotxa\/","title":{"rendered":"Point de documentation du PN Garrotxa"},"content":{"rendered":"\n<p>L&#8217;Espai Cr\u00e0ter est un Point de Documentation du <a href=\"https:\/\/parcsnaturals.gencat.cat\/ca\/xarxa-de-parcs\/garrotxa\/inici\/index.html\">Parc Naturel de la Zone Volcanique de la Garrotxa<\/a>, fruit d&#8217;une collaboration entre institutions qui existe depuis des ann\u00e9es et qui a \u00e9t\u00e9 formalis\u00e9e en 2022 avec la signature de l&#8217;accord entre la <a href=\"https:\/\/www.olot.cat\/\">Mairie d&#8217;Olot<\/a> et le <a href=\"https:\/\/agricultura.gencat.cat\/ca\/inici\">D\u00e9partement de l&#8217;Action Climatique, de l&#8217;Alimentation et de l&#8217;Agenda Rural<\/a>.<\/p>\n\n\n\n<p>Le point de documentation de l&#8217;Espai Cr\u00e0ter dispose de quelque 500 documents de recherche, livres, articles, revues, brochures et jeux, qui sont renouvel\u00e9s chaque mois et traitent des sujets suivants : paysage, faune et flore, agriculture et \u00e9levage, zones prot\u00e9g\u00e9es, gestion du territoire, hydrologie, sols, \u00e9ducation \u00e0 l&#8217;environnement, tourisme durable, impact environnemental, architecture durable, changement climatique, patrimoine, entre autres.<\/p>\n\n\n\n<p>Situ\u00e9 au premier \u00e9tage du b\u00e2timent (zone sismique), le point de documentation du PN Garrotxa dans l&#8217;Espai Cr\u00e0ter dispose d&#8217;un espace am\u00e9nag\u00e9 pour une meilleure consultation. Vous pouvez consulter les horaires d&#8217;ouverture du centre <a href=\"https:\/\/espaicrater.com\/fr\/visiter\/\">ici<\/a>.<\/p>\n\n\n\n<figure class=\"wp-block-image size-large\"><img loading=\"lazy\" decoding=\"async\" width=\"2000\" height=\"1333\" src=\"https:\/\/espaicrater.com\/app\/uploads\/2023\/12\/Centre-documentacio-EC-1-2000x1333.jpg\" alt=\"Imatge del punt de documentaci\u00f3\" class=\"wp-image-7629\" srcset=\"https:\/\/espaicrater.com\/app\/uploads\/2023\/12\/Centre-documentacio-EC-1-2000x1333.jpg 2000w, https:\/\/espaicrater.com\/app\/uploads\/2023\/12\/Centre-documentacio-EC-1-300x200.jpg 300w, https:\/\/espaicrater.com\/app\/uploads\/2023\/12\/Centre-documentacio-EC-1-768x512.jpg 768w, https:\/\/espaicrater.com\/app\/uploads\/2023\/12\/Centre-documentacio-EC-1-1536x1024.jpg 1536w, https:\/\/espaicrater.com\/app\/uploads\/2023\/12\/Centre-documentacio-EC-1-2048x1365.jpg 2048w\" sizes=\"auto, (max-width: 2000px) 100vw, 2000px\" \/><\/figure>\n\n\n\n<p><strong>Fonctionnement <\/strong><\/p>\n\n\n\n<p>Le Centre de Documentation du Parc Naturel s&#8217;occupe des consultations au Point de Documentation de l&#8217;Espai Cr\u00e0ter, et propose diff\u00e9rents types de consultations personnalis\u00e9es, qui peuvent \u00eatre effectu\u00e9es par courrier \u00e9lectronique ou sur place \u00e0 l&#8217;Espai Cr\u00e0ter. Dans ce dernier cas, une r\u00e9servation pr\u00e9alable est toujours n\u00e9cessaire en appelant le 972 26 46 66 ou en envoyant un courriel \u00e0 <a href=\"mailto:wgrabolo@gencat.cat\">wgrabolo@gencat.cat<\/a>.<\/p>\n\n\n\n<p>Les consultations propos\u00e9es sont les suivantes :<\/p>\n\n\n\n<ul class=\"wp-block-list\">\n<li>Pr\u00eat de nombreux documents th\u00e9matiques pour les techniciens ou les enseignants (Remplir <a href=\"https:\/\/forms.gle\/YjsVbRHySqo1VY7g7\">ce formulaire<\/a>).<\/li>\n<\/ul>\n\n\n\n<ul class=\"wp-block-list\">\n<li>Soutien \u00e0 la recherche pour les \u00e9tudiants<\/li>\n<\/ul>\n\n\n\n<ul class=\"wp-block-list\">\n<li>Don de publications pour les entreprises, les \u00e9coles ou les entit\u00e9s respectueuses de l&#8217;environnement.<\/li>\n<\/ul>\n\n\n\n<ul class=\"wp-block-list\">\n<li>Informations de base pour les touristes et le public familial qui souhaitent un niveau d&#8217;information plus \u00e9lev\u00e9 que celui disponible dans les centres d&#8217;information.<\/li>\n<\/ul>\n\n\n\n<p>Pour plus d&#8217;informations sur les objectifs et les fonctions du centre de documentation du parc, cliquez <a href=\"http:\/\/parcsnaturals.gencat.cat\/cdgarrotxa\">ici<\/a>.<\/p>\n","protected":false},"excerpt":{"rendered":"<p>L&#8217;Espai Cr\u00e0ter est un Point de Documentation du Parc Naturel de la Zone Volcanique de la Garrotxa, fruit d&#8217;une collaboration entre institutions qui existe depuis des ann\u00e9es et qui a \u00e9t\u00e9 formalis\u00e9e en 2022 avec la signature de l&#8217;accord entre la Mairie d&#8217;Olot et le D\u00e9partement de l&#8217;Action Climatique, de l&#8217;Alimentation et de l&#8217;Agenda Rural. &hellip; <a href=\"https:\/\/espaicrater.com\/fr\/punt-de-documentacio-del-pn-garrotxa\/\">Continued<\/a><\/p>\n","protected":false},"author":2,"featured_media":7631,"parent":0,"menu_order":0,"comment_status":"closed","ping_status":"closed","template":"","meta":{"_acf_changed":false,"footnotes":""},"class_list":["post-8985","page","type-page","status-publish","has-post-thumbnail","hentry"],"acf":[],"yoast_head":"<title>Point de documentation du PN Garrotxa - Espai Cr\u00e0ter<\/title>\n<meta name=\"description\" content=\"L&#039;Espai Cr\u00e0ter est un Point de Documentation du Parc Naturel de la Zone Volcanique de la Garrotxa, fruit de la collaboration entre le...\" \/>\n<meta name=\"robots\" content=\"index, follow, max-snippet:-1, max-image-preview:large, max-video-preview:-1\" \/>\n<link rel=\"canonical\" href=\"https:\/\/espaicrater.com\/fr\/punt-de-documentacio-del-pn-garrotxa\/\" \/>\n<meta property=\"og:locale\" content=\"fr_FR\" \/>\n<meta property=\"og:type\" content=\"article\" \/>\n<meta property=\"og:title\" content=\"Point de documentation du PN Garrotxa - Espai Cr\u00e0ter\" \/>\n<meta property=\"og:description\" content=\"L&#039;Espai Cr\u00e0ter est un Point de Documentation du Parc Naturel de la Zone Volcanique de la Garrotxa, fruit de la collaboration entre le...\" \/>\n<meta property=\"og:url\" content=\"https:\/\/espaicrater.com\/fr\/punt-de-documentacio-del-pn-garrotxa\/\" \/>\n<meta property=\"og:site_name\" content=\"Espai Cr\u00e0ter\" \/>\n<meta property=\"article:modified_time\" content=\"2024-05-29T09:08:39+00:00\" \/>\n<meta property=\"og:image\" content=\"https:\/\/espaicrater.com\/app\/uploads\/2023\/12\/Centre-documentacio-EC-1-scaled.jpg\" \/>\n\t<meta property=\"og:image:width\" content=\"2560\" \/>\n\t<meta property=\"og:image:height\" content=\"1707\" \/>\n\t<meta property=\"og:image:type\" content=\"image\/jpeg\" \/>\n<meta name=\"twitter:card\" content=\"summary_large_image\" \/>\n<meta name=\"twitter:label1\" content=\"Est. reading time\" \/>\n\t<meta name=\"twitter:data1\" content=\"2 minutes\" \/>\n<script type=\"application\/ld+json\" class=\"yoast-schema-graph\">{\"@context\":\"https:\\\/\\\/schema.org\",\"@graph\":[{\"@type\":\"WebPage\",\"@id\":\"https:\\\/\\\/espaicrater.com\\\/fr\\\/punt-de-documentacio-del-pn-garrotxa\\\/\",\"url\":\"https:\\\/\\\/espaicrater.com\\\/fr\\\/punt-de-documentacio-del-pn-garrotxa\\\/\",\"name\":\"Point de documentation du PN Garrotxa - Espai Cr\u00e0ter\",\"isPartOf\":{\"@id\":\"https:\\\/\\\/espaicrater.com\\\/#website\"},\"primaryImageOfPage\":{\"@id\":\"https:\\\/\\\/espaicrater.com\\\/fr\\\/punt-de-documentacio-del-pn-garrotxa\\\/#primaryimage\"},\"image\":{\"@id\":\"https:\\\/\\\/espaicrater.com\\\/fr\\\/punt-de-documentacio-del-pn-garrotxa\\\/#primaryimage\"},\"thumbnailUrl\":\"https:\\\/\\\/espaicrater.com\\\/app\\\/uploads\\\/2023\\\/12\\\/Centre-documentacio-EC-1-scaled.jpg\",\"datePublished\":\"2023-12-20T10:27:33+00:00\",\"dateModified\":\"2024-05-29T09:08:39+00:00\",\"description\":\"L'Espai Cr\u00e0ter est un Point de Documentation du Parc Naturel de la Zone Volcanique de la Garrotxa, fruit de la collaboration entre le...\",\"breadcrumb\":{\"@id\":\"https:\\\/\\\/espaicrater.com\\\/fr\\\/punt-de-documentacio-del-pn-garrotxa\\\/#breadcrumb\"},\"inLanguage\":\"fr-FR\",\"potentialAction\":[{\"@type\":\"ReadAction\",\"target\":[\"https:\\\/\\\/espaicrater.com\\\/fr\\\/punt-de-documentacio-del-pn-garrotxa\\\/\"]}]},{\"@type\":\"ImageObject\",\"inLanguage\":\"fr-FR\",\"@id\":\"https:\\\/\\\/espaicrater.com\\\/fr\\\/punt-de-documentacio-del-pn-garrotxa\\\/#primaryimage\",\"url\":\"https:\\\/\\\/espaicrater.com\\\/app\\\/uploads\\\/2023\\\/12\\\/Centre-documentacio-EC-1-scaled.jpg\",\"contentUrl\":\"https:\\\/\\\/espaicrater.com\\\/app\\\/uploads\\\/2023\\\/12\\\/Centre-documentacio-EC-1-scaled.jpg\",\"width\":2560,\"height\":1707,\"caption\":\"Imatge del punt de documentaci\u00f3\"},{\"@type\":\"BreadcrumbList\",\"@id\":\"https:\\\/\\\/espaicrater.com\\\/fr\\\/punt-de-documentacio-del-pn-garrotxa\\\/#breadcrumb\",\"itemListElement\":[{\"@type\":\"ListItem\",\"position\":1,\"name\":\"Home\",\"item\":\"https:\\\/\\\/espaicrater.com\\\/fr\\\/\"},{\"@type\":\"ListItem\",\"position\":2,\"name\":\"Point de documentation du PN Garrotxa\"}]},{\"@type\":\"WebSite\",\"@id\":\"https:\\\/\\\/espaicrater.com\\\/#website\",\"url\":\"https:\\\/\\\/espaicrater.com\\\/\",\"name\":\"Espai Cr\u00e0ter\",\"description\":\"Viatge al centre de la vida\",\"publisher\":{\"@id\":\"https:\\\/\\\/espaicrater.com\\\/#organization\"},\"potentialAction\":[{\"@type\":\"SearchAction\",\"target\":{\"@type\":\"EntryPoint\",\"urlTemplate\":\"https:\\\/\\\/espaicrater.com\\\/?s={search_term_string}\"},\"query-input\":{\"@type\":\"PropertyValueSpecification\",\"valueRequired\":true,\"valueName\":\"search_term_string\"}}],\"inLanguage\":\"fr-FR\"},{\"@type\":\"Organization\",\"@id\":\"https:\\\/\\\/espaicrater.com\\\/#organization\",\"name\":\"Espai Cr\u00e0ter\",\"url\":\"https:\\\/\\\/espaicrater.com\\\/\",\"logo\":{\"@type\":\"ImageObject\",\"inLanguage\":\"fr-FR\",\"@id\":\"https:\\\/\\\/espaicrater.com\\\/#\\\/schema\\\/logo\\\/image\\\/\",\"url\":\"https:\\\/\\\/espaicrater.com\\\/app\\\/uploads\\\/2022\\\/02\\\/espai-crater-1.png\",\"contentUrl\":\"https:\\\/\\\/espaicrater.com\\\/app\\\/uploads\\\/2022\\\/02\\\/espai-crater-1.png\",\"width\":801,\"height\":320,\"caption\":\"Espai Cr\u00e0ter\"},\"image\":{\"@id\":\"https:\\\/\\\/espaicrater.com\\\/#\\\/schema\\\/logo\\\/image\\\/\"}}]}<\/script>","yoast_head_json":{"title":"Point de documentation du PN Garrotxa - Espai Cr\u00e0ter","description":"L'Espai Cr\u00e0ter est un Point de Documentation du Parc Naturel de la Zone Volcanique de la Garrotxa, fruit de la collaboration entre le...","robots":{"index":"index","follow":"follow","max-snippet":"max-snippet:-1","max-image-preview":"max-image-preview:large","max-video-preview":"max-video-preview:-1"},"canonical":"https:\/\/espaicrater.com\/fr\/punt-de-documentacio-del-pn-garrotxa\/","og_locale":"fr_FR","og_type":"article","og_title":"Point de documentation du PN Garrotxa - Espai Cr\u00e0ter","og_description":"L'Espai Cr\u00e0ter est un Point de Documentation du Parc Naturel de la Zone Volcanique de la Garrotxa, fruit de la collaboration entre le...","og_url":"https:\/\/espaicrater.com\/fr\/punt-de-documentacio-del-pn-garrotxa\/","og_site_name":"Espai Cr\u00e0ter","article_modified_time":"2024-05-29T09:08:39+00:00","og_image":[{"width":2560,"height":1707,"url":"https:\/\/espaicrater.com\/app\/uploads\/2023\/12\/Centre-documentacio-EC-1-scaled.jpg","type":"image\/jpeg"}],"twitter_card":"summary_large_image","twitter_misc":{"Est. reading time":"2 minutes"},"schema":{"@context":"https:\/\/schema.org","@graph":[{"@type":"WebPage","@id":"https:\/\/espaicrater.com\/fr\/punt-de-documentacio-del-pn-garrotxa\/","url":"https:\/\/espaicrater.com\/fr\/punt-de-documentacio-del-pn-garrotxa\/","name":"Point de documentation du PN Garrotxa - Espai Cr\u00e0ter","isPartOf":{"@id":"https:\/\/espaicrater.com\/#website"},"primaryImageOfPage":{"@id":"https:\/\/espaicrater.com\/fr\/punt-de-documentacio-del-pn-garrotxa\/#primaryimage"},"image":{"@id":"https:\/\/espaicrater.com\/fr\/punt-de-documentacio-del-pn-garrotxa\/#primaryimage"},"thumbnailUrl":"https:\/\/espaicrater.com\/app\/uploads\/2023\/12\/Centre-documentacio-EC-1-scaled.jpg","datePublished":"2023-12-20T10:27:33+00:00","dateModified":"2024-05-29T09:08:39+00:00","description":"L'Espai Cr\u00e0ter est un Point de Documentation du Parc Naturel de la Zone Volcanique de la Garrotxa, fruit de la collaboration entre le...","breadcrumb":{"@id":"https:\/\/espaicrater.com\/fr\/punt-de-documentacio-del-pn-garrotxa\/#breadcrumb"},"inLanguage":"fr-FR","potentialAction":[{"@type":"ReadAction","target":["https:\/\/espaicrater.com\/fr\/punt-de-documentacio-del-pn-garrotxa\/"]}]},{"@type":"ImageObject","inLanguage":"fr-FR","@id":"https:\/\/espaicrater.com\/fr\/punt-de-documentacio-del-pn-garrotxa\/#primaryimage","url":"https:\/\/espaicrater.com\/app\/uploads\/2023\/12\/Centre-documentacio-EC-1-scaled.jpg","contentUrl":"https:\/\/espaicrater.com\/app\/uploads\/2023\/12\/Centre-documentacio-EC-1-scaled.jpg","width":2560,"height":1707,"caption":"Imatge del punt de documentaci\u00f3"},{"@type":"BreadcrumbList","@id":"https:\/\/espaicrater.com\/fr\/punt-de-documentacio-del-pn-garrotxa\/#breadcrumb","itemListElement":[{"@type":"ListItem","position":1,"name":"Home","item":"https:\/\/espaicrater.com\/fr\/"},{"@type":"ListItem","position":2,"name":"Point de documentation du PN Garrotxa"}]},{"@type":"WebSite","@id":"https:\/\/espaicrater.com\/#website","url":"https:\/\/espaicrater.com\/","name":"Espai Cr\u00e0ter","description":"Viatge al centre de la vida","publisher":{"@id":"https:\/\/espaicrater.com\/#organization"},"potentialAction":[{"@type":"SearchAction","target":{"@type":"EntryPoint","urlTemplate":"https:\/\/espaicrater.com\/?s={search_term_string}"},"query-input":{"@type":"PropertyValueSpecification","valueRequired":true,"valueName":"search_term_string"}}],"inLanguage":"fr-FR"},{"@type":"Organization","@id":"https:\/\/espaicrater.com\/#organization","name":"Espai Cr\u00e0ter","url":"https:\/\/espaicrater.com\/","logo":{"@type":"ImageObject","inLanguage":"fr-FR","@id":"https:\/\/espaicrater.com\/#\/schema\/logo\/image\/","url":"https:\/\/espaicrater.com\/app\/uploads\/2022\/02\/espai-crater-1.png","contentUrl":"https:\/\/espaicrater.com\/app\/uploads\/2022\/02\/espai-crater-1.png","width":801,"height":320,"caption":"Espai Cr\u00e0ter"},"image":{"@id":"https:\/\/espaicrater.com\/#\/schema\/logo\/image\/"}}]}},"_links":{"self":[{"href":"https:\/\/espaicrater.com\/fr\/wp-json\/wp\/v2\/pages\/8985","targetHints":{"allow":["GET"]}}],"collection":[{"href":"https:\/\/espaicrater.com\/fr\/wp-json\/wp\/v2\/pages"}],"about":[{"href":"https:\/\/espaicrater.com\/fr\/wp-json\/wp\/v2\/types\/page"}],"author":[{"embeddable":true,"href":"https:\/\/espaicrater.com\/fr\/wp-json\/wp\/v2\/users\/2"}],"replies":[{"embeddable":true,"href":"https:\/\/espaicrater.com\/fr\/wp-json\/wp\/v2\/comments?post=8985"}],"version-history":[{"count":1,"href":"https:\/\/espaicrater.com\/fr\/wp-json\/wp\/v2\/pages\/8985\/revisions"}],"predecessor-version":[{"id":8990,"href":"https:\/\/espaicrater.com\/fr\/wp-json\/wp\/v2\/pages\/8985\/revisions\/8990"}],"wp:featuredmedia":[{"embeddable":true,"href":"https:\/\/espaicrater.com\/fr\/wp-json\/wp\/v2\/media\/7631"}],"wp:attachment":[{"href":"https:\/\/espaicrater.com\/fr\/wp-json\/wp\/v2\/media?parent=8985"}],"curies":[{"name":"wp","href":"https:\/\/api.w.org\/{rel}","templated":true}]}}